{"id":994501,"date":"2024-06-23T20:37:02","date_gmt":"2024-06-23T20:37:02","guid":{"rendered":"https:\/\/wkorcumaku.pl\/?page_id=994501"},"modified":"2024-07-05T22:55:34","modified_gmt":"2024-07-05T22:55:34","slug":"workshops-regulations","status":"publish","type":"page","link":"https:\/\/wkorcumaku.pl\/en\/workshops-regulations\/","title":{"rendered":"Florist Workshop Silesian Park, Katowice"},"content":{"rendered":"<div data-elementor-type=\"wp-page\" data-elementor-id=\"994501\" class=\"elementor elementor-994501\">\n\t\t\t\t\t\t\t\t\t<section class=\"elementor-section elementor-top-section elementor-element elementor-element-d30f0eb elementor-section-boxed elementor-section-height-default elementor-section-height-default\" data-id=\"d30f0eb\" data-element_type=\"section\">\n\t\t\t\t\t\t<div class=\"elementor-container elementor-column-gap-default\">\n\t\t\t\t\t<div class=\"elementor-column elementor-col-100 elementor-top-column elementor-element elementor-element-514ee2b\" data-id=\"514ee2b\" data-element_type=\"column\">\n\t\t\t<div class=\"elementor-widget-wrap elementor-element-populated\">\n\t\t\t\t\t\t\t\t<div class=\"elementor-element elementor-element-281c363 elementor-widget elementor-widget-heading\" data-id=\"281c363\" data-element_type=\"widget\" data-widget_type=\"heading.default\">\n\t\t\t\t<div class=\"elementor-widget-container\">\n\t\t\t<h1 class=\"elementor-heading-title elementor-size-default\">Rules and regulations for the florist workshop, Silesian Park<\/h1>\t\t<\/div>\n\t\t\t\t<\/div>\n\t\t\t\t<div class=\"elementor-element elementor-element-195081b elementor-widget elementor-widget-heading\" data-id=\"195081b\" data-element_type=\"widget\" data-widget_type=\"heading.default\">\n\t\t\t\t<div class=\"elementor-widget-container\">\n\t\t\t<h3 class=\"elementor-heading-title elementor-size-default\">GENERAL PROVISIONS<\/h3>\t\t<\/div>\n\t\t\t\t<\/div>\n\t\t\t\t<div class=\"vamtam-has-theme-widget-styles elementor-element elementor-element-4758384 elementor-widget elementor-widget-text-editor\" data-id=\"4758384\" data-element_type=\"widget\" data-widget_type=\"text-editor.default\">\n\t\t\t\t<div class=\"elementor-widget-container\">\n\t\t\t\t\t\t\t<ol><li>The organisers of the florist workshop are the companies ArteFiori, based in Chorz\u00f3w at 13\/2 Metalowc\u00f3w Street, owned by Iryna Kadema, and W Korcu Maku in Katowice at 42\/2 J\u00f3zefowska Street, owned by Magdalena Stacherska.<\/li><li>Our florist workshops take place in Chorz\u00f3w, 2 R\u00f3\u017cana Street, in the Silesian Park. The dates of the workshops are published on the website, and the profiles of W Korcu Maku and ArteFiori on Facebook and Instagram in the description of the specific event and posters.<\/li><li>By declaring their willingness to participate in the workshop, the participant accepts the provisions of these rules.<\/li><li>In order to book a place in a florist workshop, specific workshops must be purchased under the \"add to cart\" button on the <em><a href=\"https:\/\/wkorcumaku.pl\/en\">https:\/\/wkorcumaku.pl<\/a><\/em>\u00a0Enrolment also takes place via the Facebook page and Instagram. Applications in this form qualify for participation in the workshop.<\/li><li>Booking a place in a workshop is valid for 5 days. During this time, the total payment for the Bouquets workshop of \u00a3249, for the Head Wreaths workshop of \u00a3179, for the Forest in a Jar workshop of \u00a3149, must be made using Online Transfer, BLIK, debit card, Google Pay, Apple Pay available when filling in the form. A discount of 10% on the price of the selected course is available when booking a place by 07\/07\/2024. Taking advantage of the discount is not required.<\/li><li>Account number:<br \/>Magdalena Stacherska<br \/>ING: <strong>18 1050 1214 1000 0090 8386 2962<\/strong><br \/>Iryna Kadema<br \/>ING: <strong>62 1050 1214 1000 0092 9171 8329<\/strong><\/li><li>Failure to make a payment by the deadline will result in <strong>CANCELLATION<\/strong> booking. The organiser will refund 50% of the paid course\/workshop fees if the participant cancels after 21.07.2024, cancellation by 20.07.2024 means a refund of 100%. Non-attendance at a floristry workshop entails forfeiture of the payment made without transfer to another workshop.<\/li><li>We cannot guarantee free places on the day of the event, advance payment is a guarantee of participation in the workshop.<\/li><li>Minors may participate only with the written consent of a parent and their presence at the workshop.<\/li><li>The organiser reserves the right to document the course\/workshop by means of audio and video recording equipment and the Participant agrees to this without any claims.<\/li><li>The participant agrees that the Organiser may publish photos and videos of the course\/workshop on the website, and ArteFiori and W Korcu Maku's profile on Facebook and Instagram.<\/li><li>The participant agrees to the use of photos and videos of the work made at the workshop for all promotional and marketing activities of our companies.<\/li><li>The workshop prices include all the basic tools used by the participant during the workshop, the material: florist and technical, the extensive knowledge of our florists.<\/li><li>Participants wishing to receive an invoice for the workshop must indicate this option when booking a place.<\/li><li>In the event of weather conditions making it impossible to hold the workshop, the organisers have the right to cancel the event. The situation will be followed by a refund within 7 working days.<\/li><\/ol>\t\t\t\t\t\t<\/div>\n\t\t\t\t<\/div>\n\t\t\t\t<div class=\"elementor-element elementor-element-188e375 elementor-widget elementor-widget-heading\" data-id=\"188e375\" data-element_type=\"widget\" data-widget_type=\"heading.default\">\n\t\t\t\t<div class=\"elementor-widget-container\">\n\t\t\t<h3 class=\"elementor-heading-title elementor-size-default\">PROTECTION OF PERSONAL DATA<\/h3>\t\t<\/div>\n\t\t\t\t<\/div>\n\t\t\t\t<div class=\"vamtam-has-theme-widget-styles elementor-element elementor-element-abb2a6d elementor-widget elementor-widget-text-editor\" data-id=\"abb2a6d\" data-element_type=\"widget\" data-widget_type=\"text-editor.default\">\n\t\t\t\t<div class=\"elementor-widget-container\">\n\t\t\t\t\t\t\t<ol>\n    <li>The administrator of the workshop participants' personal data is ArteFiori, based in Chorz\u00f3w at 13\/2 Metalowc\u00f3w Street, owned by Iryna Kadema, and W Korcu Maku in Katowice at 42\/2 J\u00f3zefowska Street, owned by Magdalena Stacherska.<\/li>\n    <li>The participant's personal data is the data provided when booking a place. The recipients of the personal data are the employees and co-workers as well as the supporting entities of ArteFiori based in Chorz\u00f3w at 13\/2 Metalowc\u00f3w Street, owned by Iryna Kadema, and by W Korcu Maku in Katowice at 42\/2 J\u00f3zefowska Street, owned by Magdalena Stacherska.<\/li>\n    <li>Personal data is stored for the purpose of providing marketing information and contact for information about the workshop.<\/li>\n    <li>Personal data is stored until the participant's consent is withdrawn, and the participant has the right to access and make any necessary changes at all times.<\/li>\n<\/ol>\t\t\t\t\t\t<\/div>\n\t\t\t\t<\/div>\n\t\t\t\t\t<\/div>\n\t\t<\/div>\n\t\t\t\t\t\t\t<\/div>\n\t\t<\/section>\n\t\t\t\t\t\t\t<\/div>","protected":false},"excerpt":{"rendered":"<p>Regulations of the florist workshop, Silesian Park GENERAL PROVISIONS The organisers of the florist workshop are the companies ArteFiori with its registered office in Chorz\u00f3w, 13\/2 Metalowc\u00f3w Street, owned by Iryna Kadema and W Korcu Maku in Katowice, 42\/2 J\u00f3zefowska Street, owned by Magdalena Stacherska. Our florist workshops take place in Chorz\u00f3w, ul. R\u00f3\u017cana 2, in the Silesian Park. Workshop dates published...<\/p>","protected":false},"author":6,"featured_media":994503,"parent":0,"menu_order":0,"comment_status":"closed","ping_status":"closed","template":"","meta":{"footnotes":""},"class_list":["post-994501","page","type-page","status-publish","has-post-thumbnail","hentry"],"yoast_head":"<!-- This site is optimized with the Yoast SEO plugin v27.1.1 - https:\/\/yoast.com\/product\/yoast-seo-wordpress\/ -->\n<title>Warsztaty Florystyczne Park \u015al\u0105ski, Katowice - Kwiaciarnia W Korcu Maku Katowice<\/title>\n<meta name=\"description\" content=\"Zapoznaj si\u0119 z naszym regulaminem warsztat\u00f3w florystycznych organizowanych w Parku \u015al\u0105skim w Chorzowie. Aktualne terminy na stronie.\" \/>\n<meta name=\"robots\" content=\"index, follow, max-snippet:-1, max-image-preview:large, max-video-preview:-1\" \/>\n<link rel=\"canonical\" href=\"https:\/\/wkorcumaku.pl\/en\/workshops-regulations\/\" \/>\n<meta property=\"og:locale\" content=\"en_GB\" \/>\n<meta property=\"og:type\" content=\"article\" \/>\n<meta property=\"og:title\" content=\"Warsztaty Florystyczne Park \u015al\u0105ski, Katowice - Kwiaciarnia W Korcu Maku Katowice\" \/>\n<meta property=\"og:description\" content=\"Zapoznaj si\u0119 z naszym regulaminem warsztat\u00f3w florystycznych organizowanych w Parku \u015al\u0105skim w Chorzowie. Aktualne terminy na stronie.\" \/>\n<meta property=\"og:url\" content=\"https:\/\/wkorcumaku.pl\/en\/workshops-regulations\/\" \/>\n<meta property=\"og:site_name\" content=\"Kwiaciarnia W Korcu Maku Katowice\" \/>\n<meta property=\"article:publisher\" content=\"https:\/\/www.facebook.com\/people\/W-KORCU-MAKU-kwiaciarnia\/100064764343595\/\" \/>\n<meta property=\"article:modified_time\" content=\"2024-07-05T22:55:34+00:00\" \/>\n<meta property=\"og:image\" content=\"https:\/\/wkorcumaku.pl\/wp-content\/uploads\/2024\/06\/Park-Slaski-Warsztaty.jpg\" \/>\n\t<meta property=\"og:image:width\" content=\"1440\" \/>\n\t<meta property=\"og:image:height\" content=\"1440\" \/>\n\t<meta property=\"og:image:type\" content=\"image\/jpeg\" \/>\n<meta name=\"twitter:card\" content=\"summary_large_image\" \/>\n<meta name=\"twitter:label1\" content=\"Estimated reading time\" \/>\n\t<meta name=\"twitter:data1\" content=\"4 minutes\" \/>\n<script type=\"application\/ld+json\" class=\"yoast-schema-graph\">{\"@context\":\"https:\/\/schema.org\",\"@graph\":[{\"@type\":\"WebPage\",\"@id\":\"https:\/\/wkorcumaku.pl\/warsztaty-regulamin\/\",\"url\":\"https:\/\/wkorcumaku.pl\/warsztaty-regulamin\/\",\"name\":\"Warsztaty Florystyczne Park \u015al\u0105ski, Katowice - Kwiaciarnia W Korcu Maku Katowice\",\"isPartOf\":{\"@id\":\"https:\/\/wkorcumaku.pl\/#website\"},\"primaryImageOfPage\":{\"@id\":\"https:\/\/wkorcumaku.pl\/warsztaty-regulamin\/#primaryimage\"},\"image\":{\"@id\":\"https:\/\/wkorcumaku.pl\/warsztaty-regulamin\/#primaryimage\"},\"thumbnailUrl\":\"https:\/\/wkorcumaku.pl\/wp-content\/uploads\/2024\/06\/Park-Slaski-Warsztaty.jpg\",\"datePublished\":\"2024-06-23T20:37:02+00:00\",\"dateModified\":\"2024-07-05T22:55:34+00:00\",\"description\":\"Zapoznaj si\u0119 z naszym regulaminem warsztat\u00f3w florystycznych organizowanych w Parku \u015al\u0105skim w Chorzowie. Aktualne terminy na stronie.\",\"breadcrumb\":{\"@id\":\"https:\/\/wkorcumaku.pl\/warsztaty-regulamin\/#breadcrumb\"},\"inLanguage\":\"en-GB\",\"potentialAction\":[{\"@type\":\"ReadAction\",\"target\":[\"https:\/\/wkorcumaku.pl\/warsztaty-regulamin\/\"]}]},{\"@type\":\"ImageObject\",\"inLanguage\":\"en-GB\",\"@id\":\"https:\/\/wkorcumaku.pl\/warsztaty-regulamin\/#primaryimage\",\"url\":\"https:\/\/wkorcumaku.pl\/wp-content\/uploads\/2024\/06\/Park-Slaski-Warsztaty.jpg\",\"contentUrl\":\"https:\/\/wkorcumaku.pl\/wp-content\/uploads\/2024\/06\/Park-Slaski-Warsztaty.jpg\",\"width\":1440,\"height\":1440,\"caption\":\"Park \u015al\u0105ski, Warsztaty Florystyczne\"},{\"@type\":\"BreadcrumbList\",\"@id\":\"https:\/\/wkorcumaku.pl\/warsztaty-regulamin\/#breadcrumb\",\"itemListElement\":[{\"@type\":\"ListItem\",\"position\":1,\"name\":\"Home\",\"item\":\"https:\/\/wkorcumaku.pl\/\"},{\"@type\":\"ListItem\",\"position\":2,\"name\":\"Warsztaty Florystyczne Park \u015al\u0105ski, Katowice\"}]},{\"@type\":\"WebSite\",\"@id\":\"https:\/\/wkorcumaku.pl\/#website\",\"url\":\"https:\/\/wkorcumaku.pl\/\",\"name\":\"Kwiaciarnia W Korcu Maku Katowice\",\"description\":\"Tu sieje si\u0119 magia!\",\"publisher\":{\"@id\":\"https:\/\/wkorcumaku.pl\/#organization\"},\"potentialAction\":[{\"@type\":\"SearchAction\",\"target\":{\"@type\":\"EntryPoint\",\"urlTemplate\":\"https:\/\/wkorcumaku.pl\/?s={search_term_string}\"},\"query-input\":{\"@type\":\"PropertyValueSpecification\",\"valueRequired\":true,\"valueName\":\"search_term_string\"}}],\"inLanguage\":\"en-GB\"},{\"@type\":\"Organization\",\"@id\":\"https:\/\/wkorcumaku.pl\/#organization\",\"name\":\"Kwiaciarnia W Korcu Maku Katowice\",\"alternateName\":\"Kwiaciarnia Katowice\",\"url\":\"https:\/\/wkorcumaku.pl\/\",\"logo\":{\"@type\":\"ImageObject\",\"inLanguage\":\"en-GB\",\"@id\":\"https:\/\/wkorcumaku.pl\/#\/schema\/logo\/image\/\",\"url\":\"https:\/\/wkorcumaku.pl\/wp-content\/uploads\/2021\/12\/Przezroczyste-tlo_Logo_glowne-zielone.png\",\"contentUrl\":\"https:\/\/wkorcumaku.pl\/wp-content\/uploads\/2021\/12\/Przezroczyste-tlo_Logo_glowne-zielone.png\",\"width\":1016,\"height\":1123,\"caption\":\"Kwiaciarnia W Korcu Maku Katowice\"},\"image\":{\"@id\":\"https:\/\/wkorcumaku.pl\/#\/schema\/logo\/image\/\"},\"sameAs\":[\"https:\/\/www.facebook.com\/people\/W-KORCU-MAKU-kwiaciarnia\/100064764343595\/\",\"https:\/\/www.instagram.com\/wkorcumaku\/\"]}]}<\/script>\n<!-- \/ Yoast SEO plugin. -->","yoast_head_json":{"title":"Florist Workshop Silesian Park, Katowice - Florist W Korcu Maku Katowice","description":"Read our regulations for florist workshops organised in the Silesian Park in Chorz\u00f3w. Current dates on the website.","robots":{"index":"index","follow":"follow","max-snippet":"max-snippet:-1","max-image-preview":"max-image-preview:large","max-video-preview":"max-video-preview:-1"},"canonical":"https:\/\/wkorcumaku.pl\/en\/workshops-regulations\/","og_locale":"en_GB","og_type":"article","og_title":"Warsztaty Florystyczne Park \u015al\u0105ski, Katowice - Kwiaciarnia W Korcu Maku Katowice","og_description":"Zapoznaj si\u0119 z naszym regulaminem warsztat\u00f3w florystycznych organizowanych w Parku \u015al\u0105skim w Chorzowie. Aktualne terminy na stronie.","og_url":"https:\/\/wkorcumaku.pl\/en\/workshops-regulations\/","og_site_name":"Kwiaciarnia W Korcu Maku Katowice","article_publisher":"https:\/\/www.facebook.com\/people\/W-KORCU-MAKU-kwiaciarnia\/100064764343595\/","article_modified_time":"2024-07-05T22:55:34+00:00","og_image":[{"width":1440,"height":1440,"url":"https:\/\/wkorcumaku.pl\/wp-content\/uploads\/2024\/06\/Park-Slaski-Warsztaty.jpg","type":"image\/jpeg"}],"twitter_card":"summary_large_image","twitter_misc":{"Estimated reading time":"4 minutes"},"schema":{"@context":"https:\/\/schema.org","@graph":[{"@type":"WebPage","@id":"https:\/\/wkorcumaku.pl\/warsztaty-regulamin\/","url":"https:\/\/wkorcumaku.pl\/warsztaty-regulamin\/","name":"Florist Workshop Silesian Park, Katowice - Florist W Korcu Maku Katowice","isPartOf":{"@id":"https:\/\/wkorcumaku.pl\/#website"},"primaryImageOfPage":{"@id":"https:\/\/wkorcumaku.pl\/warsztaty-regulamin\/#primaryimage"},"image":{"@id":"https:\/\/wkorcumaku.pl\/warsztaty-regulamin\/#primaryimage"},"thumbnailUrl":"https:\/\/wkorcumaku.pl\/wp-content\/uploads\/2024\/06\/Park-Slaski-Warsztaty.jpg","datePublished":"2024-06-23T20:37:02+00:00","dateModified":"2024-07-05T22:55:34+00:00","description":"Read our regulations for florist workshops organised in the Silesian Park in Chorz\u00f3w. Current dates on the website.","breadcrumb":{"@id":"https:\/\/wkorcumaku.pl\/warsztaty-regulamin\/#breadcrumb"},"inLanguage":"en-GB","potentialAction":[{"@type":"ReadAction","target":["https:\/\/wkorcumaku.pl\/warsztaty-regulamin\/"]}]},{"@type":"ImageObject","inLanguage":"en-GB","@id":"https:\/\/wkorcumaku.pl\/warsztaty-regulamin\/#primaryimage","url":"https:\/\/wkorcumaku.pl\/wp-content\/uploads\/2024\/06\/Park-Slaski-Warsztaty.jpg","contentUrl":"https:\/\/wkorcumaku.pl\/wp-content\/uploads\/2024\/06\/Park-Slaski-Warsztaty.jpg","width":1440,"height":1440,"caption":"Park \u015al\u0105ski, Warsztaty Florystyczne"},{"@type":"BreadcrumbList","@id":"https:\/\/wkorcumaku.pl\/warsztaty-regulamin\/#breadcrumb","itemListElement":[{"@type":"ListItem","position":1,"name":"Home","item":"https:\/\/wkorcumaku.pl\/"},{"@type":"ListItem","position":2,"name":"Warsztaty Florystyczne Park \u015al\u0105ski, Katowice"}]},{"@type":"WebSite","@id":"https:\/\/wkorcumaku.pl\/#website","url":"https:\/\/wkorcumaku.pl\/","name":"Florist W Korcu Maku Katowice","description":"This is where the magic is sown!","publisher":{"@id":"https:\/\/wkorcumaku.pl\/#organization"},"potentialAction":[{"@type":"SearchAction","target":{"@type":"EntryPoint","urlTemplate":"https:\/\/wkorcumaku.pl\/?s={search_term_string}"},"query-input":{"@type":"PropertyValueSpecification","valueRequired":true,"valueName":"search_term_string"}}],"inLanguage":"en-GB"},{"@type":"Organization","@id":"https:\/\/wkorcumaku.pl\/#organization","name":"Florist W Korcu Maku Katowice","alternateName":"Kwiaciarnia Katowice","url":"https:\/\/wkorcumaku.pl\/","logo":{"@type":"ImageObject","inLanguage":"en-GB","@id":"https:\/\/wkorcumaku.pl\/#\/schema\/logo\/image\/","url":"https:\/\/wkorcumaku.pl\/wp-content\/uploads\/2021\/12\/Przezroczyste-tlo_Logo_glowne-zielone.png","contentUrl":"https:\/\/wkorcumaku.pl\/wp-content\/uploads\/2021\/12\/Przezroczyste-tlo_Logo_glowne-zielone.png","width":1016,"height":1123,"caption":"Kwiaciarnia W Korcu Maku Katowice"},"image":{"@id":"https:\/\/wkorcumaku.pl\/#\/schema\/logo\/image\/"},"sameAs":["https:\/\/www.facebook.com\/people\/W-KORCU-MAKU-kwiaciarnia\/100064764343595\/","https:\/\/www.instagram.com\/wkorcumaku\/"]}]}},"_links":{"self":[{"href":"https:\/\/wkorcumaku.pl\/en\/wp-json\/wp\/v2\/pages\/994501","targetHints":{"allow":["GET"]}}],"collection":[{"href":"https:\/\/wkorcumaku.pl\/en\/wp-json\/wp\/v2\/pages"}],"about":[{"href":"https:\/\/wkorcumaku.pl\/en\/wp-json\/wp\/v2\/types\/page"}],"author":[{"embeddable":true,"href":"https:\/\/wkorcumaku.pl\/en\/wp-json\/wp\/v2\/users\/6"}],"replies":[{"embeddable":true,"href":"https:\/\/wkorcumaku.pl\/en\/wp-json\/wp\/v2\/comments?post=994501"}],"version-history":[{"count":11,"href":"https:\/\/wkorcumaku.pl\/en\/wp-json\/wp\/v2\/pages\/994501\/revisions"}],"predecessor-version":[{"id":994705,"href":"https:\/\/wkorcumaku.pl\/en\/wp-json\/wp\/v2\/pages\/994501\/revisions\/994705"}],"wp:featuredmedia":[{"embeddable":true,"href":"https:\/\/wkorcumaku.pl\/en\/wp-json\/wp\/v2\/media\/994503"}],"wp:attachment":[{"href":"https:\/\/wkorcumaku.pl\/en\/wp-json\/wp\/v2\/media?parent=994501"}],"curies":[{"name":"wp","href":"https:\/\/api.w.org\/{rel}","templated":true}]}}