{"id":994716,"date":"2024-07-18T17:19:16","date_gmt":"2024-07-18T17:19:16","guid":{"rendered":"https:\/\/wkorcumaku.pl\/?page_id=994716"},"modified":"2025-10-16T19:44:29","modified_gmt":"2025-10-16T19:44:29","slug":"florist-workshop-regulations","status":"publish","type":"page","link":"https:\/\/wkorcumaku.pl\/en\/florist-workshop-regulations\/","title":{"rendered":"Florist Workshop Regulations"},"content":{"rendered":"<div data-elementor-type=\"wp-page\" data-elementor-id=\"994716\" class=\"elementor elementor-994716\">\n\t\t\t\t\t\t\t\t\t<section class=\"elementor-section elementor-top-section elementor-element elementor-element-d30f0eb elementor-section-boxed elementor-section-height-default elementor-section-height-default\" data-id=\"d30f0eb\" data-element_type=\"section\">\n\t\t\t\t\t\t<div class=\"elementor-container elementor-column-gap-default\">\n\t\t\t\t\t<div class=\"elementor-column elementor-col-100 elementor-top-column elementor-element elementor-element-514ee2b\" data-id=\"514ee2b\" data-element_type=\"column\">\n\t\t\t<div class=\"elementor-widget-wrap elementor-element-populated\">\n\t\t\t\t\t\t\t\t<div class=\"elementor-element elementor-element-281c363 elementor-widget elementor-widget-heading\" data-id=\"281c363\" data-element_type=\"widget\" data-widget_type=\"heading.default\">\n\t\t\t\t<div class=\"elementor-widget-container\">\n\t\t\t<h1 class=\"elementor-heading-title elementor-size-default\">Rules of procedure for floristry workshops<\/h1>\t\t<\/div>\n\t\t\t\t<\/div>\n\t\t\t\t<div class=\"elementor-element elementor-element-195081b elementor-widget elementor-widget-heading\" data-id=\"195081b\" data-element_type=\"widget\" data-widget_type=\"heading.default\">\n\t\t\t\t<div class=\"elementor-widget-container\">\n\t\t\t<h3 class=\"elementor-heading-title elementor-size-default\">GENERAL PROVISIONS<\/h3>\t\t<\/div>\n\t\t\t\t<\/div>\n\t\t\t\t<div class=\"vamtam-has-theme-widget-styles elementor-element elementor-element-4758384 elementor-widget elementor-widget-text-editor\" data-id=\"4758384\" data-element_type=\"widget\" data-widget_type=\"text-editor.default\">\n\t\t\t\t<div class=\"elementor-widget-container\">\n\t\t\t\t\t\t\t<ol><li>The florist workshop is organised by W Korcu Maku in Katowice at ul. J\u00f3zefowska 42\/2, owned by Magdalena S\u0142owi\u0144ska.<\/li><li>Florist workshops take place in the florist's shop\u00a0<span style=\"font-family: 'Source Sans Pro', sans-serif; font-size: 15px; font-style: normal; font-variant-ligatures: normal; font-variant-caps: normal; font-weight: 400;\">at ul. J\u00f3zefowska 42\/2<\/span>, in Katowice.\u00a0<\/li><li>Workshop dates are published on the website and W Korcu Maku's Facebook and Instagram profile.<\/li><li>By declaring their willingness to participate in the workshop, the participant accepts the provisions of these rules.<\/li><li>In order to book a place in a florist workshop, specific workshops must be purchased under the \"add to cart\" button on the <em><a href=\"https:\/\/wkorcumaku.pl\/en\">https:\/\/wkorcumaku.pl<\/a><\/em>\u00a0Enrolment also takes place via the Facebook page, Instagram and telephone contact. Applications in this form qualify for participation in the workshop.<\/li><li>The booking of a place in the workshop is valid for 5 days. During this time, the total payment for the workshop must be made via Online Transfer, BLIK, debit card, Google Pay, Apple Pay available when filling in the form.<\/li><li>Account number:<br \/>Magdalena S\u0142owi\u0144ska<br \/>ING: <strong>18 1050 1214 1000 0090 8386 2962<\/strong><\/li><li>Failure to make a payment by the deadline will result in <strong>CANCELLATION<\/strong> Reservations.\u00a0<\/li><li>Cancellation up to 7 days before the workshop date\u00a0<span style=\"font-family: 'Source Sans Pro', sans-serif; font-size: 15px; font-style: normal; font-variant-ligatures: normal; font-variant-caps: normal; font-weight: 400;\">means a reimbursement of 100% of the fees incurred,\u00a0<\/span>in the event of cancellation less than 7 days before the appointed date, a refund equal to 50% of the course\/workshop fees paid.\u00a0<\/li><li>Non-attendance at a floristry workshop entails forfeiture of the payment made without transferability to other workshops.<\/li><li>Minors may participate only with the written consent of a parent and their presence at the workshop.<\/li><li>The organiser reserves the right to document the course\/workshop by means of audio and video recording equipment and the Participant agrees to this without any claims.<\/li><li>The participant agrees that the Organiser may publish photos and videos of the course\/workshop on the website, and the W Korcu Maku profile on Facebook and Instagram.<\/li><li>The participant agrees to the use of photos and videos of the work made at the workshop for all promotional and marketing activities of the company.<\/li><li>Workshop prices include all basic tools used by the Participant during the workshop, material: florist and technical, extensive knowledge.<\/li><li>Participants wishing to receive an invoice for the workshop must indicate this option when booking a place.<\/li><li><strong><em>Florist workshops are held with a minimum of 2 participants.<\/em><\/strong><br data-start=\"113\" data-end=\"116\" \/><strong><em>In the event that the required number of participants does not turn up by a given date, the organiser reserves the right to cancel the workshop.<\/em><\/strong><br data-start=\"246\" data-end=\"249\" \/><strong><em>In this situation, the participant is entitled to a full refund of the amount paid or to use it to attend another workshop date.<\/em><\/strong><\/li><\/ol>\t\t\t\t\t\t<\/div>\n\t\t\t\t<\/div>\n\t\t\t\t<div class=\"elementor-element elementor-element-188e375 elementor-widget elementor-widget-heading\" data-id=\"188e375\" data-element_type=\"widget\" data-widget_type=\"heading.default\">\n\t\t\t\t<div class=\"elementor-widget-container\">\n\t\t\t<h3 class=\"elementor-heading-title elementor-size-default\">PROTECTION OF PERSONAL DATA<\/h3>\t\t<\/div>\n\t\t\t\t<\/div>\n\t\t\t\t<div class=\"vamtam-has-theme-widget-styles elementor-element elementor-element-abb2a6d elementor-widget elementor-widget-text-editor\" data-id=\"abb2a6d\" data-element_type=\"widget\" data-widget_type=\"text-editor.default\">\n\t\t\t\t<div class=\"elementor-widget-container\">\n\t\t\t\t\t\t\t<ol><li>The administrator of the personal data of workshop participants is W Korcu Maku in Katowice, ul. J\u00f3zefowska 42\/2.<\/li><li>The participant's personal data is the data provided when booking a place. The recipients of the personal data are the employees and co-workers as well as the supporting entities of W Korcu Maku in Katowice, ul. J\u00f3zefowska 42\/2.<\/li><li>Personal data is stored for the purpose of providing marketing information and contact for information about the workshop.<\/li><li>Personal data is stored until the participant's consent is withdrawn, and the participant has the right to access and make any necessary changes at all times.<\/li><\/ol>\t\t\t\t\t\t<\/div>\n\t\t\t\t<\/div>\n\t\t\t\t\t<\/div>\n\t\t<\/div>\n\t\t\t\t\t\t\t<\/div>\n\t\t<\/section>\n\t\t\t\t<section class=\"elementor-section elementor-top-section elementor-element elementor-element-66f3142 elementor-section-boxed elementor-section-height-default elementor-section-height-default\" data-id=\"66f3142\" data-element_type=\"section\">\n\t\t\t\t\t\t<div class=\"elementor-container elementor-column-gap-default\">\n\t\t\t\t\t<div class=\"elementor-column elementor-col-100 elementor-top-column elementor-element elementor-element-15e30e6\" data-id=\"15e30e6\" data-element_type=\"column\">\n\t\t\t<div class=\"elementor-widget-wrap elementor-element-populated\">\n\t\t\t\t\t\t\t\t<div class=\"elementor-element elementor-element-4913116 elementor-widget elementor-widget-html\" data-id=\"4913116\" data-element_type=\"widget\" data-widget_type=\"html.default\">\n\t\t\t\t<div class=\"elementor-widget-container\">\n\t\t\t<script type=\"application\/ld+json\">{\n    \"@context\": \"https:\\\/\\\/schema.org\",\n    \"@type\": \"WebPage\",\n    \"name\": \"Regulamin warsztat\\u00f3w florystycznych\",\n    \"url\": \"https:\\\/\\\/wkorcumaku.pl\\\/regulamin-warsztatow-florystycznych\\\/\",\n    \"headline\": \"Regulamin warsztat\\u00f3w florystycznych W Korcu Maku\",\n    \"description\": \"Zasady uczestnictwa, rezerwacji, p\\u0142atno\\u015bci, rezygnacji oraz przetwarzania danych osobowych dla warsztat\\u00f3w W Korcu Maku.\",\n    \"publisher\": {\n        \"@type\": \"Organization\",\n        \"name\": \"W Korcu Maku\",\n        \"url\": \"https:\\\/\\\/wkorcumaku.pl\",\n        \"logo\": {\n            \"@type\": \"ImageObject\",\n            \"url\": \"https:\\\/\\\/wkorcumaku.pl\\\/wp-content\\\/uploads\\\/logo-w-korcu-maku.png\"\n        },\n        \"address\": {\n            \"@type\": \"PostalAddress\",\n            \"streetAddress\": \"J\\u00f3zefowska 42\\\/2\",\n            \"addressLocality\": \"Katowice\",\n            \"postalCode\": \"40-144\",\n            \"addressCountry\": \"PL\"\n        }\n    },\n    \"mainEntity\": {\n        \"@type\": \"CreativeWork\",\n        \"name\": \"Regulamin warsztat\\u00f3w florystycznych\",\n        \"text\": \"Rezerwacja wa\\u017cna 5 dni; brak wp\\u0142aty = anulowanie. Rezygnacja do 7 dni: zwrot 100%; poni\\u017cej 7 dni: zwrot 50%; nieobecno\\u015b\\u0107 = utrata wp\\u0142aty. Minimalna liczba uczestnik\\u00f3w: 2; w razie braku \\u2014 pe\\u0142ny zwrot lub udzia\\u0142 w innym terminie. Dane osobowe przetwarzane przez W Korcu Maku zgodnie z przepisami.\"\n    }\n}<\/script>\t\t<\/div>\n\t\t\t\t<\/div>\n\t\t\t\t\t<\/div>\n\t\t<\/div>\n\t\t\t\t\t\t\t<\/div>\n\t\t<\/section>\n\t\t\t\t\t\t\t<\/div>","protected":false},"excerpt":{"rendered":"<p>Regulamin warsztat\u00f3w florystycznych POSTANOWIENIA OG\u00d3LNE Organizatorem warsztat\u00f3w florystycznych jest firma W Korcu Maku w Katowicach przy ul. J\u00f3zefowska 42\/2, w\u0142a\u015bcicielem jest Magdalena S\u0142owi\u0144ska. Warsztaty florystyczne odbywaj\u0105 si\u0119 w kwiaciarni\u00a0przy ul. J\u00f3zefowskiej 42\/2, w Katowicach.\u00a0 Terminy warsztat\u00f3w publikowane s\u0105 na stronie www oraz profilu W Korcu Maku na portalu Facebook i Instagram. Uczestnik deklaruj\u0105c ch\u0119\u0107 uczestnictwa&#8230;<\/p>","protected":false},"author":6,"featured_media":991278,"parent":0,"menu_order":0,"comment_status":"closed","ping_status":"closed","template":"","meta":{"footnotes":""},"class_list":["post-994716","page","type-page","status-publish","has-post-thumbnail","hentry"],"yoast_head":"<!-- This site is optimized with the Yoast SEO plugin v27.1.1 - https:\/\/yoast.com\/product\/yoast-seo-wordpress\/ -->\n<title>Regulamin warsztat\u00f3w florystycznych | W Korcu Maku Katowice<\/title>\n<meta name=\"description\" content=\"Zapoznaj si\u0119 z zasadami udzia\u0142u w warsztatach florystycznych. Regulamin dotyczy zapis\u00f3w, p\u0142atno\u015bci, rezygnacji i organizacji zaj\u0119\u0107 w Katowicach.\" \/>\n<meta name=\"robots\" content=\"index, follow, max-snippet:-1, max-image-preview:large, max-video-preview:-1\" \/>\n<link rel=\"canonical\" href=\"https:\/\/wkorcumaku.pl\/en\/florist-workshop-regulations\/\" \/>\n<meta property=\"og:locale\" content=\"en_GB\" \/>\n<meta property=\"og:type\" content=\"article\" \/>\n<meta property=\"og:title\" content=\"Regulamin warsztat\u00f3w florystycznych | W Korcu Maku Katowice\" \/>\n<meta property=\"og:description\" content=\"Zapoznaj si\u0119 z zasadami udzia\u0142u w warsztatach florystycznych. Regulamin dotyczy zapis\u00f3w, p\u0142atno\u015bci, rezygnacji i organizacji zaj\u0119\u0107 w Katowicach.\" \/>\n<meta property=\"og:url\" content=\"https:\/\/wkorcumaku.pl\/en\/florist-workshop-regulations\/\" \/>\n<meta property=\"og:site_name\" content=\"Kwiaciarnia W Korcu Maku Katowice\" \/>\n<meta property=\"article:publisher\" content=\"https:\/\/www.facebook.com\/people\/W-KORCU-MAKU-kwiaciarnia\/100064764343595\/\" \/>\n<meta property=\"article:modified_time\" content=\"2025-10-16T19:44:29+00:00\" \/>\n<meta property=\"og:image\" content=\"https:\/\/wkorcumaku.pl\/wp-content\/uploads\/2023\/05\/mak-_warsztaty.webp\" \/>\n\t<meta property=\"og:image:width\" content=\"1326\" \/>\n\t<meta property=\"og:image:height\" content=\"1988\" \/>\n\t<meta property=\"og:image:type\" content=\"image\/webp\" \/>\n<meta name=\"twitter:card\" content=\"summary_large_image\" \/>\n<meta name=\"twitter:label1\" content=\"Estimated reading time\" \/>\n\t<meta name=\"twitter:data1\" content=\"3 minutes\" \/>\n<script type=\"application\/ld+json\" class=\"yoast-schema-graph\">{\"@context\":\"https:\/\/schema.org\",\"@graph\":[{\"@type\":\"WebPage\",\"@id\":\"https:\/\/wkorcumaku.pl\/warsztaty-florystyczne-regulamin\/\",\"url\":\"https:\/\/wkorcumaku.pl\/warsztaty-florystyczne-regulamin\/\",\"name\":\"Regulamin warsztat\u00f3w florystycznych | W Korcu Maku Katowice\",\"isPartOf\":{\"@id\":\"https:\/\/wkorcumaku.pl\/#website\"},\"primaryImageOfPage\":{\"@id\":\"https:\/\/wkorcumaku.pl\/warsztaty-florystyczne-regulamin\/#primaryimage\"},\"image\":{\"@id\":\"https:\/\/wkorcumaku.pl\/warsztaty-florystyczne-regulamin\/#primaryimage\"},\"thumbnailUrl\":\"https:\/\/wkorcumaku.pl\/wp-content\/uploads\/2023\/05\/mak-_warsztaty.webp\",\"datePublished\":\"2024-07-18T17:19:16+00:00\",\"dateModified\":\"2025-10-16T19:44:29+00:00\",\"description\":\"Zapoznaj si\u0119 z zasadami udzia\u0142u w warsztatach florystycznych. Regulamin dotyczy zapis\u00f3w, p\u0142atno\u015bci, rezygnacji i organizacji zaj\u0119\u0107 w Katowicach.\",\"breadcrumb\":{\"@id\":\"https:\/\/wkorcumaku.pl\/warsztaty-florystyczne-regulamin\/#breadcrumb\"},\"inLanguage\":\"en-GB\",\"potentialAction\":[{\"@type\":\"ReadAction\",\"target\":[\"https:\/\/wkorcumaku.pl\/warsztaty-florystyczne-regulamin\/\"]}]},{\"@type\":\"ImageObject\",\"inLanguage\":\"en-GB\",\"@id\":\"https:\/\/wkorcumaku.pl\/warsztaty-florystyczne-regulamin\/#primaryimage\",\"url\":\"https:\/\/wkorcumaku.pl\/wp-content\/uploads\/2023\/05\/mak-_warsztaty.webp\",\"contentUrl\":\"https:\/\/wkorcumaku.pl\/wp-content\/uploads\/2023\/05\/mak-_warsztaty.webp\",\"width\":1326,\"height\":1988,\"caption\":\"Kwiaciarnia W Korcu Maku Katowice warsztaty\"},{\"@type\":\"BreadcrumbList\",\"@id\":\"https:\/\/wkorcumaku.pl\/warsztaty-florystyczne-regulamin\/#breadcrumb\",\"itemListElement\":[{\"@type\":\"ListItem\",\"position\":1,\"name\":\"Home\",\"item\":\"https:\/\/wkorcumaku.pl\/\"},{\"@type\":\"ListItem\",\"position\":2,\"name\":\"Warsztaty Florystyczne Regulamin\"}]},{\"@type\":\"WebSite\",\"@id\":\"https:\/\/wkorcumaku.pl\/#website\",\"url\":\"https:\/\/wkorcumaku.pl\/\",\"name\":\"Kwiaciarnia W Korcu Maku Katowice\",\"description\":\"Tu sieje si\u0119 magia!\",\"publisher\":{\"@id\":\"https:\/\/wkorcumaku.pl\/#organization\"},\"potentialAction\":[{\"@type\":\"SearchAction\",\"target\":{\"@type\":\"EntryPoint\",\"urlTemplate\":\"https:\/\/wkorcumaku.pl\/?s={search_term_string}\"},\"query-input\":{\"@type\":\"PropertyValueSpecification\",\"valueRequired\":true,\"valueName\":\"search_term_string\"}}],\"inLanguage\":\"en-GB\"},{\"@type\":\"Organization\",\"@id\":\"https:\/\/wkorcumaku.pl\/#organization\",\"name\":\"Kwiaciarnia W Korcu Maku Katowice\",\"alternateName\":\"Kwiaciarnia Katowice\",\"url\":\"https:\/\/wkorcumaku.pl\/\",\"logo\":{\"@type\":\"ImageObject\",\"inLanguage\":\"en-GB\",\"@id\":\"https:\/\/wkorcumaku.pl\/#\/schema\/logo\/image\/\",\"url\":\"https:\/\/wkorcumaku.pl\/wp-content\/uploads\/2021\/12\/Przezroczyste-tlo_Logo_glowne-zielone.png\",\"contentUrl\":\"https:\/\/wkorcumaku.pl\/wp-content\/uploads\/2021\/12\/Przezroczyste-tlo_Logo_glowne-zielone.png\",\"width\":1016,\"height\":1123,\"caption\":\"Kwiaciarnia W Korcu Maku Katowice\"},\"image\":{\"@id\":\"https:\/\/wkorcumaku.pl\/#\/schema\/logo\/image\/\"},\"sameAs\":[\"https:\/\/www.facebook.com\/people\/W-KORCU-MAKU-kwiaciarnia\/100064764343595\/\",\"https:\/\/www.instagram.com\/wkorcumaku\/\"]}]}<\/script>\n<!-- \/ Yoast SEO plugin. -->","yoast_head_json":{"title":"Terms and conditions of the florist workshop | W Korcu Maku Katowice","description":"Please read the rules for participation in floristry workshops. The regulations apply to enrolment, payment, cancellation and organisation of classes in Katowice.","robots":{"index":"index","follow":"follow","max-snippet":"max-snippet:-1","max-image-preview":"max-image-preview:large","max-video-preview":"max-video-preview:-1"},"canonical":"https:\/\/wkorcumaku.pl\/en\/florist-workshop-regulations\/","og_locale":"en_GB","og_type":"article","og_title":"Regulamin warsztat\u00f3w florystycznych | W Korcu Maku Katowice","og_description":"Zapoznaj si\u0119 z zasadami udzia\u0142u w warsztatach florystycznych. Regulamin dotyczy zapis\u00f3w, p\u0142atno\u015bci, rezygnacji i organizacji zaj\u0119\u0107 w Katowicach.","og_url":"https:\/\/wkorcumaku.pl\/en\/florist-workshop-regulations\/","og_site_name":"Kwiaciarnia W Korcu Maku Katowice","article_publisher":"https:\/\/www.facebook.com\/people\/W-KORCU-MAKU-kwiaciarnia\/100064764343595\/","article_modified_time":"2025-10-16T19:44:29+00:00","og_image":[{"width":1326,"height":1988,"url":"https:\/\/wkorcumaku.pl\/wp-content\/uploads\/2023\/05\/mak-_warsztaty.webp","type":"image\/webp"}],"twitter_card":"summary_large_image","twitter_misc":{"Estimated reading time":"3 minutes"},"schema":{"@context":"https:\/\/schema.org","@graph":[{"@type":"WebPage","@id":"https:\/\/wkorcumaku.pl\/warsztaty-florystyczne-regulamin\/","url":"https:\/\/wkorcumaku.pl\/warsztaty-florystyczne-regulamin\/","name":"Terms and conditions of the florist workshop | W Korcu Maku Katowice","isPartOf":{"@id":"https:\/\/wkorcumaku.pl\/#website"},"primaryImageOfPage":{"@id":"https:\/\/wkorcumaku.pl\/warsztaty-florystyczne-regulamin\/#primaryimage"},"image":{"@id":"https:\/\/wkorcumaku.pl\/warsztaty-florystyczne-regulamin\/#primaryimage"},"thumbnailUrl":"https:\/\/wkorcumaku.pl\/wp-content\/uploads\/2023\/05\/mak-_warsztaty.webp","datePublished":"2024-07-18T17:19:16+00:00","dateModified":"2025-10-16T19:44:29+00:00","description":"Please read the rules for participation in floristry workshops. The regulations apply to enrolment, payment, cancellation and organisation of classes in Katowice.","breadcrumb":{"@id":"https:\/\/wkorcumaku.pl\/warsztaty-florystyczne-regulamin\/#breadcrumb"},"inLanguage":"en-GB","potentialAction":[{"@type":"ReadAction","target":["https:\/\/wkorcumaku.pl\/warsztaty-florystyczne-regulamin\/"]}]},{"@type":"ImageObject","inLanguage":"en-GB","@id":"https:\/\/wkorcumaku.pl\/warsztaty-florystyczne-regulamin\/#primaryimage","url":"https:\/\/wkorcumaku.pl\/wp-content\/uploads\/2023\/05\/mak-_warsztaty.webp","contentUrl":"https:\/\/wkorcumaku.pl\/wp-content\/uploads\/2023\/05\/mak-_warsztaty.webp","width":1326,"height":1988,"caption":"Kwiaciarnia W Korcu Maku Katowice warsztaty"},{"@type":"BreadcrumbList","@id":"https:\/\/wkorcumaku.pl\/warsztaty-florystyczne-regulamin\/#breadcrumb","itemListElement":[{"@type":"ListItem","position":1,"name":"Home","item":"https:\/\/wkorcumaku.pl\/"},{"@type":"ListItem","position":2,"name":"Warsztaty Florystyczne Regulamin"}]},{"@type":"WebSite","@id":"https:\/\/wkorcumaku.pl\/#website","url":"https:\/\/wkorcumaku.pl\/","name":"Florist W Korcu Maku Katowice","description":"This is where the magic is sown!","publisher":{"@id":"https:\/\/wkorcumaku.pl\/#organization"},"potentialAction":[{"@type":"SearchAction","target":{"@type":"EntryPoint","urlTemplate":"https:\/\/wkorcumaku.pl\/?s={search_term_string}"},"query-input":{"@type":"PropertyValueSpecification","valueRequired":true,"valueName":"search_term_string"}}],"inLanguage":"en-GB"},{"@type":"Organization","@id":"https:\/\/wkorcumaku.pl\/#organization","name":"Florist W Korcu Maku Katowice","alternateName":"Kwiaciarnia Katowice","url":"https:\/\/wkorcumaku.pl\/","logo":{"@type":"ImageObject","inLanguage":"en-GB","@id":"https:\/\/wkorcumaku.pl\/#\/schema\/logo\/image\/","url":"https:\/\/wkorcumaku.pl\/wp-content\/uploads\/2021\/12\/Przezroczyste-tlo_Logo_glowne-zielone.png","contentUrl":"https:\/\/wkorcumaku.pl\/wp-content\/uploads\/2021\/12\/Przezroczyste-tlo_Logo_glowne-zielone.png","width":1016,"height":1123,"caption":"Kwiaciarnia W Korcu Maku Katowice"},"image":{"@id":"https:\/\/wkorcumaku.pl\/#\/schema\/logo\/image\/"},"sameAs":["https:\/\/www.facebook.com\/people\/W-KORCU-MAKU-kwiaciarnia\/100064764343595\/","https:\/\/www.instagram.com\/wkorcumaku\/"]}]}},"_links":{"self":[{"href":"https:\/\/wkorcumaku.pl\/en\/wp-json\/wp\/v2\/pages\/994716","targetHints":{"allow":["GET"]}}],"collection":[{"href":"https:\/\/wkorcumaku.pl\/en\/wp-json\/wp\/v2\/pages"}],"about":[{"href":"https:\/\/wkorcumaku.pl\/en\/wp-json\/wp\/v2\/types\/page"}],"author":[{"embeddable":true,"href":"https:\/\/wkorcumaku.pl\/en\/wp-json\/wp\/v2\/users\/6"}],"replies":[{"embeddable":true,"href":"https:\/\/wkorcumaku.pl\/en\/wp-json\/wp\/v2\/comments?post=994716"}],"version-history":[{"count":34,"href":"https:\/\/wkorcumaku.pl\/en\/wp-json\/wp\/v2\/pages\/994716\/revisions"}],"predecessor-version":[{"id":997654,"href":"https:\/\/wkorcumaku.pl\/en\/wp-json\/wp\/v2\/pages\/994716\/revisions\/997654"}],"wp:featuredmedia":[{"embeddable":true,"href":"https:\/\/wkorcumaku.pl\/en\/wp-json\/wp\/v2\/media\/991278"}],"wp:attachment":[{"href":"https:\/\/wkorcumaku.pl\/en\/wp-json\/wp\/v2\/media?parent=994716"}],"curies":[{"name":"wp","href":"https:\/\/api.w.org\/{rel}","templated":true}]}}