{"id":992157,"date":"2023-07-20T20:13:09","date_gmt":"2023-07-20T20:13:09","guid":{"rendered":"https:\/\/wkorcumaku.pl\/\/?post_type=product&#038;p=992157"},"modified":"2026-02-08T19:23:42","modified_gmt":"2026-02-08T19:23:42","slug":"palm-minimalist-lily","status":"publish","type":"product","link":"https:\/\/wkorcumaku.pl\/en\/product\/palm-minimalist-lily\/","title":{"rendered":"Palm with lilies"},"content":{"rendered":"","protected":false},"excerpt":{"rendered":"<p>\nThe minimalist palm tree with lilies is an economical but expressive floral composition based on classic white flowers.<br \/>\nThe central element is the elegant lilies, which symbolise purity, and their slender form emphasises the modern, simplistic character of the overall design.<br \/>\nAdditions in the form of grasses and field plants give the palm tree a natural, raw rhythm and visual harmony. All the elements work together in a coherent, thoughtful arrangement.\n<\/p>\n<p><em>Palm dimension:<br \/>\n - small 50-60cm<br \/>\n - medium 60-70cm<br \/>\n - large 70-80cm.<br \/>\n<\/em><\/p>\n<p><em>Pictured is the small variant.<\/em><\/p>","protected":false},"featured_media":992162,"template":"","meta":[],"product_brand":[],"product_cat":[255,309],"product_tag":[],"giftcard-category":[],"class_list":{"0":"post-992157","1":"product","2":"type-product","3":"status-publish","4":"has-post-thumbnail","6":"product_cat-funeralne","7":"product_cat-palma","8":"pa_select-size-duzy","9":"pa_select-size-maly","10":"pa_select-size-sredni","11":"wcpa_has_options","13":"first","14":"instock","15":"shipping-taxable","16":"purchasable","17":"product-type-variable","18":"has-default-attributes"},"yoast_head":"<!-- This site is optimized with the Yoast SEO plugin v27.1.1 - https:\/\/yoast.com\/product\/yoast-seo-wordpress\/ -->\n<title>Palma z liliami - Kwiaciarnia W Korcu Maku Katowice<\/title>\n<meta name=\"description\" content=\"Minimalistyczna palma z bia\u0142ymi liliami, trawami i dodatkami polnymi. Prosta i elegancka forma florystyczna o spokojnym i symbolicznym charakterze.\" \/>\n<meta name=\"robots\" content=\"index, follow, max-snippet:-1, max-image-preview:large, max-video-preview:-1\" \/>\n<link rel=\"canonical\" href=\"https:\/\/wkorcumaku.pl\/en\/product\/palm-minimalist-lily\/\" \/>\n<meta property=\"og:locale\" content=\"en_GB\" \/>\n<meta property=\"og:type\" content=\"article\" \/>\n<meta property=\"og:title\" content=\"Palma z liliami - Kwiaciarnia W Korcu Maku Katowice\" \/>\n<meta property=\"og:description\" content=\"Minimalistyczna palma z bia\u0142ymi liliami, trawami i dodatkami polnymi. Prosta i elegancka forma florystyczna o spokojnym i symbolicznym charakterze.\" \/>\n<meta property=\"og:url\" content=\"https:\/\/wkorcumaku.pl\/en\/product\/palm-minimalist-lily\/\" \/>\n<meta property=\"og:site_name\" content=\"Kwiaciarnia W Korcu Maku Katowice\" \/>\n<meta property=\"article:publisher\" content=\"https:\/\/www.facebook.com\/people\/W-KORCU-MAKU-kwiaciarnia\/100064764343595\/\" \/>\n<meta property=\"article:modified_time\" content=\"2026-02-08T19:23:42+00:00\" \/>\n<meta property=\"og:image\" content=\"https:\/\/wkorcumaku.pl\/wp-content\/uploads\/2023\/07\/pogrzebowa-palma_.webp\" \/>\n\t<meta property=\"og:image:width\" content=\"1231\" \/>\n\t<meta property=\"og:image:height\" content=\"1642\" \/>\n\t<meta property=\"og:image:type\" content=\"image\/webp\" \/>\n<meta name=\"twitter:card\" content=\"summary_large_image\" \/>\n<meta name=\"twitter:label1\" content=\"Estimated reading time\" \/>\n\t<meta name=\"twitter:data1\" content=\"1 minute\" \/>\n<script type=\"application\/ld+json\" class=\"yoast-schema-graph\">{\"@context\":\"https:\/\/schema.org\",\"@graph\":[{\"@type\":[\"WebPage\",\"ItemPage\"],\"@id\":\"https:\/\/wkorcumaku.pl\/produkt\/palma-minimalistyczna-lilia\/\",\"url\":\"https:\/\/wkorcumaku.pl\/produkt\/palma-minimalistyczna-lilia\/\",\"name\":\"Palma z liliami - Kwiaciarnia W Korcu Maku Katowice\",\"isPartOf\":{\"@id\":\"https:\/\/wkorcumaku.pl\/#website\"},\"primaryImageOfPage\":{\"@id\":\"https:\/\/wkorcumaku.pl\/produkt\/palma-minimalistyczna-lilia\/#primaryimage\"},\"image\":{\"@id\":\"https:\/\/wkorcumaku.pl\/produkt\/palma-minimalistyczna-lilia\/#primaryimage\"},\"thumbnailUrl\":\"https:\/\/wkorcumaku.pl\/wp-content\/uploads\/2023\/07\/pogrzebowa-palma_.webp\",\"datePublished\":\"2023-07-20T20:13:09+00:00\",\"dateModified\":\"2026-02-08T19:23:42+00:00\",\"description\":\"Minimalistyczna palma z bia\u0142ymi liliami, trawami i dodatkami polnymi. Prosta i elegancka forma florystyczna o spokojnym i symbolicznym charakterze.\",\"breadcrumb\":{\"@id\":\"https:\/\/wkorcumaku.pl\/produkt\/palma-minimalistyczna-lilia\/#breadcrumb\"},\"inLanguage\":\"en-GB\",\"potentialAction\":[{\"@type\":\"ReadAction\",\"target\":[\"https:\/\/wkorcumaku.pl\/produkt\/palma-minimalistyczna-lilia\/\"]}]},{\"@type\":\"ImageObject\",\"inLanguage\":\"en-GB\",\"@id\":\"https:\/\/wkorcumaku.pl\/produkt\/palma-minimalistyczna-lilia\/#primaryimage\",\"url\":\"https:\/\/wkorcumaku.pl\/wp-content\/uploads\/2023\/07\/pogrzebowa-palma_.webp\",\"contentUrl\":\"https:\/\/wkorcumaku.pl\/wp-content\/uploads\/2023\/07\/pogrzebowa-palma_.webp\",\"width\":1231,\"height\":1642,\"caption\":\"Palma pogrzebowa minimalistyczna lilia\"},{\"@type\":\"BreadcrumbList\",\"@id\":\"https:\/\/wkorcumaku.pl\/produkt\/palma-minimalistyczna-lilia\/#breadcrumb\",\"itemListElement\":[{\"@type\":\"ListItem\",\"position\":1,\"name\":\"Home\",\"item\":\"https:\/\/wkorcumaku.pl\/\"},{\"@type\":\"ListItem\",\"position\":2,\"name\":\"Sklep\",\"item\":\"https:\/\/wkorcumaku.pl\/sklep\/\"},{\"@type\":\"ListItem\",\"position\":3,\"name\":\"Palma z liliami\"}]},{\"@type\":\"WebSite\",\"@id\":\"https:\/\/wkorcumaku.pl\/#website\",\"url\":\"https:\/\/wkorcumaku.pl\/\",\"name\":\"Kwiaciarnia W Korcu Maku Katowice\",\"description\":\"Tu sieje si\u0119 magia!\",\"publisher\":{\"@id\":\"https:\/\/wkorcumaku.pl\/#organization\"},\"potentialAction\":[{\"@type\":\"SearchAction\",\"target\":{\"@type\":\"EntryPoint\",\"urlTemplate\":\"https:\/\/wkorcumaku.pl\/?s={search_term_string}\"},\"query-input\":{\"@type\":\"PropertyValueSpecification\",\"valueRequired\":true,\"valueName\":\"search_term_string\"}}],\"inLanguage\":\"en-GB\"},{\"@type\":\"Organization\",\"@id\":\"https:\/\/wkorcumaku.pl\/#organization\",\"name\":\"Kwiaciarnia W Korcu Maku Katowice\",\"alternateName\":\"Kwiaciarnia Katowice\",\"url\":\"https:\/\/wkorcumaku.pl\/\",\"logo\":{\"@type\":\"ImageObject\",\"inLanguage\":\"en-GB\",\"@id\":\"https:\/\/wkorcumaku.pl\/#\/schema\/logo\/image\/\",\"url\":\"https:\/\/wkorcumaku.pl\/wp-content\/uploads\/2021\/12\/Przezroczyste-tlo_Logo_glowne-zielone.png\",\"contentUrl\":\"https:\/\/wkorcumaku.pl\/wp-content\/uploads\/2021\/12\/Przezroczyste-tlo_Logo_glowne-zielone.png\",\"width\":1016,\"height\":1123,\"caption\":\"Kwiaciarnia W Korcu Maku Katowice\"},\"image\":{\"@id\":\"https:\/\/wkorcumaku.pl\/#\/schema\/logo\/image\/\"},\"sameAs\":[\"https:\/\/www.facebook.com\/people\/W-KORCU-MAKU-kwiaciarnia\/100064764343595\/\",\"https:\/\/www.instagram.com\/wkorcumaku\/\"]}]}<\/script>\n<!-- \/ Yoast SEO plugin. -->","yoast_head_json":{"title":"Palm with lilies - Florist W Korcu Maku Katowice","description":"Minimalist palm tree with white lilies, grasses and field accessories. A simple and elegant floral form with a calm and symbolic character.","robots":{"index":"index","follow":"follow","max-snippet":"max-snippet:-1","max-image-preview":"max-image-preview:large","max-video-preview":"max-video-preview:-1"},"canonical":"https:\/\/wkorcumaku.pl\/en\/product\/palm-minimalist-lily\/","og_locale":"en_GB","og_type":"article","og_title":"Palma z liliami - Kwiaciarnia W Korcu Maku Katowice","og_description":"Minimalistyczna palma z bia\u0142ymi liliami, trawami i dodatkami polnymi. Prosta i elegancka forma florystyczna o spokojnym i symbolicznym charakterze.","og_url":"https:\/\/wkorcumaku.pl\/en\/product\/palm-minimalist-lily\/","og_site_name":"Kwiaciarnia W Korcu Maku Katowice","article_publisher":"https:\/\/www.facebook.com\/people\/W-KORCU-MAKU-kwiaciarnia\/100064764343595\/","article_modified_time":"2026-02-08T19:23:42+00:00","og_image":[{"width":1231,"height":1642,"url":"https:\/\/wkorcumaku.pl\/wp-content\/uploads\/2023\/07\/pogrzebowa-palma_.webp","type":"image\/webp"}],"twitter_card":"summary_large_image","twitter_misc":{"Estimated reading time":"1 minute"},"schema":{"@context":"https:\/\/schema.org","@graph":[{"@type":["WebPage","ItemPage"],"@id":"https:\/\/wkorcumaku.pl\/produkt\/palma-minimalistyczna-lilia\/","url":"https:\/\/wkorcumaku.pl\/produkt\/palma-minimalistyczna-lilia\/","name":"Palm with lilies - Florist W Korcu Maku Katowice","isPartOf":{"@id":"https:\/\/wkorcumaku.pl\/#website"},"primaryImageOfPage":{"@id":"https:\/\/wkorcumaku.pl\/produkt\/palma-minimalistyczna-lilia\/#primaryimage"},"image":{"@id":"https:\/\/wkorcumaku.pl\/produkt\/palma-minimalistyczna-lilia\/#primaryimage"},"thumbnailUrl":"https:\/\/wkorcumaku.pl\/wp-content\/uploads\/2023\/07\/pogrzebowa-palma_.webp","datePublished":"2023-07-20T20:13:09+00:00","dateModified":"2026-02-08T19:23:42+00:00","description":"Minimalist palm tree with white lilies, grasses and field accessories. A simple and elegant floral form with a calm and symbolic character.","breadcrumb":{"@id":"https:\/\/wkorcumaku.pl\/produkt\/palma-minimalistyczna-lilia\/#breadcrumb"},"inLanguage":"en-GB","potentialAction":[{"@type":"ReadAction","target":["https:\/\/wkorcumaku.pl\/produkt\/palma-minimalistyczna-lilia\/"]}]},{"@type":"ImageObject","inLanguage":"en-GB","@id":"https:\/\/wkorcumaku.pl\/produkt\/palma-minimalistyczna-lilia\/#primaryimage","url":"https:\/\/wkorcumaku.pl\/wp-content\/uploads\/2023\/07\/pogrzebowa-palma_.webp","contentUrl":"https:\/\/wkorcumaku.pl\/wp-content\/uploads\/2023\/07\/pogrzebowa-palma_.webp","width":1231,"height":1642,"caption":"Palma pogrzebowa minimalistyczna lilia"},{"@type":"BreadcrumbList","@id":"https:\/\/wkorcumaku.pl\/produkt\/palma-minimalistyczna-lilia\/#breadcrumb","itemListElement":[{"@type":"ListItem","position":1,"name":"Home","item":"https:\/\/wkorcumaku.pl\/"},{"@type":"ListItem","position":2,"name":"Sklep","item":"https:\/\/wkorcumaku.pl\/sklep\/"},{"@type":"ListItem","position":3,"name":"Palma z liliami"}]},{"@type":"WebSite","@id":"https:\/\/wkorcumaku.pl\/#website","url":"https:\/\/wkorcumaku.pl\/","name":"Florist W Korcu Maku Katowice","description":"This is where the magic is sown!","publisher":{"@id":"https:\/\/wkorcumaku.pl\/#organization"},"potentialAction":[{"@type":"SearchAction","target":{"@type":"EntryPoint","urlTemplate":"https:\/\/wkorcumaku.pl\/?s={search_term_string}"},"query-input":{"@type":"PropertyValueSpecification","valueRequired":true,"valueName":"search_term_string"}}],"inLanguage":"en-GB"},{"@type":"Organization","@id":"https:\/\/wkorcumaku.pl\/#organization","name":"Florist W Korcu Maku Katowice","alternateName":"Kwiaciarnia Katowice","url":"https:\/\/wkorcumaku.pl\/","logo":{"@type":"ImageObject","inLanguage":"en-GB","@id":"https:\/\/wkorcumaku.pl\/#\/schema\/logo\/image\/","url":"https:\/\/wkorcumaku.pl\/wp-content\/uploads\/2021\/12\/Przezroczyste-tlo_Logo_glowne-zielone.png","contentUrl":"https:\/\/wkorcumaku.pl\/wp-content\/uploads\/2021\/12\/Przezroczyste-tlo_Logo_glowne-zielone.png","width":1016,"height":1123,"caption":"Kwiaciarnia W Korcu Maku Katowice"},"image":{"@id":"https:\/\/wkorcumaku.pl\/#\/schema\/logo\/image\/"},"sameAs":["https:\/\/www.facebook.com\/people\/W-KORCU-MAKU-kwiaciarnia\/100064764343595\/","https:\/\/www.instagram.com\/wkorcumaku\/"]}]}},"wcpa_form_fields":{"wcpaData":{"product":{"product_price":349,"price_html":"od &nbsp; <span class=\"woocommerce-Price-amount amount\"><bdi>349,00&nbsp;<span class=\"woocommerce-Price-currencySymbol\">&#122;&#322;<\/span><\/bdi><\/span>","original_product_price":349,"price_including_tax":349,"price_excluding_tax":349,"product_id":{"parent":992157,"variation":false},"is_variable":true,"stock_status":"instock","stock_quantity":null,"parent_sku":"palma-minimalistyczna-lilia","product_attributes":{"pa_select-size":{"is_variation":true,"values":[]}},"custom_fields":{"wcpa_pcf_advance_payment":"false"},"is_taxable":false},"fields":{"sec_46467fb8a05d3b":{"extra":{"key":"sec_46467fb8a05d3b","section_id":"sec_46467fb8a05d3b","name":"Default","status":1,"cl_rule":"show","enableCl":false,"relations":[],"toggle":true,"title_tag":"h3","show_title":false,"showPrice":"default","form_id":989459,"form_rules":{"exclude_from_discount":false,"fee_label":"Fee","disp_hide_options_price":false,"disp_show_section_price":false,"disp_show_field_price":true,"layout_option":"standard","pric_use_as_fee":false,"process_fee_as":"woo_fee"},"layout_option":"standard"},"fields":[[{"active":true,"col":6,"relations":[{"operator":false,"rules":[{"operator":"AND","rules":{"cl_field":"attribute","cl_relation":"","cl_val":""}}]}],"cl_rule":"show","enableCl":false,"price":"","enablePrice":true,"className":"","label_position":"default","desc_position":"default","type":"checkbox-group","required":false,"elementId":"checkgroup_7700449109","label":"Opcje dodatkowe","name":"checkgroup_7700449109","values":[{"label":"Szarfa","value":"Szarfa","selected":false,"tempId":"aco_140","price":"9","gt_translate_keys":["label"]},{"label":"Stojak","value":"Stojak","selected":false,"tempId":"aco_141","price":"29","gt_translate_keys":["label"]}],"layOut":"","error":false,"checkUi":"","priceOptions":"different_for_all","pricingType":"fixed","enableDesign":false,"LabelSize":"20","DescSize":"10","scrollBar":false,"LabelColor":"","DescColor":"","gt_translate_keys":["label"],"price_dependency":false,"cl_dependency":false,"value":""}],[{"type":"text","elementId":"wcpa-text-1683132860520","label":"Tekst na szarfie","pricingType":"fixed","name":"text-1683132860519","subtype":"text","enableCl":true,"cl_rule":"show","cl_val":"szarfa","col":6,"relations":[{"operator":false,"rules":[{"operator":false,"rules":{"cl_field":"wcpa-select-1684453548517","cl_relation":"is","cl_val":"szarfa"}}]}],"active":true,"tooltip":"","gt_translate_keys":["label","tooltip"],"price_dependency":false,"cl_dependency":false,"value":""}],[{"type":"select","required":true,"elementId":"wcpa-select-1684453872951","label":"Odbi\u00f3r lub dostawa","priceOptions":"different_for_all","pricingType":"fixed","name":"select-1684453872951","cl_rule":"show","col":6,"values":[{"label":"Odbi\u00f3r osobisty","value":"Odbi\u00f3r osobisty","price":"","pimage":"","pimage_id":"","pthumb":"","gt_translate_keys":["label"]},{"label":"Dostawa","value":"Dostawa","price":"","pimage":"","pimage_id":"","pthumb":"","gt_translate_keys":["label"]}],"relations":false,"active":true,"tooltip":"","dropdown_type":"basic","error":false,"gt_translate_keys":["label","tooltip"],"price_dependency":false,"cl_dependency":false,"value":""}],[{"active":true,"col":6,"relations":false,"cl_rule":"show","enableCl":false,"price":"","enablePrice":false,"className":"info_funeral","label_position":"default","desc_position":"default","type":"content","required":false,"elementId":"content_5105884432","label":"","name":"content_5105884432","contentType":"plain","value":"W przypadku dostawy w kroku kolejnym nale\u017cy zaznaczy\u0107 'DOSTAWA KO\u015aCI\u00d3\u0141\/CMENTARZ' gdzie zostanie podany adres oraz inne niezb\u0119dne informacje.","error":false,"inline":false,"subtype":"div","hideFieldIn_order":true,"hideFieldIn_cart":true,"gt_translate_keys":["label","value"],"price_dependency":false,"cl_dependency":false}],[{"active":true,"col":6,"relations":false,"cl_rule":"show","enableCl":false,"price":"","enablePrice":false,"className":"","label_position":"default","desc_position":"default","type":"date","required":true,"elementId":"date_4596003470","name":"date_4596003470","label":"Data dostawy\/odbioru","picker_type":"custom","picker_mode":"single","error":false,"min_date":{"type":"days","val":"0"},"date_pic_conf":{"disabledWeeks":[0],"dateFormat":"d-m-Y","disabledDates":["2026-04-04 to 2026-04-08"]},"placeholder":"wybierz dat\u0119","gt_translate_keys":["label","placeholder"],"price_dependency":false,"cl_dependency":false,"value":""}],[{"active":true,"col":6,"relations":false,"cl_rule":"show","enableCl":false,"price":"","enablePrice":false,"className":"","label_position":"default","desc_position":"default","type":"select","required":true,"elementId":"select_2419421273","label":"Godzina dostawy\/odbioru","name":"select_2419421273","values":[{"label":"8:00","value":"8:00","selected":false,"tempId":"aco_1306","gt_translate_keys":["label"]},{"label":"8:30","value":"8:30","selected":true,"tempId":"aco_1307","gt_translate_keys":["label"]},{"label":"9:00","value":"9:00","selected":false,"tempId":"aco_1308","gt_translate_keys":["label"]},{"label":"9:30","value":"9:30","selected":false,"tempId":"aco_1498","gt_translate_keys":["label"]},{"label":"10:00","value":"10:00","selected":false,"tempId":"aco_1508","gt_translate_keys":["label"]},{"label":"10:30","value":"10:30","selected":false,"tempId":"aco_1518","gt_translate_keys":["label"]},{"label":"11:00","value":"11:00","selected":false,"tempId":"aco_1528","gt_translate_keys":["label"]},{"label":"11:30","value":"11:30","selected":false,"tempId":"aco_1538","gt_translate_keys":["label"]},{"label":"12:00","value":"12:00","selected":false,"tempId":"aco_1548","gt_translate_keys":["label"]},{"label":"12:30","value":"12:30","selected":false,"tempId":"aco_1558","gt_translate_keys":["label"]},{"label":"13:00","value":"13:00","selected":false,"tempId":"aco_1568","gt_translate_keys":["label"]},{"label":"13:30","value":"13:30","selected":false,"tempId":"aco_2316","gt_translate_keys":["label"]},{"label":"14:00","value":"14:00","selected":false,"tempId":"aco_2326","gt_translate_keys":["label"]},{"label":"14:30","value":"14:30","selected":false,"tempId":"aco_2336","gt_translate_keys":["label"]},{"label":"15:00","value":"15:00","selected":false,"tempId":"aco_2346","gt_translate_keys":["label"]},{"label":"15:30","value":"15:30","selected":false,"tempId":"aco_2716","gt_translate_keys":["label"]},{"label":"16:00","value":"16:00","selected":false,"tempId":"aco_2726","gt_translate_keys":["label"]},{"label":"16:30","value":"16:30","selected":false,"tempId":"aco_2736","gt_translate_keys":["label"]},{"label":"17:00","value":"17:00","selected":false,"tempId":"aco_3016","gt_translate_keys":["label"]},{"label":"17:30","value":"17:30","selected":false,"tempId":"aco_3026","gt_translate_keys":["label"]}],"dropdown_type":"basic","error":false,"gt_translate_keys":["label"],"price_dependency":false,"cl_dependency":false,"value":""}],[{"type":"textarea","elementId":"wcpa-textarea-1683133165956","label":"Uwagi","pricingType":"fixed","name":"textarea-1683133165956","cl_rule":"show","col":6,"relations":false,"active":true,"tooltip":"","error":false,"placeholder":"Uwagi odno\u015bnie zam\u00f3wienia, tekst na szarfie w przypadku wybrania opcji.\nAdres dor\u0119czenia w kolejnym kroku.","gt_translate_keys":["label","placeholder","tooltip"],"price_dependency":false,"cl_dependency":false,"value":""}],[{"active":true,"col":6,"relations":false,"cl_rule":"show","enableCl":false,"price":"","enablePrice":false,"className":"photo_send","label_position":"default","desc_position":"default","type":"checkbox","required":false,"elementId":"checkbox_8231097664","label":"Zdj\u0119cie kompozycji dla zamawiaj\u0105cego. ","name":"checkbox_8231097664","value":"","check_value":"Tak","checkUi":"","error":false,"gt_translate_keys":["label","value","check_value"],"price_dependency":false,"cl_dependency":false}]]}},"config":{"price_override":"","enable_recaptcha":false,"bind_quantity":false,"quantity_bind_formula":"","disp_summ_show_option_price":true,"disp_summ_show_product_price":true,"disp_summ_show_total_price":true,"disp_summ_show_fee":false,"disp_summ_show_discount":false,"summary_title":"","options_total_label":"Dodatkowa opcja","total_label":"Podsumowanie","options_product_label":"Cena produktu","fee_label":"Fee","discount_label":"Discount","has_price":true,"has_quantity_formula":false},"mc_unit":1,"tax_rate":1,"tax_rate_real":1,"discount":{"percentage":0,"fixed":0},"design":{"conf":{"LabelPosition":"above","DescPosition":"above","UploadField":"custom_1","QuantityFieldStyle":"default"},"css":{"LeftLabelWidth":"120px"}},"formulas":[],"clones":false,"cartKey":false}},"_links":{"self":[{"href":"https:\/\/wkorcumaku.pl\/en\/wp-json\/wp\/v2\/product\/992157","targetHints":{"allow":["GET"]}}],"collection":[{"href":"https:\/\/wkorcumaku.pl\/en\/wp-json\/wp\/v2\/product"}],"about":[{"href":"https:\/\/wkorcumaku.pl\/en\/wp-json\/wp\/v2\/types\/product"}],"version-history":[{"count":3,"href":"https:\/\/wkorcumaku.pl\/en\/wp-json\/wp\/v2\/product\/992157\/revisions"}],"predecessor-version":[{"id":998069,"href":"https:\/\/wkorcumaku.pl\/en\/wp-json\/wp\/v2\/product\/992157\/revisions\/998069"}],"wp:featuredmedia":[{"embeddable":true,"href":"https:\/\/wkorcumaku.pl\/en\/wp-json\/wp\/v2\/media\/992162"}],"wp:attachment":[{"href":"https:\/\/wkorcumaku.pl\/en\/wp-json\/wp\/v2\/media?parent=992157"}],"wp:term":[{"taxonomy":"product_brand","embeddable":true,"href":"https:\/\/wkorcumaku.pl\/en\/wp-json\/wp\/v2\/product_brand?post=992157"},{"taxonomy":"product_cat","embeddable":true,"href":"https:\/\/wkorcumaku.pl\/en\/wp-json\/wp\/v2\/product_cat?post=992157"},{"taxonomy":"product_tag","embeddable":true,"href":"https:\/\/wkorcumaku.pl\/en\/wp-json\/wp\/v2\/product_tag?post=992157"},{"taxonomy":"giftcard-category","embeddable":true,"href":"https:\/\/wkorcumaku.pl\/en\/wp-json\/wp\/v2\/giftcard-category?post=992157"}],"curies":[{"name":"wp","href":"https:\/\/api.w.org\/{rel}","templated":true}]}}