{"id":992594,"date":"2023-09-16T21:44:10","date_gmt":"2023-09-16T21:44:10","guid":{"rendered":"https:\/\/wkorcumaku.pl\/?post_type=product&#038;p=992594"},"modified":"2024-12-13T23:30:16","modified_gmt":"2024-12-13T23:30:16","slug":"bouquet-wedding-light-as-pearl-2","status":"publish","type":"product","link":"https:\/\/wkorcumaku.pl\/en\/product\/bouquet-wedding-light-as-pearl-2\/","title":{"rendered":"Wedding bouquet as light as a feather"},"content":{"rendered":"","protected":false},"excerpt":{"rendered":"<p>Casual, dewy, light as a feather. This delicate bouquet is an interpretation of a floral meadow. Included: chamomile, cosmos, asters, gypsophila.<\/p>\n<p>The bouquet pairs beautifully with the delicate garland and carnation bouquet bouquet.<\/p>\n<p>Additional additions to the bouquet can include:<br \/>\n<br \/>- floral comb<br \/>\n<br \/>- corsair on hand<br \/>\n<br \/>- floral pillowcase<br \/>\n<br \/>And also the compositions that make up the d\u00e9cor for the wedding reception. <\/p>","protected":false},"featured_media":992595,"template":"","meta":[],"product_brand":[],"product_cat":[351,364],"product_tag":[],"giftcard-category":[],"class_list":{"0":"post-992594","1":"product","2":"type-product","3":"status-publish","4":"has-post-thumbnail","6":"product_cat-bukiet-slubny","7":"product_cat-slubne","9":"first","10":"onbackorder","11":"shipping-taxable","12":"purchasable","13":"product-type-simple"},"yoast_head":"<!-- This site is optimized with the Yoast SEO plugin v27.1.1 - https:\/\/yoast.com\/product\/yoast-seo-wordpress\/ -->\n<title>Bukiet \u015blubny lekki jak pi\u00f3rko - Kwiaciarnia W Korcu Maku Katowice<\/title>\n<meta name=\"description\" content=\"Swobodny, rosochaty, lekki jak pi\u00f3rko. Ten delikatny bukiet to interpretacja \u0142\u0105ki kwietnej. Ten delikatny bukiet to interpretacja \u0142\u0105ki kwietnej.\" \/>\n<meta name=\"robots\" content=\"index, follow, max-snippet:-1, max-image-preview:large, max-video-preview:-1\" \/>\n<link rel=\"canonical\" href=\"https:\/\/wkorcumaku.pl\/en\/product\/bouquet-wedding-light-as-pearl-2\/\" \/>\n<meta property=\"og:locale\" content=\"en_GB\" \/>\n<meta property=\"og:type\" content=\"article\" \/>\n<meta property=\"og:title\" content=\"Bukiet \u015blubny lekki jak pi\u00f3rko - Kwiaciarnia W Korcu Maku Katowice\" \/>\n<meta property=\"og:description\" content=\"Swobodny, rosochaty, lekki jak pi\u00f3rko. Ten delikatny bukiet to interpretacja \u0142\u0105ki kwietnej. Ten delikatny bukiet to interpretacja \u0142\u0105ki kwietnej.\" \/>\n<meta property=\"og:url\" content=\"https:\/\/wkorcumaku.pl\/en\/product\/bouquet-wedding-light-as-pearl-2\/\" \/>\n<meta property=\"og:site_name\" content=\"Kwiaciarnia W Korcu Maku Katowice\" \/>\n<meta property=\"article:publisher\" content=\"https:\/\/www.facebook.com\/people\/W-KORCU-MAKU-kwiaciarnia\/100064764343595\/\" \/>\n<meta property=\"article:modified_time\" content=\"2024-12-13T23:30:16+00:00\" \/>\n<meta property=\"og:image\" content=\"https:\/\/wkorcumaku.pl\/wp-content\/uploads\/2023\/09\/bukiet-jak-piorko.webp\" \/>\n\t<meta property=\"og:image:width\" content=\"1094\" \/>\n\t<meta property=\"og:image:height\" content=\"1459\" \/>\n\t<meta property=\"og:image:type\" content=\"image\/webp\" \/>\n<meta name=\"twitter:card\" content=\"summary_large_image\" \/>\n<meta name=\"twitter:label1\" content=\"Estimated reading time\" \/>\n\t<meta name=\"twitter:data1\" content=\"1 minute\" \/>\n<script type=\"application\/ld+json\" class=\"yoast-schema-graph\">{\"@context\":\"https:\/\/schema.org\",\"@graph\":[{\"@type\":[\"WebPage\",\"ItemPage\"],\"@id\":\"https:\/\/wkorcumaku.pl\/produkt\/bukiet-slubny-lekki-jak-piorko\/\",\"url\":\"https:\/\/wkorcumaku.pl\/produkt\/bukiet-slubny-lekki-jak-piorko\/\",\"name\":\"Bukiet \u015blubny lekki jak pi\u00f3rko - Kwiaciarnia W Korcu Maku Katowice\",\"isPartOf\":{\"@id\":\"https:\/\/wkorcumaku.pl\/#website\"},\"primaryImageOfPage\":{\"@id\":\"https:\/\/wkorcumaku.pl\/produkt\/bukiet-slubny-lekki-jak-piorko\/#primaryimage\"},\"image\":{\"@id\":\"https:\/\/wkorcumaku.pl\/produkt\/bukiet-slubny-lekki-jak-piorko\/#primaryimage\"},\"thumbnailUrl\":\"https:\/\/wkorcumaku.pl\/wp-content\/uploads\/2023\/09\/bukiet-jak-piorko.webp\",\"datePublished\":\"2023-09-16T21:44:10+00:00\",\"dateModified\":\"2024-12-13T23:30:16+00:00\",\"description\":\"Swobodny, rosochaty, lekki jak pi\u00f3rko. Ten delikatny bukiet to interpretacja \u0142\u0105ki kwietnej. Ten delikatny bukiet to interpretacja \u0142\u0105ki kwietnej.\",\"breadcrumb\":{\"@id\":\"https:\/\/wkorcumaku.pl\/produkt\/bukiet-slubny-lekki-jak-piorko\/#breadcrumb\"},\"inLanguage\":\"en-GB\",\"potentialAction\":[{\"@type\":\"ReadAction\",\"target\":[\"https:\/\/wkorcumaku.pl\/produkt\/bukiet-slubny-lekki-jak-piorko\/\"]}]},{\"@type\":\"ImageObject\",\"inLanguage\":\"en-GB\",\"@id\":\"https:\/\/wkorcumaku.pl\/produkt\/bukiet-slubny-lekki-jak-piorko\/#primaryimage\",\"url\":\"https:\/\/wkorcumaku.pl\/wp-content\/uploads\/2023\/09\/bukiet-jak-piorko.webp\",\"contentUrl\":\"https:\/\/wkorcumaku.pl\/wp-content\/uploads\/2023\/09\/bukiet-jak-piorko.webp\",\"width\":1094,\"height\":1459,\"caption\":\"Swobodny, rosochaty, lekki jak pi\u00f3rko. Ten delikatny bukiet to interpretacja \u0142\u0105ki kwietnej.\"},{\"@type\":\"BreadcrumbList\",\"@id\":\"https:\/\/wkorcumaku.pl\/produkt\/bukiet-slubny-lekki-jak-piorko\/#breadcrumb\",\"itemListElement\":[{\"@type\":\"ListItem\",\"position\":1,\"name\":\"Home\",\"item\":\"https:\/\/wkorcumaku.pl\/\"},{\"@type\":\"ListItem\",\"position\":2,\"name\":\"Sklep\",\"item\":\"https:\/\/wkorcumaku.pl\/sklep\/\"},{\"@type\":\"ListItem\",\"position\":3,\"name\":\"Bukiet \u015blubny lekki jak pi\u00f3rko\"}]},{\"@type\":\"WebSite\",\"@id\":\"https:\/\/wkorcumaku.pl\/#website\",\"url\":\"https:\/\/wkorcumaku.pl\/\",\"name\":\"Kwiaciarnia W Korcu Maku Katowice\",\"description\":\"Tu sieje si\u0119 magia!\",\"publisher\":{\"@id\":\"https:\/\/wkorcumaku.pl\/#organization\"},\"potentialAction\":[{\"@type\":\"SearchAction\",\"target\":{\"@type\":\"EntryPoint\",\"urlTemplate\":\"https:\/\/wkorcumaku.pl\/?s={search_term_string}\"},\"query-input\":{\"@type\":\"PropertyValueSpecification\",\"valueRequired\":true,\"valueName\":\"search_term_string\"}}],\"inLanguage\":\"en-GB\"},{\"@type\":\"Organization\",\"@id\":\"https:\/\/wkorcumaku.pl\/#organization\",\"name\":\"Kwiaciarnia W Korcu Maku Katowice\",\"alternateName\":\"Kwiaciarnia Katowice\",\"url\":\"https:\/\/wkorcumaku.pl\/\",\"logo\":{\"@type\":\"ImageObject\",\"inLanguage\":\"en-GB\",\"@id\":\"https:\/\/wkorcumaku.pl\/#\/schema\/logo\/image\/\",\"url\":\"https:\/\/wkorcumaku.pl\/wp-content\/uploads\/2021\/12\/Przezroczyste-tlo_Logo_glowne-zielone.png\",\"contentUrl\":\"https:\/\/wkorcumaku.pl\/wp-content\/uploads\/2021\/12\/Przezroczyste-tlo_Logo_glowne-zielone.png\",\"width\":1016,\"height\":1123,\"caption\":\"Kwiaciarnia W Korcu Maku Katowice\"},\"image\":{\"@id\":\"https:\/\/wkorcumaku.pl\/#\/schema\/logo\/image\/\"},\"sameAs\":[\"https:\/\/www.facebook.com\/people\/W-KORCU-MAKU-kwiaciarnia\/100064764343595\/\",\"https:\/\/www.instagram.com\/wkorcumaku\/\"]}]}<\/script>\n<!-- \/ Yoast SEO plugin. -->","yoast_head_json":{"title":"Wedding bouquet as light as a feather - Florist W Korcu Maku Katowice","description":"Casual, dewy, light as a feather. This delicate bouquet is an interpretation of a floral meadow. This delicate bouquet is an interpretation of a floral meadow.","robots":{"index":"index","follow":"follow","max-snippet":"max-snippet:-1","max-image-preview":"max-image-preview:large","max-video-preview":"max-video-preview:-1"},"canonical":"https:\/\/wkorcumaku.pl\/en\/product\/bouquet-wedding-light-as-pearl-2\/","og_locale":"en_GB","og_type":"article","og_title":"Bukiet \u015blubny lekki jak pi\u00f3rko - Kwiaciarnia W Korcu Maku Katowice","og_description":"Swobodny, rosochaty, lekki jak pi\u00f3rko. Ten delikatny bukiet to interpretacja \u0142\u0105ki kwietnej. Ten delikatny bukiet to interpretacja \u0142\u0105ki kwietnej.","og_url":"https:\/\/wkorcumaku.pl\/en\/product\/bouquet-wedding-light-as-pearl-2\/","og_site_name":"Kwiaciarnia W Korcu Maku Katowice","article_publisher":"https:\/\/www.facebook.com\/people\/W-KORCU-MAKU-kwiaciarnia\/100064764343595\/","article_modified_time":"2024-12-13T23:30:16+00:00","og_image":[{"width":1094,"height":1459,"url":"https:\/\/wkorcumaku.pl\/wp-content\/uploads\/2023\/09\/bukiet-jak-piorko.webp","type":"image\/webp"}],"twitter_card":"summary_large_image","twitter_misc":{"Estimated reading time":"1 minute"},"schema":{"@context":"https:\/\/schema.org","@graph":[{"@type":["WebPage","ItemPage"],"@id":"https:\/\/wkorcumaku.pl\/produkt\/bukiet-slubny-lekki-jak-piorko\/","url":"https:\/\/wkorcumaku.pl\/produkt\/bukiet-slubny-lekki-jak-piorko\/","name":"Wedding bouquet as light as a feather - Florist W Korcu Maku Katowice","isPartOf":{"@id":"https:\/\/wkorcumaku.pl\/#website"},"primaryImageOfPage":{"@id":"https:\/\/wkorcumaku.pl\/produkt\/bukiet-slubny-lekki-jak-piorko\/#primaryimage"},"image":{"@id":"https:\/\/wkorcumaku.pl\/produkt\/bukiet-slubny-lekki-jak-piorko\/#primaryimage"},"thumbnailUrl":"https:\/\/wkorcumaku.pl\/wp-content\/uploads\/2023\/09\/bukiet-jak-piorko.webp","datePublished":"2023-09-16T21:44:10+00:00","dateModified":"2024-12-13T23:30:16+00:00","description":"Casual, dewy, light as a feather. This delicate bouquet is an interpretation of a floral meadow. This delicate bouquet is an interpretation of a floral meadow.","breadcrumb":{"@id":"https:\/\/wkorcumaku.pl\/produkt\/bukiet-slubny-lekki-jak-piorko\/#breadcrumb"},"inLanguage":"en-GB","potentialAction":[{"@type":"ReadAction","target":["https:\/\/wkorcumaku.pl\/produkt\/bukiet-slubny-lekki-jak-piorko\/"]}]},{"@type":"ImageObject","inLanguage":"en-GB","@id":"https:\/\/wkorcumaku.pl\/produkt\/bukiet-slubny-lekki-jak-piorko\/#primaryimage","url":"https:\/\/wkorcumaku.pl\/wp-content\/uploads\/2023\/09\/bukiet-jak-piorko.webp","contentUrl":"https:\/\/wkorcumaku.pl\/wp-content\/uploads\/2023\/09\/bukiet-jak-piorko.webp","width":1094,"height":1459,"caption":"Swobodny, rosochaty, lekki jak pi\u00f3rko. Ten delikatny bukiet to interpretacja \u0142\u0105ki kwietnej."},{"@type":"BreadcrumbList","@id":"https:\/\/wkorcumaku.pl\/produkt\/bukiet-slubny-lekki-jak-piorko\/#breadcrumb","itemListElement":[{"@type":"ListItem","position":1,"name":"Home","item":"https:\/\/wkorcumaku.pl\/"},{"@type":"ListItem","position":2,"name":"Sklep","item":"https:\/\/wkorcumaku.pl\/sklep\/"},{"@type":"ListItem","position":3,"name":"Bukiet \u015blubny lekki jak pi\u00f3rko"}]},{"@type":"WebSite","@id":"https:\/\/wkorcumaku.pl\/#website","url":"https:\/\/wkorcumaku.pl\/","name":"Florist W Korcu Maku Katowice","description":"This is where the magic is sown!","publisher":{"@id":"https:\/\/wkorcumaku.pl\/#organization"},"potentialAction":[{"@type":"SearchAction","target":{"@type":"EntryPoint","urlTemplate":"https:\/\/wkorcumaku.pl\/?s={search_term_string}"},"query-input":{"@type":"PropertyValueSpecification","valueRequired":true,"valueName":"search_term_string"}}],"inLanguage":"en-GB"},{"@type":"Organization","@id":"https:\/\/wkorcumaku.pl\/#organization","name":"Florist W Korcu Maku Katowice","alternateName":"Kwiaciarnia Katowice","url":"https:\/\/wkorcumaku.pl\/","logo":{"@type":"ImageObject","inLanguage":"en-GB","@id":"https:\/\/wkorcumaku.pl\/#\/schema\/logo\/image\/","url":"https:\/\/wkorcumaku.pl\/wp-content\/uploads\/2021\/12\/Przezroczyste-tlo_Logo_glowne-zielone.png","contentUrl":"https:\/\/wkorcumaku.pl\/wp-content\/uploads\/2021\/12\/Przezroczyste-tlo_Logo_glowne-zielone.png","width":1016,"height":1123,"caption":"Kwiaciarnia W Korcu Maku Katowice"},"image":{"@id":"https:\/\/wkorcumaku.pl\/#\/schema\/logo\/image\/"},"sameAs":["https:\/\/www.facebook.com\/people\/W-KORCU-MAKU-kwiaciarnia\/100064764343595\/","https:\/\/www.instagram.com\/wkorcumaku\/"]}]}},"wcpa_form_fields":null,"_links":{"self":[{"href":"https:\/\/wkorcumaku.pl\/en\/wp-json\/wp\/v2\/product\/992594","targetHints":{"allow":["GET"]}}],"collection":[{"href":"https:\/\/wkorcumaku.pl\/en\/wp-json\/wp\/v2\/product"}],"about":[{"href":"https:\/\/wkorcumaku.pl\/en\/wp-json\/wp\/v2\/types\/product"}],"version-history":[{"count":1,"href":"https:\/\/wkorcumaku.pl\/en\/wp-json\/wp\/v2\/product\/992594\/revisions"}],"predecessor-version":[{"id":994867,"href":"https:\/\/wkorcumaku.pl\/en\/wp-json\/wp\/v2\/product\/992594\/revisions\/994867"}],"wp:featuredmedia":[{"embeddable":true,"href":"https:\/\/wkorcumaku.pl\/en\/wp-json\/wp\/v2\/media\/992595"}],"wp:attachment":[{"href":"https:\/\/wkorcumaku.pl\/en\/wp-json\/wp\/v2\/media?parent=992594"}],"wp:term":[{"taxonomy":"product_brand","embeddable":true,"href":"https:\/\/wkorcumaku.pl\/en\/wp-json\/wp\/v2\/product_brand?post=992594"},{"taxonomy":"product_cat","embeddable":true,"href":"https:\/\/wkorcumaku.pl\/en\/wp-json\/wp\/v2\/product_cat?post=992594"},{"taxonomy":"product_tag","embeddable":true,"href":"https:\/\/wkorcumaku.pl\/en\/wp-json\/wp\/v2\/product_tag?post=992594"},{"taxonomy":"giftcard-category","embeddable":true,"href":"https:\/\/wkorcumaku.pl\/en\/wp-json\/wp\/v2\/giftcard-category?post=992594"}],"curies":[{"name":"wp","href":"https:\/\/api.w.org\/{rel}","templated":true}]}}