{"id":992612,"date":"2023-09-16T12:14:06","date_gmt":"2023-09-16T12:14:06","guid":{"rendered":"https:\/\/wkorcumaku.pl\/?post_type=product&#038;p=992612"},"modified":"2025-05-12T19:54:28","modified_gmt":"2025-05-12T19:54:28","slug":"garland-as-pearl","status":"publish","type":"product","link":"https:\/\/wkorcumaku.pl\/en\/product\/garland-as-pearl\/","title":{"rendered":"Wedding garland as delicate as a feather"},"content":{"rendered":"","protected":false},"excerpt":{"rendered":"<p>\nGarland Like a Feather is a subtle wedding proposal with a natural, slightly meadow-like character.<br \/>\nIt was made with purple gomphrenes, delicate limonium, gypsophila and tiny carnations - the composition impresses with its lightness and consistency of form.<br \/>\nThe colour scheme is kept in light tones with a distinctive accent of purple, which gives the overall look a fresh and romantic feel.<br \/>\nThe garland will work perfectly as a floral head decoration for the bride or bridesmaids, especially in a boho or rustic style.\n<\/p>\n<p>It blends beautifully with <a style=\"color: blue;\" href=\"\/en\/product\/bouquet-wedding-light-as-pearl-2\/\">a bouquet as light as a feather<\/a> and <a style=\"color: blue;\" href=\"\/en\/product\/boutonniere-within-a-boutonniere\/\">buttonhole with carnation<\/a>.<\/p>\n<p>Additional additions to the bouquet can include:<br \/>\n<br \/>- floral comb<br \/>\n<br \/>- corsair on hand<br \/>\n<br \/>- floral pillowcase<br \/>\n<br \/>And also the compositions that make up the d\u00e9cor for the wedding reception.<\/p>","protected":false},"featured_media":992614,"template":"","meta":[],"product_brand":[],"product_cat":[351,364],"product_tag":[],"giftcard-category":[],"class_list":{"0":"post-992612","1":"product","2":"type-product","3":"status-publish","4":"has-post-thumbnail","6":"product_cat-bukiet-slubny","7":"product_cat-slubne","9":"first","10":"onbackorder","11":"shipping-taxable","12":"purchasable","13":"product-type-simple"},"yoast_head":"<!-- This site is optimized with the Yoast SEO plugin v27.1.1 - https:\/\/yoast.com\/product\/yoast-seo-wordpress\/ -->\n<title>Wianek \u015blubny delikatny jak pi\u00f3rko - Kwiaciarnia W Korcu Maku Katowice<\/title>\n<meta name=\"description\" content=\"Wianek \u015blubny o lekkim, \u0142\u0105kowym stylu z gomfren\u0105, limonium i gips\u00f3wk\u0105. Jasna tonacja z akcentem purpury \u2013 idealny dla panny m\u0142odej lub druhen.\" \/>\n<meta name=\"robots\" content=\"index, follow, max-snippet:-1, max-image-preview:large, max-video-preview:-1\" \/>\n<link rel=\"canonical\" href=\"https:\/\/wkorcumaku.pl\/en\/product\/garland-as-pearl\/\" \/>\n<meta property=\"og:locale\" content=\"en_GB\" \/>\n<meta property=\"og:type\" content=\"article\" \/>\n<meta property=\"og:title\" content=\"Wianek \u015blubny delikatny jak pi\u00f3rko - Kwiaciarnia W Korcu Maku Katowice\" \/>\n<meta property=\"og:description\" content=\"Wianek \u015blubny o lekkim, \u0142\u0105kowym stylu z gomfren\u0105, limonium i gips\u00f3wk\u0105. Jasna tonacja z akcentem purpury \u2013 idealny dla panny m\u0142odej lub druhen.\" \/>\n<meta property=\"og:url\" content=\"https:\/\/wkorcumaku.pl\/en\/product\/garland-as-pearl\/\" \/>\n<meta property=\"og:site_name\" content=\"Kwiaciarnia W Korcu Maku Katowice\" \/>\n<meta property=\"article:publisher\" content=\"https:\/\/www.facebook.com\/people\/W-KORCU-MAKU-kwiaciarnia\/100064764343595\/\" \/>\n<meta property=\"article:modified_time\" content=\"2025-05-12T19:54:28+00:00\" \/>\n<meta property=\"og:image\" content=\"https:\/\/wkorcumaku.pl\/wp-content\/uploads\/2023\/09\/wianek-jak-piorko-2.webp\" \/>\n\t<meta property=\"og:image:width\" content=\"1094\" \/>\n\t<meta property=\"og:image:height\" content=\"1459\" \/>\n\t<meta property=\"og:image:type\" content=\"image\/webp\" \/>\n<meta name=\"twitter:card\" content=\"summary_large_image\" \/>\n<meta name=\"twitter:label1\" content=\"Estimated reading time\" \/>\n\t<meta name=\"twitter:data1\" content=\"1 minute\" \/>\n<script type=\"application\/ld+json\" class=\"yoast-schema-graph\">{\"@context\":\"https:\/\/schema.org\",\"@graph\":[{\"@type\":[\"WebPage\",\"ItemPage\"],\"@id\":\"https:\/\/wkorcumaku.pl\/produkt\/wianek-jak-piorko\/\",\"url\":\"https:\/\/wkorcumaku.pl\/produkt\/wianek-jak-piorko\/\",\"name\":\"Wianek \u015blubny delikatny jak pi\u00f3rko - Kwiaciarnia W Korcu Maku Katowice\",\"isPartOf\":{\"@id\":\"https:\/\/wkorcumaku.pl\/#website\"},\"primaryImageOfPage\":{\"@id\":\"https:\/\/wkorcumaku.pl\/produkt\/wianek-jak-piorko\/#primaryimage\"},\"image\":{\"@id\":\"https:\/\/wkorcumaku.pl\/produkt\/wianek-jak-piorko\/#primaryimage\"},\"thumbnailUrl\":\"https:\/\/wkorcumaku.pl\/wp-content\/uploads\/2023\/09\/wianek-jak-piorko-2.webp\",\"datePublished\":\"2023-09-16T12:14:06+00:00\",\"dateModified\":\"2025-05-12T19:54:28+00:00\",\"description\":\"Wianek \u015blubny o lekkim, \u0142\u0105kowym stylu z gomfren\u0105, limonium i gips\u00f3wk\u0105. Jasna tonacja z akcentem purpury \u2013 idealny dla panny m\u0142odej lub druhen.\",\"breadcrumb\":{\"@id\":\"https:\/\/wkorcumaku.pl\/produkt\/wianek-jak-piorko\/#breadcrumb\"},\"inLanguage\":\"en-GB\",\"potentialAction\":[{\"@type\":\"ReadAction\",\"target\":[\"https:\/\/wkorcumaku.pl\/produkt\/wianek-jak-piorko\/\"]}]},{\"@type\":\"ImageObject\",\"inLanguage\":\"en-GB\",\"@id\":\"https:\/\/wkorcumaku.pl\/produkt\/wianek-jak-piorko\/#primaryimage\",\"url\":\"https:\/\/wkorcumaku.pl\/wp-content\/uploads\/2023\/09\/wianek-jak-piorko-2.webp\",\"contentUrl\":\"https:\/\/wkorcumaku.pl\/wp-content\/uploads\/2023\/09\/wianek-jak-piorko-2.webp\",\"width\":1094,\"height\":1459,\"caption\":\"Subtelna propozycja wianka w nieco \u0142\u0105kowym klimacie. W zestawieniu fioletowe gomfreny, limonium, gips\u00f3wki oraz go\u017adziki.\"},{\"@type\":\"BreadcrumbList\",\"@id\":\"https:\/\/wkorcumaku.pl\/produkt\/wianek-jak-piorko\/#breadcrumb\",\"itemListElement\":[{\"@type\":\"ListItem\",\"position\":1,\"name\":\"Home\",\"item\":\"https:\/\/wkorcumaku.pl\/\"},{\"@type\":\"ListItem\",\"position\":2,\"name\":\"Sklep\",\"item\":\"https:\/\/wkorcumaku.pl\/sklep\/\"},{\"@type\":\"ListItem\",\"position\":3,\"name\":\"Wianek \u015blubny delikatny jak pi\u00f3rko\"}]},{\"@type\":\"WebSite\",\"@id\":\"https:\/\/wkorcumaku.pl\/#website\",\"url\":\"https:\/\/wkorcumaku.pl\/\",\"name\":\"Kwiaciarnia W Korcu Maku Katowice\",\"description\":\"Tu sieje si\u0119 magia!\",\"publisher\":{\"@id\":\"https:\/\/wkorcumaku.pl\/#organization\"},\"potentialAction\":[{\"@type\":\"SearchAction\",\"target\":{\"@type\":\"EntryPoint\",\"urlTemplate\":\"https:\/\/wkorcumaku.pl\/?s={search_term_string}\"},\"query-input\":{\"@type\":\"PropertyValueSpecification\",\"valueRequired\":true,\"valueName\":\"search_term_string\"}}],\"inLanguage\":\"en-GB\"},{\"@type\":\"Organization\",\"@id\":\"https:\/\/wkorcumaku.pl\/#organization\",\"name\":\"Kwiaciarnia W Korcu Maku Katowice\",\"alternateName\":\"Kwiaciarnia Katowice\",\"url\":\"https:\/\/wkorcumaku.pl\/\",\"logo\":{\"@type\":\"ImageObject\",\"inLanguage\":\"en-GB\",\"@id\":\"https:\/\/wkorcumaku.pl\/#\/schema\/logo\/image\/\",\"url\":\"https:\/\/wkorcumaku.pl\/wp-content\/uploads\/2021\/12\/Przezroczyste-tlo_Logo_glowne-zielone.png\",\"contentUrl\":\"https:\/\/wkorcumaku.pl\/wp-content\/uploads\/2021\/12\/Przezroczyste-tlo_Logo_glowne-zielone.png\",\"width\":1016,\"height\":1123,\"caption\":\"Kwiaciarnia W Korcu Maku Katowice\"},\"image\":{\"@id\":\"https:\/\/wkorcumaku.pl\/#\/schema\/logo\/image\/\"},\"sameAs\":[\"https:\/\/www.facebook.com\/people\/W-KORCU-MAKU-kwiaciarnia\/100064764343595\/\",\"https:\/\/www.instagram.com\/wkorcumaku\/\"]}]}<\/script>\n<!-- \/ Yoast SEO plugin. -->","yoast_head_json":{"title":"Bridal garland delicate as a feather - Florist W Korcu Maku Katowice","description":"A light meadow style wedding garland with gomphrena, limonium and gypsophila. Light tones with an accent of purple - perfect for the bride or bridesmaids.","robots":{"index":"index","follow":"follow","max-snippet":"max-snippet:-1","max-image-preview":"max-image-preview:large","max-video-preview":"max-video-preview:-1"},"canonical":"https:\/\/wkorcumaku.pl\/en\/product\/garland-as-pearl\/","og_locale":"en_GB","og_type":"article","og_title":"Wianek \u015blubny delikatny jak pi\u00f3rko - Kwiaciarnia W Korcu Maku Katowice","og_description":"Wianek \u015blubny o lekkim, \u0142\u0105kowym stylu z gomfren\u0105, limonium i gips\u00f3wk\u0105. Jasna tonacja z akcentem purpury \u2013 idealny dla panny m\u0142odej lub druhen.","og_url":"https:\/\/wkorcumaku.pl\/en\/product\/garland-as-pearl\/","og_site_name":"Kwiaciarnia W Korcu Maku Katowice","article_publisher":"https:\/\/www.facebook.com\/people\/W-KORCU-MAKU-kwiaciarnia\/100064764343595\/","article_modified_time":"2025-05-12T19:54:28+00:00","og_image":[{"width":1094,"height":1459,"url":"https:\/\/wkorcumaku.pl\/wp-content\/uploads\/2023\/09\/wianek-jak-piorko-2.webp","type":"image\/webp"}],"twitter_card":"summary_large_image","twitter_misc":{"Estimated reading time":"1 minute"},"schema":{"@context":"https:\/\/schema.org","@graph":[{"@type":["WebPage","ItemPage"],"@id":"https:\/\/wkorcumaku.pl\/produkt\/wianek-jak-piorko\/","url":"https:\/\/wkorcumaku.pl\/produkt\/wianek-jak-piorko\/","name":"Bridal garland delicate as a feather - Florist W Korcu Maku Katowice","isPartOf":{"@id":"https:\/\/wkorcumaku.pl\/#website"},"primaryImageOfPage":{"@id":"https:\/\/wkorcumaku.pl\/produkt\/wianek-jak-piorko\/#primaryimage"},"image":{"@id":"https:\/\/wkorcumaku.pl\/produkt\/wianek-jak-piorko\/#primaryimage"},"thumbnailUrl":"https:\/\/wkorcumaku.pl\/wp-content\/uploads\/2023\/09\/wianek-jak-piorko-2.webp","datePublished":"2023-09-16T12:14:06+00:00","dateModified":"2025-05-12T19:54:28+00:00","description":"A light meadow style wedding garland with gomphrena, limonium and gypsophila. Light tones with an accent of purple - perfect for the bride or bridesmaids.","breadcrumb":{"@id":"https:\/\/wkorcumaku.pl\/produkt\/wianek-jak-piorko\/#breadcrumb"},"inLanguage":"en-GB","potentialAction":[{"@type":"ReadAction","target":["https:\/\/wkorcumaku.pl\/produkt\/wianek-jak-piorko\/"]}]},{"@type":"ImageObject","inLanguage":"en-GB","@id":"https:\/\/wkorcumaku.pl\/produkt\/wianek-jak-piorko\/#primaryimage","url":"https:\/\/wkorcumaku.pl\/wp-content\/uploads\/2023\/09\/wianek-jak-piorko-2.webp","contentUrl":"https:\/\/wkorcumaku.pl\/wp-content\/uploads\/2023\/09\/wianek-jak-piorko-2.webp","width":1094,"height":1459,"caption":"Subtelna propozycja wianka w nieco \u0142\u0105kowym klimacie. W zestawieniu fioletowe gomfreny, limonium, gips\u00f3wki oraz go\u017adziki."},{"@type":"BreadcrumbList","@id":"https:\/\/wkorcumaku.pl\/produkt\/wianek-jak-piorko\/#breadcrumb","itemListElement":[{"@type":"ListItem","position":1,"name":"Home","item":"https:\/\/wkorcumaku.pl\/"},{"@type":"ListItem","position":2,"name":"Sklep","item":"https:\/\/wkorcumaku.pl\/sklep\/"},{"@type":"ListItem","position":3,"name":"Wianek \u015blubny delikatny jak pi\u00f3rko"}]},{"@type":"WebSite","@id":"https:\/\/wkorcumaku.pl\/#website","url":"https:\/\/wkorcumaku.pl\/","name":"Florist W Korcu Maku Katowice","description":"This is where the magic is sown!","publisher":{"@id":"https:\/\/wkorcumaku.pl\/#organization"},"potentialAction":[{"@type":"SearchAction","target":{"@type":"EntryPoint","urlTemplate":"https:\/\/wkorcumaku.pl\/?s={search_term_string}"},"query-input":{"@type":"PropertyValueSpecification","valueRequired":true,"valueName":"search_term_string"}}],"inLanguage":"en-GB"},{"@type":"Organization","@id":"https:\/\/wkorcumaku.pl\/#organization","name":"Florist W Korcu Maku Katowice","alternateName":"Kwiaciarnia Katowice","url":"https:\/\/wkorcumaku.pl\/","logo":{"@type":"ImageObject","inLanguage":"en-GB","@id":"https:\/\/wkorcumaku.pl\/#\/schema\/logo\/image\/","url":"https:\/\/wkorcumaku.pl\/wp-content\/uploads\/2021\/12\/Przezroczyste-tlo_Logo_glowne-zielone.png","contentUrl":"https:\/\/wkorcumaku.pl\/wp-content\/uploads\/2021\/12\/Przezroczyste-tlo_Logo_glowne-zielone.png","width":1016,"height":1123,"caption":"Kwiaciarnia W Korcu Maku Katowice"},"image":{"@id":"https:\/\/wkorcumaku.pl\/#\/schema\/logo\/image\/"},"sameAs":["https:\/\/www.facebook.com\/people\/W-KORCU-MAKU-kwiaciarnia\/100064764343595\/","https:\/\/www.instagram.com\/wkorcumaku\/"]}]}},"wcpa_form_fields":null,"_links":{"self":[{"href":"https:\/\/wkorcumaku.pl\/en\/wp-json\/wp\/v2\/product\/992612","targetHints":{"allow":["GET"]}}],"collection":[{"href":"https:\/\/wkorcumaku.pl\/en\/wp-json\/wp\/v2\/product"}],"about":[{"href":"https:\/\/wkorcumaku.pl\/en\/wp-json\/wp\/v2\/types\/product"}],"version-history":[{"count":3,"href":"https:\/\/wkorcumaku.pl\/en\/wp-json\/wp\/v2\/product\/992612\/revisions"}],"predecessor-version":[{"id":996359,"href":"https:\/\/wkorcumaku.pl\/en\/wp-json\/wp\/v2\/product\/992612\/revisions\/996359"}],"wp:featuredmedia":[{"embeddable":true,"href":"https:\/\/wkorcumaku.pl\/en\/wp-json\/wp\/v2\/media\/992614"}],"wp:attachment":[{"href":"https:\/\/wkorcumaku.pl\/en\/wp-json\/wp\/v2\/media?parent=992612"}],"wp:term":[{"taxonomy":"product_brand","embeddable":true,"href":"https:\/\/wkorcumaku.pl\/en\/wp-json\/wp\/v2\/product_brand?post=992612"},{"taxonomy":"product_cat","embeddable":true,"href":"https:\/\/wkorcumaku.pl\/en\/wp-json\/wp\/v2\/product_cat?post=992612"},{"taxonomy":"product_tag","embeddable":true,"href":"https:\/\/wkorcumaku.pl\/en\/wp-json\/wp\/v2\/product_tag?post=992612"},{"taxonomy":"giftcard-category","embeddable":true,"href":"https:\/\/wkorcumaku.pl\/en\/wp-json\/wp\/v2\/giftcard-category?post=992612"}],"curies":[{"name":"wp","href":"https:\/\/api.w.org\/{rel}","templated":true}]}}