{"id":992707,"date":"2023-09-19T17:28:53","date_gmt":"2023-09-19T17:28:53","guid":{"rendered":"https:\/\/wkorcumaku.pl\/?post_type=product&#038;p=992707"},"modified":"2023-09-19T17:31:31","modified_gmt":"2023-09-19T17:31:31","slug":"bouquet-wedding-swim-2","status":"publish","type":"product","link":"https:\/\/wkorcumaku.pl\/en\/product\/bouquet-wedding-swim-2\/","title":{"rendered":"Casual bridal bouquet"},"content":{"rendered":"","protected":false},"excerpt":{"rendered":"<p>An original, generous bouquet proposal for the bride in a heavily relaxed form.<\/p>\n<p>Interesting gerberas with a black centre, cream-coloured eustoms, bellflowers, maypop, hollyhocks, zatrawian.<br \/>\n<br \/>Large variety of flowers and shades from whites to creams.<\/p>\n<p>The bouquet with the above-mentioned flower species, due to their seasonality, in this version is available in July and August.<br \/>\n<br \/>At other times, it is possible to replace the flowers with those currently available.<\/p>","protected":false},"featured_media":992602,"template":"","meta":[],"product_brand":[],"product_cat":[351,364],"product_tag":[],"giftcard-category":[],"class_list":{"0":"post-992707","1":"product","2":"type-product","3":"status-publish","4":"has-post-thumbnail","6":"product_cat-bukiet-slubny","7":"product_cat-slubne","9":"first","10":"onbackorder","11":"shipping-taxable","12":"purchasable","13":"product-type-simple"},"yoast_head":"<!-- This site is optimized with the Yoast SEO plugin v27.1.1 - https:\/\/yoast.com\/product\/yoast-seo-wordpress\/ -->\n<title>Bukiet \u015blubny swobodny - Kwiaciarnia W Korcu Maku Katowice<\/title>\n<meta name=\"description\" content=\"Oryginalna, obfita propozycja bukietu dla Panny M\u0142odej w mocno rozlu\u017anionej formie. Du\u017ca r\u00f3\u017cnorodno\u015b\u0107 kwiat\u00f3w i odcieni od bieli po kremy.\" \/>\n<meta name=\"robots\" content=\"index, follow, max-snippet:-1, max-image-preview:large, max-video-preview:-1\" \/>\n<link rel=\"canonical\" href=\"https:\/\/wkorcumaku.pl\/en\/product\/bouquet-wedding-swim-2\/\" \/>\n<meta property=\"og:locale\" content=\"en_GB\" \/>\n<meta property=\"og:type\" content=\"article\" \/>\n<meta property=\"og:title\" content=\"Bukiet \u015blubny swobodny - Kwiaciarnia W Korcu Maku Katowice\" \/>\n<meta property=\"og:description\" content=\"Oryginalna, obfita propozycja bukietu dla Panny M\u0142odej w mocno rozlu\u017anionej formie. Du\u017ca r\u00f3\u017cnorodno\u015b\u0107 kwiat\u00f3w i odcieni od bieli po kremy.\" \/>\n<meta property=\"og:url\" content=\"https:\/\/wkorcumaku.pl\/en\/product\/bouquet-wedding-swim-2\/\" \/>\n<meta property=\"og:site_name\" content=\"Kwiaciarnia W Korcu Maku Katowice\" \/>\n<meta property=\"article:publisher\" content=\"https:\/\/www.facebook.com\/people\/W-KORCU-MAKU-kwiaciarnia\/100064764343595\/\" \/>\n<meta property=\"article:modified_time\" content=\"2023-09-19T17:31:31+00:00\" \/>\n<meta property=\"og:image\" content=\"https:\/\/wkorcumaku.pl\/wp-content\/uploads\/2023\/09\/bukiet-swobodny.webp\" \/>\n\t<meta property=\"og:image:width\" content=\"1094\" \/>\n\t<meta property=\"og:image:height\" content=\"1459\" \/>\n\t<meta property=\"og:image:type\" content=\"image\/webp\" \/>\n<meta name=\"twitter:card\" content=\"summary_large_image\" \/>\n<script type=\"application\/ld+json\" class=\"yoast-schema-graph\">{\"@context\":\"https:\/\/schema.org\",\"@graph\":[{\"@type\":[\"WebPage\",\"ItemPage\"],\"@id\":\"https:\/\/wkorcumaku.pl\/produkt\/bukiet-slubny-swobodny\/\",\"url\":\"https:\/\/wkorcumaku.pl\/produkt\/bukiet-slubny-swobodny\/\",\"name\":\"Bukiet \u015blubny swobodny - Kwiaciarnia W Korcu Maku Katowice\",\"isPartOf\":{\"@id\":\"https:\/\/wkorcumaku.pl\/#website\"},\"primaryImageOfPage\":{\"@id\":\"https:\/\/wkorcumaku.pl\/produkt\/bukiet-slubny-swobodny\/#primaryimage\"},\"image\":{\"@id\":\"https:\/\/wkorcumaku.pl\/produkt\/bukiet-slubny-swobodny\/#primaryimage\"},\"thumbnailUrl\":\"https:\/\/wkorcumaku.pl\/wp-content\/uploads\/2023\/09\/bukiet-swobodny.webp\",\"datePublished\":\"2023-09-19T17:28:53+00:00\",\"dateModified\":\"2023-09-19T17:31:31+00:00\",\"description\":\"Oryginalna, obfita propozycja bukietu dla Panny M\u0142odej w mocno rozlu\u017anionej formie. Du\u017ca r\u00f3\u017cnorodno\u015b\u0107 kwiat\u00f3w i odcieni od bieli po kremy.\",\"breadcrumb\":{\"@id\":\"https:\/\/wkorcumaku.pl\/produkt\/bukiet-slubny-swobodny\/#breadcrumb\"},\"inLanguage\":\"en-GB\",\"potentialAction\":[{\"@type\":\"ReadAction\",\"target\":[\"https:\/\/wkorcumaku.pl\/produkt\/bukiet-slubny-swobodny\/\"]}]},{\"@type\":\"ImageObject\",\"inLanguage\":\"en-GB\",\"@id\":\"https:\/\/wkorcumaku.pl\/produkt\/bukiet-slubny-swobodny\/#primaryimage\",\"url\":\"https:\/\/wkorcumaku.pl\/wp-content\/uploads\/2023\/09\/bukiet-swobodny.webp\",\"contentUrl\":\"https:\/\/wkorcumaku.pl\/wp-content\/uploads\/2023\/09\/bukiet-swobodny.webp\",\"width\":1094,\"height\":1459,\"caption\":\"Ciekawe gerbery z czarnym \u015brodkiem, kremowe eustomy, dzwoneczki, od\u0119tki, ostr\u00f3\u017cki, zatrawian. Du\u017ca r\u00f3\u017cnorodno\u015b\u0107 kwiat\u00f3w i odcieni od bieli po kremy.\"},{\"@type\":\"BreadcrumbList\",\"@id\":\"https:\/\/wkorcumaku.pl\/produkt\/bukiet-slubny-swobodny\/#breadcrumb\",\"itemListElement\":[{\"@type\":\"ListItem\",\"position\":1,\"name\":\"Home\",\"item\":\"https:\/\/wkorcumaku.pl\/\"},{\"@type\":\"ListItem\",\"position\":2,\"name\":\"Sklep\",\"item\":\"https:\/\/wkorcumaku.pl\/sklep\/\"},{\"@type\":\"ListItem\",\"position\":3,\"name\":\"Bukiet \u015blubny swobodny\"}]},{\"@type\":\"WebSite\",\"@id\":\"https:\/\/wkorcumaku.pl\/#website\",\"url\":\"https:\/\/wkorcumaku.pl\/\",\"name\":\"Kwiaciarnia W Korcu Maku Katowice\",\"description\":\"Tu sieje si\u0119 magia!\",\"publisher\":{\"@id\":\"https:\/\/wkorcumaku.pl\/#organization\"},\"potentialAction\":[{\"@type\":\"SearchAction\",\"target\":{\"@type\":\"EntryPoint\",\"urlTemplate\":\"https:\/\/wkorcumaku.pl\/?s={search_term_string}\"},\"query-input\":{\"@type\":\"PropertyValueSpecification\",\"valueRequired\":true,\"valueName\":\"search_term_string\"}}],\"inLanguage\":\"en-GB\"},{\"@type\":\"Organization\",\"@id\":\"https:\/\/wkorcumaku.pl\/#organization\",\"name\":\"Kwiaciarnia W Korcu Maku Katowice\",\"alternateName\":\"Kwiaciarnia Katowice\",\"url\":\"https:\/\/wkorcumaku.pl\/\",\"logo\":{\"@type\":\"ImageObject\",\"inLanguage\":\"en-GB\",\"@id\":\"https:\/\/wkorcumaku.pl\/#\/schema\/logo\/image\/\",\"url\":\"https:\/\/wkorcumaku.pl\/wp-content\/uploads\/2021\/12\/Przezroczyste-tlo_Logo_glowne-zielone.png\",\"contentUrl\":\"https:\/\/wkorcumaku.pl\/wp-content\/uploads\/2021\/12\/Przezroczyste-tlo_Logo_glowne-zielone.png\",\"width\":1016,\"height\":1123,\"caption\":\"Kwiaciarnia W Korcu Maku Katowice\"},\"image\":{\"@id\":\"https:\/\/wkorcumaku.pl\/#\/schema\/logo\/image\/\"},\"sameAs\":[\"https:\/\/www.facebook.com\/people\/W-KORCU-MAKU-kwiaciarnia\/100064764343595\/\",\"https:\/\/www.instagram.com\/wkorcumaku\/\"]}]}<\/script>\n<!-- \/ Yoast SEO plugin. -->","yoast_head_json":{"title":"Free wedding bouquet - Florist W Korcu Maku Katowice","description":"An original, generous bouquet proposal for the bride in a heavily relaxed form. Large variety of flowers and shades from white to creams.","robots":{"index":"index","follow":"follow","max-snippet":"max-snippet:-1","max-image-preview":"max-image-preview:large","max-video-preview":"max-video-preview:-1"},"canonical":"https:\/\/wkorcumaku.pl\/en\/product\/bouquet-wedding-swim-2\/","og_locale":"en_GB","og_type":"article","og_title":"Bukiet \u015blubny swobodny - Kwiaciarnia W Korcu Maku Katowice","og_description":"Oryginalna, obfita propozycja bukietu dla Panny M\u0142odej w mocno rozlu\u017anionej formie. Du\u017ca r\u00f3\u017cnorodno\u015b\u0107 kwiat\u00f3w i odcieni od bieli po kremy.","og_url":"https:\/\/wkorcumaku.pl\/en\/product\/bouquet-wedding-swim-2\/","og_site_name":"Kwiaciarnia W Korcu Maku Katowice","article_publisher":"https:\/\/www.facebook.com\/people\/W-KORCU-MAKU-kwiaciarnia\/100064764343595\/","article_modified_time":"2023-09-19T17:31:31+00:00","og_image":[{"width":1094,"height":1459,"url":"https:\/\/wkorcumaku.pl\/wp-content\/uploads\/2023\/09\/bukiet-swobodny.webp","type":"image\/webp"}],"twitter_card":"summary_large_image","schema":{"@context":"https:\/\/schema.org","@graph":[{"@type":["WebPage","ItemPage"],"@id":"https:\/\/wkorcumaku.pl\/produkt\/bukiet-slubny-swobodny\/","url":"https:\/\/wkorcumaku.pl\/produkt\/bukiet-slubny-swobodny\/","name":"Free wedding bouquet - Florist W Korcu Maku Katowice","isPartOf":{"@id":"https:\/\/wkorcumaku.pl\/#website"},"primaryImageOfPage":{"@id":"https:\/\/wkorcumaku.pl\/produkt\/bukiet-slubny-swobodny\/#primaryimage"},"image":{"@id":"https:\/\/wkorcumaku.pl\/produkt\/bukiet-slubny-swobodny\/#primaryimage"},"thumbnailUrl":"https:\/\/wkorcumaku.pl\/wp-content\/uploads\/2023\/09\/bukiet-swobodny.webp","datePublished":"2023-09-19T17:28:53+00:00","dateModified":"2023-09-19T17:31:31+00:00","description":"An original, generous bouquet proposal for the bride in a heavily relaxed form. Large variety of flowers and shades from white to creams.","breadcrumb":{"@id":"https:\/\/wkorcumaku.pl\/produkt\/bukiet-slubny-swobodny\/#breadcrumb"},"inLanguage":"en-GB","potentialAction":[{"@type":"ReadAction","target":["https:\/\/wkorcumaku.pl\/produkt\/bukiet-slubny-swobodny\/"]}]},{"@type":"ImageObject","inLanguage":"en-GB","@id":"https:\/\/wkorcumaku.pl\/produkt\/bukiet-slubny-swobodny\/#primaryimage","url":"https:\/\/wkorcumaku.pl\/wp-content\/uploads\/2023\/09\/bukiet-swobodny.webp","contentUrl":"https:\/\/wkorcumaku.pl\/wp-content\/uploads\/2023\/09\/bukiet-swobodny.webp","width":1094,"height":1459,"caption":"Ciekawe gerbery z czarnym \u015brodkiem, kremowe eustomy, dzwoneczki, od\u0119tki, ostr\u00f3\u017cki, zatrawian. Du\u017ca r\u00f3\u017cnorodno\u015b\u0107 kwiat\u00f3w i odcieni od bieli po kremy."},{"@type":"BreadcrumbList","@id":"https:\/\/wkorcumaku.pl\/produkt\/bukiet-slubny-swobodny\/#breadcrumb","itemListElement":[{"@type":"ListItem","position":1,"name":"Home","item":"https:\/\/wkorcumaku.pl\/"},{"@type":"ListItem","position":2,"name":"Sklep","item":"https:\/\/wkorcumaku.pl\/sklep\/"},{"@type":"ListItem","position":3,"name":"Bukiet \u015blubny swobodny"}]},{"@type":"WebSite","@id":"https:\/\/wkorcumaku.pl\/#website","url":"https:\/\/wkorcumaku.pl\/","name":"Florist W Korcu Maku Katowice","description":"This is where the magic is sown!","publisher":{"@id":"https:\/\/wkorcumaku.pl\/#organization"},"potentialAction":[{"@type":"SearchAction","target":{"@type":"EntryPoint","urlTemplate":"https:\/\/wkorcumaku.pl\/?s={search_term_string}"},"query-input":{"@type":"PropertyValueSpecification","valueRequired":true,"valueName":"search_term_string"}}],"inLanguage":"en-GB"},{"@type":"Organization","@id":"https:\/\/wkorcumaku.pl\/#organization","name":"Florist W Korcu Maku Katowice","alternateName":"Kwiaciarnia Katowice","url":"https:\/\/wkorcumaku.pl\/","logo":{"@type":"ImageObject","inLanguage":"en-GB","@id":"https:\/\/wkorcumaku.pl\/#\/schema\/logo\/image\/","url":"https:\/\/wkorcumaku.pl\/wp-content\/uploads\/2021\/12\/Przezroczyste-tlo_Logo_glowne-zielone.png","contentUrl":"https:\/\/wkorcumaku.pl\/wp-content\/uploads\/2021\/12\/Przezroczyste-tlo_Logo_glowne-zielone.png","width":1016,"height":1123,"caption":"Kwiaciarnia W Korcu Maku Katowice"},"image":{"@id":"https:\/\/wkorcumaku.pl\/#\/schema\/logo\/image\/"},"sameAs":["https:\/\/www.facebook.com\/people\/W-KORCU-MAKU-kwiaciarnia\/100064764343595\/","https:\/\/www.instagram.com\/wkorcumaku\/"]}]}},"wcpa_form_fields":null,"_links":{"self":[{"href":"https:\/\/wkorcumaku.pl\/en\/wp-json\/wp\/v2\/product\/992707","targetHints":{"allow":["GET"]}}],"collection":[{"href":"https:\/\/wkorcumaku.pl\/en\/wp-json\/wp\/v2\/product"}],"about":[{"href":"https:\/\/wkorcumaku.pl\/en\/wp-json\/wp\/v2\/types\/product"}],"version-history":[{"count":0,"href":"https:\/\/wkorcumaku.pl\/en\/wp-json\/wp\/v2\/product\/992707\/revisions"}],"wp:featuredmedia":[{"embeddable":true,"href":"https:\/\/wkorcumaku.pl\/en\/wp-json\/wp\/v2\/media\/992602"}],"wp:attachment":[{"href":"https:\/\/wkorcumaku.pl\/en\/wp-json\/wp\/v2\/media?parent=992707"}],"wp:term":[{"taxonomy":"product_brand","embeddable":true,"href":"https:\/\/wkorcumaku.pl\/en\/wp-json\/wp\/v2\/product_brand?post=992707"},{"taxonomy":"product_cat","embeddable":true,"href":"https:\/\/wkorcumaku.pl\/en\/wp-json\/wp\/v2\/product_cat?post=992707"},{"taxonomy":"product_tag","embeddable":true,"href":"https:\/\/wkorcumaku.pl\/en\/wp-json\/wp\/v2\/product_tag?post=992707"},{"taxonomy":"giftcard-category","embeddable":true,"href":"https:\/\/wkorcumaku.pl\/en\/wp-json\/wp\/v2\/giftcard-category?post=992707"}],"curies":[{"name":"wp","href":"https:\/\/api.w.org\/{rel}","templated":true}]}}