{"id":992843,"date":"2023-09-21T20:48:15","date_gmt":"2023-09-21T20:48:15","guid":{"rendered":"https:\/\/wkorcumaku.pl\/?post_type=product&#038;p=992843"},"modified":"2025-09-09T11:45:04","modified_gmt":"2025-09-09T11:45:04","slug":"bouquet-100-roz","status":"publish","type":"product","link":"https:\/\/wkorcumaku.pl\/en\/product\/bouquet-100-roz\/","title":{"rendered":"Bouquet of 100 roses"},"content":{"rendered":"","protected":false},"excerpt":{"rendered":"<p>The 100 roses bouquet is a composition that impresses with its grandeur and impressive form. Hundreds of roses in the Pink Mundial variety form a bouquet in shades of powder pink and peach, which immediately attracts attention and becomes an unforgettable symbol.<\/p>\n<p>It is an arrangement that impresses with its size - a \"wow\" effect guaranteed. A bouquet of 100 roses is the perfect choice for big occasions: anniversaries, engagements, anniversaries or special gifts to be remembered forever.<\/p>\n<p>On request, the bouquet can also be made in the classic version - as 100 red roses, a symbol of passion and love. <\/p>\n<p><em>It is possible to order other colour tones and to select a vase after prior contact. Delivery time depends on the type of rose chosen.<\/em><\/p>\n<p>It is a bouquet that not only decorates, but above all impresses and moves.<\/p>\n<p><em>I will add a hundred and one first roses on request to maintain an odd number of flowers.<\/em><\/p>","protected":false},"featured_media":992848,"template":"","meta":[],"product_brand":[],"product_cat":[285,50,277,283,287,271,289,281,275,273,279,267],"product_tag":[],"giftcard-category":[],"class_list":{"0":"post-992843","1":"product","2":"type-product","3":"status-publish","4":"has-post-thumbnail","6":"product_cat-18-lat","7":"product_cat-bukiety","8":"product_cat-dla-ukochanej","9":"product_cat-dzien-mamy","10":"product_cat-gratulacje","11":"product_cat-imieniny","12":"product_cat-na-komunie","13":"product_cat-podziekowanie","14":"product_cat-przeprosiny","15":"product_cat-rocznica","16":"product_cat-slub","17":"product_cat-urodziny","18":"pa_select-size-duzy","19":"pa_select-size-maly","20":"pa_select-size-sredni","21":"wcpa_has_options","23":"first","24":"instock","25":"shipping-taxable","26":"purchasable","27":"product-type-variable","28":"has-default-attributes"},"yoast_head":"<!-- This site is optimized with the Yoast SEO plugin v27.1.1 - https:\/\/yoast.com\/product\/yoast-seo-wordpress\/ -->\n<title>Bukiet 100 r\u00f3\u017c \u2013 spektakularne Pink Mundial i czerwone r\u00f3\u017ce<\/title>\n<meta name=\"description\" content=\"Bukiet 100 r\u00f3\u017c \u2013 imponuj\u0105ca kompozycja pudrowych lub czerwonych r\u00f3\u017c. Zam\u00f3w imponuj\u0105cy bukiet online w Katowicach.\" \/>\n<meta name=\"robots\" content=\"index, follow, max-snippet:-1, max-image-preview:large, max-video-preview:-1\" \/>\n<link rel=\"canonical\" href=\"https:\/\/wkorcumaku.pl\/en\/product\/bouquet-100-roz\/\" \/>\n<meta property=\"og:locale\" content=\"en_GB\" \/>\n<meta property=\"og:type\" content=\"article\" \/>\n<meta property=\"og:title\" content=\"Bukiet 100 r\u00f3\u017c \u2013 spektakularne Pink Mundial i czerwone r\u00f3\u017ce\" \/>\n<meta property=\"og:description\" content=\"Bukiet 100 r\u00f3\u017c \u2013 imponuj\u0105ca kompozycja pudrowych lub czerwonych r\u00f3\u017c. Zam\u00f3w imponuj\u0105cy bukiet online w Katowicach.\" \/>\n<meta property=\"og:url\" content=\"https:\/\/wkorcumaku.pl\/en\/product\/bouquet-100-roz\/\" \/>\n<meta property=\"og:site_name\" content=\"Kwiaciarnia W Korcu Maku Katowice\" \/>\n<meta property=\"article:publisher\" content=\"https:\/\/www.facebook.com\/people\/W-KORCU-MAKU-kwiaciarnia\/100064764343595\/\" \/>\n<meta property=\"article:modified_time\" content=\"2025-09-09T11:45:04+00:00\" \/>\n<meta property=\"og:image\" content=\"https:\/\/wkorcumaku.pl\/wp-content\/uploads\/2023\/09\/100-roz.webp\" \/>\n\t<meta property=\"og:image:width\" content=\"1027\" \/>\n\t<meta property=\"og:image:height\" content=\"1368\" \/>\n\t<meta property=\"og:image:type\" content=\"image\/webp\" \/>\n<meta name=\"twitter:card\" content=\"summary_large_image\" \/>\n<meta name=\"twitter:label1\" content=\"Estimated reading time\" \/>\n\t<meta name=\"twitter:data1\" content=\"1 minute\" \/>\n<script type=\"application\/ld+json\" class=\"yoast-schema-graph\">{\"@context\":\"https:\/\/schema.org\",\"@graph\":[{\"@type\":[\"WebPage\",\"ItemPage\"],\"@id\":\"https:\/\/wkorcumaku.pl\/produkt\/bukiet-100-roz\/\",\"url\":\"https:\/\/wkorcumaku.pl\/produkt\/bukiet-100-roz\/\",\"name\":\"Bukiet 100 r\u00f3\u017c \u2013 spektakularne Pink Mundial i czerwone r\u00f3\u017ce\",\"isPartOf\":{\"@id\":\"https:\/\/wkorcumaku.pl\/#website\"},\"primaryImageOfPage\":{\"@id\":\"https:\/\/wkorcumaku.pl\/produkt\/bukiet-100-roz\/#primaryimage\"},\"image\":{\"@id\":\"https:\/\/wkorcumaku.pl\/produkt\/bukiet-100-roz\/#primaryimage\"},\"thumbnailUrl\":\"https:\/\/wkorcumaku.pl\/wp-content\/uploads\/2023\/09\/100-roz.webp\",\"datePublished\":\"2023-09-21T20:48:15+00:00\",\"dateModified\":\"2025-09-09T11:45:04+00:00\",\"description\":\"Bukiet 100 r\u00f3\u017c \u2013 imponuj\u0105ca kompozycja pudrowych lub czerwonych r\u00f3\u017c. Zam\u00f3w imponuj\u0105cy bukiet online w Katowicach.\",\"breadcrumb\":{\"@id\":\"https:\/\/wkorcumaku.pl\/produkt\/bukiet-100-roz\/#breadcrumb\"},\"inLanguage\":\"en-GB\",\"potentialAction\":[{\"@type\":\"ReadAction\",\"target\":[\"https:\/\/wkorcumaku.pl\/produkt\/bukiet-100-roz\/\"]}]},{\"@type\":\"ImageObject\",\"inLanguage\":\"en-GB\",\"@id\":\"https:\/\/wkorcumaku.pl\/produkt\/bukiet-100-roz\/#primaryimage\",\"url\":\"https:\/\/wkorcumaku.pl\/wp-content\/uploads\/2023\/09\/100-roz.webp\",\"contentUrl\":\"https:\/\/wkorcumaku.pl\/wp-content\/uploads\/2023\/09\/100-roz.webp\",\"width\":1027,\"height\":1368,\"caption\":\"Bukiet 100 r\u00f3\u017c \u2013 monumentalna kompozycja Pink Mundial.\"},{\"@type\":\"BreadcrumbList\",\"@id\":\"https:\/\/wkorcumaku.pl\/produkt\/bukiet-100-roz\/#breadcrumb\",\"itemListElement\":[{\"@type\":\"ListItem\",\"position\":1,\"name\":\"Home\",\"item\":\"https:\/\/wkorcumaku.pl\/\"},{\"@type\":\"ListItem\",\"position\":2,\"name\":\"Sklep\",\"item\":\"https:\/\/wkorcumaku.pl\/sklep\/\"},{\"@type\":\"ListItem\",\"position\":3,\"name\":\"Bukiet 100 r\u00f3\u017c\"}]},{\"@type\":\"WebSite\",\"@id\":\"https:\/\/wkorcumaku.pl\/#website\",\"url\":\"https:\/\/wkorcumaku.pl\/\",\"name\":\"Kwiaciarnia W Korcu Maku Katowice\",\"description\":\"Tu sieje si\u0119 magia!\",\"publisher\":{\"@id\":\"https:\/\/wkorcumaku.pl\/#organization\"},\"potentialAction\":[{\"@type\":\"SearchAction\",\"target\":{\"@type\":\"EntryPoint\",\"urlTemplate\":\"https:\/\/wkorcumaku.pl\/?s={search_term_string}\"},\"query-input\":{\"@type\":\"PropertyValueSpecification\",\"valueRequired\":true,\"valueName\":\"search_term_string\"}}],\"inLanguage\":\"en-GB\"},{\"@type\":\"Organization\",\"@id\":\"https:\/\/wkorcumaku.pl\/#organization\",\"name\":\"Kwiaciarnia W Korcu Maku Katowice\",\"alternateName\":\"Kwiaciarnia Katowice\",\"url\":\"https:\/\/wkorcumaku.pl\/\",\"logo\":{\"@type\":\"ImageObject\",\"inLanguage\":\"en-GB\",\"@id\":\"https:\/\/wkorcumaku.pl\/#\/schema\/logo\/image\/\",\"url\":\"https:\/\/wkorcumaku.pl\/wp-content\/uploads\/2021\/12\/Przezroczyste-tlo_Logo_glowne-zielone.png\",\"contentUrl\":\"https:\/\/wkorcumaku.pl\/wp-content\/uploads\/2021\/12\/Przezroczyste-tlo_Logo_glowne-zielone.png\",\"width\":1016,\"height\":1123,\"caption\":\"Kwiaciarnia W Korcu Maku Katowice\"},\"image\":{\"@id\":\"https:\/\/wkorcumaku.pl\/#\/schema\/logo\/image\/\"},\"sameAs\":[\"https:\/\/www.facebook.com\/people\/W-KORCU-MAKU-kwiaciarnia\/100064764343595\/\",\"https:\/\/www.instagram.com\/wkorcumaku\/\"]}]}<\/script>\n<!-- \/ Yoast SEO plugin. -->","yoast_head_json":{"title":"Bouquet of 100 roses - spectacular Pink Mundial and red roses","description":"Bouquet of 100 roses - an impressive composition of powdered or red roses. Order an impressive bouquet online in Katowice.","robots":{"index":"index","follow":"follow","max-snippet":"max-snippet:-1","max-image-preview":"max-image-preview:large","max-video-preview":"max-video-preview:-1"},"canonical":"https:\/\/wkorcumaku.pl\/en\/product\/bouquet-100-roz\/","og_locale":"en_GB","og_type":"article","og_title":"Bukiet 100 r\u00f3\u017c \u2013 spektakularne Pink Mundial i czerwone r\u00f3\u017ce","og_description":"Bukiet 100 r\u00f3\u017c \u2013 imponuj\u0105ca kompozycja pudrowych lub czerwonych r\u00f3\u017c. Zam\u00f3w imponuj\u0105cy bukiet online w Katowicach.","og_url":"https:\/\/wkorcumaku.pl\/en\/product\/bouquet-100-roz\/","og_site_name":"Kwiaciarnia W Korcu Maku Katowice","article_publisher":"https:\/\/www.facebook.com\/people\/W-KORCU-MAKU-kwiaciarnia\/100064764343595\/","article_modified_time":"2025-09-09T11:45:04+00:00","og_image":[{"width":1027,"height":1368,"url":"https:\/\/wkorcumaku.pl\/wp-content\/uploads\/2023\/09\/100-roz.webp","type":"image\/webp"}],"twitter_card":"summary_large_image","twitter_misc":{"Estimated reading time":"1 minute"},"schema":{"@context":"https:\/\/schema.org","@graph":[{"@type":["WebPage","ItemPage"],"@id":"https:\/\/wkorcumaku.pl\/produkt\/bukiet-100-roz\/","url":"https:\/\/wkorcumaku.pl\/produkt\/bukiet-100-roz\/","name":"Bouquet of 100 roses - spectacular Pink Mundial and red roses","isPartOf":{"@id":"https:\/\/wkorcumaku.pl\/#website"},"primaryImageOfPage":{"@id":"https:\/\/wkorcumaku.pl\/produkt\/bukiet-100-roz\/#primaryimage"},"image":{"@id":"https:\/\/wkorcumaku.pl\/produkt\/bukiet-100-roz\/#primaryimage"},"thumbnailUrl":"https:\/\/wkorcumaku.pl\/wp-content\/uploads\/2023\/09\/100-roz.webp","datePublished":"2023-09-21T20:48:15+00:00","dateModified":"2025-09-09T11:45:04+00:00","description":"Bouquet of 100 roses - an impressive composition of powdered or red roses. Order an impressive bouquet online in Katowice.","breadcrumb":{"@id":"https:\/\/wkorcumaku.pl\/produkt\/bukiet-100-roz\/#breadcrumb"},"inLanguage":"en-GB","potentialAction":[{"@type":"ReadAction","target":["https:\/\/wkorcumaku.pl\/produkt\/bukiet-100-roz\/"]}]},{"@type":"ImageObject","inLanguage":"en-GB","@id":"https:\/\/wkorcumaku.pl\/produkt\/bukiet-100-roz\/#primaryimage","url":"https:\/\/wkorcumaku.pl\/wp-content\/uploads\/2023\/09\/100-roz.webp","contentUrl":"https:\/\/wkorcumaku.pl\/wp-content\/uploads\/2023\/09\/100-roz.webp","width":1027,"height":1368,"caption":"Bukiet 100 r\u00f3\u017c \u2013 monumentalna kompozycja Pink Mundial."},{"@type":"BreadcrumbList","@id":"https:\/\/wkorcumaku.pl\/produkt\/bukiet-100-roz\/#breadcrumb","itemListElement":[{"@type":"ListItem","position":1,"name":"Home","item":"https:\/\/wkorcumaku.pl\/"},{"@type":"ListItem","position":2,"name":"Sklep","item":"https:\/\/wkorcumaku.pl\/sklep\/"},{"@type":"ListItem","position":3,"name":"Bukiet 100 r\u00f3\u017c"}]},{"@type":"WebSite","@id":"https:\/\/wkorcumaku.pl\/#website","url":"https:\/\/wkorcumaku.pl\/","name":"Florist W Korcu Maku Katowice","description":"This is where the magic is sown!","publisher":{"@id":"https:\/\/wkorcumaku.pl\/#organization"},"potentialAction":[{"@type":"SearchAction","target":{"@type":"EntryPoint","urlTemplate":"https:\/\/wkorcumaku.pl\/?s={search_term_string}"},"query-input":{"@type":"PropertyValueSpecification","valueRequired":true,"valueName":"search_term_string"}}],"inLanguage":"en-GB"},{"@type":"Organization","@id":"https:\/\/wkorcumaku.pl\/#organization","name":"Florist W Korcu Maku Katowice","alternateName":"Kwiaciarnia Katowice","url":"https:\/\/wkorcumaku.pl\/","logo":{"@type":"ImageObject","inLanguage":"en-GB","@id":"https:\/\/wkorcumaku.pl\/#\/schema\/logo\/image\/","url":"https:\/\/wkorcumaku.pl\/wp-content\/uploads\/2021\/12\/Przezroczyste-tlo_Logo_glowne-zielone.png","contentUrl":"https:\/\/wkorcumaku.pl\/wp-content\/uploads\/2021\/12\/Przezroczyste-tlo_Logo_glowne-zielone.png","width":1016,"height":1123,"caption":"Kwiaciarnia W Korcu Maku Katowice"},"image":{"@id":"https:\/\/wkorcumaku.pl\/#\/schema\/logo\/image\/"},"sameAs":["https:\/\/www.facebook.com\/people\/W-KORCU-MAKU-kwiaciarnia\/100064764343595\/","https:\/\/www.instagram.com\/wkorcumaku\/"]}]}},"wcpa_form_fields":{"wcpaData":{"product":{"product_price":1399,"price_html":"<span class=\"woocommerce-Price-amount amount\"><bdi>1399,00&nbsp;<span class=\"woocommerce-Price-currencySymbol\">&#122;&#322;<\/span><\/bdi><\/span>","original_product_price":1399,"price_including_tax":1399,"price_excluding_tax":1399,"product_id":{"parent":992843,"variation":false},"is_variable":true,"stock_status":"instock","stock_quantity":null,"parent_sku":"bukiet-100-roz","product_attributes":{"pa_select-size":{"is_variation":true,"values":[]}},"custom_fields":{"wcpa_pcf_advance_payment":"false"},"is_taxable":false},"fields":{"sec_96467f932353be":{"extra":{"key":"sec_96467f932353be","section_id":"sec_96467f932353be","name":"Default","status":1,"cl_rule":"show","enableCl":false,"relations":[],"toggle":true,"title_tag":"h3","show_title":false,"showPrice":"default","form_id":988066,"form_rules":{"exclude_from_discount":false,"fee_label":"Fee","disp_hide_options_price":false,"disp_show_section_price":false,"disp_show_field_price":true,"layout_option":"standard","pric_use_as_fee":false,"process_fee_as":"woo_fee"},"layout_option":"standard"},"fields":[[{"type":"select","required":true,"elementId":"wcpa-select-1683667003669","label":"Odbi\u00f3r lub dostawa","priceOptions":"different_for_all","pricingType":"fixed","name":"select-1683667003669","cl_rule":"show","requiredError":"Prosz\u0119 wybra\u0107 odbi\u00f3r lub dostaw\u0119","col":6,"values":[{"label":"Odbi\u00f3r osobisty","value":"Odbi\u00f3r osobisty","price":"","pimage":"","pimage_id":"","pthumb":"","gt_translate_keys":["label"]},{"label":"Dostawa","value":"Dostawa","price":"","pimage":"","pimage_id":"","pthumb":"","gt_translate_keys":["label"]}],"relations":false,"active":true,"tooltip":"","dropdown_type":"basic","error":false,"gt_translate_keys":["label","tooltip","requiredError"],"price_dependency":false,"cl_dependency":["wcpa-paragraph-1676935451907","wcpa-select-1676935352086","select-3732961185","wcpa-paragraph-1684452229110","select_5274966361"],"value":""}],[{"type":"text","elementId":"wcpa-text-1676935329454","label":"Bilecik (opcjonalnie)","description":"","placeholder":"wpisz tekst bilecika","pricingType":"fixed","className":"variable","name":"text-1676935329454","fee_label":"test_2","subtype":"text","cl_rule":"show","col":6,"relations":false,"active":true,"tooltip":"","error":false,"gt_translate_keys":["label","placeholder","description","tooltip"],"price_dependency":false,"cl_dependency":false,"value":""}],[{"type":"date","required":true,"elementId":"wcpa-date-1676935336053","label":"Data dor\u0119czenia\/odbioru","placeholder":"wybierz dat\u0119","pricingType":"fixed","name":"date-1676935336053","min_date":{"type":"days","val":"0"},"max_date":"None","enableCl":false,"cl_rule":"show","cl_val":"Dostawa","col":6,"relations":[{"operator":false,"rules":[{"operator":false,"rules":{"cl_field":"wcpa-select-1683667003669","cl_relation":"is","cl_val":"Dostawa"}}]}],"active":true,"tooltip":"","picker_mode":"single","error":false,"picker_type":"custom","date_pic_conf":{"disabledWeeks":[0],"dateFormat":"d-m-Y","disabledDates":["2026-04-04 to 2026-04-08"],"enabledDates":[]},"date_conf_custom":[],"gt_translate_keys":["label","placeholder","tooltip"],"price_dependency":false,"cl_dependency":["wcpa-select-1676935352086","select-3732961185"],"value":""}],[{"type":"content","subtype":"div","label":"","elementId":"wcpa-paragraph-1676935451907","pricingType":"fixed","enableCl":true,"cl_rule":"show","cl_val":"Dostawa","col":6,"relations":[{"operator":false,"rules":[{"operator":false,"rules":{"cl_field":"wcpa-select-1683667003669","cl_relation":"is","cl_val":"Dostawa"}}]}],"active":true,"tooltip":"","value":"Dostawy zam\u00f3wie\u0144 realizujemy tylko na terenie Katowic i okolic do 30km. W przypadku ch\u0119ci z\u0142o\u017cenia zam\u00f3wienia tego samego dnia po godzinie 12:00, prosimy o kontakt telefoniczny.","name":"wcpa-paragraph-1676935451907","contentType":"plain","error":false,"gt_translate_keys":["label","value","tooltip"],"price_dependency":false,"cl_dependency":false}],[{"type":"select","required":true,"elementId":"wcpa-select-1676935352086","label":"Przedzia\u0142 czasowy dostawy","priceOptions":"different_for_all","pricingType":"fixed","name":"select-1676935352086","enableCl":true,"cl_rule":"show","cl_val":"Dostawa","col":6,"values":[{"label":"8 - 13","value":"8-13","price":"","pimage":"","pimage_id":"","pthumb":"","tempId":"aco_41","selected":true,"gt_translate_keys":["label"]},{"label":"13 - 18","value":"13-18","selected":false,"tempId":"aco_1013","gt_translate_keys":["label"]}],"relations":[{"operator":false,"rules":[{"operator":"and","rules":{"cl_field":"wcpa-select-1683667003669","cl_relation":"is","cl_val":"Dostawa"}},{"operator":"AND","rules":{"cl_field":"wcpa-date-1676935336053","cl_relation":"is_not","cl_val":"2026-03-08"}}]}],"active":true,"tooltip":"","dropdown_type":"basic","error":false,"gt_translate_keys":["label","tooltip"],"price_dependency":false,"cl_dependency":false,"value":""}],[{"label":"Przedzia\u0142 czasowy dostawy","active":true,"required":true,"elementId":"select-3732961185","dropdown_type":"basic","tooltip":"","name":"select-3732961185","enableCl":true,"relations":[{"operator":false,"rules":[{"operator":"and","rules":{"cl_field":"wcpa-select-1683667003669","cl_relation":"is","cl_val":"Dostawa"}},{"operator":"AND","rules":{"cl_field":"wcpa-date-1676935336053","cl_relation":"is","cl_val":"2026-03-08"}}]}],"values":[{"label":"8 - 20","value":"8-20","price":"","pimage":"","pimage_id":"","pthumb":"","tempId":"aco_41","selected":true,"gt_translate_keys":["label"]}],"priceOptions":"different_for_all","pricingType":"fixed","cl_rule":"show","col":6,"type":"select","error":false,"gt_translate_keys":["label","tooltip"],"price_dependency":false,"cl_dependency":false,"value":""}],[{"type":"content","subtype":"div","label":"","elementId":"wcpa-paragraph-1684452229110","pricingType":"fixed","enableCl":true,"cl_rule":"show","cl_val":"Odbi\u00f3r osobisty","col":6,"relations":[{"operator":false,"rules":[{"operator":false,"rules":{"cl_field":"wcpa-select-1683667003669","cl_relation":"is","cl_val":"Odbi\u00f3r osobisty"}}]}],"active":true,"tooltip":"","value":"Odbi\u00f3r osobisty w godzinach pracy kwiaciarni. W przypadku ch\u0119ci odbioru w innych godzinach, prosz\u0119 o kontakt.","name":"wcpa-paragraph-1684452229110","contentType":"plain","gt_translate_keys":["label","value","tooltip"],"price_dependency":false,"cl_dependency":false}],[{"active":true,"col":6,"relations":[{"operator":false,"rules":[{"operator":"AND","rules":{"cl_field":"wcpa-select-1683667003669","cl_relation":"is","cl_val":"Odbi\u00f3r osobisty"}}]}],"cl_rule":"show","enableCl":true,"price":"","enablePrice":false,"className":"","label_position":"default","desc_position":"default","type":"select","required":true,"elementId":"select_5274966361","label":"Godzina odbioru","name":"select_5274966361","values":[{"label":"8:30","value":"8:30","selected":true,"tempId":"aco_2171","gt_translate_keys":["label"]},{"label":"9:00","value":"9:00","selected":false,"tempId":"aco_46","gt_translate_keys":["label"]},{"label":"9:30","value":"9:30","selected":false,"tempId":"aco_47","gt_translate_keys":["label"]},{"label":"10:00","value":"10:00","selected":false,"tempId":"aco_48","gt_translate_keys":["label"]},{"label":"10:30","value":"10:30","selected":false,"tempId":"aco_58","gt_translate_keys":["label"]},{"label":"11:00","value":"11:00","selected":false,"tempId":"aco_302","gt_translate_keys":["label"]},{"label":"11:30","value":"11:30","selected":false,"tempId":"aco_834","gt_translate_keys":["label"]},{"label":"12:00","value":"12:00","selected":false,"tempId":"aco_844","gt_translate_keys":["label"]},{"label":"12:30","value":"12:30","selected":false,"tempId":"aco_1034","gt_translate_keys":["label"]},{"label":"13:00","value":"13:00","selected":false,"tempId":"aco_1134","gt_translate_keys":["label"]},{"label":"13:30","value":"13:30","selected":false,"tempId":"aco_1234","gt_translate_keys":["label"]},{"label":"14:00","value":"14:00","selected":false,"tempId":"aco_1334","gt_translate_keys":["label"]},{"label":"14:30","value":"14:30","selected":false,"tempId":"aco_1434","gt_translate_keys":["label"]},{"label":"15:00","value":"15:00","selected":false,"tempId":"aco_1534","gt_translate_keys":["label"]},{"label":"15:30","value":"15:30","selected":false,"tempId":"aco_1634","gt_translate_keys":["label"]},{"label":"16:00","value":"16:00","selected":false,"tempId":"aco_1752","gt_translate_keys":["label"]},{"label":"16:30","value":"16:30","selected":false,"tempId":"aco_1852","gt_translate_keys":["label"]},{"label":"17:00","value":"17:00","selected":false,"tempId":"aco_1952","gt_translate_keys":["label"]},{"label":"17:30","value":"17:30","selected":false,"tempId":"aco_2052","gt_translate_keys":["label"]}],"dropdown_type":"basic","error":false,"gt_translate_keys":["label"],"price_dependency":false,"cl_dependency":false,"value":""}],[{"type":"text","elementId":"wcpa-text-1676935356336","label":"Uwagi","placeholder":"wpisz uwagi","pricingType":"fixed","name":"text-1676935356336","subtype":"text","cl_rule":"show","col":6,"relations":false,"active":true,"tooltip":"","error":false,"gt_translate_keys":["label","placeholder","tooltip"],"price_dependency":false,"cl_dependency":false,"value":""}],[{"active":true,"col":6,"relations":false,"cl_rule":"show","enableCl":false,"price":"","enablePrice":true,"className":"","label_position":"default","desc_position":"disable","type":"image-group","required":false,"elementId":"image_4087648691","label":"Dodatki:","name":"image_4087648691","enable_popup":"no","multiple":true,"layOut":"col-4","img_selection_type":"outline","disp_type":"square","values":[{"label":"Merci","value":"1","selected":false,"image":"https:\/\/wkorcumaku.pl\/wp-content\/uploads\/2023\/09\/merci.webp","thumb":"https:\/\/wkorcumaku.pl\/wp-content\/uploads\/2023\/09\/merci.webp","tempId":"aco_89","image_id":992880,"price":"25","thumb_src":"https:\/\/wkorcumaku.pl\/wp-content\/uploads\/2023\/09\/merci.webp","gt_translate_keys":["label"]},{"label":"Kartka","value":"2","selected":false,"image":"https:\/\/wkorcumaku.pl\/wp-content\/uploads\/2023\/09\/kartka.webp","thumb":"https:\/\/wkorcumaku.pl\/wp-content\/uploads\/2023\/09\/kartka-150x150.webp","tempId":"aco_90","image_id":992882,"price":"19","thumb_src":"https:\/\/wkorcumaku.pl\/wp-content\/uploads\/2023\/09\/kartka-150x150.webp","gt_translate_keys":["label"]},{"label":"Rafaello","value":"3","selected":false,"image":"https:\/\/wkorcumaku.pl\/wp-content\/uploads\/2023\/09\/rafaello.webp","thumb":"https:\/\/wkorcumaku.pl\/wp-content\/uploads\/2023\/09\/rafaello.webp","tempId":"aco_88","image_id":992881,"price":"25","thumb_src":"https:\/\/wkorcumaku.pl\/wp-content\/uploads\/2023\/09\/rafaello.webp","gt_translate_keys":["label"]},{"label":"Wazon szklany","value":"5","selected":false,"image":"https:\/\/wkorcumaku.pl\/wp-content\/uploads\/2025\/02\/wazon.jpg","thumb":"https:\/\/wkorcumaku.pl\/wp-content\/uploads\/2025\/02\/wazon-140x150.jpg","tempId":"aco_25","image_id":995703,"price":"37","thumb_src":"https:\/\/wkorcumaku.pl\/wp-content\/uploads\/2025\/02\/wazon-140x150.jpg","gt_translate_keys":["label"]}],"disp_size_img":{"width":"60","height":"60"},"error":false,"priceOptions":"different_for_all","pricingType":"fixed","mapToCheckout":false,"img_preview":false,"img_preview_disable_mobile":true,"show_as_product_image":false,"hideImageIn_order":true,"hideImageIn_cart":true,"gt_translate_keys":["label"],"price_dependency":false,"cl_dependency":false,"value":""}]]}},"config":{"price_override":"","enable_recaptcha":false,"bind_quantity":false,"quantity_bind_formula":"","disp_summ_show_option_price":true,"disp_summ_show_product_price":true,"disp_summ_show_total_price":true,"disp_summ_show_fee":false,"disp_summ_show_discount":false,"summary_title":"","options_total_label":"Dodatkowa opcja","total_label":"Podsumowanie","options_product_label":"Cena produktu","fee_label":"Fee","discount_label":"Discount","has_price":true,"has_quantity_formula":false},"mc_unit":1,"tax_rate":1,"tax_rate_real":1,"discount":{"percentage":0,"fixed":0},"design":{"conf":{"LabelPosition":"above","DescPosition":"above","UploadField":"custom_1","QuantityFieldStyle":"default"},"css":{"LeftLabelWidth":"120px"}},"formulas":[],"clones":false,"cartKey":false}},"_links":{"self":[{"href":"https:\/\/wkorcumaku.pl\/en\/wp-json\/wp\/v2\/product\/992843","targetHints":{"allow":["GET"]}}],"collection":[{"href":"https:\/\/wkorcumaku.pl\/en\/wp-json\/wp\/v2\/product"}],"about":[{"href":"https:\/\/wkorcumaku.pl\/en\/wp-json\/wp\/v2\/types\/product"}],"version-history":[{"count":5,"href":"https:\/\/wkorcumaku.pl\/en\/wp-json\/wp\/v2\/product\/992843\/revisions"}],"predecessor-version":[{"id":997448,"href":"https:\/\/wkorcumaku.pl\/en\/wp-json\/wp\/v2\/product\/992843\/revisions\/997448"}],"wp:featuredmedia":[{"embeddable":true,"href":"https:\/\/wkorcumaku.pl\/en\/wp-json\/wp\/v2\/media\/992848"}],"wp:attachment":[{"href":"https:\/\/wkorcumaku.pl\/en\/wp-json\/wp\/v2\/media?parent=992843"}],"wp:term":[{"taxonomy":"product_brand","embeddable":true,"href":"https:\/\/wkorcumaku.pl\/en\/wp-json\/wp\/v2\/product_brand?post=992843"},{"taxonomy":"product_cat","embeddable":true,"href":"https:\/\/wkorcumaku.pl\/en\/wp-json\/wp\/v2\/product_cat?post=992843"},{"taxonomy":"product_tag","embeddable":true,"href":"https:\/\/wkorcumaku.pl\/en\/wp-json\/wp\/v2\/product_tag?post=992843"},{"taxonomy":"giftcard-category","embeddable":true,"href":"https:\/\/wkorcumaku.pl\/en\/wp-json\/wp\/v2\/giftcard-category?post=992843"}],"curies":[{"name":"wp","href":"https:\/\/api.w.org\/{rel}","templated":true}]}}