{"id":992935,"date":"2024-05-17T20:00:57","date_gmt":"2024-05-17T20:00:57","guid":{"rendered":"https:\/\/wkorcumaku.pl\/?post_type=product&#038;p=992935"},"modified":"2025-10-11T20:25:03","modified_gmt":"2025-10-11T20:25:03","slug":"autumn-garlands-workshop","status":"publish","type":"product","link":"https:\/\/wkorcumaku.pl\/en\/product\/autumn-garlands-workshop\/","title":{"rendered":"Autumn garland workshops"},"content":{"rendered":"","protected":false},"excerpt":{"rendered":"<p>During this workshop we will take autumn garlands under the microscope.<br \/>\n<br \/><em>Workshop duration approx. 2-3 hours.<\/em><br \/>\n<br \/>Naturally beautiful and stylish interior decoration.<br \/>\n<br \/>I will take care of the necessary materials, give technical guidance and provide a pleasant, creative atmosphere.<br \/>\n<br \/>During the meeting we will make an interesting, finely crafted garland for a door or wall using a variety of plants in the fabulous colours of autumn.<\/p>\n<p>It's going to be very atmospheric!!! \ud83d\ude42 \ud83d\ude42<\/p>\n<p><strong><em>Possibility of making a gift voucher for the workshop<\/em> \ud83d\ude42<\/strong><\/p>\n<p>Why is it worth it?<br \/>\n<br \/>- We will create a unique autumn garland with which to decorate your own space \ud83d\ude42<br \/>\n<br \/>- Making decorations is a lot of fun and satisfaction<br \/>\n<br \/>- Workshop activities develop manual skills, spatial imagination, creativity<\/p>\n<p style=\"color: #f54b3e; font-size: 20px;\"><s>I Deadline: Saturday 4 October, 11:00 am<\/s><\/p>\n<p style=\"color: #f54b3e; font-size: 20px;\"><s>II Deadline: Friday 10 October, 5 pm<\/s><\/p>\n<p>&nbsp;<\/p>\n<p><em>By purchasing you accept the terms and conditions of the workshop: <a style=\"color: #26619c;\" href=\"https:\/\/wkorcumaku.pl\/en\/florist-workshop-regulations\/\">Florist workshop regulations<\/a><\/em><\/p>\n<p>&nbsp;<\/p>\n<p style=\"color: #f54b3e; font-size: 16px;\"><em>It is possible to organise workshops for an organised group.<br \/>\nPlease contact me by telephone.<\/em><\/p>","protected":false},"featured_media":996734,"template":"","meta":[],"product_brand":[],"product_cat":[368],"product_tag":[],"giftcard-category":[],"class_list":{"0":"post-992935","1":"product","2":"type-product","3":"status-publish","4":"has-post-thumbnail","6":"product_cat-warsztaty","7":"wcpa_has_options","9":"first","10":"outofstock","11":"shipping-taxable","12":"purchasable","13":"product-type-variable"},"yoast_head":"<!-- This site is optimized with the Yoast SEO plugin v27.1.1 - https:\/\/yoast.com\/product\/yoast-seo-wordpress\/ -->\n<title>Warsztaty wiank\u00f3w jesiennych - Kwiaciarnia W Korcu Maku Katowice<\/title>\n<meta name=\"description\" content=\"Warsztaty wiank\u00f3w jesiennych. Naturalnie pi\u0119kne, stylowe dekoracje wn\u0119trz z suszonych kwiat\u00f3w i li\u015bci. Klimatyczne spotkanie z florystyk\u0105.\" \/>\n<meta name=\"robots\" content=\"index, follow, max-snippet:-1, max-image-preview:large, max-video-preview:-1\" \/>\n<link rel=\"canonical\" href=\"https:\/\/wkorcumaku.pl\/en\/product\/autumn-garlands-workshop\/\" \/>\n<meta property=\"og:locale\" content=\"en_GB\" \/>\n<meta property=\"og:type\" content=\"article\" \/>\n<meta property=\"og:title\" content=\"Warsztaty wiank\u00f3w jesiennych - Kwiaciarnia W Korcu Maku Katowice\" \/>\n<meta property=\"og:description\" content=\"Warsztaty wiank\u00f3w jesiennych. Naturalnie pi\u0119kne, stylowe dekoracje wn\u0119trz z suszonych kwiat\u00f3w i li\u015bci. Klimatyczne spotkanie z florystyk\u0105.\" \/>\n<meta property=\"og:url\" content=\"https:\/\/wkorcumaku.pl\/en\/product\/autumn-garlands-workshop\/\" \/>\n<meta property=\"og:site_name\" content=\"Kwiaciarnia W Korcu Maku Katowice\" \/>\n<meta property=\"article:publisher\" content=\"https:\/\/www.facebook.com\/people\/W-KORCU-MAKU-kwiaciarnia\/100064764343595\/\" \/>\n<meta property=\"article:modified_time\" content=\"2025-10-11T20:25:03+00:00\" \/>\n<meta property=\"og:image\" content=\"https:\/\/wkorcumaku.pl\/wp-content\/uploads\/2024\/05\/wianek-jesienny.webp\" \/>\n\t<meta property=\"og:image:width\" content=\"1000\" \/>\n\t<meta property=\"og:image:height\" content=\"1333\" \/>\n\t<meta property=\"og:image:type\" content=\"image\/webp\" \/>\n<meta name=\"twitter:card\" content=\"summary_large_image\" \/>\n<meta name=\"twitter:label1\" content=\"Estimated reading time\" \/>\n\t<meta name=\"twitter:data1\" content=\"1 minute\" \/>\n<script type=\"application\/ld+json\" class=\"yoast-schema-graph\">{\"@context\":\"https:\/\/schema.org\",\"@graph\":[{\"@type\":[\"WebPage\",\"ItemPage\"],\"@id\":\"https:\/\/wkorcumaku.pl\/produkt\/warsztaty-wianki-jesienne\/\",\"url\":\"https:\/\/wkorcumaku.pl\/produkt\/warsztaty-wianki-jesienne\/\",\"name\":\"Warsztaty wiank\u00f3w jesiennych - Kwiaciarnia W Korcu Maku Katowice\",\"isPartOf\":{\"@id\":\"https:\/\/wkorcumaku.pl\/#website\"},\"primaryImageOfPage\":{\"@id\":\"https:\/\/wkorcumaku.pl\/produkt\/warsztaty-wianki-jesienne\/#primaryimage\"},\"image\":{\"@id\":\"https:\/\/wkorcumaku.pl\/produkt\/warsztaty-wianki-jesienne\/#primaryimage\"},\"thumbnailUrl\":\"https:\/\/wkorcumaku.pl\/wp-content\/uploads\/2024\/05\/wianek-jesienny.webp\",\"datePublished\":\"2024-05-17T20:00:57+00:00\",\"dateModified\":\"2025-10-11T20:25:03+00:00\",\"description\":\"Warsztaty wiank\u00f3w jesiennych. Naturalnie pi\u0119kne, stylowe dekoracje wn\u0119trz z suszonych kwiat\u00f3w i li\u015bci. Klimatyczne spotkanie z florystyk\u0105.\",\"breadcrumb\":{\"@id\":\"https:\/\/wkorcumaku.pl\/produkt\/warsztaty-wianki-jesienne\/#breadcrumb\"},\"inLanguage\":\"en-GB\",\"potentialAction\":[{\"@type\":\"ReadAction\",\"target\":[\"https:\/\/wkorcumaku.pl\/produkt\/warsztaty-wianki-jesienne\/\"]}]},{\"@type\":\"ImageObject\",\"inLanguage\":\"en-GB\",\"@id\":\"https:\/\/wkorcumaku.pl\/produkt\/warsztaty-wianki-jesienne\/#primaryimage\",\"url\":\"https:\/\/wkorcumaku.pl\/wp-content\/uploads\/2024\/05\/wianek-jesienny.webp\",\"contentUrl\":\"https:\/\/wkorcumaku.pl\/wp-content\/uploads\/2024\/05\/wianek-jesienny.webp\",\"width\":1000,\"height\":1333,\"caption\":\"Wianki jesienne z suszonych kwiat\u00f3w \u2013 kompozycje z li\u015bci, traw i kwiat\u00f3w podczas warsztat\u00f3w florystycznych\"},{\"@type\":\"BreadcrumbList\",\"@id\":\"https:\/\/wkorcumaku.pl\/produkt\/warsztaty-wianki-jesienne\/#breadcrumb\",\"itemListElement\":[{\"@type\":\"ListItem\",\"position\":1,\"name\":\"Home\",\"item\":\"https:\/\/wkorcumaku.pl\/\"},{\"@type\":\"ListItem\",\"position\":2,\"name\":\"Sklep\",\"item\":\"https:\/\/wkorcumaku.pl\/sklep\/\"},{\"@type\":\"ListItem\",\"position\":3,\"name\":\"Warsztaty wiank\u00f3w jesiennych\"}]},{\"@type\":\"WebSite\",\"@id\":\"https:\/\/wkorcumaku.pl\/#website\",\"url\":\"https:\/\/wkorcumaku.pl\/\",\"name\":\"Kwiaciarnia W Korcu Maku Katowice\",\"description\":\"Tu sieje si\u0119 magia!\",\"publisher\":{\"@id\":\"https:\/\/wkorcumaku.pl\/#organization\"},\"potentialAction\":[{\"@type\":\"SearchAction\",\"target\":{\"@type\":\"EntryPoint\",\"urlTemplate\":\"https:\/\/wkorcumaku.pl\/?s={search_term_string}\"},\"query-input\":{\"@type\":\"PropertyValueSpecification\",\"valueRequired\":true,\"valueName\":\"search_term_string\"}}],\"inLanguage\":\"en-GB\"},{\"@type\":\"Organization\",\"@id\":\"https:\/\/wkorcumaku.pl\/#organization\",\"name\":\"Kwiaciarnia W Korcu Maku Katowice\",\"alternateName\":\"Kwiaciarnia Katowice\",\"url\":\"https:\/\/wkorcumaku.pl\/\",\"logo\":{\"@type\":\"ImageObject\",\"inLanguage\":\"en-GB\",\"@id\":\"https:\/\/wkorcumaku.pl\/#\/schema\/logo\/image\/\",\"url\":\"https:\/\/wkorcumaku.pl\/wp-content\/uploads\/2021\/12\/Przezroczyste-tlo_Logo_glowne-zielone.png\",\"contentUrl\":\"https:\/\/wkorcumaku.pl\/wp-content\/uploads\/2021\/12\/Przezroczyste-tlo_Logo_glowne-zielone.png\",\"width\":1016,\"height\":1123,\"caption\":\"Kwiaciarnia W Korcu Maku Katowice\"},\"image\":{\"@id\":\"https:\/\/wkorcumaku.pl\/#\/schema\/logo\/image\/\"},\"sameAs\":[\"https:\/\/www.facebook.com\/people\/W-KORCU-MAKU-kwiaciarnia\/100064764343595\/\",\"https:\/\/www.instagram.com\/wkorcumaku\/\"]}]}<\/script>\n<!-- \/ Yoast SEO plugin. -->","yoast_head_json":{"title":"Autumn garland workshop - Florist W Korcu Maku Katowice","description":"Autumn garland workshop. Naturally beautiful, stylish interior decorations made of dried flowers and leaves. An atmospheric encounter with floristry.","robots":{"index":"index","follow":"follow","max-snippet":"max-snippet:-1","max-image-preview":"max-image-preview:large","max-video-preview":"max-video-preview:-1"},"canonical":"https:\/\/wkorcumaku.pl\/en\/product\/autumn-garlands-workshop\/","og_locale":"en_GB","og_type":"article","og_title":"Warsztaty wiank\u00f3w jesiennych - Kwiaciarnia W Korcu Maku Katowice","og_description":"Warsztaty wiank\u00f3w jesiennych. Naturalnie pi\u0119kne, stylowe dekoracje wn\u0119trz z suszonych kwiat\u00f3w i li\u015bci. Klimatyczne spotkanie z florystyk\u0105.","og_url":"https:\/\/wkorcumaku.pl\/en\/product\/autumn-garlands-workshop\/","og_site_name":"Kwiaciarnia W Korcu Maku Katowice","article_publisher":"https:\/\/www.facebook.com\/people\/W-KORCU-MAKU-kwiaciarnia\/100064764343595\/","article_modified_time":"2025-10-11T20:25:03+00:00","og_image":[{"width":1000,"height":1333,"url":"https:\/\/wkorcumaku.pl\/wp-content\/uploads\/2024\/05\/wianek-jesienny.webp","type":"image\/webp"}],"twitter_card":"summary_large_image","twitter_misc":{"Estimated reading time":"1 minute"},"schema":{"@context":"https:\/\/schema.org","@graph":[{"@type":["WebPage","ItemPage"],"@id":"https:\/\/wkorcumaku.pl\/produkt\/warsztaty-wianki-jesienne\/","url":"https:\/\/wkorcumaku.pl\/produkt\/warsztaty-wianki-jesienne\/","name":"Autumn garland workshop - Florist W Korcu Maku Katowice","isPartOf":{"@id":"https:\/\/wkorcumaku.pl\/#website"},"primaryImageOfPage":{"@id":"https:\/\/wkorcumaku.pl\/produkt\/warsztaty-wianki-jesienne\/#primaryimage"},"image":{"@id":"https:\/\/wkorcumaku.pl\/produkt\/warsztaty-wianki-jesienne\/#primaryimage"},"thumbnailUrl":"https:\/\/wkorcumaku.pl\/wp-content\/uploads\/2024\/05\/wianek-jesienny.webp","datePublished":"2024-05-17T20:00:57+00:00","dateModified":"2025-10-11T20:25:03+00:00","description":"Autumn garland workshop. Naturally beautiful, stylish interior decorations made of dried flowers and leaves. An atmospheric encounter with floristry.","breadcrumb":{"@id":"https:\/\/wkorcumaku.pl\/produkt\/warsztaty-wianki-jesienne\/#breadcrumb"},"inLanguage":"en-GB","potentialAction":[{"@type":"ReadAction","target":["https:\/\/wkorcumaku.pl\/produkt\/warsztaty-wianki-jesienne\/"]}]},{"@type":"ImageObject","inLanguage":"en-GB","@id":"https:\/\/wkorcumaku.pl\/produkt\/warsztaty-wianki-jesienne\/#primaryimage","url":"https:\/\/wkorcumaku.pl\/wp-content\/uploads\/2024\/05\/wianek-jesienny.webp","contentUrl":"https:\/\/wkorcumaku.pl\/wp-content\/uploads\/2024\/05\/wianek-jesienny.webp","width":1000,"height":1333,"caption":"Wianki jesienne z suszonych kwiat\u00f3w \u2013 kompozycje z li\u015bci, traw i kwiat\u00f3w podczas warsztat\u00f3w florystycznych"},{"@type":"BreadcrumbList","@id":"https:\/\/wkorcumaku.pl\/produkt\/warsztaty-wianki-jesienne\/#breadcrumb","itemListElement":[{"@type":"ListItem","position":1,"name":"Home","item":"https:\/\/wkorcumaku.pl\/"},{"@type":"ListItem","position":2,"name":"Sklep","item":"https:\/\/wkorcumaku.pl\/sklep\/"},{"@type":"ListItem","position":3,"name":"Warsztaty wiank\u00f3w jesiennych"}]},{"@type":"WebSite","@id":"https:\/\/wkorcumaku.pl\/#website","url":"https:\/\/wkorcumaku.pl\/","name":"Florist W Korcu Maku Katowice","description":"This is where the magic is sown!","publisher":{"@id":"https:\/\/wkorcumaku.pl\/#organization"},"potentialAction":[{"@type":"SearchAction","target":{"@type":"EntryPoint","urlTemplate":"https:\/\/wkorcumaku.pl\/?s={search_term_string}"},"query-input":{"@type":"PropertyValueSpecification","valueRequired":true,"valueName":"search_term_string"}}],"inLanguage":"en-GB"},{"@type":"Organization","@id":"https:\/\/wkorcumaku.pl\/#organization","name":"Florist W Korcu Maku Katowice","alternateName":"Kwiaciarnia Katowice","url":"https:\/\/wkorcumaku.pl\/","logo":{"@type":"ImageObject","inLanguage":"en-GB","@id":"https:\/\/wkorcumaku.pl\/#\/schema\/logo\/image\/","url":"https:\/\/wkorcumaku.pl\/wp-content\/uploads\/2021\/12\/Przezroczyste-tlo_Logo_glowne-zielone.png","contentUrl":"https:\/\/wkorcumaku.pl\/wp-content\/uploads\/2021\/12\/Przezroczyste-tlo_Logo_glowne-zielone.png","width":1016,"height":1123,"caption":"Kwiaciarnia W Korcu Maku Katowice"},"image":{"@id":"https:\/\/wkorcumaku.pl\/#\/schema\/logo\/image\/"},"sameAs":["https:\/\/www.facebook.com\/people\/W-KORCU-MAKU-kwiaciarnia\/100064764343595\/","https:\/\/www.instagram.com\/wkorcumaku\/"]}]}},"wcpa_form_fields":{"wcpaData":{"product":{"product_price":249,"price_html":"od &nbsp; <span class=\"woocommerce-Price-amount amount\"><bdi>249,00&nbsp;<span class=\"woocommerce-Price-currencySymbol\">&#122;&#322;<\/span><\/bdi><\/span>","original_product_price":249,"price_including_tax":249,"price_excluding_tax":249,"product_id":{"parent":992935,"variation":false},"is_variable":true,"stock_status":"outofstock","stock_quantity":0,"parent_sku":"warsztaty-wianki-jesienne","product_attributes":{"pa_typ-warsztatow":{"is_variation":true,"values":[]},"pa_termin":{"is_variation":true,"values":[]}},"custom_fields":{"wcpa_pcf_advance_payment":"false"},"is_taxable":false},"fields":{"sec_36515d0e50e0ac":{"extra":{"key":"sec_36515d0e50e0ac","section_id":"sec_36515d0e50e0ac","name":"Default","status":1,"cl_rule":"show","enableCl":false,"relations":[],"toggle":true,"title_tag":"h3","show_title":false,"showPrice":"default","form_id":992913,"form_rules":{"exclude_from_discount":false,"fee_label":"Fee","disp_hide_options_price":false,"disp_show_section_price":false,"disp_show_field_price":true,"layout_option":"standard","pric_use_as_fee":false,"process_fee_as":"woo_fee"},"layout_option":"standard"},"fields":[[{"type":"text","elementId":"text_06515d0e50e117","label":"W przypadku ch\u0119ci zakupu jako prezentu Vouchera, prosz\u0119 o informacj\u0119 w poni\u017cszym polu. Wpisz adres email osoby obdarowanej - w formie elektronicznej lub adres dostawy drog\u0105 pocztow\u0105.","placeholder":"","pricingType":"fixed","name":"text-1676935356336","subtype":"text","cl_rule":"show","col":6,"relations":false,"active":true,"tooltip":"","error":false,"gt_translate_keys":["label","placeholder","tooltip"],"price_dependency":false,"cl_dependency":false,"value":""}]]}},"config":{"price_override":"","enable_recaptcha":false,"bind_quantity":false,"quantity_bind_formula":"","disp_summ_show_option_price":true,"disp_summ_show_product_price":true,"disp_summ_show_total_price":true,"disp_summ_show_fee":false,"disp_summ_show_discount":false,"summary_title":"","options_total_label":"Dodatkowi uczestnicy","total_label":"Podsumowanie","options_product_label":"Cena","fee_label":"Fee","discount_label":"Discount","has_price":true,"has_quantity_formula":false},"mc_unit":1,"tax_rate":1,"tax_rate_real":1,"discount":{"percentage":0,"fixed":0},"design":{"conf":{"LabelPosition":"above","DescPosition":"above","UploadField":"custom_1","QuantityFieldStyle":"default"},"css":{"LeftLabelWidth":"120px"}},"formulas":[],"clones":false,"cartKey":false}},"_links":{"self":[{"href":"https:\/\/wkorcumaku.pl\/en\/wp-json\/wp\/v2\/product\/992935","targetHints":{"allow":["GET"]}}],"collection":[{"href":"https:\/\/wkorcumaku.pl\/en\/wp-json\/wp\/v2\/product"}],"about":[{"href":"https:\/\/wkorcumaku.pl\/en\/wp-json\/wp\/v2\/types\/product"}],"version-history":[{"count":12,"href":"https:\/\/wkorcumaku.pl\/en\/wp-json\/wp\/v2\/product\/992935\/revisions"}],"predecessor-version":[{"id":997554,"href":"https:\/\/wkorcumaku.pl\/en\/wp-json\/wp\/v2\/product\/992935\/revisions\/997554"}],"wp:featuredmedia":[{"embeddable":true,"href":"https:\/\/wkorcumaku.pl\/en\/wp-json\/wp\/v2\/media\/996734"}],"wp:attachment":[{"href":"https:\/\/wkorcumaku.pl\/en\/wp-json\/wp\/v2\/media?parent=992935"}],"wp:term":[{"taxonomy":"product_brand","embeddable":true,"href":"https:\/\/wkorcumaku.pl\/en\/wp-json\/wp\/v2\/product_brand?post=992935"},{"taxonomy":"product_cat","embeddable":true,"href":"https:\/\/wkorcumaku.pl\/en\/wp-json\/wp\/v2\/product_cat?post=992935"},{"taxonomy":"product_tag","embeddable":true,"href":"https:\/\/wkorcumaku.pl\/en\/wp-json\/wp\/v2\/product_tag?post=992935"},{"taxonomy":"giftcard-category","embeddable":true,"href":"https:\/\/wkorcumaku.pl\/en\/wp-json\/wp\/v2\/giftcard-category?post=992935"}],"curies":[{"name":"wp","href":"https:\/\/api.w.org\/{rel}","templated":true}]}}