{"id":993183,"date":"2024-05-17T22:00:17","date_gmt":"2024-05-17T22:00:17","guid":{"rendered":"https:\/\/wkorcumaku.pl\/?post_type=product&#038;p=993183"},"modified":"2025-12-01T18:35:39","modified_gmt":"2025-12-01T18:35:39","slug":"workshop-christmas-eve","status":"publish","type":"product","link":"https:\/\/wkorcumaku.pl\/en\/product\/workshop-christmas-eve\/","title":{"rendered":"Christmas garland"},"content":{"rendered":"","protected":false},"excerpt":{"rendered":"<p>During the workshop <strong>Christmas garland<\/strong> you will create a natural, conifer-scented decoration that will bring the warmth and magic of Christmas into your home.<br \/>\n<br \/>This is a unique meeting full of creativity, relaxation and positive energy.<br \/>\n<\/p>\n<p>I will be happy to support you in the creation process.<br \/>\n<br \/>I will take care of the necessary materials to give you the space for artistic exploration. Believe me, creating is not that difficult. It is worth convincing yourself for the satisfying results.<br \/>\n<br \/>There will also be plenty of inspiration, advice, talks, aromatic tea and a warm atmosphere.<\/p>\n<p><em>The duration of the workshop is approximately 2-3 hours.<br \/>\n<br \/>A maximum of seven people will participate in the workshop.<\/em><\/p>\n<p><em>Sign up now, now. Number of places limited<br \/>\n<br \/><strong>It is possible to purchase a gift voucher.<\/em><\/strong>.<\/p>\n<p>All are welcome \ud83d\ude42<\/p>\n<p style=\"color:#F54B3E; font-size:20px\"><s>I Deadline: Saturday 29 November at 15:00<\/s><\/p>\n<p style=\"color:#F54B3E; font-size:20px\"><s>II Deadline: Friday 5 December, 17:00<\/s><\/p>\n<p style=\"color:#F54B3E; font-size:20px\"><s>III Deadline: Saturday 6 December, 15:00<\/s><\/p>\n<p style=\"color:#F54B3E; font-size:20px\"><s>IV Deadline: Saturday 13 December, 15:00<\/s><\/p>\n<p><strong>Why is it worth it?<\/strong><\/p>\n<p><em><\/p>\n<ul>\n<li>Making a garland is not only about learning a technique, but also a moment of relaxation and contact with nature. In the scent of spruce, to the sound of Christmas music, everyone will find peace and satisfaction with their handmade decoration.<\/li>\n<li>We use natural materials - fir, spruce, eucalyptus, pinecones, dried fruit slices and delicate ribbons. Each garland is different because it reflects the participant's individual style.<\/li>\n<li>Participants leave not only with a beautiful garland, but also with a sense of creative satisfaction and a head full of ideas for their own natural decorations.<\/li>\n<\/ul>\n<p><\/em><\/p>\n<p><em><strong>By purchasing you accept the terms and conditions of the workshop: <a style=\"color:#26619C\" href=\"https:\/\/wkorcumaku.pl\/en\/florist-workshop-regulations\/\">Florist workshop regulations<\/a><\/strong><\/em><\/p>\n<p style=\"color:#F54B3E\">In duo -10%<\/p>","protected":false},"featured_media":995198,"template":"","meta":[],"product_brand":[],"product_cat":[368],"product_tag":[],"giftcard-category":[],"class_list":{"0":"post-993183","1":"product","2":"type-product","3":"status-publish","4":"has-post-thumbnail","6":"product_cat-warsztaty","7":"wcpa_has_options","9":"first","10":"outofstock","11":"shipping-taxable","12":"purchasable","13":"product-type-variable"},"yoast_head":"<!-- This site is optimized with the Yoast SEO plugin v27.1.1 - https:\/\/yoast.com\/product\/yoast-seo-wordpress\/ -->\n<title>Wianek \u015bwi\u0105teczny \u2013 kreatywne warsztaty zimowe<\/title>\n<meta name=\"description\" content=\"Podczas warsztat\u00f3w stworzysz naturalny, pachn\u0105cy igliwiem wianek \u015bwi\u0105teczny \u2013 unikatow\u0105 ozdob\u0119 na wyj\u0105tkowy, \u015bwi\u0105teczny czas.\" \/>\n<meta name=\"robots\" content=\"index, follow, max-snippet:-1, max-image-preview:large, max-video-preview:-1\" \/>\n<link rel=\"canonical\" href=\"https:\/\/wkorcumaku.pl\/en\/product\/workshop-christmas-eve\/\" \/>\n<meta property=\"og:locale\" content=\"en_GB\" \/>\n<meta property=\"og:type\" content=\"article\" \/>\n<meta property=\"og:title\" content=\"Wianek \u015bwi\u0105teczny \u2013 kreatywne warsztaty zimowe\" \/>\n<meta property=\"og:description\" content=\"Podczas warsztat\u00f3w stworzysz naturalny, pachn\u0105cy igliwiem wianek \u015bwi\u0105teczny \u2013 unikatow\u0105 ozdob\u0119 na wyj\u0105tkowy, \u015bwi\u0105teczny czas.\" \/>\n<meta property=\"og:url\" content=\"https:\/\/wkorcumaku.pl\/en\/product\/workshop-christmas-eve\/\" \/>\n<meta property=\"og:site_name\" content=\"Kwiaciarnia W Korcu Maku Katowice\" \/>\n<meta property=\"article:publisher\" content=\"https:\/\/www.facebook.com\/people\/W-KORCU-MAKU-kwiaciarnia\/100064764343595\/\" \/>\n<meta property=\"article:modified_time\" content=\"2025-12-01T18:35:39+00:00\" \/>\n<meta property=\"og:image\" content=\"https:\/\/wkorcumaku.pl\/wp-content\/uploads\/2024\/11\/wianek-zimowy-z-burgundem.webp\" \/>\n\t<meta property=\"og:image:width\" content=\"1210\" \/>\n\t<meta property=\"og:image:height\" content=\"1613\" \/>\n\t<meta property=\"og:image:type\" content=\"image\/webp\" \/>\n<meta name=\"twitter:card\" content=\"summary_large_image\" \/>\n<meta name=\"twitter:label1\" content=\"Estimated reading time\" \/>\n\t<meta name=\"twitter:data1\" content=\"1 minute\" \/>\n<script type=\"application\/ld+json\" class=\"yoast-schema-graph\">{\"@context\":\"https:\/\/schema.org\",\"@graph\":[{\"@type\":[\"WebPage\",\"ItemPage\"],\"@id\":\"https:\/\/wkorcumaku.pl\/produkt\/warsztaty-wianek-swiateczny\/\",\"url\":\"https:\/\/wkorcumaku.pl\/produkt\/warsztaty-wianek-swiateczny\/\",\"name\":\"Wianek \u015bwi\u0105teczny \u2013 kreatywne warsztaty zimowe\",\"isPartOf\":{\"@id\":\"https:\/\/wkorcumaku.pl\/#website\"},\"primaryImageOfPage\":{\"@id\":\"https:\/\/wkorcumaku.pl\/produkt\/warsztaty-wianek-swiateczny\/#primaryimage\"},\"image\":{\"@id\":\"https:\/\/wkorcumaku.pl\/produkt\/warsztaty-wianek-swiateczny\/#primaryimage\"},\"thumbnailUrl\":\"https:\/\/wkorcumaku.pl\/wp-content\/uploads\/2024\/11\/wianek-zimowy-z-burgundem.webp\",\"datePublished\":\"2024-05-17T22:00:17+00:00\",\"dateModified\":\"2025-12-01T18:35:39+00:00\",\"description\":\"Podczas warsztat\u00f3w stworzysz naturalny, pachn\u0105cy igliwiem wianek \u015bwi\u0105teczny \u2013 unikatow\u0105 ozdob\u0119 na wyj\u0105tkowy, \u015bwi\u0105teczny czas.\",\"breadcrumb\":{\"@id\":\"https:\/\/wkorcumaku.pl\/produkt\/warsztaty-wianek-swiateczny\/#breadcrumb\"},\"inLanguage\":\"en-GB\",\"potentialAction\":[{\"@type\":\"ReadAction\",\"target\":[\"https:\/\/wkorcumaku.pl\/produkt\/warsztaty-wianek-swiateczny\/\"]}]},{\"@type\":\"ImageObject\",\"inLanguage\":\"en-GB\",\"@id\":\"https:\/\/wkorcumaku.pl\/produkt\/warsztaty-wianek-swiateczny\/#primaryimage\",\"url\":\"https:\/\/wkorcumaku.pl\/wp-content\/uploads\/2024\/11\/wianek-zimowy-z-burgundem.webp\",\"contentUrl\":\"https:\/\/wkorcumaku.pl\/wp-content\/uploads\/2024\/11\/wianek-zimowy-z-burgundem.webp\",\"width\":1210,\"height\":1613,\"caption\":\"Naturalny wianek \u015bwi\u0105teczny z eukaliptusa i sezonowych ro\u015blin, ozdobiony satynow\u0105 wst\u0105\u017ck\u0105.\"},{\"@type\":\"BreadcrumbList\",\"@id\":\"https:\/\/wkorcumaku.pl\/produkt\/warsztaty-wianek-swiateczny\/#breadcrumb\",\"itemListElement\":[{\"@type\":\"ListItem\",\"position\":1,\"name\":\"Home\",\"item\":\"https:\/\/wkorcumaku.pl\/\"},{\"@type\":\"ListItem\",\"position\":2,\"name\":\"Sklep\",\"item\":\"https:\/\/wkorcumaku.pl\/sklep\/\"},{\"@type\":\"ListItem\",\"position\":3,\"name\":\"Wianek \u015bwi\u0105teczny\"}]},{\"@type\":\"WebSite\",\"@id\":\"https:\/\/wkorcumaku.pl\/#website\",\"url\":\"https:\/\/wkorcumaku.pl\/\",\"name\":\"Kwiaciarnia W Korcu Maku Katowice\",\"description\":\"Tu sieje si\u0119 magia!\",\"publisher\":{\"@id\":\"https:\/\/wkorcumaku.pl\/#organization\"},\"potentialAction\":[{\"@type\":\"SearchAction\",\"target\":{\"@type\":\"EntryPoint\",\"urlTemplate\":\"https:\/\/wkorcumaku.pl\/?s={search_term_string}\"},\"query-input\":{\"@type\":\"PropertyValueSpecification\",\"valueRequired\":true,\"valueName\":\"search_term_string\"}}],\"inLanguage\":\"en-GB\"},{\"@type\":\"Organization\",\"@id\":\"https:\/\/wkorcumaku.pl\/#organization\",\"name\":\"Kwiaciarnia W Korcu Maku Katowice\",\"alternateName\":\"Kwiaciarnia Katowice\",\"url\":\"https:\/\/wkorcumaku.pl\/\",\"logo\":{\"@type\":\"ImageObject\",\"inLanguage\":\"en-GB\",\"@id\":\"https:\/\/wkorcumaku.pl\/#\/schema\/logo\/image\/\",\"url\":\"https:\/\/wkorcumaku.pl\/wp-content\/uploads\/2021\/12\/Przezroczyste-tlo_Logo_glowne-zielone.png\",\"contentUrl\":\"https:\/\/wkorcumaku.pl\/wp-content\/uploads\/2021\/12\/Przezroczyste-tlo_Logo_glowne-zielone.png\",\"width\":1016,\"height\":1123,\"caption\":\"Kwiaciarnia W Korcu Maku Katowice\"},\"image\":{\"@id\":\"https:\/\/wkorcumaku.pl\/#\/schema\/logo\/image\/\"},\"sameAs\":[\"https:\/\/www.facebook.com\/people\/W-KORCU-MAKU-kwiaciarnia\/100064764343595\/\",\"https:\/\/www.instagram.com\/wkorcumaku\/\"]}]}<\/script>\n<!-- \/ Yoast SEO plugin. -->","yoast_head_json":{"title":"Christmas garland - creative winter workshop","description":"During the workshop you will create a natural, conifer-scented Christmas garland - a unique decoration for the special festive season.","robots":{"index":"index","follow":"follow","max-snippet":"max-snippet:-1","max-image-preview":"max-image-preview:large","max-video-preview":"max-video-preview:-1"},"canonical":"https:\/\/wkorcumaku.pl\/en\/product\/workshop-christmas-eve\/","og_locale":"en_GB","og_type":"article","og_title":"Wianek \u015bwi\u0105teczny \u2013 kreatywne warsztaty zimowe","og_description":"Podczas warsztat\u00f3w stworzysz naturalny, pachn\u0105cy igliwiem wianek \u015bwi\u0105teczny \u2013 unikatow\u0105 ozdob\u0119 na wyj\u0105tkowy, \u015bwi\u0105teczny czas.","og_url":"https:\/\/wkorcumaku.pl\/en\/product\/workshop-christmas-eve\/","og_site_name":"Kwiaciarnia W Korcu Maku Katowice","article_publisher":"https:\/\/www.facebook.com\/people\/W-KORCU-MAKU-kwiaciarnia\/100064764343595\/","article_modified_time":"2025-12-01T18:35:39+00:00","og_image":[{"width":1210,"height":1613,"url":"https:\/\/wkorcumaku.pl\/wp-content\/uploads\/2024\/11\/wianek-zimowy-z-burgundem.webp","type":"image\/webp"}],"twitter_card":"summary_large_image","twitter_misc":{"Estimated reading time":"1 minute"},"schema":{"@context":"https:\/\/schema.org","@graph":[{"@type":["WebPage","ItemPage"],"@id":"https:\/\/wkorcumaku.pl\/produkt\/warsztaty-wianek-swiateczny\/","url":"https:\/\/wkorcumaku.pl\/produkt\/warsztaty-wianek-swiateczny\/","name":"Christmas garland - creative winter workshop","isPartOf":{"@id":"https:\/\/wkorcumaku.pl\/#website"},"primaryImageOfPage":{"@id":"https:\/\/wkorcumaku.pl\/produkt\/warsztaty-wianek-swiateczny\/#primaryimage"},"image":{"@id":"https:\/\/wkorcumaku.pl\/produkt\/warsztaty-wianek-swiateczny\/#primaryimage"},"thumbnailUrl":"https:\/\/wkorcumaku.pl\/wp-content\/uploads\/2024\/11\/wianek-zimowy-z-burgundem.webp","datePublished":"2024-05-17T22:00:17+00:00","dateModified":"2025-12-01T18:35:39+00:00","description":"During the workshop you will create a natural, conifer-scented Christmas garland - a unique decoration for the special festive season.","breadcrumb":{"@id":"https:\/\/wkorcumaku.pl\/produkt\/warsztaty-wianek-swiateczny\/#breadcrumb"},"inLanguage":"en-GB","potentialAction":[{"@type":"ReadAction","target":["https:\/\/wkorcumaku.pl\/produkt\/warsztaty-wianek-swiateczny\/"]}]},{"@type":"ImageObject","inLanguage":"en-GB","@id":"https:\/\/wkorcumaku.pl\/produkt\/warsztaty-wianek-swiateczny\/#primaryimage","url":"https:\/\/wkorcumaku.pl\/wp-content\/uploads\/2024\/11\/wianek-zimowy-z-burgundem.webp","contentUrl":"https:\/\/wkorcumaku.pl\/wp-content\/uploads\/2024\/11\/wianek-zimowy-z-burgundem.webp","width":1210,"height":1613,"caption":"Naturalny wianek \u015bwi\u0105teczny z eukaliptusa i sezonowych ro\u015blin, ozdobiony satynow\u0105 wst\u0105\u017ck\u0105."},{"@type":"BreadcrumbList","@id":"https:\/\/wkorcumaku.pl\/produkt\/warsztaty-wianek-swiateczny\/#breadcrumb","itemListElement":[{"@type":"ListItem","position":1,"name":"Home","item":"https:\/\/wkorcumaku.pl\/"},{"@type":"ListItem","position":2,"name":"Sklep","item":"https:\/\/wkorcumaku.pl\/sklep\/"},{"@type":"ListItem","position":3,"name":"Wianek \u015bwi\u0105teczny"}]},{"@type":"WebSite","@id":"https:\/\/wkorcumaku.pl\/#website","url":"https:\/\/wkorcumaku.pl\/","name":"Florist W Korcu Maku Katowice","description":"This is where the magic is sown!","publisher":{"@id":"https:\/\/wkorcumaku.pl\/#organization"},"potentialAction":[{"@type":"SearchAction","target":{"@type":"EntryPoint","urlTemplate":"https:\/\/wkorcumaku.pl\/?s={search_term_string}"},"query-input":{"@type":"PropertyValueSpecification","valueRequired":true,"valueName":"search_term_string"}}],"inLanguage":"en-GB"},{"@type":"Organization","@id":"https:\/\/wkorcumaku.pl\/#organization","name":"Florist W Korcu Maku Katowice","alternateName":"Kwiaciarnia Katowice","url":"https:\/\/wkorcumaku.pl\/","logo":{"@type":"ImageObject","inLanguage":"en-GB","@id":"https:\/\/wkorcumaku.pl\/#\/schema\/logo\/image\/","url":"https:\/\/wkorcumaku.pl\/wp-content\/uploads\/2021\/12\/Przezroczyste-tlo_Logo_glowne-zielone.png","contentUrl":"https:\/\/wkorcumaku.pl\/wp-content\/uploads\/2021\/12\/Przezroczyste-tlo_Logo_glowne-zielone.png","width":1016,"height":1123,"caption":"Kwiaciarnia W Korcu Maku Katowice"},"image":{"@id":"https:\/\/wkorcumaku.pl\/#\/schema\/logo\/image\/"},"sameAs":["https:\/\/www.facebook.com\/people\/W-KORCU-MAKU-kwiaciarnia\/100064764343595\/","https:\/\/www.instagram.com\/wkorcumaku\/"]}]}},"wcpa_form_fields":{"wcpaData":{"product":{"product_price":249,"price_html":"<span class=\"woocommerce-Price-amount amount\"><bdi>249,00&nbsp;<span class=\"woocommerce-Price-currencySymbol\">&#122;&#322;<\/span><\/bdi><\/span>","original_product_price":249,"price_including_tax":249,"price_excluding_tax":249,"product_id":{"parent":993183,"variation":false},"is_variable":true,"stock_status":"outofstock","stock_quantity":0,"parent_sku":"warsztaty-wianek-swiateczny","product_attributes":{"pa_typ-warsztatow":{"is_variation":true,"values":[]},"pa_termin":{"is_variation":true,"values":[]}},"custom_fields":{"wcpa_pcf_advance_payment":"false"},"is_taxable":false},"fields":{"sec_36515d0e50e0ac":{"extra":{"key":"sec_36515d0e50e0ac","section_id":"sec_36515d0e50e0ac","name":"Default","status":1,"cl_rule":"show","enableCl":false,"relations":[],"toggle":true,"title_tag":"h3","show_title":false,"showPrice":"default","form_id":992913,"form_rules":{"exclude_from_discount":false,"fee_label":"Fee","disp_hide_options_price":false,"disp_show_section_price":false,"disp_show_field_price":true,"layout_option":"standard","pric_use_as_fee":false,"process_fee_as":"woo_fee"},"layout_option":"standard"},"fields":[[{"type":"text","elementId":"text_06515d0e50e117","label":"W przypadku ch\u0119ci zakupu jako prezentu Vouchera, prosz\u0119 o informacj\u0119 w poni\u017cszym polu. Wpisz adres email osoby obdarowanej - w formie elektronicznej lub adres dostawy drog\u0105 pocztow\u0105.","placeholder":"","pricingType":"fixed","name":"text-1676935356336","subtype":"text","cl_rule":"show","col":6,"relations":false,"active":true,"tooltip":"","error":false,"gt_translate_keys":["label","placeholder","tooltip"],"price_dependency":false,"cl_dependency":false,"value":""}]]}},"config":{"price_override":"","enable_recaptcha":false,"bind_quantity":false,"quantity_bind_formula":"","disp_summ_show_option_price":true,"disp_summ_show_product_price":true,"disp_summ_show_total_price":true,"disp_summ_show_fee":false,"disp_summ_show_discount":false,"summary_title":"","options_total_label":"Dodatkowi uczestnicy","total_label":"Podsumowanie","options_product_label":"Cena","fee_label":"Fee","discount_label":"Discount","has_price":true,"has_quantity_formula":false},"mc_unit":1,"tax_rate":1,"tax_rate_real":1,"discount":{"percentage":0,"fixed":0},"design":{"conf":{"LabelPosition":"above","DescPosition":"above","UploadField":"custom_1","QuantityFieldStyle":"default"},"css":{"LeftLabelWidth":"120px"}},"formulas":[],"clones":false,"cartKey":false}},"_links":{"self":[{"href":"https:\/\/wkorcumaku.pl\/en\/wp-json\/wp\/v2\/product\/993183","targetHints":{"allow":["GET"]}}],"collection":[{"href":"https:\/\/wkorcumaku.pl\/en\/wp-json\/wp\/v2\/product"}],"about":[{"href":"https:\/\/wkorcumaku.pl\/en\/wp-json\/wp\/v2\/types\/product"}],"version-history":[{"count":45,"href":"https:\/\/wkorcumaku.pl\/en\/wp-json\/wp\/v2\/product\/993183\/revisions"}],"predecessor-version":[{"id":997914,"href":"https:\/\/wkorcumaku.pl\/en\/wp-json\/wp\/v2\/product\/993183\/revisions\/997914"}],"wp:featuredmedia":[{"embeddable":true,"href":"https:\/\/wkorcumaku.pl\/en\/wp-json\/wp\/v2\/media\/995198"}],"wp:attachment":[{"href":"https:\/\/wkorcumaku.pl\/en\/wp-json\/wp\/v2\/media?parent=993183"}],"wp:term":[{"taxonomy":"product_brand","embeddable":true,"href":"https:\/\/wkorcumaku.pl\/en\/wp-json\/wp\/v2\/product_brand?post=993183"},{"taxonomy":"product_cat","embeddable":true,"href":"https:\/\/wkorcumaku.pl\/en\/wp-json\/wp\/v2\/product_cat?post=993183"},{"taxonomy":"product_tag","embeddable":true,"href":"https:\/\/wkorcumaku.pl\/en\/wp-json\/wp\/v2\/product_tag?post=993183"},{"taxonomy":"giftcard-category","embeddable":true,"href":"https:\/\/wkorcumaku.pl\/en\/wp-json\/wp\/v2\/giftcard-category?post=993183"}],"curies":[{"name":"wp","href":"https:\/\/api.w.org\/{rel}","templated":true}]}}