{"id":993518,"date":"2024-05-18T10:00:40","date_gmt":"2024-05-18T10:00:40","guid":{"rendered":"https:\/\/wkorcumaku.pl\/?post_type=product&#038;p=993518"},"modified":"2026-04-03T11:42:32","modified_gmt":"2026-04-03T11:42:32","slug":"voucher-workshop-2","status":"publish","type":"product","link":"https:\/\/wkorcumaku.pl\/en\/product\/voucher-workshop-2\/","title":{"rendered":"Workshop voucher"},"content":{"rendered":"","protected":false},"excerpt":{"rendered":"<p>I organise workshops for both groups and individuals (currently a bouquet making workshop).<br \/>\nThe venue is the space of the W Korcu Maku flower shop, which gives the events a unique setting.<br \/>\nThe wide range of material available provides freedom to create.<br \/>\nGroup workshops are an ideal opportunity to meet new people.<br \/>\nA friendly atmosphere and my support in the creation process is a guaranteed success!!! \ud83d\ude42<br \/>\nA maximum of 7 people will participate in the group meeting.<br \/>\nI will keep the date updated via social media.<\/p>\n<p>These will take place on a fixed date, once a minimum of three people have signed up.<\/p>\n<p>A floral soiree or a creative get-together among friends, family or perhaps a team-building workshop for your team members?<br \/>\nI'm open to your suggestions for themes, workshop locations - there are plenty of creative solutions.<br \/>\nFeel free to contact me:)<\/p>\n<p><em>The voucher can also be collected from the florist.<\/em><\/p>\n<p><em>By purchasing you accept the terms and conditions of the workshop: <a style=\"color: #26619c;\" href=\"https:\/\/wkorcumaku.pl\/en\/florist-workshop-regulations\/\">Florist workshop regulations<\/a><\/em><\/p>","protected":false},"featured_media":994856,"template":"","meta":[],"product_brand":[],"product_cat":[368],"product_tag":[],"giftcard-category":[],"class_list":{"0":"post-993518","1":"product","2":"type-product","3":"status-publish","4":"has-post-thumbnail","6":"product_cat-warsztaty","7":"wcpa_has_options","9":"first","10":"instock","11":"shipping-taxable","12":"purchasable","13":"product-type-variable","14":"has-default-attributes"},"yoast_head":"<!-- This site is optimized with the Yoast SEO plugin v27.1.1 - https:\/\/yoast.com\/product\/yoast-seo-wordpress\/ -->\n<title>Voucher warsztatowy - Kwiaciarnia W Korcu Maku Katowice<\/title>\n<meta name=\"description\" content=\"Podaruj kreatywno\u015b\u0107! Voucher na warsztaty florystyczne w Katowicach to wyj\u0105tkowy prezent dla mi\u0142o\u015bnik\u00f3w kwiat\u00f3w. Do wykorzystania na dowolne zaj\u0119cia.\" \/>\n<meta name=\"robots\" content=\"index, follow, max-snippet:-1, max-image-preview:large, max-video-preview:-1\" \/>\n<link rel=\"canonical\" href=\"https:\/\/wkorcumaku.pl\/en\/product\/voucher-workshop-2\/\" \/>\n<meta property=\"og:locale\" content=\"en_GB\" \/>\n<meta property=\"og:type\" content=\"article\" \/>\n<meta property=\"og:title\" content=\"Voucher warsztatowy - Kwiaciarnia W Korcu Maku Katowice\" \/>\n<meta property=\"og:description\" content=\"Podaruj kreatywno\u015b\u0107! Voucher na warsztaty florystyczne w Katowicach to wyj\u0105tkowy prezent dla mi\u0142o\u015bnik\u00f3w kwiat\u00f3w. Do wykorzystania na dowolne zaj\u0119cia.\" \/>\n<meta property=\"og:url\" content=\"https:\/\/wkorcumaku.pl\/en\/product\/voucher-workshop-2\/\" \/>\n<meta property=\"og:site_name\" content=\"Kwiaciarnia W Korcu Maku Katowice\" \/>\n<meta property=\"article:publisher\" content=\"https:\/\/www.facebook.com\/people\/W-KORCU-MAKU-kwiaciarnia\/100064764343595\/\" \/>\n<meta property=\"article:modified_time\" content=\"2026-04-03T11:42:32+00:00\" \/>\n<meta property=\"og:image\" content=\"https:\/\/wkorcumaku.pl\/wp-content\/uploads\/2024\/05\/voucher-podarunkowy.webp\" \/>\n\t<meta property=\"og:image:width\" content=\"1210\" \/>\n\t<meta property=\"og:image:height\" content=\"1613\" \/>\n\t<meta property=\"og:image:type\" content=\"image\/webp\" \/>\n<meta name=\"twitter:card\" content=\"summary_large_image\" \/>\n<meta name=\"twitter:label1\" content=\"Estimated reading time\" \/>\n\t<meta name=\"twitter:data1\" content=\"1 minute\" \/>\n<script type=\"application\/ld+json\" class=\"yoast-schema-graph\">{\"@context\":\"https:\/\/schema.org\",\"@graph\":[{\"@type\":[\"WebPage\",\"ItemPage\"],\"@id\":\"https:\/\/wkorcumaku.pl\/produkt\/voucher-warsztatowy\/\",\"url\":\"https:\/\/wkorcumaku.pl\/produkt\/voucher-warsztatowy\/\",\"name\":\"Voucher warsztatowy - Kwiaciarnia W Korcu Maku Katowice\",\"isPartOf\":{\"@id\":\"https:\/\/wkorcumaku.pl\/#website\"},\"primaryImageOfPage\":{\"@id\":\"https:\/\/wkorcumaku.pl\/produkt\/voucher-warsztatowy\/#primaryimage\"},\"image\":{\"@id\":\"https:\/\/wkorcumaku.pl\/produkt\/voucher-warsztatowy\/#primaryimage\"},\"thumbnailUrl\":\"https:\/\/wkorcumaku.pl\/wp-content\/uploads\/2024\/05\/voucher-podarunkowy.webp\",\"datePublished\":\"2024-05-18T10:00:40+00:00\",\"dateModified\":\"2026-04-03T11:42:32+00:00\",\"description\":\"Podaruj kreatywno\u015b\u0107! Voucher na warsztaty florystyczne w Katowicach to wyj\u0105tkowy prezent dla mi\u0142o\u015bnik\u00f3w kwiat\u00f3w. Do wykorzystania na dowolne zaj\u0119cia.\",\"breadcrumb\":{\"@id\":\"https:\/\/wkorcumaku.pl\/produkt\/voucher-warsztatowy\/#breadcrumb\"},\"inLanguage\":\"en-GB\",\"potentialAction\":[{\"@type\":\"ReadAction\",\"target\":[\"https:\/\/wkorcumaku.pl\/produkt\/voucher-warsztatowy\/\"]}]},{\"@type\":\"ImageObject\",\"inLanguage\":\"en-GB\",\"@id\":\"https:\/\/wkorcumaku.pl\/produkt\/voucher-warsztatowy\/#primaryimage\",\"url\":\"https:\/\/wkorcumaku.pl\/wp-content\/uploads\/2024\/05\/voucher-podarunkowy.webp\",\"contentUrl\":\"https:\/\/wkorcumaku.pl\/wp-content\/uploads\/2024\/05\/voucher-podarunkowy.webp\",\"width\":1210,\"height\":1613,\"caption\":\"voucher prezentowy\"},{\"@type\":\"BreadcrumbList\",\"@id\":\"https:\/\/wkorcumaku.pl\/produkt\/voucher-warsztatowy\/#breadcrumb\",\"itemListElement\":[{\"@type\":\"ListItem\",\"position\":1,\"name\":\"Home\",\"item\":\"https:\/\/wkorcumaku.pl\/\"},{\"@type\":\"ListItem\",\"position\":2,\"name\":\"Sklep\",\"item\":\"https:\/\/wkorcumaku.pl\/sklep\/\"},{\"@type\":\"ListItem\",\"position\":3,\"name\":\"Voucher warsztatowy\"}]},{\"@type\":\"WebSite\",\"@id\":\"https:\/\/wkorcumaku.pl\/#website\",\"url\":\"https:\/\/wkorcumaku.pl\/\",\"name\":\"Kwiaciarnia W Korcu Maku Katowice\",\"description\":\"Tu sieje si\u0119 magia!\",\"publisher\":{\"@id\":\"https:\/\/wkorcumaku.pl\/#organization\"},\"potentialAction\":[{\"@type\":\"SearchAction\",\"target\":{\"@type\":\"EntryPoint\",\"urlTemplate\":\"https:\/\/wkorcumaku.pl\/?s={search_term_string}\"},\"query-input\":{\"@type\":\"PropertyValueSpecification\",\"valueRequired\":true,\"valueName\":\"search_term_string\"}}],\"inLanguage\":\"en-GB\"},{\"@type\":\"Organization\",\"@id\":\"https:\/\/wkorcumaku.pl\/#organization\",\"name\":\"Kwiaciarnia W Korcu Maku Katowice\",\"alternateName\":\"Kwiaciarnia Katowice\",\"url\":\"https:\/\/wkorcumaku.pl\/\",\"logo\":{\"@type\":\"ImageObject\",\"inLanguage\":\"en-GB\",\"@id\":\"https:\/\/wkorcumaku.pl\/#\/schema\/logo\/image\/\",\"url\":\"https:\/\/wkorcumaku.pl\/wp-content\/uploads\/2021\/12\/Przezroczyste-tlo_Logo_glowne-zielone.png\",\"contentUrl\":\"https:\/\/wkorcumaku.pl\/wp-content\/uploads\/2021\/12\/Przezroczyste-tlo_Logo_glowne-zielone.png\",\"width\":1016,\"height\":1123,\"caption\":\"Kwiaciarnia W Korcu Maku Katowice\"},\"image\":{\"@id\":\"https:\/\/wkorcumaku.pl\/#\/schema\/logo\/image\/\"},\"sameAs\":[\"https:\/\/www.facebook.com\/people\/W-KORCU-MAKU-kwiaciarnia\/100064764343595\/\",\"https:\/\/www.instagram.com\/wkorcumaku\/\"]}]}<\/script>\n<!-- \/ Yoast SEO plugin. -->","yoast_head_json":{"title":"Workshop voucher - Florist W Korcu Maku Katowice","description":"Give the gift of creativity! A voucher for a florist workshop in Katowice is a unique gift for flower lovers. To be used for any of the classes.","robots":{"index":"index","follow":"follow","max-snippet":"max-snippet:-1","max-image-preview":"max-image-preview:large","max-video-preview":"max-video-preview:-1"},"canonical":"https:\/\/wkorcumaku.pl\/en\/product\/voucher-workshop-2\/","og_locale":"en_GB","og_type":"article","og_title":"Voucher warsztatowy - Kwiaciarnia W Korcu Maku Katowice","og_description":"Podaruj kreatywno\u015b\u0107! Voucher na warsztaty florystyczne w Katowicach to wyj\u0105tkowy prezent dla mi\u0142o\u015bnik\u00f3w kwiat\u00f3w. Do wykorzystania na dowolne zaj\u0119cia.","og_url":"https:\/\/wkorcumaku.pl\/en\/product\/voucher-workshop-2\/","og_site_name":"Kwiaciarnia W Korcu Maku Katowice","article_publisher":"https:\/\/www.facebook.com\/people\/W-KORCU-MAKU-kwiaciarnia\/100064764343595\/","article_modified_time":"2026-04-03T11:42:32+00:00","og_image":[{"width":1210,"height":1613,"url":"https:\/\/wkorcumaku.pl\/wp-content\/uploads\/2024\/05\/voucher-podarunkowy.webp","type":"image\/webp"}],"twitter_card":"summary_large_image","twitter_misc":{"Estimated reading time":"1 minute"},"schema":{"@context":"https:\/\/schema.org","@graph":[{"@type":["WebPage","ItemPage"],"@id":"https:\/\/wkorcumaku.pl\/produkt\/voucher-warsztatowy\/","url":"https:\/\/wkorcumaku.pl\/produkt\/voucher-warsztatowy\/","name":"Workshop voucher - Florist W Korcu Maku Katowice","isPartOf":{"@id":"https:\/\/wkorcumaku.pl\/#website"},"primaryImageOfPage":{"@id":"https:\/\/wkorcumaku.pl\/produkt\/voucher-warsztatowy\/#primaryimage"},"image":{"@id":"https:\/\/wkorcumaku.pl\/produkt\/voucher-warsztatowy\/#primaryimage"},"thumbnailUrl":"https:\/\/wkorcumaku.pl\/wp-content\/uploads\/2024\/05\/voucher-podarunkowy.webp","datePublished":"2024-05-18T10:00:40+00:00","dateModified":"2026-04-03T11:42:32+00:00","description":"Give the gift of creativity! A voucher for a florist workshop in Katowice is a unique gift for flower lovers. To be used for any of the classes.","breadcrumb":{"@id":"https:\/\/wkorcumaku.pl\/produkt\/voucher-warsztatowy\/#breadcrumb"},"inLanguage":"en-GB","potentialAction":[{"@type":"ReadAction","target":["https:\/\/wkorcumaku.pl\/produkt\/voucher-warsztatowy\/"]}]},{"@type":"ImageObject","inLanguage":"en-GB","@id":"https:\/\/wkorcumaku.pl\/produkt\/voucher-warsztatowy\/#primaryimage","url":"https:\/\/wkorcumaku.pl\/wp-content\/uploads\/2024\/05\/voucher-podarunkowy.webp","contentUrl":"https:\/\/wkorcumaku.pl\/wp-content\/uploads\/2024\/05\/voucher-podarunkowy.webp","width":1210,"height":1613,"caption":"voucher prezentowy"},{"@type":"BreadcrumbList","@id":"https:\/\/wkorcumaku.pl\/produkt\/voucher-warsztatowy\/#breadcrumb","itemListElement":[{"@type":"ListItem","position":1,"name":"Home","item":"https:\/\/wkorcumaku.pl\/"},{"@type":"ListItem","position":2,"name":"Sklep","item":"https:\/\/wkorcumaku.pl\/sklep\/"},{"@type":"ListItem","position":3,"name":"Voucher warsztatowy"}]},{"@type":"WebSite","@id":"https:\/\/wkorcumaku.pl\/#website","url":"https:\/\/wkorcumaku.pl\/","name":"Florist W Korcu Maku Katowice","description":"This is where the magic is sown!","publisher":{"@id":"https:\/\/wkorcumaku.pl\/#organization"},"potentialAction":[{"@type":"SearchAction","target":{"@type":"EntryPoint","urlTemplate":"https:\/\/wkorcumaku.pl\/?s={search_term_string}"},"query-input":{"@type":"PropertyValueSpecification","valueRequired":true,"valueName":"search_term_string"}}],"inLanguage":"en-GB"},{"@type":"Organization","@id":"https:\/\/wkorcumaku.pl\/#organization","name":"Florist W Korcu Maku Katowice","alternateName":"Kwiaciarnia Katowice","url":"https:\/\/wkorcumaku.pl\/","logo":{"@type":"ImageObject","inLanguage":"en-GB","@id":"https:\/\/wkorcumaku.pl\/#\/schema\/logo\/image\/","url":"https:\/\/wkorcumaku.pl\/wp-content\/uploads\/2021\/12\/Przezroczyste-tlo_Logo_glowne-zielone.png","contentUrl":"https:\/\/wkorcumaku.pl\/wp-content\/uploads\/2021\/12\/Przezroczyste-tlo_Logo_glowne-zielone.png","width":1016,"height":1123,"caption":"Kwiaciarnia W Korcu Maku Katowice"},"image":{"@id":"https:\/\/wkorcumaku.pl\/#\/schema\/logo\/image\/"},"sameAs":["https:\/\/www.facebook.com\/people\/W-KORCU-MAKU-kwiaciarnia\/100064764343595\/","https:\/\/www.instagram.com\/wkorcumaku\/"]}]}},"wcpa_form_fields":{"wcpaData":{"product":{"product_price":199,"price_html":"od &nbsp; <span class=\"woocommerce-Price-amount amount\"><bdi>199,00&nbsp;<span class=\"woocommerce-Price-currencySymbol\">&#122;&#322;<\/span><\/bdi><\/span>","original_product_price":199,"price_including_tax":199,"price_excluding_tax":199,"product_id":{"parent":993518,"variation":false},"is_variable":true,"stock_status":"instock","stock_quantity":null,"parent_sku":"voucher-warsztatowy","product_attributes":{"pa_voucher":{"is_variation":true,"values":[]}},"custom_fields":{"wcpa_pcf_advance_payment":"false"},"is_taxable":false},"fields":{"sec_76580b4691338f":{"extra":{"key":"sec_76580b4691338f","section_id":"sec_76580b4691338f","name":"Default","status":1,"cl_rule":"show","enableCl":false,"relations":[],"toggle":true,"title_tag":"h3","show_title":false,"showPrice":"default","form_id":993529,"form_rules":{"exclude_from_discount":false,"fee_label":"Fee","disp_hide_options_price":false,"disp_show_section_price":false,"disp_show_field_price":true,"layout_option":"standard","pric_use_as_fee":false,"process_fee_as":"woo_fee"},"layout_option":"standard"},"fields":[[{"active":true,"col":6,"relations":false,"cl_rule":"show","enableCl":false,"price":"","enablePrice":false,"className":"","label_position":"default","desc_position":"default","type":"textarea","required":false,"elementId":"textarea_3397003190","label":"Wpisz imi\u0119, nazwisko oraz email osoby obdarowanej a voucher wy\u015blemy e-mailem lub podaj pe\u0142ny adres dla wysy\u0142ki poczt\u0105.","name":"textarea_3397003190","value":"","rows":2,"error":false,"gt_translate_keys":["label","value"],"price_dependency":false,"cl_dependency":false}]]}},"config":{"price_override":"","enable_recaptcha":false,"bind_quantity":false,"quantity_bind_formula":"","disp_summ_show_option_price":true,"disp_summ_show_product_price":true,"disp_summ_show_total_price":true,"disp_summ_show_fee":false,"disp_summ_show_discount":false,"summary_title":"","options_total_label":"Dodatkowi uczestnicy","total_label":"Podsumowanie","options_product_label":"Cena","fee_label":"Fee","discount_label":"Discount","has_price":true,"has_quantity_formula":false},"mc_unit":1,"tax_rate":1,"tax_rate_real":1,"discount":{"percentage":0,"fixed":0},"design":{"conf":{"LabelPosition":"above","DescPosition":"above","UploadField":"custom_1","QuantityFieldStyle":"default"},"css":{"LeftLabelWidth":"120px"}},"formulas":[],"clones":false,"cartKey":false}},"_links":{"self":[{"href":"https:\/\/wkorcumaku.pl\/en\/wp-json\/wp\/v2\/product\/993518","targetHints":{"allow":["GET"]}}],"collection":[{"href":"https:\/\/wkorcumaku.pl\/en\/wp-json\/wp\/v2\/product"}],"about":[{"href":"https:\/\/wkorcumaku.pl\/en\/wp-json\/wp\/v2\/types\/product"}],"version-history":[{"count":8,"href":"https:\/\/wkorcumaku.pl\/en\/wp-json\/wp\/v2\/product\/993518\/revisions"}],"predecessor-version":[{"id":996319,"href":"https:\/\/wkorcumaku.pl\/en\/wp-json\/wp\/v2\/product\/993518\/revisions\/996319"}],"wp:featuredmedia":[{"embeddable":true,"href":"https:\/\/wkorcumaku.pl\/en\/wp-json\/wp\/v2\/media\/994856"}],"wp:attachment":[{"href":"https:\/\/wkorcumaku.pl\/en\/wp-json\/wp\/v2\/media?parent=993518"}],"wp:term":[{"taxonomy":"product_brand","embeddable":true,"href":"https:\/\/wkorcumaku.pl\/en\/wp-json\/wp\/v2\/product_brand?post=993518"},{"taxonomy":"product_cat","embeddable":true,"href":"https:\/\/wkorcumaku.pl\/en\/wp-json\/wp\/v2\/product_cat?post=993518"},{"taxonomy":"product_tag","embeddable":true,"href":"https:\/\/wkorcumaku.pl\/en\/wp-json\/wp\/v2\/product_tag?post=993518"},{"taxonomy":"giftcard-category","embeddable":true,"href":"https:\/\/wkorcumaku.pl\/en\/wp-json\/wp\/v2\/giftcard-category?post=993518"}],"curies":[{"name":"wp","href":"https:\/\/api.w.org\/{rel}","templated":true}]}}