{"id":993552,"date":"2023-12-17T18:25:59","date_gmt":"2023-12-17T18:25:59","guid":{"rendered":"https:\/\/wkorcumaku.pl\/?post_type=product&#038;p=993552"},"modified":"2025-10-05T07:42:02","modified_gmt":"2025-10-05T07:42:02","slug":"workshop-arrangement-van","status":"publish","type":"product","link":"https:\/\/wkorcumaku.pl\/en\/product\/workshop-arrangement-van\/","title":{"rendered":"Vase arrangement workshop"},"content":{"rendered":"","protected":false},"excerpt":{"rendered":"<p>I would like to invite you to a workshop on arranging compositions in a vase.<br \/>\n<br \/>There will be a choice of vase on site.<br \/>\n<br \/>I will be happy to support you in the creative process and the finished work will remain your property.<br \/>\n<br \/>I will take care of the necessary materials to give you the space for artistic exploration.<br \/>\n<br \/>We will practise arranging on live as well as dried flowers.<br \/>\n<br \/><em>Duration approx. 2-3 hours.<\/em><\/p>\n<p>The class will be held at my flower shop W KORCU MAKU in Katowice.<br \/>\n<br \/>In an aesthetically pleasing and stylish environment, conducive to artistic exploration.<\/p>\n<p>This workshop is suitable for someone with no floristry experience.<\/p>\n<p>Friendly atmosphere and creative success guaranteed!<\/p>\n<p><strong>Additional information:<\/strong><br \/>\n<br \/><em>Seat reservations required.<\/em> <\/p>\n<p><strong><em>Possibility of making a gift voucher for the workshop<\/em> \ud83d\ude42<\/strong><\/p>\n<p>Why is it worth it?<br \/>\n<br \/>- You will gain new skills, make friends with flowers, perhaps ignite a new passion and have a great time.<br \/>\n<br \/>- Workshop activities develop manual skills, imagination and creativity.<br \/>\n<br \/>- Performing a creative task is a lot of fun and satisfaction, find out how it feels:)<br \/>\n<br \/>- Contact with natural plant material relaxes and puts you in a serene mood.<br \/>\n<br \/>- This is an opportunity to build new relationships.<br \/>\n<br \/>- A unique gift for someone\/ for yourself\/ a joint workshop with a loved one.\n<\/p>\n<p style=\"color:#F54B3E; font-size:20px\">Deadline: Achieved<\/p>","protected":false},"featured_media":993554,"template":"","meta":[],"product_brand":[],"product_cat":[368],"product_tag":[],"giftcard-category":[],"class_list":{"0":"post-993552","1":"product","2":"type-product","3":"status-publish","4":"has-post-thumbnail","6":"product_cat-warsztaty","7":"wcpa_has_options","9":"first","10":"outofstock","11":"shipping-taxable","12":"purchasable","13":"product-type-variable","14":"has-default-attributes"},"yoast_head":"<!-- This site is optimized with the Yoast SEO plugin v27.1.1 - https:\/\/yoast.com\/product\/yoast-seo-wordpress\/ -->\n<title>Warsztaty aran\u017cacji wazonu - Kwiaciarnia W Korcu Maku Katowice<\/title>\n<meta name=\"description\" content=\"Podczas warsztat\u00f3w zapoznamy si\u0119 z techniczn\u0105 oraz artystyczn\u0105 stron\u0105 uk\u0142adania kwiat\u00f3w ci\u0119tych. Przyjazna atmosfera oraz sukces tw\u00f3rczy gwarantowany!\" \/>\n<meta name=\"robots\" content=\"index, follow, max-snippet:-1, max-image-preview:large, max-video-preview:-1\" \/>\n<link rel=\"canonical\" href=\"https:\/\/wkorcumaku.pl\/en\/product\/workshop-arrangement-van\/\" \/>\n<meta property=\"og:locale\" content=\"en_GB\" \/>\n<meta property=\"og:type\" content=\"article\" \/>\n<meta property=\"og:title\" content=\"Warsztaty aran\u017cacji wazonu - Kwiaciarnia W Korcu Maku Katowice\" \/>\n<meta property=\"og:description\" content=\"Podczas warsztat\u00f3w zapoznamy si\u0119 z techniczn\u0105 oraz artystyczn\u0105 stron\u0105 uk\u0142adania kwiat\u00f3w ci\u0119tych. Przyjazna atmosfera oraz sukces tw\u00f3rczy gwarantowany!\" \/>\n<meta property=\"og:url\" content=\"https:\/\/wkorcumaku.pl\/en\/product\/workshop-arrangement-van\/\" \/>\n<meta property=\"og:site_name\" content=\"Kwiaciarnia W Korcu Maku Katowice\" \/>\n<meta property=\"article:publisher\" content=\"https:\/\/www.facebook.com\/people\/W-KORCU-MAKU-kwiaciarnia\/100064764343595\/\" \/>\n<meta property=\"article:modified_time\" content=\"2025-10-05T07:42:02+00:00\" \/>\n<meta property=\"og:image\" content=\"https:\/\/wkorcumaku.pl\/wp-content\/uploads\/2024\/01\/warszaty-kwiaty-w-wazonie.webp\" \/>\n\t<meta property=\"og:image:width\" content=\"1094\" \/>\n\t<meta property=\"og:image:height\" content=\"1459\" \/>\n\t<meta property=\"og:image:type\" content=\"image\/webp\" \/>\n<meta name=\"twitter:card\" content=\"summary_large_image\" \/>\n<meta name=\"twitter:label1\" content=\"Estimated reading time\" \/>\n\t<meta name=\"twitter:data1\" content=\"1 minute\" \/>\n<script type=\"application\/ld+json\" class=\"yoast-schema-graph\">{\"@context\":\"https:\/\/schema.org\",\"@graph\":[{\"@type\":[\"WebPage\",\"ItemPage\"],\"@id\":\"https:\/\/wkorcumaku.pl\/produkt\/warsztaty-aranzacji-wazonu\/\",\"url\":\"https:\/\/wkorcumaku.pl\/produkt\/warsztaty-aranzacji-wazonu\/\",\"name\":\"Warsztaty aran\u017cacji wazonu - Kwiaciarnia W Korcu Maku Katowice\",\"isPartOf\":{\"@id\":\"https:\/\/wkorcumaku.pl\/#website\"},\"primaryImageOfPage\":{\"@id\":\"https:\/\/wkorcumaku.pl\/produkt\/warsztaty-aranzacji-wazonu\/#primaryimage\"},\"image\":{\"@id\":\"https:\/\/wkorcumaku.pl\/produkt\/warsztaty-aranzacji-wazonu\/#primaryimage\"},\"thumbnailUrl\":\"https:\/\/wkorcumaku.pl\/wp-content\/uploads\/2024\/01\/warszaty-kwiaty-w-wazonie.webp\",\"datePublished\":\"2023-12-17T18:25:59+00:00\",\"dateModified\":\"2025-10-05T07:42:02+00:00\",\"description\":\"Podczas warsztat\u00f3w zapoznamy si\u0119 z techniczn\u0105 oraz artystyczn\u0105 stron\u0105 uk\u0142adania kwiat\u00f3w ci\u0119tych. Przyjazna atmosfera oraz sukces tw\u00f3rczy gwarantowany!\",\"breadcrumb\":{\"@id\":\"https:\/\/wkorcumaku.pl\/produkt\/warsztaty-aranzacji-wazonu\/#breadcrumb\"},\"inLanguage\":\"en-GB\",\"potentialAction\":[{\"@type\":\"ReadAction\",\"target\":[\"https:\/\/wkorcumaku.pl\/produkt\/warsztaty-aranzacji-wazonu\/\"]}]},{\"@type\":\"ImageObject\",\"inLanguage\":\"en-GB\",\"@id\":\"https:\/\/wkorcumaku.pl\/produkt\/warsztaty-aranzacji-wazonu\/#primaryimage\",\"url\":\"https:\/\/wkorcumaku.pl\/wp-content\/uploads\/2024\/01\/warszaty-kwiaty-w-wazonie.webp\",\"contentUrl\":\"https:\/\/wkorcumaku.pl\/wp-content\/uploads\/2024\/01\/warszaty-kwiaty-w-wazonie.webp\",\"width\":1094,\"height\":1459,\"caption\":\"Warsztaty aran\u017cacji wazonu\"},{\"@type\":\"BreadcrumbList\",\"@id\":\"https:\/\/wkorcumaku.pl\/produkt\/warsztaty-aranzacji-wazonu\/#breadcrumb\",\"itemListElement\":[{\"@type\":\"ListItem\",\"position\":1,\"name\":\"Home\",\"item\":\"https:\/\/wkorcumaku.pl\/\"},{\"@type\":\"ListItem\",\"position\":2,\"name\":\"Sklep\",\"item\":\"https:\/\/wkorcumaku.pl\/sklep\/\"},{\"@type\":\"ListItem\",\"position\":3,\"name\":\"Warsztaty aran\u017cacji wazonu\"}]},{\"@type\":\"WebSite\",\"@id\":\"https:\/\/wkorcumaku.pl\/#website\",\"url\":\"https:\/\/wkorcumaku.pl\/\",\"name\":\"Kwiaciarnia W Korcu Maku Katowice\",\"description\":\"Tu sieje si\u0119 magia!\",\"publisher\":{\"@id\":\"https:\/\/wkorcumaku.pl\/#organization\"},\"potentialAction\":[{\"@type\":\"SearchAction\",\"target\":{\"@type\":\"EntryPoint\",\"urlTemplate\":\"https:\/\/wkorcumaku.pl\/?s={search_term_string}\"},\"query-input\":{\"@type\":\"PropertyValueSpecification\",\"valueRequired\":true,\"valueName\":\"search_term_string\"}}],\"inLanguage\":\"en-GB\"},{\"@type\":\"Organization\",\"@id\":\"https:\/\/wkorcumaku.pl\/#organization\",\"name\":\"Kwiaciarnia W Korcu Maku Katowice\",\"alternateName\":\"Kwiaciarnia Katowice\",\"url\":\"https:\/\/wkorcumaku.pl\/\",\"logo\":{\"@type\":\"ImageObject\",\"inLanguage\":\"en-GB\",\"@id\":\"https:\/\/wkorcumaku.pl\/#\/schema\/logo\/image\/\",\"url\":\"https:\/\/wkorcumaku.pl\/wp-content\/uploads\/2021\/12\/Przezroczyste-tlo_Logo_glowne-zielone.png\",\"contentUrl\":\"https:\/\/wkorcumaku.pl\/wp-content\/uploads\/2021\/12\/Przezroczyste-tlo_Logo_glowne-zielone.png\",\"width\":1016,\"height\":1123,\"caption\":\"Kwiaciarnia W Korcu Maku Katowice\"},\"image\":{\"@id\":\"https:\/\/wkorcumaku.pl\/#\/schema\/logo\/image\/\"},\"sameAs\":[\"https:\/\/www.facebook.com\/people\/W-KORCU-MAKU-kwiaciarnia\/100064764343595\/\",\"https:\/\/www.instagram.com\/wkorcumaku\/\"]}]}<\/script>\n<!-- \/ Yoast SEO plugin. -->","yoast_head_json":{"title":"Vase arrangement workshop - Florist W Korcu Maku Katowice","description":"In this workshop you will learn about the technical and artistic side of cut flower arranging. A friendly atmosphere and creative success are guaranteed!","robots":{"index":"index","follow":"follow","max-snippet":"max-snippet:-1","max-image-preview":"max-image-preview:large","max-video-preview":"max-video-preview:-1"},"canonical":"https:\/\/wkorcumaku.pl\/en\/product\/workshop-arrangement-van\/","og_locale":"en_GB","og_type":"article","og_title":"Warsztaty aran\u017cacji wazonu - Kwiaciarnia W Korcu Maku Katowice","og_description":"Podczas warsztat\u00f3w zapoznamy si\u0119 z techniczn\u0105 oraz artystyczn\u0105 stron\u0105 uk\u0142adania kwiat\u00f3w ci\u0119tych. Przyjazna atmosfera oraz sukces tw\u00f3rczy gwarantowany!","og_url":"https:\/\/wkorcumaku.pl\/en\/product\/workshop-arrangement-van\/","og_site_name":"Kwiaciarnia W Korcu Maku Katowice","article_publisher":"https:\/\/www.facebook.com\/people\/W-KORCU-MAKU-kwiaciarnia\/100064764343595\/","article_modified_time":"2025-10-05T07:42:02+00:00","og_image":[{"width":1094,"height":1459,"url":"https:\/\/wkorcumaku.pl\/wp-content\/uploads\/2024\/01\/warszaty-kwiaty-w-wazonie.webp","type":"image\/webp"}],"twitter_card":"summary_large_image","twitter_misc":{"Estimated reading time":"1 minute"},"schema":{"@context":"https:\/\/schema.org","@graph":[{"@type":["WebPage","ItemPage"],"@id":"https:\/\/wkorcumaku.pl\/produkt\/warsztaty-aranzacji-wazonu\/","url":"https:\/\/wkorcumaku.pl\/produkt\/warsztaty-aranzacji-wazonu\/","name":"Vase arrangement workshop - Florist W Korcu Maku Katowice","isPartOf":{"@id":"https:\/\/wkorcumaku.pl\/#website"},"primaryImageOfPage":{"@id":"https:\/\/wkorcumaku.pl\/produkt\/warsztaty-aranzacji-wazonu\/#primaryimage"},"image":{"@id":"https:\/\/wkorcumaku.pl\/produkt\/warsztaty-aranzacji-wazonu\/#primaryimage"},"thumbnailUrl":"https:\/\/wkorcumaku.pl\/wp-content\/uploads\/2024\/01\/warszaty-kwiaty-w-wazonie.webp","datePublished":"2023-12-17T18:25:59+00:00","dateModified":"2025-10-05T07:42:02+00:00","description":"In this workshop you will learn about the technical and artistic side of cut flower arranging. A friendly atmosphere and creative success are guaranteed!","breadcrumb":{"@id":"https:\/\/wkorcumaku.pl\/produkt\/warsztaty-aranzacji-wazonu\/#breadcrumb"},"inLanguage":"en-GB","potentialAction":[{"@type":"ReadAction","target":["https:\/\/wkorcumaku.pl\/produkt\/warsztaty-aranzacji-wazonu\/"]}]},{"@type":"ImageObject","inLanguage":"en-GB","@id":"https:\/\/wkorcumaku.pl\/produkt\/warsztaty-aranzacji-wazonu\/#primaryimage","url":"https:\/\/wkorcumaku.pl\/wp-content\/uploads\/2024\/01\/warszaty-kwiaty-w-wazonie.webp","contentUrl":"https:\/\/wkorcumaku.pl\/wp-content\/uploads\/2024\/01\/warszaty-kwiaty-w-wazonie.webp","width":1094,"height":1459,"caption":"Warsztaty aran\u017cacji wazonu"},{"@type":"BreadcrumbList","@id":"https:\/\/wkorcumaku.pl\/produkt\/warsztaty-aranzacji-wazonu\/#breadcrumb","itemListElement":[{"@type":"ListItem","position":1,"name":"Home","item":"https:\/\/wkorcumaku.pl\/"},{"@type":"ListItem","position":2,"name":"Sklep","item":"https:\/\/wkorcumaku.pl\/sklep\/"},{"@type":"ListItem","position":3,"name":"Warsztaty aran\u017cacji wazonu"}]},{"@type":"WebSite","@id":"https:\/\/wkorcumaku.pl\/#website","url":"https:\/\/wkorcumaku.pl\/","name":"Florist W Korcu Maku Katowice","description":"This is where the magic is sown!","publisher":{"@id":"https:\/\/wkorcumaku.pl\/#organization"},"potentialAction":[{"@type":"SearchAction","target":{"@type":"EntryPoint","urlTemplate":"https:\/\/wkorcumaku.pl\/?s={search_term_string}"},"query-input":{"@type":"PropertyValueSpecification","valueRequired":true,"valueName":"search_term_string"}}],"inLanguage":"en-GB"},{"@type":"Organization","@id":"https:\/\/wkorcumaku.pl\/#organization","name":"Florist W Korcu Maku Katowice","alternateName":"Kwiaciarnia Katowice","url":"https:\/\/wkorcumaku.pl\/","logo":{"@type":"ImageObject","inLanguage":"en-GB","@id":"https:\/\/wkorcumaku.pl\/#\/schema\/logo\/image\/","url":"https:\/\/wkorcumaku.pl\/wp-content\/uploads\/2021\/12\/Przezroczyste-tlo_Logo_glowne-zielone.png","contentUrl":"https:\/\/wkorcumaku.pl\/wp-content\/uploads\/2021\/12\/Przezroczyste-tlo_Logo_glowne-zielone.png","width":1016,"height":1123,"caption":"Kwiaciarnia W Korcu Maku Katowice"},"image":{"@id":"https:\/\/wkorcumaku.pl\/#\/schema\/logo\/image\/"},"sameAs":["https:\/\/www.facebook.com\/people\/W-KORCU-MAKU-kwiaciarnia\/100064764343595\/","https:\/\/www.instagram.com\/wkorcumaku\/"]}]}},"wcpa_form_fields":{"wcpaData":{"product":{"product_price":279,"price_html":"<span class=\"woocommerce-Price-amount amount\"><bdi>279,00&nbsp;<span class=\"woocommerce-Price-currencySymbol\">&#122;&#322;<\/span><\/bdi><\/span>","original_product_price":279,"price_including_tax":279,"price_excluding_tax":279,"product_id":{"parent":993552,"variation":false},"is_variable":true,"stock_status":"outofstock","stock_quantity":0,"parent_sku":"warsztaty-aranzacji-wazonu","product_attributes":{"pa_wazon":{"is_variation":true,"values":[]}},"custom_fields":{"wcpa_pcf_advance_payment":"false"},"is_taxable":false},"fields":{"sec_36515d0e50e0ac":{"extra":{"key":"sec_36515d0e50e0ac","section_id":"sec_36515d0e50e0ac","name":"Default","status":1,"cl_rule":"show","enableCl":false,"relations":[],"toggle":true,"title_tag":"h3","show_title":false,"showPrice":"default","form_id":992913,"form_rules":{"exclude_from_discount":false,"fee_label":"Fee","disp_hide_options_price":false,"disp_show_section_price":false,"disp_show_field_price":true,"layout_option":"standard","pric_use_as_fee":false,"process_fee_as":"woo_fee"},"layout_option":"standard"},"fields":[[{"type":"text","elementId":"text_06515d0e50e117","label":"W przypadku ch\u0119ci zakupu jako prezentu Vouchera, prosz\u0119 o informacj\u0119 w poni\u017cszym polu. Wpisz adres email osoby obdarowanej - w formie elektronicznej lub adres dostawy drog\u0105 pocztow\u0105.","placeholder":"","pricingType":"fixed","name":"text-1676935356336","subtype":"text","cl_rule":"show","col":6,"relations":false,"active":true,"tooltip":"","error":false,"gt_translate_keys":["label","placeholder","tooltip"],"price_dependency":false,"cl_dependency":false,"value":""}]]}},"config":{"price_override":"","enable_recaptcha":false,"bind_quantity":false,"quantity_bind_formula":"","disp_summ_show_option_price":true,"disp_summ_show_product_price":true,"disp_summ_show_total_price":true,"disp_summ_show_fee":false,"disp_summ_show_discount":false,"summary_title":"","options_total_label":"Dodatkowi uczestnicy","total_label":"Podsumowanie","options_product_label":"Cena","fee_label":"Fee","discount_label":"Discount","has_price":true,"has_quantity_formula":false},"mc_unit":1,"tax_rate":1,"tax_rate_real":1,"discount":{"percentage":0,"fixed":0},"design":{"conf":{"LabelPosition":"above","DescPosition":"above","UploadField":"custom_1","QuantityFieldStyle":"default"},"css":{"LeftLabelWidth":"120px"}},"formulas":[],"clones":false,"cartKey":false}},"_links":{"self":[{"href":"https:\/\/wkorcumaku.pl\/en\/wp-json\/wp\/v2\/product\/993552","targetHints":{"allow":["GET"]}}],"collection":[{"href":"https:\/\/wkorcumaku.pl\/en\/wp-json\/wp\/v2\/product"}],"about":[{"href":"https:\/\/wkorcumaku.pl\/en\/wp-json\/wp\/v2\/types\/product"}],"version-history":[{"count":2,"href":"https:\/\/wkorcumaku.pl\/en\/wp-json\/wp\/v2\/product\/993552\/revisions"}],"predecessor-version":[{"id":997502,"href":"https:\/\/wkorcumaku.pl\/en\/wp-json\/wp\/v2\/product\/993552\/revisions\/997502"}],"wp:featuredmedia":[{"embeddable":true,"href":"https:\/\/wkorcumaku.pl\/en\/wp-json\/wp\/v2\/media\/993554"}],"wp:attachment":[{"href":"https:\/\/wkorcumaku.pl\/en\/wp-json\/wp\/v2\/media?parent=993552"}],"wp:term":[{"taxonomy":"product_brand","embeddable":true,"href":"https:\/\/wkorcumaku.pl\/en\/wp-json\/wp\/v2\/product_brand?post=993552"},{"taxonomy":"product_cat","embeddable":true,"href":"https:\/\/wkorcumaku.pl\/en\/wp-json\/wp\/v2\/product_cat?post=993552"},{"taxonomy":"product_tag","embeddable":true,"href":"https:\/\/wkorcumaku.pl\/en\/wp-json\/wp\/v2\/product_tag?post=993552"},{"taxonomy":"giftcard-category","embeddable":true,"href":"https:\/\/wkorcumaku.pl\/en\/wp-json\/wp\/v2\/giftcard-category?post=993552"}],"curies":[{"name":"wp","href":"https:\/\/api.w.org\/{rel}","templated":true}]}}