{"id":994115,"date":"2024-04-16T22:01:35","date_gmt":"2024-04-16T22:01:35","guid":{"rendered":"https:\/\/wkorcumaku.pl\/?post_type=product&#038;p=994115"},"modified":"2024-12-13T23:29:14","modified_gmt":"2024-12-13T23:29:14","slug":"bouquet-mini-in-white-2","status":"publish","type":"product","link":"https:\/\/wkorcumaku.pl\/en\/product\/bouquet-mini-in-white-2\/","title":{"rendered":"MINI bridal bouquet in white"},"content":{"rendered":"","protected":false},"excerpt":{"rendered":"<p>Characterised by its graceful form, this is a delicate proposal for a small bouquet in white.<br \/>\n<br \/>Plus, with an accent of beige puffballs.<\/p>","protected":false},"featured_media":994116,"template":"","meta":[],"product_brand":[],"product_cat":[351,364],"product_tag":[],"giftcard-category":[],"class_list":{"0":"post-994115","1":"product","2":"type-product","3":"status-publish","4":"has-post-thumbnail","6":"product_cat-bukiet-slubny","7":"product_cat-slubne","9":"first","10":"onbackorder","11":"shipping-taxable","12":"purchasable","13":"product-type-simple"},"yoast_head":"<!-- This site is optimized with the Yoast SEO plugin v27.1.1 - https:\/\/yoast.com\/product\/yoast-seo-wordpress\/ -->\n<title>MINI bukiet \u015blubny w bieli - Kwiaciarnia W Korcu Maku Katowice<\/title>\n<meta name=\"description\" content=\"To charakteryzuj\u0105ca si\u0119 zgrabn\u0105 form\u0105, delikatna propozycja ma\u0142ego bukietu w bieli. Dodatkowo z akcentem be\u017cowych dmuszk\u00f3w.\" \/>\n<meta name=\"robots\" content=\"index, follow, max-snippet:-1, max-image-preview:large, max-video-preview:-1\" \/>\n<link rel=\"canonical\" href=\"https:\/\/wkorcumaku.pl\/en\/product\/bouquet-mini-in-white-2\/\" \/>\n<meta property=\"og:locale\" content=\"en_GB\" \/>\n<meta property=\"og:type\" content=\"article\" \/>\n<meta property=\"og:title\" content=\"MINI bukiet \u015blubny w bieli - Kwiaciarnia W Korcu Maku Katowice\" \/>\n<meta property=\"og:description\" content=\"To charakteryzuj\u0105ca si\u0119 zgrabn\u0105 form\u0105, delikatna propozycja ma\u0142ego bukietu w bieli. Dodatkowo z akcentem be\u017cowych dmuszk\u00f3w.\" \/>\n<meta property=\"og:url\" content=\"https:\/\/wkorcumaku.pl\/en\/product\/bouquet-mini-in-white-2\/\" \/>\n<meta property=\"og:site_name\" content=\"Kwiaciarnia W Korcu Maku Katowice\" \/>\n<meta property=\"article:publisher\" content=\"https:\/\/www.facebook.com\/people\/W-KORCU-MAKU-kwiaciarnia\/100064764343595\/\" \/>\n<meta property=\"article:modified_time\" content=\"2024-12-13T23:29:14+00:00\" \/>\n<meta property=\"og:image\" content=\"https:\/\/wkorcumaku.pl\/wp-content\/uploads\/2024\/04\/mini-bukiet-197155lubny-w-bieli-1.webp\" \/>\n\t<meta property=\"og:image:width\" content=\"1094\" \/>\n\t<meta property=\"og:image:height\" content=\"1459\" \/>\n\t<meta property=\"og:image:type\" content=\"image\/webp\" \/>\n<meta name=\"twitter:card\" content=\"summary_large_image\" \/>\n<meta name=\"twitter:label1\" content=\"Estimated reading time\" \/>\n\t<meta name=\"twitter:data1\" content=\"1 minute\" \/>\n<script type=\"application\/ld+json\" class=\"yoast-schema-graph\">{\"@context\":\"https:\/\/schema.org\",\"@graph\":[{\"@type\":[\"WebPage\",\"ItemPage\"],\"@id\":\"https:\/\/wkorcumaku.pl\/produkt\/bukiet-mini-w-bieli\/\",\"url\":\"https:\/\/wkorcumaku.pl\/produkt\/bukiet-mini-w-bieli\/\",\"name\":\"MINI bukiet \u015blubny w bieli - Kwiaciarnia W Korcu Maku Katowice\",\"isPartOf\":{\"@id\":\"https:\/\/wkorcumaku.pl\/#website\"},\"primaryImageOfPage\":{\"@id\":\"https:\/\/wkorcumaku.pl\/produkt\/bukiet-mini-w-bieli\/#primaryimage\"},\"image\":{\"@id\":\"https:\/\/wkorcumaku.pl\/produkt\/bukiet-mini-w-bieli\/#primaryimage\"},\"thumbnailUrl\":\"https:\/\/wkorcumaku.pl\/wp-content\/uploads\/2024\/04\/mini-bukiet-197155lubny-w-bieli-1.webp\",\"datePublished\":\"2024-04-16T22:01:35+00:00\",\"dateModified\":\"2024-12-13T23:29:14+00:00\",\"description\":\"To charakteryzuj\u0105ca si\u0119 zgrabn\u0105 form\u0105, delikatna propozycja ma\u0142ego bukietu w bieli. Dodatkowo z akcentem be\u017cowych dmuszk\u00f3w.\",\"breadcrumb\":{\"@id\":\"https:\/\/wkorcumaku.pl\/produkt\/bukiet-mini-w-bieli\/#breadcrumb\"},\"inLanguage\":\"en-GB\",\"potentialAction\":[{\"@type\":\"ReadAction\",\"target\":[\"https:\/\/wkorcumaku.pl\/produkt\/bukiet-mini-w-bieli\/\"]}]},{\"@type\":\"ImageObject\",\"inLanguage\":\"en-GB\",\"@id\":\"https:\/\/wkorcumaku.pl\/produkt\/bukiet-mini-w-bieli\/#primaryimage\",\"url\":\"https:\/\/wkorcumaku.pl\/wp-content\/uploads\/2024\/04\/mini-bukiet-197155lubny-w-bieli-1.webp\",\"contentUrl\":\"https:\/\/wkorcumaku.pl\/wp-content\/uploads\/2024\/04\/mini-bukiet-197155lubny-w-bieli-1.webp\",\"width\":1094,\"height\":1459,\"caption\":\"MINI bukiet \u015blubny w bieli\"},{\"@type\":\"BreadcrumbList\",\"@id\":\"https:\/\/wkorcumaku.pl\/produkt\/bukiet-mini-w-bieli\/#breadcrumb\",\"itemListElement\":[{\"@type\":\"ListItem\",\"position\":1,\"name\":\"Home\",\"item\":\"https:\/\/wkorcumaku.pl\/\"},{\"@type\":\"ListItem\",\"position\":2,\"name\":\"Sklep\",\"item\":\"https:\/\/wkorcumaku.pl\/sklep\/\"},{\"@type\":\"ListItem\",\"position\":3,\"name\":\"MINI bukiet \u015blubny w bieli\"}]},{\"@type\":\"WebSite\",\"@id\":\"https:\/\/wkorcumaku.pl\/#website\",\"url\":\"https:\/\/wkorcumaku.pl\/\",\"name\":\"Kwiaciarnia W Korcu Maku Katowice\",\"description\":\"Tu sieje si\u0119 magia!\",\"publisher\":{\"@id\":\"https:\/\/wkorcumaku.pl\/#organization\"},\"potentialAction\":[{\"@type\":\"SearchAction\",\"target\":{\"@type\":\"EntryPoint\",\"urlTemplate\":\"https:\/\/wkorcumaku.pl\/?s={search_term_string}\"},\"query-input\":{\"@type\":\"PropertyValueSpecification\",\"valueRequired\":true,\"valueName\":\"search_term_string\"}}],\"inLanguage\":\"en-GB\"},{\"@type\":\"Organization\",\"@id\":\"https:\/\/wkorcumaku.pl\/#organization\",\"name\":\"Kwiaciarnia W Korcu Maku Katowice\",\"alternateName\":\"Kwiaciarnia Katowice\",\"url\":\"https:\/\/wkorcumaku.pl\/\",\"logo\":{\"@type\":\"ImageObject\",\"inLanguage\":\"en-GB\",\"@id\":\"https:\/\/wkorcumaku.pl\/#\/schema\/logo\/image\/\",\"url\":\"https:\/\/wkorcumaku.pl\/wp-content\/uploads\/2021\/12\/Przezroczyste-tlo_Logo_glowne-zielone.png\",\"contentUrl\":\"https:\/\/wkorcumaku.pl\/wp-content\/uploads\/2021\/12\/Przezroczyste-tlo_Logo_glowne-zielone.png\",\"width\":1016,\"height\":1123,\"caption\":\"Kwiaciarnia W Korcu Maku Katowice\"},\"image\":{\"@id\":\"https:\/\/wkorcumaku.pl\/#\/schema\/logo\/image\/\"},\"sameAs\":[\"https:\/\/www.facebook.com\/people\/W-KORCU-MAKU-kwiaciarnia\/100064764343595\/\",\"https:\/\/www.instagram.com\/wkorcumaku\/\"]}]}<\/script>\n<!-- \/ Yoast SEO plugin. -->","yoast_head_json":{"title":"MINI wedding bouquet in white - Florist W Korcu Maku Katowice","description":"Characterised by its graceful form, this is a delicate proposal for a small bouquet in white. Plus an accent of beige poutine.","robots":{"index":"index","follow":"follow","max-snippet":"max-snippet:-1","max-image-preview":"max-image-preview:large","max-video-preview":"max-video-preview:-1"},"canonical":"https:\/\/wkorcumaku.pl\/en\/product\/bouquet-mini-in-white-2\/","og_locale":"en_GB","og_type":"article","og_title":"MINI bukiet \u015blubny w bieli - Kwiaciarnia W Korcu Maku Katowice","og_description":"To charakteryzuj\u0105ca si\u0119 zgrabn\u0105 form\u0105, delikatna propozycja ma\u0142ego bukietu w bieli. Dodatkowo z akcentem be\u017cowych dmuszk\u00f3w.","og_url":"https:\/\/wkorcumaku.pl\/en\/product\/bouquet-mini-in-white-2\/","og_site_name":"Kwiaciarnia W Korcu Maku Katowice","article_publisher":"https:\/\/www.facebook.com\/people\/W-KORCU-MAKU-kwiaciarnia\/100064764343595\/","article_modified_time":"2024-12-13T23:29:14+00:00","og_image":[{"width":1094,"height":1459,"url":"https:\/\/wkorcumaku.pl\/wp-content\/uploads\/2024\/04\/mini-bukiet-197155lubny-w-bieli-1.webp","type":"image\/webp"}],"twitter_card":"summary_large_image","twitter_misc":{"Estimated reading time":"1 minute"},"schema":{"@context":"https:\/\/schema.org","@graph":[{"@type":["WebPage","ItemPage"],"@id":"https:\/\/wkorcumaku.pl\/produkt\/bukiet-mini-w-bieli\/","url":"https:\/\/wkorcumaku.pl\/produkt\/bukiet-mini-w-bieli\/","name":"MINI wedding bouquet in white - Florist W Korcu Maku Katowice","isPartOf":{"@id":"https:\/\/wkorcumaku.pl\/#website"},"primaryImageOfPage":{"@id":"https:\/\/wkorcumaku.pl\/produkt\/bukiet-mini-w-bieli\/#primaryimage"},"image":{"@id":"https:\/\/wkorcumaku.pl\/produkt\/bukiet-mini-w-bieli\/#primaryimage"},"thumbnailUrl":"https:\/\/wkorcumaku.pl\/wp-content\/uploads\/2024\/04\/mini-bukiet-197155lubny-w-bieli-1.webp","datePublished":"2024-04-16T22:01:35+00:00","dateModified":"2024-12-13T23:29:14+00:00","description":"Characterised by its graceful form, this is a delicate proposal for a small bouquet in white. Plus an accent of beige poutine.","breadcrumb":{"@id":"https:\/\/wkorcumaku.pl\/produkt\/bukiet-mini-w-bieli\/#breadcrumb"},"inLanguage":"en-GB","potentialAction":[{"@type":"ReadAction","target":["https:\/\/wkorcumaku.pl\/produkt\/bukiet-mini-w-bieli\/"]}]},{"@type":"ImageObject","inLanguage":"en-GB","@id":"https:\/\/wkorcumaku.pl\/produkt\/bukiet-mini-w-bieli\/#primaryimage","url":"https:\/\/wkorcumaku.pl\/wp-content\/uploads\/2024\/04\/mini-bukiet-197155lubny-w-bieli-1.webp","contentUrl":"https:\/\/wkorcumaku.pl\/wp-content\/uploads\/2024\/04\/mini-bukiet-197155lubny-w-bieli-1.webp","width":1094,"height":1459,"caption":"MINI bukiet \u015blubny w bieli"},{"@type":"BreadcrumbList","@id":"https:\/\/wkorcumaku.pl\/produkt\/bukiet-mini-w-bieli\/#breadcrumb","itemListElement":[{"@type":"ListItem","position":1,"name":"Home","item":"https:\/\/wkorcumaku.pl\/"},{"@type":"ListItem","position":2,"name":"Sklep","item":"https:\/\/wkorcumaku.pl\/sklep\/"},{"@type":"ListItem","position":3,"name":"MINI bukiet \u015blubny w bieli"}]},{"@type":"WebSite","@id":"https:\/\/wkorcumaku.pl\/#website","url":"https:\/\/wkorcumaku.pl\/","name":"Florist W Korcu Maku Katowice","description":"This is where the magic is sown!","publisher":{"@id":"https:\/\/wkorcumaku.pl\/#organization"},"potentialAction":[{"@type":"SearchAction","target":{"@type":"EntryPoint","urlTemplate":"https:\/\/wkorcumaku.pl\/?s={search_term_string}"},"query-input":{"@type":"PropertyValueSpecification","valueRequired":true,"valueName":"search_term_string"}}],"inLanguage":"en-GB"},{"@type":"Organization","@id":"https:\/\/wkorcumaku.pl\/#organization","name":"Florist W Korcu Maku Katowice","alternateName":"Kwiaciarnia Katowice","url":"https:\/\/wkorcumaku.pl\/","logo":{"@type":"ImageObject","inLanguage":"en-GB","@id":"https:\/\/wkorcumaku.pl\/#\/schema\/logo\/image\/","url":"https:\/\/wkorcumaku.pl\/wp-content\/uploads\/2021\/12\/Przezroczyste-tlo_Logo_glowne-zielone.png","contentUrl":"https:\/\/wkorcumaku.pl\/wp-content\/uploads\/2021\/12\/Przezroczyste-tlo_Logo_glowne-zielone.png","width":1016,"height":1123,"caption":"Kwiaciarnia W Korcu Maku Katowice"},"image":{"@id":"https:\/\/wkorcumaku.pl\/#\/schema\/logo\/image\/"},"sameAs":["https:\/\/www.facebook.com\/people\/W-KORCU-MAKU-kwiaciarnia\/100064764343595\/","https:\/\/www.instagram.com\/wkorcumaku\/"]}]}},"wcpa_form_fields":null,"_links":{"self":[{"href":"https:\/\/wkorcumaku.pl\/en\/wp-json\/wp\/v2\/product\/994115","targetHints":{"allow":["GET"]}}],"collection":[{"href":"https:\/\/wkorcumaku.pl\/en\/wp-json\/wp\/v2\/product"}],"about":[{"href":"https:\/\/wkorcumaku.pl\/en\/wp-json\/wp\/v2\/types\/product"}],"version-history":[{"count":1,"href":"https:\/\/wkorcumaku.pl\/en\/wp-json\/wp\/v2\/product\/994115\/revisions"}],"predecessor-version":[{"id":995273,"href":"https:\/\/wkorcumaku.pl\/en\/wp-json\/wp\/v2\/product\/994115\/revisions\/995273"}],"wp:featuredmedia":[{"embeddable":true,"href":"https:\/\/wkorcumaku.pl\/en\/wp-json\/wp\/v2\/media\/994116"}],"wp:attachment":[{"href":"https:\/\/wkorcumaku.pl\/en\/wp-json\/wp\/v2\/media?parent=994115"}],"wp:term":[{"taxonomy":"product_brand","embeddable":true,"href":"https:\/\/wkorcumaku.pl\/en\/wp-json\/wp\/v2\/product_brand?post=994115"},{"taxonomy":"product_cat","embeddable":true,"href":"https:\/\/wkorcumaku.pl\/en\/wp-json\/wp\/v2\/product_cat?post=994115"},{"taxonomy":"product_tag","embeddable":true,"href":"https:\/\/wkorcumaku.pl\/en\/wp-json\/wp\/v2\/product_tag?post=994115"},{"taxonomy":"giftcard-category","embeddable":true,"href":"https:\/\/wkorcumaku.pl\/en\/wp-json\/wp\/v2\/giftcard-category?post=994115"}],"curies":[{"name":"wp","href":"https:\/\/api.w.org\/{rel}","templated":true}]}}