{"id":994517,"date":"2021-06-24T20:35:49","date_gmt":"2021-06-24T20:35:49","guid":{"rendered":"https:\/\/wkorcumaku.pl\/?post_type=product&#038;p=994517"},"modified":"2024-09-18T21:12:04","modified_gmt":"2024-09-18T21:12:04","slug":"garlands-in-park-slaski","status":"publish","type":"product","link":"https:\/\/wkorcumaku.pl\/en\/product\/garlands-in-park-slaski\/","title":{"rendered":"Wreaths in the Silesian Park"},"content":{"rendered":"","protected":false},"excerpt":{"rendered":"<p>Feel the atmosphere of summer in the middle of the holidays!<br \/>\n<br \/>In the unique setting of Chorz\u00f3w's Rose Park, you will create a garland for your head.<br \/>\n<br \/>Garlands symbolise beauty, freshness and romance. Let some of them into your life, you certainly won't regret it.\n<\/p>\n<p>During the workshop, I will talk about the technical and artistic side of garland weaving.<\/p>\n<p>As a florist, it will be my pleasure to accompany and support you in this process.<br \/>\n<br \/>I will talk about the most important principles, techniques and combining flowers.<\/p>\n<p><strong><\/p>\n<p>By purchasing you accept the terms and conditions of the workshop: <a style=\"color:#26619C\" href=\"https:\/\/wkorcumaku.pl\/en\/workshops-regulations\/\">Florist Workshop Silesian Park, Katowice<\/a><\/p>\n<p><\/strong>.<\/p>\n<p>This workshop is suitable for someone with no floristry experience.<\/p>\n<p>Friendly atmosphere and creative success guaranteed!<\/p>\n<p><strong><em>Possibility of making a gift voucher for the workshop<\/em> \ud83d\ude42<\/strong><\/p>\n<p>Why is it worth it?<br \/>\n<br \/>- Make your own idyllic garland and take it with you<br \/>\n<br \/>- Performing a creative task on your own gives you a lot of satisfaction and pleasure<br \/>\n<br \/>- Workshop activities develop manual skills, spatial imagination, creativity<br \/>\n<br \/>- Contact with natural plant material promotes relaxation<\/p>\n<p style=\"color:#F54B3E; font-size:20px\">03.08.2024 at 13:00<\/p>\n<p><em>Duration approx. 2-3 hours.<\/em><\/p>","protected":false},"featured_media":994519,"template":"","meta":[],"product_brand":[],"product_cat":[368],"product_tag":[],"giftcard-category":[],"class_list":{"0":"post-994517","1":"product","2":"type-product","3":"status-publish","4":"has-post-thumbnail","6":"product_cat-warsztaty","7":"wcpa_has_options","9":"first","10":"outofstock","11":"shipping-taxable","12":"purchasable","13":"product-type-variable","14":"has-default-attributes"},"yoast_head":"<!-- This site is optimized with the Yoast SEO plugin v27.1.1 - https:\/\/yoast.com\/product\/yoast-seo-wordpress\/ -->\n<title>Wianki w Parku \u015al\u0105skim - Kwiaciarnia W Korcu Maku Katowice<\/title>\n<meta name=\"description\" content=\"Poczuj atmosfer\u0119 lata w \u015brodku wakacji! W wyj\u0105tkowej scenerii ogrodu, stw\u00f3rz sw\u00f3j w\u0142asny bukiet z sezonowych kwiat\u00f3w.\" \/>\n<meta name=\"robots\" content=\"index, follow, max-snippet:-1, max-image-preview:large, max-video-preview:-1\" \/>\n<link rel=\"canonical\" href=\"https:\/\/wkorcumaku.pl\/en\/product\/garlands-in-park-slaski\/\" \/>\n<meta property=\"og:locale\" content=\"en_GB\" \/>\n<meta property=\"og:type\" content=\"article\" \/>\n<meta property=\"og:title\" content=\"Wianki w Parku \u015al\u0105skim - Kwiaciarnia W Korcu Maku Katowice\" \/>\n<meta property=\"og:description\" content=\"Poczuj atmosfer\u0119 lata w \u015brodku wakacji! W wyj\u0105tkowej scenerii ogrodu, stw\u00f3rz sw\u00f3j w\u0142asny bukiet z sezonowych kwiat\u00f3w.\" \/>\n<meta property=\"og:url\" content=\"https:\/\/wkorcumaku.pl\/en\/product\/garlands-in-park-slaski\/\" \/>\n<meta property=\"og:site_name\" content=\"Kwiaciarnia W Korcu Maku Katowice\" \/>\n<meta property=\"article:publisher\" content=\"https:\/\/www.facebook.com\/people\/W-KORCU-MAKU-kwiaciarnia\/100064764343595\/\" \/>\n<meta property=\"article:modified_time\" content=\"2024-09-18T21:12:04+00:00\" \/>\n<meta property=\"og:image\" content=\"https:\/\/wkorcumaku.pl\/wp-content\/uploads\/2024\/06\/wianki-park-slaski.webp\" \/>\n\t<meta property=\"og:image:width\" content=\"1500\" \/>\n\t<meta property=\"og:image:height\" content=\"2000\" \/>\n\t<meta property=\"og:image:type\" content=\"image\/webp\" \/>\n<meta name=\"twitter:card\" content=\"summary_large_image\" \/>\n<meta name=\"twitter:label1\" content=\"Estimated reading time\" \/>\n\t<meta name=\"twitter:data1\" content=\"1 minute\" \/>\n<script type=\"application\/ld+json\" class=\"yoast-schema-graph\">{\"@context\":\"https:\/\/schema.org\",\"@graph\":[{\"@type\":[\"WebPage\",\"ItemPage\"],\"@id\":\"https:\/\/wkorcumaku.pl\/produkt\/wianki-w-parku-slaskim\/\",\"url\":\"https:\/\/wkorcumaku.pl\/produkt\/wianki-w-parku-slaskim\/\",\"name\":\"Wianki w Parku \u015al\u0105skim - Kwiaciarnia W Korcu Maku Katowice\",\"isPartOf\":{\"@id\":\"https:\/\/wkorcumaku.pl\/#website\"},\"primaryImageOfPage\":{\"@id\":\"https:\/\/wkorcumaku.pl\/produkt\/wianki-w-parku-slaskim\/#primaryimage\"},\"image\":{\"@id\":\"https:\/\/wkorcumaku.pl\/produkt\/wianki-w-parku-slaskim\/#primaryimage\"},\"thumbnailUrl\":\"https:\/\/wkorcumaku.pl\/wp-content\/uploads\/2024\/06\/wianki-park-slaski.webp\",\"datePublished\":\"2021-06-24T20:35:49+00:00\",\"dateModified\":\"2024-09-18T21:12:04+00:00\",\"description\":\"Poczuj atmosfer\u0119 lata w \u015brodku wakacji! W wyj\u0105tkowej scenerii ogrodu, stw\u00f3rz sw\u00f3j w\u0142asny bukiet z sezonowych kwiat\u00f3w.\",\"breadcrumb\":{\"@id\":\"https:\/\/wkorcumaku.pl\/produkt\/wianki-w-parku-slaskim\/#breadcrumb\"},\"inLanguage\":\"en-GB\",\"potentialAction\":[{\"@type\":\"ReadAction\",\"target\":[\"https:\/\/wkorcumaku.pl\/produkt\/wianki-w-parku-slaskim\/\"]}]},{\"@type\":\"ImageObject\",\"inLanguage\":\"en-GB\",\"@id\":\"https:\/\/wkorcumaku.pl\/produkt\/wianki-w-parku-slaskim\/#primaryimage\",\"url\":\"https:\/\/wkorcumaku.pl\/wp-content\/uploads\/2024\/06\/wianki-park-slaski.webp\",\"contentUrl\":\"https:\/\/wkorcumaku.pl\/wp-content\/uploads\/2024\/06\/wianki-park-slaski.webp\",\"width\":1500,\"height\":2000,\"caption\":\"Warsztaty Florystyczne Wianki\"},{\"@type\":\"BreadcrumbList\",\"@id\":\"https:\/\/wkorcumaku.pl\/produkt\/wianki-w-parku-slaskim\/#breadcrumb\",\"itemListElement\":[{\"@type\":\"ListItem\",\"position\":1,\"name\":\"Home\",\"item\":\"https:\/\/wkorcumaku.pl\/\"},{\"@type\":\"ListItem\",\"position\":2,\"name\":\"Sklep\",\"item\":\"https:\/\/wkorcumaku.pl\/sklep\/\"},{\"@type\":\"ListItem\",\"position\":3,\"name\":\"Wianki w Parku \u015al\u0105skim\"}]},{\"@type\":\"WebSite\",\"@id\":\"https:\/\/wkorcumaku.pl\/#website\",\"url\":\"https:\/\/wkorcumaku.pl\/\",\"name\":\"Kwiaciarnia W Korcu Maku Katowice\",\"description\":\"Tu sieje si\u0119 magia!\",\"publisher\":{\"@id\":\"https:\/\/wkorcumaku.pl\/#organization\"},\"potentialAction\":[{\"@type\":\"SearchAction\",\"target\":{\"@type\":\"EntryPoint\",\"urlTemplate\":\"https:\/\/wkorcumaku.pl\/?s={search_term_string}\"},\"query-input\":{\"@type\":\"PropertyValueSpecification\",\"valueRequired\":true,\"valueName\":\"search_term_string\"}}],\"inLanguage\":\"en-GB\"},{\"@type\":\"Organization\",\"@id\":\"https:\/\/wkorcumaku.pl\/#organization\",\"name\":\"Kwiaciarnia W Korcu Maku Katowice\",\"alternateName\":\"Kwiaciarnia Katowice\",\"url\":\"https:\/\/wkorcumaku.pl\/\",\"logo\":{\"@type\":\"ImageObject\",\"inLanguage\":\"en-GB\",\"@id\":\"https:\/\/wkorcumaku.pl\/#\/schema\/logo\/image\/\",\"url\":\"https:\/\/wkorcumaku.pl\/wp-content\/uploads\/2021\/12\/Przezroczyste-tlo_Logo_glowne-zielone.png\",\"contentUrl\":\"https:\/\/wkorcumaku.pl\/wp-content\/uploads\/2021\/12\/Przezroczyste-tlo_Logo_glowne-zielone.png\",\"width\":1016,\"height\":1123,\"caption\":\"Kwiaciarnia W Korcu Maku Katowice\"},\"image\":{\"@id\":\"https:\/\/wkorcumaku.pl\/#\/schema\/logo\/image\/\"},\"sameAs\":[\"https:\/\/www.facebook.com\/people\/W-KORCU-MAKU-kwiaciarnia\/100064764343595\/\",\"https:\/\/www.instagram.com\/wkorcumaku\/\"]}]}<\/script>\n<!-- \/ Yoast SEO plugin. -->","yoast_head_json":{"title":"Wreaths in the Silesian Park - Florist W Korcu Maku Katowice","description":"Feel the atmosphere of summer in the middle of the holidays! In a unique garden setting, create your own bouquet of seasonal flowers.","robots":{"index":"index","follow":"follow","max-snippet":"max-snippet:-1","max-image-preview":"max-image-preview:large","max-video-preview":"max-video-preview:-1"},"canonical":"https:\/\/wkorcumaku.pl\/en\/product\/garlands-in-park-slaski\/","og_locale":"en_GB","og_type":"article","og_title":"Wianki w Parku \u015al\u0105skim - Kwiaciarnia W Korcu Maku Katowice","og_description":"Poczuj atmosfer\u0119 lata w \u015brodku wakacji! W wyj\u0105tkowej scenerii ogrodu, stw\u00f3rz sw\u00f3j w\u0142asny bukiet z sezonowych kwiat\u00f3w.","og_url":"https:\/\/wkorcumaku.pl\/en\/product\/garlands-in-park-slaski\/","og_site_name":"Kwiaciarnia W Korcu Maku Katowice","article_publisher":"https:\/\/www.facebook.com\/people\/W-KORCU-MAKU-kwiaciarnia\/100064764343595\/","article_modified_time":"2024-09-18T21:12:04+00:00","og_image":[{"width":1500,"height":2000,"url":"https:\/\/wkorcumaku.pl\/wp-content\/uploads\/2024\/06\/wianki-park-slaski.webp","type":"image\/webp"}],"twitter_card":"summary_large_image","twitter_misc":{"Estimated reading time":"1 minute"},"schema":{"@context":"https:\/\/schema.org","@graph":[{"@type":["WebPage","ItemPage"],"@id":"https:\/\/wkorcumaku.pl\/produkt\/wianki-w-parku-slaskim\/","url":"https:\/\/wkorcumaku.pl\/produkt\/wianki-w-parku-slaskim\/","name":"Wreaths in the Silesian Park - Florist W Korcu Maku Katowice","isPartOf":{"@id":"https:\/\/wkorcumaku.pl\/#website"},"primaryImageOfPage":{"@id":"https:\/\/wkorcumaku.pl\/produkt\/wianki-w-parku-slaskim\/#primaryimage"},"image":{"@id":"https:\/\/wkorcumaku.pl\/produkt\/wianki-w-parku-slaskim\/#primaryimage"},"thumbnailUrl":"https:\/\/wkorcumaku.pl\/wp-content\/uploads\/2024\/06\/wianki-park-slaski.webp","datePublished":"2021-06-24T20:35:49+00:00","dateModified":"2024-09-18T21:12:04+00:00","description":"Feel the atmosphere of summer in the middle of the holidays! In a unique garden setting, create your own bouquet of seasonal flowers.","breadcrumb":{"@id":"https:\/\/wkorcumaku.pl\/produkt\/wianki-w-parku-slaskim\/#breadcrumb"},"inLanguage":"en-GB","potentialAction":[{"@type":"ReadAction","target":["https:\/\/wkorcumaku.pl\/produkt\/wianki-w-parku-slaskim\/"]}]},{"@type":"ImageObject","inLanguage":"en-GB","@id":"https:\/\/wkorcumaku.pl\/produkt\/wianki-w-parku-slaskim\/#primaryimage","url":"https:\/\/wkorcumaku.pl\/wp-content\/uploads\/2024\/06\/wianki-park-slaski.webp","contentUrl":"https:\/\/wkorcumaku.pl\/wp-content\/uploads\/2024\/06\/wianki-park-slaski.webp","width":1500,"height":2000,"caption":"Warsztaty Florystyczne Wianki"},{"@type":"BreadcrumbList","@id":"https:\/\/wkorcumaku.pl\/produkt\/wianki-w-parku-slaskim\/#breadcrumb","itemListElement":[{"@type":"ListItem","position":1,"name":"Home","item":"https:\/\/wkorcumaku.pl\/"},{"@type":"ListItem","position":2,"name":"Sklep","item":"https:\/\/wkorcumaku.pl\/sklep\/"},{"@type":"ListItem","position":3,"name":"Wianki w Parku \u015al\u0105skim"}]},{"@type":"WebSite","@id":"https:\/\/wkorcumaku.pl\/#website","url":"https:\/\/wkorcumaku.pl\/","name":"Florist W Korcu Maku Katowice","description":"This is where the magic is sown!","publisher":{"@id":"https:\/\/wkorcumaku.pl\/#organization"},"potentialAction":[{"@type":"SearchAction","target":{"@type":"EntryPoint","urlTemplate":"https:\/\/wkorcumaku.pl\/?s={search_term_string}"},"query-input":{"@type":"PropertyValueSpecification","valueRequired":true,"valueName":"search_term_string"}}],"inLanguage":"en-GB"},{"@type":"Organization","@id":"https:\/\/wkorcumaku.pl\/#organization","name":"Florist W Korcu Maku Katowice","alternateName":"Kwiaciarnia Katowice","url":"https:\/\/wkorcumaku.pl\/","logo":{"@type":"ImageObject","inLanguage":"en-GB","@id":"https:\/\/wkorcumaku.pl\/#\/schema\/logo\/image\/","url":"https:\/\/wkorcumaku.pl\/wp-content\/uploads\/2021\/12\/Przezroczyste-tlo_Logo_glowne-zielone.png","contentUrl":"https:\/\/wkorcumaku.pl\/wp-content\/uploads\/2021\/12\/Przezroczyste-tlo_Logo_glowne-zielone.png","width":1016,"height":1123,"caption":"Kwiaciarnia W Korcu Maku Katowice"},"image":{"@id":"https:\/\/wkorcumaku.pl\/#\/schema\/logo\/image\/"},"sameAs":["https:\/\/www.facebook.com\/people\/W-KORCU-MAKU-kwiaciarnia\/100064764343595\/","https:\/\/www.instagram.com\/wkorcumaku\/"]}]}},"wcpa_form_fields":{"wcpaData":{"product":{"product_price":179,"price_html":"<span class=\"woocommerce-Price-amount amount\"><bdi>179,00&nbsp;<span class=\"woocommerce-Price-currencySymbol\">&#122;&#322;<\/span><\/bdi><\/span>","original_product_price":179,"price_including_tax":179,"price_excluding_tax":179,"product_id":{"parent":994517,"variation":false},"is_variable":true,"stock_status":"outofstock","stock_quantity":0,"parent_sku":"wianki-w-parku-slaskim","product_attributes":{"pa_typ-warsztatow":{"is_variation":true,"values":[]}},"custom_fields":{"wcpa_pcf_advance_payment":"false"},"is_taxable":false},"fields":{"sec_36515d0e50e0ac":{"extra":{"key":"sec_36515d0e50e0ac","section_id":"sec_36515d0e50e0ac","name":"Default","status":1,"cl_rule":"show","enableCl":false,"relations":[],"toggle":true,"title_tag":"h3","show_title":false,"showPrice":"default","form_id":992913,"form_rules":{"exclude_from_discount":false,"fee_label":"Fee","disp_hide_options_price":false,"disp_show_section_price":false,"disp_show_field_price":true,"layout_option":"standard","pric_use_as_fee":false,"process_fee_as":"woo_fee"},"layout_option":"standard"},"fields":[[{"type":"text","elementId":"text_06515d0e50e117","label":"W przypadku ch\u0119ci zakupu jako prezentu Vouchera, prosz\u0119 o informacj\u0119 w poni\u017cszym polu. Wpisz adres email osoby obdarowanej - w formie elektronicznej lub adres dostawy drog\u0105 pocztow\u0105.","placeholder":"","pricingType":"fixed","name":"text-1676935356336","subtype":"text","cl_rule":"show","col":6,"relations":false,"active":true,"tooltip":"","error":false,"gt_translate_keys":["label","placeholder","tooltip"],"price_dependency":false,"cl_dependency":false,"value":""}]]}},"config":{"price_override":"","enable_recaptcha":false,"bind_quantity":false,"quantity_bind_formula":"","disp_summ_show_option_price":true,"disp_summ_show_product_price":true,"disp_summ_show_total_price":true,"disp_summ_show_fee":false,"disp_summ_show_discount":false,"summary_title":"","options_total_label":"Dodatkowi uczestnicy","total_label":"Podsumowanie","options_product_label":"Cena","fee_label":"Fee","discount_label":"Discount","has_price":true,"has_quantity_formula":false},"mc_unit":1,"tax_rate":1,"tax_rate_real":1,"discount":{"percentage":0,"fixed":0},"design":{"conf":{"LabelPosition":"above","DescPosition":"above","UploadField":"custom_1","QuantityFieldStyle":"default"},"css":{"LeftLabelWidth":"120px"}},"formulas":[],"clones":false,"cartKey":false}},"_links":{"self":[{"href":"https:\/\/wkorcumaku.pl\/en\/wp-json\/wp\/v2\/product\/994517","targetHints":{"allow":["GET"]}}],"collection":[{"href":"https:\/\/wkorcumaku.pl\/en\/wp-json\/wp\/v2\/product"}],"about":[{"href":"https:\/\/wkorcumaku.pl\/en\/wp-json\/wp\/v2\/types\/product"}],"version-history":[{"count":1,"href":"https:\/\/wkorcumaku.pl\/en\/wp-json\/wp\/v2\/product\/994517\/revisions"}],"predecessor-version":[{"id":994520,"href":"https:\/\/wkorcumaku.pl\/en\/wp-json\/wp\/v2\/product\/994517\/revisions\/994520"}],"wp:featuredmedia":[{"embeddable":true,"href":"https:\/\/wkorcumaku.pl\/en\/wp-json\/wp\/v2\/media\/994519"}],"wp:attachment":[{"href":"https:\/\/wkorcumaku.pl\/en\/wp-json\/wp\/v2\/media?parent=994517"}],"wp:term":[{"taxonomy":"product_brand","embeddable":true,"href":"https:\/\/wkorcumaku.pl\/en\/wp-json\/wp\/v2\/product_brand?post=994517"},{"taxonomy":"product_cat","embeddable":true,"href":"https:\/\/wkorcumaku.pl\/en\/wp-json\/wp\/v2\/product_cat?post=994517"},{"taxonomy":"product_tag","embeddable":true,"href":"https:\/\/wkorcumaku.pl\/en\/wp-json\/wp\/v2\/product_tag?post=994517"},{"taxonomy":"giftcard-category","embeddable":true,"href":"https:\/\/wkorcumaku.pl\/en\/wp-json\/wp\/v2\/giftcard-category?post=994517"}],"curies":[{"name":"wp","href":"https:\/\/api.w.org\/{rel}","templated":true}]}}