{"id":995745,"date":"2025-02-23T18:47:35","date_gmt":"2025-02-23T18:47:35","guid":{"rendered":"https:\/\/wkorcumaku.pl\/?post_type=product&#038;p=995745"},"modified":"2025-07-24T12:41:30","modified_gmt":"2025-07-24T12:41:30","slug":"gift-card","status":"publish","type":"product","link":"https:\/\/wkorcumaku.pl\/en\/product\/gift-card\/","title":{"rendered":"Gift card"},"content":{"rendered":"","protected":false},"excerpt":{"rendered":"<p>A gift voucher to an in-store and online florist is an elegant and versatile gift that will allow the recipient to choose their own favourite flowers W KORCU MAKU \ud83d\ude09 .<br \/>\n<br \/><strong><em>How to use the voucher?<\/em><\/strong><br \/>\n<br \/>You can order a ready-made bouquet or create your own personalised composition.<br \/>\n<br \/>The voucher is valid indefinitely, so the recipient will be able to use it multiple times at their convenience.<\/p>\n<p><strong><em>Why choose a voucher?<\/em><\/strong><br \/>\n<br \/> - Freedom of choice - the recipient can choose cut flowers, an occasional bouquet, potted plants or any other decoration.<br \/>\n<br \/> - Perfect for any occasion - it will work for birthdays, anniversaries, Women's Day, Mother's Day, Valentine's Day or weddings.<br \/>\n<br \/> - Various values to choose from - voucher can be tailored to suit budget.<br \/>\n<br \/> - Stylish form - voucher packaged in an elegant envelope with minimalist natural decoration.\n<\/p>\n<p>Feel free to contact me:)<\/p>\n<p><em>The voucher can also be collected from the florist.<\/em><\/p>","protected":false},"featured_media":995754,"template":"","meta":[],"product_brand":[],"product_cat":[50,442],"product_tag":[],"giftcard-category":[],"class_list":{"0":"post-995745","1":"product","2":"type-product","3":"status-publish","4":"has-post-thumbnail","6":"product_cat-bukiety","7":"product_cat-karta-podarunkowa","8":"wcpa_has_options","10":"first","11":"instock","12":"shipping-taxable","13":"purchasable","14":"product-type-variable","15":"has-default-attributes"},"yoast_head":"<!-- This site is optimized with the Yoast SEO plugin v27.1.1 - https:\/\/yoast.com\/product\/yoast-seo-wordpress\/ -->\n<title>Karta podarunkowa - Kwiaciarnia W Korcu Maku Katowice<\/title>\n<meta name=\"description\" content=\"Voucher prezentowy do kwiaciarni stacjonarnej oraz online, kt\u00f3ry pozwoli osobie obdarowanej samodzielnie wybra\u0107 swoje ulubione kwiaty W KORCU MAKU ;)\" \/>\n<meta name=\"robots\" content=\"index, follow, max-snippet:-1, max-image-preview:large, max-video-preview:-1\" \/>\n<link rel=\"canonical\" href=\"https:\/\/wkorcumaku.pl\/en\/product\/gift-card\/\" \/>\n<meta property=\"og:locale\" content=\"en_GB\" \/>\n<meta property=\"og:type\" content=\"article\" \/>\n<meta property=\"og:title\" content=\"Karta podarunkowa - Kwiaciarnia W Korcu Maku Katowice\" \/>\n<meta property=\"og:description\" content=\"Voucher prezentowy do kwiaciarni stacjonarnej oraz online, kt\u00f3ry pozwoli osobie obdarowanej samodzielnie wybra\u0107 swoje ulubione kwiaty W KORCU MAKU ;)\" \/>\n<meta property=\"og:url\" content=\"https:\/\/wkorcumaku.pl\/en\/product\/gift-card\/\" \/>\n<meta property=\"og:site_name\" content=\"Kwiaciarnia W Korcu Maku Katowice\" \/>\n<meta property=\"article:publisher\" content=\"https:\/\/www.facebook.com\/people\/W-KORCU-MAKU-kwiaciarnia\/100064764343595\/\" \/>\n<meta property=\"article:modified_time\" content=\"2025-07-24T12:41:30+00:00\" \/>\n<meta property=\"og:image\" content=\"https:\/\/wkorcumaku.pl\/wp-content\/uploads\/2025\/02\/karta-podarunkowa-2.webp\" \/>\n\t<meta property=\"og:image:width\" content=\"1058\" \/>\n\t<meta property=\"og:image:height\" content=\"1411\" \/>\n\t<meta property=\"og:image:type\" content=\"image\/webp\" \/>\n<meta name=\"twitter:card\" content=\"summary_large_image\" \/>\n<meta name=\"twitter:label1\" content=\"Estimated reading time\" \/>\n\t<meta name=\"twitter:data1\" content=\"1 minute\" \/>\n<script type=\"application\/ld+json\" class=\"yoast-schema-graph\">{\"@context\":\"https:\/\/schema.org\",\"@graph\":[{\"@type\":[\"WebPage\",\"ItemPage\"],\"@id\":\"https:\/\/wkorcumaku.pl\/produkt\/karta-podarunkowa\/\",\"url\":\"https:\/\/wkorcumaku.pl\/produkt\/karta-podarunkowa\/\",\"name\":\"Karta podarunkowa - Kwiaciarnia W Korcu Maku Katowice\",\"isPartOf\":{\"@id\":\"https:\/\/wkorcumaku.pl\/#website\"},\"primaryImageOfPage\":{\"@id\":\"https:\/\/wkorcumaku.pl\/produkt\/karta-podarunkowa\/#primaryimage\"},\"image\":{\"@id\":\"https:\/\/wkorcumaku.pl\/produkt\/karta-podarunkowa\/#primaryimage\"},\"thumbnailUrl\":\"https:\/\/wkorcumaku.pl\/wp-content\/uploads\/2025\/02\/karta-podarunkowa-2.webp\",\"datePublished\":\"2025-02-23T18:47:35+00:00\",\"dateModified\":\"2025-07-24T12:41:30+00:00\",\"description\":\"Voucher prezentowy do kwiaciarni stacjonarnej oraz online, kt\u00f3ry pozwoli osobie obdarowanej samodzielnie wybra\u0107 swoje ulubione kwiaty W KORCU MAKU ;)\",\"breadcrumb\":{\"@id\":\"https:\/\/wkorcumaku.pl\/produkt\/karta-podarunkowa\/#breadcrumb\"},\"inLanguage\":\"en-GB\",\"potentialAction\":[{\"@type\":\"ReadAction\",\"target\":[\"https:\/\/wkorcumaku.pl\/produkt\/karta-podarunkowa\/\"]}]},{\"@type\":\"ImageObject\",\"inLanguage\":\"en-GB\",\"@id\":\"https:\/\/wkorcumaku.pl\/produkt\/karta-podarunkowa\/#primaryimage\",\"url\":\"https:\/\/wkorcumaku.pl\/wp-content\/uploads\/2025\/02\/karta-podarunkowa-2.webp\",\"contentUrl\":\"https:\/\/wkorcumaku.pl\/wp-content\/uploads\/2025\/02\/karta-podarunkowa-2.webp\",\"width\":1058,\"height\":1411,\"caption\":\"karta podarunkowa\"},{\"@type\":\"BreadcrumbList\",\"@id\":\"https:\/\/wkorcumaku.pl\/produkt\/karta-podarunkowa\/#breadcrumb\",\"itemListElement\":[{\"@type\":\"ListItem\",\"position\":1,\"name\":\"Home\",\"item\":\"https:\/\/wkorcumaku.pl\/\"},{\"@type\":\"ListItem\",\"position\":2,\"name\":\"Sklep\",\"item\":\"https:\/\/wkorcumaku.pl\/sklep\/\"},{\"@type\":\"ListItem\",\"position\":3,\"name\":\"Karta podarunkowa\"}]},{\"@type\":\"WebSite\",\"@id\":\"https:\/\/wkorcumaku.pl\/#website\",\"url\":\"https:\/\/wkorcumaku.pl\/\",\"name\":\"Kwiaciarnia W Korcu Maku Katowice\",\"description\":\"Tu sieje si\u0119 magia!\",\"publisher\":{\"@id\":\"https:\/\/wkorcumaku.pl\/#organization\"},\"potentialAction\":[{\"@type\":\"SearchAction\",\"target\":{\"@type\":\"EntryPoint\",\"urlTemplate\":\"https:\/\/wkorcumaku.pl\/?s={search_term_string}\"},\"query-input\":{\"@type\":\"PropertyValueSpecification\",\"valueRequired\":true,\"valueName\":\"search_term_string\"}}],\"inLanguage\":\"en-GB\"},{\"@type\":\"Organization\",\"@id\":\"https:\/\/wkorcumaku.pl\/#organization\",\"name\":\"Kwiaciarnia W Korcu Maku Katowice\",\"alternateName\":\"Kwiaciarnia Katowice\",\"url\":\"https:\/\/wkorcumaku.pl\/\",\"logo\":{\"@type\":\"ImageObject\",\"inLanguage\":\"en-GB\",\"@id\":\"https:\/\/wkorcumaku.pl\/#\/schema\/logo\/image\/\",\"url\":\"https:\/\/wkorcumaku.pl\/wp-content\/uploads\/2021\/12\/Przezroczyste-tlo_Logo_glowne-zielone.png\",\"contentUrl\":\"https:\/\/wkorcumaku.pl\/wp-content\/uploads\/2021\/12\/Przezroczyste-tlo_Logo_glowne-zielone.png\",\"width\":1016,\"height\":1123,\"caption\":\"Kwiaciarnia W Korcu Maku Katowice\"},\"image\":{\"@id\":\"https:\/\/wkorcumaku.pl\/#\/schema\/logo\/image\/\"},\"sameAs\":[\"https:\/\/www.facebook.com\/people\/W-KORCU-MAKU-kwiaciarnia\/100064764343595\/\",\"https:\/\/www.instagram.com\/wkorcumaku\/\"]}]}<\/script>\n<!-- \/ Yoast SEO plugin. -->","yoast_head_json":{"title":"Gift card - Florist W Korcu Maku Katowice","description":"Gift voucher to a stationary florist and online florist, allowing the recipient to choose their own favourite flowers W KORCU MAKU ;)","robots":{"index":"index","follow":"follow","max-snippet":"max-snippet:-1","max-image-preview":"max-image-preview:large","max-video-preview":"max-video-preview:-1"},"canonical":"https:\/\/wkorcumaku.pl\/en\/product\/gift-card\/","og_locale":"en_GB","og_type":"article","og_title":"Karta podarunkowa - Kwiaciarnia W Korcu Maku Katowice","og_description":"Voucher prezentowy do kwiaciarni stacjonarnej oraz online, kt\u00f3ry pozwoli osobie obdarowanej samodzielnie wybra\u0107 swoje ulubione kwiaty W KORCU MAKU ;)","og_url":"https:\/\/wkorcumaku.pl\/en\/product\/gift-card\/","og_site_name":"Kwiaciarnia W Korcu Maku Katowice","article_publisher":"https:\/\/www.facebook.com\/people\/W-KORCU-MAKU-kwiaciarnia\/100064764343595\/","article_modified_time":"2025-07-24T12:41:30+00:00","og_image":[{"width":1058,"height":1411,"url":"https:\/\/wkorcumaku.pl\/wp-content\/uploads\/2025\/02\/karta-podarunkowa-2.webp","type":"image\/webp"}],"twitter_card":"summary_large_image","twitter_misc":{"Estimated reading time":"1 minute"},"schema":{"@context":"https:\/\/schema.org","@graph":[{"@type":["WebPage","ItemPage"],"@id":"https:\/\/wkorcumaku.pl\/produkt\/karta-podarunkowa\/","url":"https:\/\/wkorcumaku.pl\/produkt\/karta-podarunkowa\/","name":"Gift card - Florist W Korcu Maku Katowice","isPartOf":{"@id":"https:\/\/wkorcumaku.pl\/#website"},"primaryImageOfPage":{"@id":"https:\/\/wkorcumaku.pl\/produkt\/karta-podarunkowa\/#primaryimage"},"image":{"@id":"https:\/\/wkorcumaku.pl\/produkt\/karta-podarunkowa\/#primaryimage"},"thumbnailUrl":"https:\/\/wkorcumaku.pl\/wp-content\/uploads\/2025\/02\/karta-podarunkowa-2.webp","datePublished":"2025-02-23T18:47:35+00:00","dateModified":"2025-07-24T12:41:30+00:00","description":"Gift voucher to a stationary florist and online florist, allowing the recipient to choose their own favourite flowers W KORCU MAKU ;)","breadcrumb":{"@id":"https:\/\/wkorcumaku.pl\/produkt\/karta-podarunkowa\/#breadcrumb"},"inLanguage":"en-GB","potentialAction":[{"@type":"ReadAction","target":["https:\/\/wkorcumaku.pl\/produkt\/karta-podarunkowa\/"]}]},{"@type":"ImageObject","inLanguage":"en-GB","@id":"https:\/\/wkorcumaku.pl\/produkt\/karta-podarunkowa\/#primaryimage","url":"https:\/\/wkorcumaku.pl\/wp-content\/uploads\/2025\/02\/karta-podarunkowa-2.webp","contentUrl":"https:\/\/wkorcumaku.pl\/wp-content\/uploads\/2025\/02\/karta-podarunkowa-2.webp","width":1058,"height":1411,"caption":"karta podarunkowa"},{"@type":"BreadcrumbList","@id":"https:\/\/wkorcumaku.pl\/produkt\/karta-podarunkowa\/#breadcrumb","itemListElement":[{"@type":"ListItem","position":1,"name":"Home","item":"https:\/\/wkorcumaku.pl\/"},{"@type":"ListItem","position":2,"name":"Sklep","item":"https:\/\/wkorcumaku.pl\/sklep\/"},{"@type":"ListItem","position":3,"name":"Karta podarunkowa"}]},{"@type":"WebSite","@id":"https:\/\/wkorcumaku.pl\/#website","url":"https:\/\/wkorcumaku.pl\/","name":"Florist W Korcu Maku Katowice","description":"This is where the magic is sown!","publisher":{"@id":"https:\/\/wkorcumaku.pl\/#organization"},"potentialAction":[{"@type":"SearchAction","target":{"@type":"EntryPoint","urlTemplate":"https:\/\/wkorcumaku.pl\/?s={search_term_string}"},"query-input":{"@type":"PropertyValueSpecification","valueRequired":true,"valueName":"search_term_string"}}],"inLanguage":"en-GB"},{"@type":"Organization","@id":"https:\/\/wkorcumaku.pl\/#organization","name":"Florist W Korcu Maku Katowice","alternateName":"Kwiaciarnia Katowice","url":"https:\/\/wkorcumaku.pl\/","logo":{"@type":"ImageObject","inLanguage":"en-GB","@id":"https:\/\/wkorcumaku.pl\/#\/schema\/logo\/image\/","url":"https:\/\/wkorcumaku.pl\/wp-content\/uploads\/2021\/12\/Przezroczyste-tlo_Logo_glowne-zielone.png","contentUrl":"https:\/\/wkorcumaku.pl\/wp-content\/uploads\/2021\/12\/Przezroczyste-tlo_Logo_glowne-zielone.png","width":1016,"height":1123,"caption":"Kwiaciarnia W Korcu Maku Katowice"},"image":{"@id":"https:\/\/wkorcumaku.pl\/#\/schema\/logo\/image\/"},"sameAs":["https:\/\/www.facebook.com\/people\/W-KORCU-MAKU-kwiaciarnia\/100064764343595\/","https:\/\/www.instagram.com\/wkorcumaku\/"]}]}},"wcpa_form_fields":{"wcpaData":{"product":{"product_price":150,"price_html":"od &nbsp; <span class=\"woocommerce-Price-amount amount\"><bdi>150,00&nbsp;<span class=\"woocommerce-Price-currencySymbol\">&#122;&#322;<\/span><\/bdi><\/span>","original_product_price":150,"price_including_tax":150,"price_excluding_tax":150,"product_id":{"parent":995745,"variation":false},"is_variable":true,"stock_status":"instock","stock_quantity":null,"parent_sku":"karta-podarunkowa","product_attributes":{"pa_voucher-podarunkowy":{"is_variation":true,"values":[]}},"custom_fields":{"wcpa_pcf_advance_payment":"false"},"is_taxable":false},"fields":{"sec_76580b4691338f":{"extra":{"key":"sec_76580b4691338f","section_id":"sec_76580b4691338f","name":"Default","status":1,"cl_rule":"show","enableCl":false,"relations":[],"toggle":true,"title_tag":"h3","show_title":false,"showPrice":"default","form_id":993529,"form_rules":{"exclude_from_discount":false,"fee_label":"Fee","disp_hide_options_price":false,"disp_show_section_price":false,"disp_show_field_price":true,"layout_option":"standard","pric_use_as_fee":false,"process_fee_as":"woo_fee"},"layout_option":"standard"},"fields":[[{"active":true,"col":6,"relations":false,"cl_rule":"show","enableCl":false,"price":"","enablePrice":false,"className":"","label_position":"default","desc_position":"default","type":"textarea","required":false,"elementId":"textarea_3397003190","label":"Wpisz imi\u0119, nazwisko oraz email osoby obdarowanej a voucher wy\u015blemy e-mailem lub podaj pe\u0142ny adres dla wysy\u0142ki poczt\u0105.","name":"textarea_3397003190","value":"","rows":2,"error":false,"gt_translate_keys":["label","value"],"price_dependency":false,"cl_dependency":false}]]}},"config":{"price_override":"","enable_recaptcha":false,"bind_quantity":false,"quantity_bind_formula":"","disp_summ_show_option_price":true,"disp_summ_show_product_price":true,"disp_summ_show_total_price":true,"disp_summ_show_fee":false,"disp_summ_show_discount":false,"summary_title":"","options_total_label":"Dodatkowi uczestnicy","total_label":"Podsumowanie","options_product_label":"Cena","fee_label":"Fee","discount_label":"Discount","has_price":true,"has_quantity_formula":false},"mc_unit":1,"tax_rate":1,"tax_rate_real":1,"discount":{"percentage":0,"fixed":0},"design":{"conf":{"LabelPosition":"above","DescPosition":"above","UploadField":"custom_1","QuantityFieldStyle":"default"},"css":{"LeftLabelWidth":"120px"}},"formulas":[],"clones":false,"cartKey":false}},"_links":{"self":[{"href":"https:\/\/wkorcumaku.pl\/en\/wp-json\/wp\/v2\/product\/995745","targetHints":{"allow":["GET"]}}],"collection":[{"href":"https:\/\/wkorcumaku.pl\/en\/wp-json\/wp\/v2\/product"}],"about":[{"href":"https:\/\/wkorcumaku.pl\/en\/wp-json\/wp\/v2\/types\/product"}],"version-history":[{"count":2,"href":"https:\/\/wkorcumaku.pl\/en\/wp-json\/wp\/v2\/product\/995745\/revisions"}],"predecessor-version":[{"id":995772,"href":"https:\/\/wkorcumaku.pl\/en\/wp-json\/wp\/v2\/product\/995745\/revisions\/995772"}],"wp:featuredmedia":[{"embeddable":true,"href":"https:\/\/wkorcumaku.pl\/en\/wp-json\/wp\/v2\/media\/995754"}],"wp:attachment":[{"href":"https:\/\/wkorcumaku.pl\/en\/wp-json\/wp\/v2\/media?parent=995745"}],"wp:term":[{"taxonomy":"product_brand","embeddable":true,"href":"https:\/\/wkorcumaku.pl\/en\/wp-json\/wp\/v2\/product_brand?post=995745"},{"taxonomy":"product_cat","embeddable":true,"href":"https:\/\/wkorcumaku.pl\/en\/wp-json\/wp\/v2\/product_cat?post=995745"},{"taxonomy":"product_tag","embeddable":true,"href":"https:\/\/wkorcumaku.pl\/en\/wp-json\/wp\/v2\/product_tag?post=995745"},{"taxonomy":"giftcard-category","embeddable":true,"href":"https:\/\/wkorcumaku.pl\/en\/wp-json\/wp\/v2\/giftcard-category?post=995745"}],"curies":[{"name":"wp","href":"https:\/\/api.w.org\/{rel}","templated":true}]}}