{"id":996376,"date":"2025-05-13T20:21:55","date_gmt":"2025-05-13T20:21:55","guid":{"rendered":"https:\/\/wkorcumaku.pl\/?post_type=product&#038;p=996376"},"modified":"2025-05-13T20:46:02","modified_gmt":"2025-05-13T20:46:02","slug":"lacquer-wedding-bouquet","status":"publish","type":"product","link":"https:\/\/wkorcumaku.pl\/en\/product\/lacquer-wedding-bouquet\/","title":{"rendered":"Meadow wedding bouquet"},"content":{"rendered":"","protected":false},"excerpt":{"rendered":"<p>\nThe natural meadow-style bridal bouquet is a proposal full of lightness, freedom and romance - ideal for brides who value authenticity and contact with nature.<br \/>\nThe composition is reminiscent of freshly picked flowers from a summer meadow: it is unique, light, irregular and full of life.<br \/>\nIt's a boho or rustic wedding bouquet that is perfect for outdoor ceremonies, barn weddings or casual nature weddings.<br \/>\nEach piece is created individually, using seasonal flowers and wild plants.<\/p>","protected":false},"featured_media":996377,"template":"","meta":[],"product_brand":[],"product_cat":[351,364],"product_tag":[],"giftcard-category":[],"class_list":{"0":"post-996376","1":"product","2":"type-product","3":"status-publish","4":"has-post-thumbnail","6":"product_cat-bukiet-slubny","7":"product_cat-slubne","9":"first","10":"onbackorder","11":"shipping-taxable","12":"purchasable","13":"product-type-simple"},"yoast_head":"<!-- This site is optimized with the Yoast SEO plugin v27.1.1 - https:\/\/yoast.com\/product\/yoast-seo-wordpress\/ -->\n<title>Bukiet \u015blubny \u0142\u0105kowy - Kwiaciarnia W Korcu Maku Katowice<\/title>\n<meta name=\"description\" content=\"\u0141\u0105kowy bukiet \u015blubny \u2013 naturalna, romantyczna kompozycja z sezonowych kwiat\u00f3w. Lekka i swobodna forma idealna na \u015blub w stylu boho lub rustykalnym.\" \/>\n<meta name=\"robots\" content=\"index, follow, max-snippet:-1, max-image-preview:large, max-video-preview:-1\" \/>\n<link rel=\"canonical\" href=\"https:\/\/wkorcumaku.pl\/en\/product\/lacquer-wedding-bouquet\/\" \/>\n<meta property=\"og:locale\" content=\"en_GB\" \/>\n<meta property=\"og:type\" content=\"article\" \/>\n<meta property=\"og:title\" content=\"Bukiet \u015blubny \u0142\u0105kowy - Kwiaciarnia W Korcu Maku Katowice\" \/>\n<meta property=\"og:description\" content=\"\u0141\u0105kowy bukiet \u015blubny \u2013 naturalna, romantyczna kompozycja z sezonowych kwiat\u00f3w. Lekka i swobodna forma idealna na \u015blub w stylu boho lub rustykalnym.\" \/>\n<meta property=\"og:url\" content=\"https:\/\/wkorcumaku.pl\/en\/product\/lacquer-wedding-bouquet\/\" \/>\n<meta property=\"og:site_name\" content=\"Kwiaciarnia W Korcu Maku Katowice\" \/>\n<meta property=\"article:publisher\" content=\"https:\/\/www.facebook.com\/people\/W-KORCU-MAKU-kwiaciarnia\/100064764343595\/\" \/>\n<meta property=\"article:modified_time\" content=\"2025-05-13T20:46:02+00:00\" \/>\n<meta property=\"og:image\" content=\"https:\/\/wkorcumaku.pl\/wp-content\/uploads\/2025\/05\/bukiet-slubny-lakowy-1.webp\" \/>\n\t<meta property=\"og:image:width\" content=\"1008\" \/>\n\t<meta property=\"og:image:height\" content=\"1344\" \/>\n\t<meta property=\"og:image:type\" content=\"image\/webp\" \/>\n<meta name=\"twitter:card\" content=\"summary_large_image\" \/>\n<meta name=\"twitter:label1\" content=\"Estimated reading time\" \/>\n\t<meta name=\"twitter:data1\" content=\"1 minute\" \/>\n<script type=\"application\/ld+json\" class=\"yoast-schema-graph\">{\"@context\":\"https:\/\/schema.org\",\"@graph\":[{\"@type\":[\"WebPage\",\"ItemPage\"],\"@id\":\"https:\/\/wkorcumaku.pl\/produkt\/bukiet-slubny-lakowy\/\",\"url\":\"https:\/\/wkorcumaku.pl\/produkt\/bukiet-slubny-lakowy\/\",\"name\":\"Bukiet \u015blubny \u0142\u0105kowy - Kwiaciarnia W Korcu Maku Katowice\",\"isPartOf\":{\"@id\":\"https:\/\/wkorcumaku.pl\/#website\"},\"primaryImageOfPage\":{\"@id\":\"https:\/\/wkorcumaku.pl\/produkt\/bukiet-slubny-lakowy\/#primaryimage\"},\"image\":{\"@id\":\"https:\/\/wkorcumaku.pl\/produkt\/bukiet-slubny-lakowy\/#primaryimage\"},\"thumbnailUrl\":\"https:\/\/wkorcumaku.pl\/wp-content\/uploads\/2025\/05\/bukiet-slubny-lakowy-1.webp\",\"datePublished\":\"2025-05-13T20:21:55+00:00\",\"dateModified\":\"2025-05-13T20:46:02+00:00\",\"description\":\"\u0141\u0105kowy bukiet \u015blubny \u2013 naturalna, romantyczna kompozycja z sezonowych kwiat\u00f3w. Lekka i swobodna forma idealna na \u015blub w stylu boho lub rustykalnym.\",\"breadcrumb\":{\"@id\":\"https:\/\/wkorcumaku.pl\/produkt\/bukiet-slubny-lakowy\/#breadcrumb\"},\"inLanguage\":\"en-GB\",\"potentialAction\":[{\"@type\":\"ReadAction\",\"target\":[\"https:\/\/wkorcumaku.pl\/produkt\/bukiet-slubny-lakowy\/\"]}]},{\"@type\":\"ImageObject\",\"inLanguage\":\"en-GB\",\"@id\":\"https:\/\/wkorcumaku.pl\/produkt\/bukiet-slubny-lakowy\/#primaryimage\",\"url\":\"https:\/\/wkorcumaku.pl\/wp-content\/uploads\/2025\/05\/bukiet-slubny-lakowy-1.webp\",\"contentUrl\":\"https:\/\/wkorcumaku.pl\/wp-content\/uploads\/2025\/05\/bukiet-slubny-lakowy-1.webp\",\"width\":1008,\"height\":1344,\"caption\":\"Bukiet \u015blubny \u0142\u0105kowy\"},{\"@type\":\"BreadcrumbList\",\"@id\":\"https:\/\/wkorcumaku.pl\/produkt\/bukiet-slubny-lakowy\/#breadcrumb\",\"itemListElement\":[{\"@type\":\"ListItem\",\"position\":1,\"name\":\"Home\",\"item\":\"https:\/\/wkorcumaku.pl\/\"},{\"@type\":\"ListItem\",\"position\":2,\"name\":\"Sklep\",\"item\":\"https:\/\/wkorcumaku.pl\/sklep\/\"},{\"@type\":\"ListItem\",\"position\":3,\"name\":\"Bukiet \u015blubny \u0142\u0105kowy\"}]},{\"@type\":\"WebSite\",\"@id\":\"https:\/\/wkorcumaku.pl\/#website\",\"url\":\"https:\/\/wkorcumaku.pl\/\",\"name\":\"Kwiaciarnia W Korcu Maku Katowice\",\"description\":\"Tu sieje si\u0119 magia!\",\"publisher\":{\"@id\":\"https:\/\/wkorcumaku.pl\/#organization\"},\"potentialAction\":[{\"@type\":\"SearchAction\",\"target\":{\"@type\":\"EntryPoint\",\"urlTemplate\":\"https:\/\/wkorcumaku.pl\/?s={search_term_string}\"},\"query-input\":{\"@type\":\"PropertyValueSpecification\",\"valueRequired\":true,\"valueName\":\"search_term_string\"}}],\"inLanguage\":\"en-GB\"},{\"@type\":\"Organization\",\"@id\":\"https:\/\/wkorcumaku.pl\/#organization\",\"name\":\"Kwiaciarnia W Korcu Maku Katowice\",\"alternateName\":\"Kwiaciarnia Katowice\",\"url\":\"https:\/\/wkorcumaku.pl\/\",\"logo\":{\"@type\":\"ImageObject\",\"inLanguage\":\"en-GB\",\"@id\":\"https:\/\/wkorcumaku.pl\/#\/schema\/logo\/image\/\",\"url\":\"https:\/\/wkorcumaku.pl\/wp-content\/uploads\/2021\/12\/Przezroczyste-tlo_Logo_glowne-zielone.png\",\"contentUrl\":\"https:\/\/wkorcumaku.pl\/wp-content\/uploads\/2021\/12\/Przezroczyste-tlo_Logo_glowne-zielone.png\",\"width\":1016,\"height\":1123,\"caption\":\"Kwiaciarnia W Korcu Maku Katowice\"},\"image\":{\"@id\":\"https:\/\/wkorcumaku.pl\/#\/schema\/logo\/image\/\"},\"sameAs\":[\"https:\/\/www.facebook.com\/people\/W-KORCU-MAKU-kwiaciarnia\/100064764343595\/\",\"https:\/\/www.instagram.com\/wkorcumaku\/\"]}]}<\/script>\n<!-- \/ Yoast SEO plugin. -->","yoast_head_json":{"title":"Meadow wedding bouquet - Florist W Korcu Maku Katowice","description":"Meadow wedding bouquet - a natural, romantic composition of seasonal flowers. Light and free form ideal for a boho or rustic style wedding.","robots":{"index":"index","follow":"follow","max-snippet":"max-snippet:-1","max-image-preview":"max-image-preview:large","max-video-preview":"max-video-preview:-1"},"canonical":"https:\/\/wkorcumaku.pl\/en\/product\/lacquer-wedding-bouquet\/","og_locale":"en_GB","og_type":"article","og_title":"Bukiet \u015blubny \u0142\u0105kowy - Kwiaciarnia W Korcu Maku Katowice","og_description":"\u0141\u0105kowy bukiet \u015blubny \u2013 naturalna, romantyczna kompozycja z sezonowych kwiat\u00f3w. Lekka i swobodna forma idealna na \u015blub w stylu boho lub rustykalnym.","og_url":"https:\/\/wkorcumaku.pl\/en\/product\/lacquer-wedding-bouquet\/","og_site_name":"Kwiaciarnia W Korcu Maku Katowice","article_publisher":"https:\/\/www.facebook.com\/people\/W-KORCU-MAKU-kwiaciarnia\/100064764343595\/","article_modified_time":"2025-05-13T20:46:02+00:00","og_image":[{"width":1008,"height":1344,"url":"https:\/\/wkorcumaku.pl\/wp-content\/uploads\/2025\/05\/bukiet-slubny-lakowy-1.webp","type":"image\/webp"}],"twitter_card":"summary_large_image","twitter_misc":{"Estimated reading time":"1 minute"},"schema":{"@context":"https:\/\/schema.org","@graph":[{"@type":["WebPage","ItemPage"],"@id":"https:\/\/wkorcumaku.pl\/produkt\/bukiet-slubny-lakowy\/","url":"https:\/\/wkorcumaku.pl\/produkt\/bukiet-slubny-lakowy\/","name":"Meadow wedding bouquet - Florist W Korcu Maku Katowice","isPartOf":{"@id":"https:\/\/wkorcumaku.pl\/#website"},"primaryImageOfPage":{"@id":"https:\/\/wkorcumaku.pl\/produkt\/bukiet-slubny-lakowy\/#primaryimage"},"image":{"@id":"https:\/\/wkorcumaku.pl\/produkt\/bukiet-slubny-lakowy\/#primaryimage"},"thumbnailUrl":"https:\/\/wkorcumaku.pl\/wp-content\/uploads\/2025\/05\/bukiet-slubny-lakowy-1.webp","datePublished":"2025-05-13T20:21:55+00:00","dateModified":"2025-05-13T20:46:02+00:00","description":"Meadow wedding bouquet - a natural, romantic composition of seasonal flowers. Light and free form ideal for a boho or rustic style wedding.","breadcrumb":{"@id":"https:\/\/wkorcumaku.pl\/produkt\/bukiet-slubny-lakowy\/#breadcrumb"},"inLanguage":"en-GB","potentialAction":[{"@type":"ReadAction","target":["https:\/\/wkorcumaku.pl\/produkt\/bukiet-slubny-lakowy\/"]}]},{"@type":"ImageObject","inLanguage":"en-GB","@id":"https:\/\/wkorcumaku.pl\/produkt\/bukiet-slubny-lakowy\/#primaryimage","url":"https:\/\/wkorcumaku.pl\/wp-content\/uploads\/2025\/05\/bukiet-slubny-lakowy-1.webp","contentUrl":"https:\/\/wkorcumaku.pl\/wp-content\/uploads\/2025\/05\/bukiet-slubny-lakowy-1.webp","width":1008,"height":1344,"caption":"Bukiet \u015blubny \u0142\u0105kowy"},{"@type":"BreadcrumbList","@id":"https:\/\/wkorcumaku.pl\/produkt\/bukiet-slubny-lakowy\/#breadcrumb","itemListElement":[{"@type":"ListItem","position":1,"name":"Home","item":"https:\/\/wkorcumaku.pl\/"},{"@type":"ListItem","position":2,"name":"Sklep","item":"https:\/\/wkorcumaku.pl\/sklep\/"},{"@type":"ListItem","position":3,"name":"Bukiet \u015blubny \u0142\u0105kowy"}]},{"@type":"WebSite","@id":"https:\/\/wkorcumaku.pl\/#website","url":"https:\/\/wkorcumaku.pl\/","name":"Florist W Korcu Maku Katowice","description":"This is where the magic is sown!","publisher":{"@id":"https:\/\/wkorcumaku.pl\/#organization"},"potentialAction":[{"@type":"SearchAction","target":{"@type":"EntryPoint","urlTemplate":"https:\/\/wkorcumaku.pl\/?s={search_term_string}"},"query-input":{"@type":"PropertyValueSpecification","valueRequired":true,"valueName":"search_term_string"}}],"inLanguage":"en-GB"},{"@type":"Organization","@id":"https:\/\/wkorcumaku.pl\/#organization","name":"Florist W Korcu Maku Katowice","alternateName":"Kwiaciarnia Katowice","url":"https:\/\/wkorcumaku.pl\/","logo":{"@type":"ImageObject","inLanguage":"en-GB","@id":"https:\/\/wkorcumaku.pl\/#\/schema\/logo\/image\/","url":"https:\/\/wkorcumaku.pl\/wp-content\/uploads\/2021\/12\/Przezroczyste-tlo_Logo_glowne-zielone.png","contentUrl":"https:\/\/wkorcumaku.pl\/wp-content\/uploads\/2021\/12\/Przezroczyste-tlo_Logo_glowne-zielone.png","width":1016,"height":1123,"caption":"Kwiaciarnia W Korcu Maku Katowice"},"image":{"@id":"https:\/\/wkorcumaku.pl\/#\/schema\/logo\/image\/"},"sameAs":["https:\/\/www.facebook.com\/people\/W-KORCU-MAKU-kwiaciarnia\/100064764343595\/","https:\/\/www.instagram.com\/wkorcumaku\/"]}]}},"wcpa_form_fields":null,"_links":{"self":[{"href":"https:\/\/wkorcumaku.pl\/en\/wp-json\/wp\/v2\/product\/996376","targetHints":{"allow":["GET"]}}],"collection":[{"href":"https:\/\/wkorcumaku.pl\/en\/wp-json\/wp\/v2\/product"}],"about":[{"href":"https:\/\/wkorcumaku.pl\/en\/wp-json\/wp\/v2\/types\/product"}],"version-history":[{"count":1,"href":"https:\/\/wkorcumaku.pl\/en\/wp-json\/wp\/v2\/product\/996376\/revisions"}],"predecessor-version":[{"id":996379,"href":"https:\/\/wkorcumaku.pl\/en\/wp-json\/wp\/v2\/product\/996376\/revisions\/996379"}],"wp:featuredmedia":[{"embeddable":true,"href":"https:\/\/wkorcumaku.pl\/en\/wp-json\/wp\/v2\/media\/996377"}],"wp:attachment":[{"href":"https:\/\/wkorcumaku.pl\/en\/wp-json\/wp\/v2\/media?parent=996376"}],"wp:term":[{"taxonomy":"product_brand","embeddable":true,"href":"https:\/\/wkorcumaku.pl\/en\/wp-json\/wp\/v2\/product_brand?post=996376"},{"taxonomy":"product_cat","embeddable":true,"href":"https:\/\/wkorcumaku.pl\/en\/wp-json\/wp\/v2\/product_cat?post=996376"},{"taxonomy":"product_tag","embeddable":true,"href":"https:\/\/wkorcumaku.pl\/en\/wp-json\/wp\/v2\/product_tag?post=996376"},{"taxonomy":"giftcard-category","embeddable":true,"href":"https:\/\/wkorcumaku.pl\/en\/wp-json\/wp\/v2\/giftcard-category?post=996376"}],"curies":[{"name":"wp","href":"https:\/\/api.w.org\/{rel}","templated":true}]}}