{"id":996396,"date":"2025-05-14T14:53:56","date_gmt":"2025-05-14T14:53:56","guid":{"rendered":"https:\/\/wkorcumaku.pl\/?post_type=product&#038;p=996396"},"modified":"2025-05-14T15:00:38","modified_gmt":"2025-05-14T15:00:38","slug":"lilac-wedding-bouquet","status":"publish","type":"product","link":"https:\/\/wkorcumaku.pl\/en\/product\/lilac-wedding-bouquet\/","title":{"rendered":"Bridal bouquet in shades of beige and powder pink"},"content":{"rendered":"","protected":false},"excerpt":{"rendered":"<p>\nThis bridal bouquet is the essence of delicacy and refined taste.<br \/> <br \/>\nMaintained in a warm palette of beige, powder pink, cream and broken ecalyptus green.<br \/> <br \/>\nPerfect for the bride who wants a classic yet modern composition - calm, elegant and full of charm.<br \/>\nThe bouquet includes roses, carnations, eustomas and also delicate ornamental grasses and dries, which add a soft and boho touch.<br \/> <br \/>\nSuch a bouquet goes perfectly with rustic, classic and vintage styling.<\/p>","protected":false},"featured_media":996397,"template":"","meta":[],"product_brand":[],"product_cat":[351,364],"product_tag":[],"giftcard-category":[],"class_list":{"0":"post-996396","1":"product","2":"type-product","3":"status-publish","4":"has-post-thumbnail","6":"product_cat-bukiet-slubny","7":"product_cat-slubne","9":"first","10":"onbackorder","11":"shipping-taxable","12":"purchasable","13":"product-type-simple"},"yoast_head":"<!-- This site is optimized with the Yoast SEO plugin v27.1.1 - https:\/\/yoast.com\/product\/yoast-seo-wordpress\/ -->\n<title>Bukiet \u015blubny w odcieniach be\u017cu i pudrowego r\u00f3\u017cu - Kwiaciarnia W Korcu Maku Katowice<\/title>\n<meta name=\"description\" content=\"Elegancki bukiet \u015blubny w be\u017cu i pudrowym r\u00f3\u017cu z eukaliptusem, r\u00f3\u017cami i suszkami. Subtelna kompozycja w stylu rustykalnym, boho lub klasycznym.\" \/>\n<meta name=\"robots\" content=\"index, follow, max-snippet:-1, max-image-preview:large, max-video-preview:-1\" \/>\n<link rel=\"canonical\" href=\"https:\/\/wkorcumaku.pl\/en\/product\/lilac-wedding-bouquet\/\" \/>\n<meta property=\"og:locale\" content=\"en_GB\" \/>\n<meta property=\"og:type\" content=\"article\" \/>\n<meta property=\"og:title\" content=\"Bukiet \u015blubny w odcieniach be\u017cu i pudrowego r\u00f3\u017cu - Kwiaciarnia W Korcu Maku Katowice\" \/>\n<meta property=\"og:description\" content=\"Elegancki bukiet \u015blubny w be\u017cu i pudrowym r\u00f3\u017cu z eukaliptusem, r\u00f3\u017cami i suszkami. Subtelna kompozycja w stylu rustykalnym, boho lub klasycznym.\" \/>\n<meta property=\"og:url\" content=\"https:\/\/wkorcumaku.pl\/en\/product\/lilac-wedding-bouquet\/\" \/>\n<meta property=\"og:site_name\" content=\"Kwiaciarnia W Korcu Maku Katowice\" \/>\n<meta property=\"article:publisher\" content=\"https:\/\/www.facebook.com\/people\/W-KORCU-MAKU-kwiaciarnia\/100064764343595\/\" \/>\n<meta property=\"article:modified_time\" content=\"2025-05-14T15:00:38+00:00\" \/>\n<meta property=\"og:image\" content=\"https:\/\/wkorcumaku.pl\/wp-content\/uploads\/2025\/05\/bukiet-slubny-z-bezem_.webp\" \/>\n\t<meta property=\"og:image:width\" content=\"1008\" \/>\n\t<meta property=\"og:image:height\" content=\"1344\" \/>\n\t<meta property=\"og:image:type\" content=\"image\/webp\" \/>\n<meta name=\"twitter:card\" content=\"summary_large_image\" \/>\n<meta name=\"twitter:label1\" content=\"Estimated reading time\" \/>\n\t<meta name=\"twitter:data1\" content=\"1 minute\" \/>\n<script type=\"application\/ld+json\" class=\"yoast-schema-graph\">{\"@context\":\"https:\/\/schema.org\",\"@graph\":[{\"@type\":[\"WebPage\",\"ItemPage\"],\"@id\":\"https:\/\/wkorcumaku.pl\/produkt\/bukiet-slubny-bezowy\/\",\"url\":\"https:\/\/wkorcumaku.pl\/produkt\/bukiet-slubny-bezowy\/\",\"name\":\"Bukiet \u015blubny w odcieniach be\u017cu i pudrowego r\u00f3\u017cu - Kwiaciarnia W Korcu Maku Katowice\",\"isPartOf\":{\"@id\":\"https:\/\/wkorcumaku.pl\/#website\"},\"primaryImageOfPage\":{\"@id\":\"https:\/\/wkorcumaku.pl\/produkt\/bukiet-slubny-bezowy\/#primaryimage\"},\"image\":{\"@id\":\"https:\/\/wkorcumaku.pl\/produkt\/bukiet-slubny-bezowy\/#primaryimage\"},\"thumbnailUrl\":\"https:\/\/wkorcumaku.pl\/wp-content\/uploads\/2025\/05\/bukiet-slubny-z-bezem_.webp\",\"datePublished\":\"2025-05-14T14:53:56+00:00\",\"dateModified\":\"2025-05-14T15:00:38+00:00\",\"description\":\"Elegancki bukiet \u015blubny w be\u017cu i pudrowym r\u00f3\u017cu z eukaliptusem, r\u00f3\u017cami i suszkami. Subtelna kompozycja w stylu rustykalnym, boho lub klasycznym.\",\"breadcrumb\":{\"@id\":\"https:\/\/wkorcumaku.pl\/produkt\/bukiet-slubny-bezowy\/#breadcrumb\"},\"inLanguage\":\"en-GB\",\"potentialAction\":[{\"@type\":\"ReadAction\",\"target\":[\"https:\/\/wkorcumaku.pl\/produkt\/bukiet-slubny-bezowy\/\"]}]},{\"@type\":\"ImageObject\",\"inLanguage\":\"en-GB\",\"@id\":\"https:\/\/wkorcumaku.pl\/produkt\/bukiet-slubny-bezowy\/#primaryimage\",\"url\":\"https:\/\/wkorcumaku.pl\/wp-content\/uploads\/2025\/05\/bukiet-slubny-z-bezem_.webp\",\"contentUrl\":\"https:\/\/wkorcumaku.pl\/wp-content\/uploads\/2025\/05\/bukiet-slubny-z-bezem_.webp\",\"width\":1008,\"height\":1344,\"caption\":\"Bukiet \u015blubny w odcieniach be\u017cu i pudrowego r\u00f3\u017cu\"},{\"@type\":\"BreadcrumbList\",\"@id\":\"https:\/\/wkorcumaku.pl\/produkt\/bukiet-slubny-bezowy\/#breadcrumb\",\"itemListElement\":[{\"@type\":\"ListItem\",\"position\":1,\"name\":\"Home\",\"item\":\"https:\/\/wkorcumaku.pl\/\"},{\"@type\":\"ListItem\",\"position\":2,\"name\":\"Sklep\",\"item\":\"https:\/\/wkorcumaku.pl\/sklep\/\"},{\"@type\":\"ListItem\",\"position\":3,\"name\":\"Bukiet \u015blubny w odcieniach be\u017cu i pudrowego r\u00f3\u017cu\"}]},{\"@type\":\"WebSite\",\"@id\":\"https:\/\/wkorcumaku.pl\/#website\",\"url\":\"https:\/\/wkorcumaku.pl\/\",\"name\":\"Kwiaciarnia W Korcu Maku Katowice\",\"description\":\"Tu sieje si\u0119 magia!\",\"publisher\":{\"@id\":\"https:\/\/wkorcumaku.pl\/#organization\"},\"potentialAction\":[{\"@type\":\"SearchAction\",\"target\":{\"@type\":\"EntryPoint\",\"urlTemplate\":\"https:\/\/wkorcumaku.pl\/?s={search_term_string}\"},\"query-input\":{\"@type\":\"PropertyValueSpecification\",\"valueRequired\":true,\"valueName\":\"search_term_string\"}}],\"inLanguage\":\"en-GB\"},{\"@type\":\"Organization\",\"@id\":\"https:\/\/wkorcumaku.pl\/#organization\",\"name\":\"Kwiaciarnia W Korcu Maku Katowice\",\"alternateName\":\"Kwiaciarnia Katowice\",\"url\":\"https:\/\/wkorcumaku.pl\/\",\"logo\":{\"@type\":\"ImageObject\",\"inLanguage\":\"en-GB\",\"@id\":\"https:\/\/wkorcumaku.pl\/#\/schema\/logo\/image\/\",\"url\":\"https:\/\/wkorcumaku.pl\/wp-content\/uploads\/2021\/12\/Przezroczyste-tlo_Logo_glowne-zielone.png\",\"contentUrl\":\"https:\/\/wkorcumaku.pl\/wp-content\/uploads\/2021\/12\/Przezroczyste-tlo_Logo_glowne-zielone.png\",\"width\":1016,\"height\":1123,\"caption\":\"Kwiaciarnia W Korcu Maku Katowice\"},\"image\":{\"@id\":\"https:\/\/wkorcumaku.pl\/#\/schema\/logo\/image\/\"},\"sameAs\":[\"https:\/\/www.facebook.com\/people\/W-KORCU-MAKU-kwiaciarnia\/100064764343595\/\",\"https:\/\/www.instagram.com\/wkorcumaku\/\"]}]}<\/script>\n<!-- \/ Yoast SEO plugin. -->","yoast_head_json":{"title":"Wedding bouquet in shades of beige and powder pink - Florist W Korcu Maku Katowice","description":"Elegant bridal bouquet in beige and powder pink with eucalyptus, roses and dries. A subtle composition in a rustic, boho or classic style.","robots":{"index":"index","follow":"follow","max-snippet":"max-snippet:-1","max-image-preview":"max-image-preview:large","max-video-preview":"max-video-preview:-1"},"canonical":"https:\/\/wkorcumaku.pl\/en\/product\/lilac-wedding-bouquet\/","og_locale":"en_GB","og_type":"article","og_title":"Bukiet \u015blubny w odcieniach be\u017cu i pudrowego r\u00f3\u017cu - Kwiaciarnia W Korcu Maku Katowice","og_description":"Elegancki bukiet \u015blubny w be\u017cu i pudrowym r\u00f3\u017cu z eukaliptusem, r\u00f3\u017cami i suszkami. Subtelna kompozycja w stylu rustykalnym, boho lub klasycznym.","og_url":"https:\/\/wkorcumaku.pl\/en\/product\/lilac-wedding-bouquet\/","og_site_name":"Kwiaciarnia W Korcu Maku Katowice","article_publisher":"https:\/\/www.facebook.com\/people\/W-KORCU-MAKU-kwiaciarnia\/100064764343595\/","article_modified_time":"2025-05-14T15:00:38+00:00","og_image":[{"width":1008,"height":1344,"url":"https:\/\/wkorcumaku.pl\/wp-content\/uploads\/2025\/05\/bukiet-slubny-z-bezem_.webp","type":"image\/webp"}],"twitter_card":"summary_large_image","twitter_misc":{"Estimated reading time":"1 minute"},"schema":{"@context":"https:\/\/schema.org","@graph":[{"@type":["WebPage","ItemPage"],"@id":"https:\/\/wkorcumaku.pl\/produkt\/bukiet-slubny-bezowy\/","url":"https:\/\/wkorcumaku.pl\/produkt\/bukiet-slubny-bezowy\/","name":"Wedding bouquet in shades of beige and powder pink - Florist W Korcu Maku Katowice","isPartOf":{"@id":"https:\/\/wkorcumaku.pl\/#website"},"primaryImageOfPage":{"@id":"https:\/\/wkorcumaku.pl\/produkt\/bukiet-slubny-bezowy\/#primaryimage"},"image":{"@id":"https:\/\/wkorcumaku.pl\/produkt\/bukiet-slubny-bezowy\/#primaryimage"},"thumbnailUrl":"https:\/\/wkorcumaku.pl\/wp-content\/uploads\/2025\/05\/bukiet-slubny-z-bezem_.webp","datePublished":"2025-05-14T14:53:56+00:00","dateModified":"2025-05-14T15:00:38+00:00","description":"Elegant bridal bouquet in beige and powder pink with eucalyptus, roses and dries. A subtle composition in a rustic, boho or classic style.","breadcrumb":{"@id":"https:\/\/wkorcumaku.pl\/produkt\/bukiet-slubny-bezowy\/#breadcrumb"},"inLanguage":"en-GB","potentialAction":[{"@type":"ReadAction","target":["https:\/\/wkorcumaku.pl\/produkt\/bukiet-slubny-bezowy\/"]}]},{"@type":"ImageObject","inLanguage":"en-GB","@id":"https:\/\/wkorcumaku.pl\/produkt\/bukiet-slubny-bezowy\/#primaryimage","url":"https:\/\/wkorcumaku.pl\/wp-content\/uploads\/2025\/05\/bukiet-slubny-z-bezem_.webp","contentUrl":"https:\/\/wkorcumaku.pl\/wp-content\/uploads\/2025\/05\/bukiet-slubny-z-bezem_.webp","width":1008,"height":1344,"caption":"Bukiet \u015blubny w odcieniach be\u017cu i pudrowego r\u00f3\u017cu"},{"@type":"BreadcrumbList","@id":"https:\/\/wkorcumaku.pl\/produkt\/bukiet-slubny-bezowy\/#breadcrumb","itemListElement":[{"@type":"ListItem","position":1,"name":"Home","item":"https:\/\/wkorcumaku.pl\/"},{"@type":"ListItem","position":2,"name":"Sklep","item":"https:\/\/wkorcumaku.pl\/sklep\/"},{"@type":"ListItem","position":3,"name":"Bukiet \u015blubny w odcieniach be\u017cu i pudrowego r\u00f3\u017cu"}]},{"@type":"WebSite","@id":"https:\/\/wkorcumaku.pl\/#website","url":"https:\/\/wkorcumaku.pl\/","name":"Florist W Korcu Maku Katowice","description":"This is where the magic is sown!","publisher":{"@id":"https:\/\/wkorcumaku.pl\/#organization"},"potentialAction":[{"@type":"SearchAction","target":{"@type":"EntryPoint","urlTemplate":"https:\/\/wkorcumaku.pl\/?s={search_term_string}"},"query-input":{"@type":"PropertyValueSpecification","valueRequired":true,"valueName":"search_term_string"}}],"inLanguage":"en-GB"},{"@type":"Organization","@id":"https:\/\/wkorcumaku.pl\/#organization","name":"Florist W Korcu Maku Katowice","alternateName":"Kwiaciarnia Katowice","url":"https:\/\/wkorcumaku.pl\/","logo":{"@type":"ImageObject","inLanguage":"en-GB","@id":"https:\/\/wkorcumaku.pl\/#\/schema\/logo\/image\/","url":"https:\/\/wkorcumaku.pl\/wp-content\/uploads\/2021\/12\/Przezroczyste-tlo_Logo_glowne-zielone.png","contentUrl":"https:\/\/wkorcumaku.pl\/wp-content\/uploads\/2021\/12\/Przezroczyste-tlo_Logo_glowne-zielone.png","width":1016,"height":1123,"caption":"Kwiaciarnia W Korcu Maku Katowice"},"image":{"@id":"https:\/\/wkorcumaku.pl\/#\/schema\/logo\/image\/"},"sameAs":["https:\/\/www.facebook.com\/people\/W-KORCU-MAKU-kwiaciarnia\/100064764343595\/","https:\/\/www.instagram.com\/wkorcumaku\/"]}]}},"wcpa_form_fields":null,"_links":{"self":[{"href":"https:\/\/wkorcumaku.pl\/en\/wp-json\/wp\/v2\/product\/996396","targetHints":{"allow":["GET"]}}],"collection":[{"href":"https:\/\/wkorcumaku.pl\/en\/wp-json\/wp\/v2\/product"}],"about":[{"href":"https:\/\/wkorcumaku.pl\/en\/wp-json\/wp\/v2\/types\/product"}],"version-history":[{"count":1,"href":"https:\/\/wkorcumaku.pl\/en\/wp-json\/wp\/v2\/product\/996396\/revisions"}],"predecessor-version":[{"id":996398,"href":"https:\/\/wkorcumaku.pl\/en\/wp-json\/wp\/v2\/product\/996396\/revisions\/996398"}],"wp:featuredmedia":[{"embeddable":true,"href":"https:\/\/wkorcumaku.pl\/en\/wp-json\/wp\/v2\/media\/996397"}],"wp:attachment":[{"href":"https:\/\/wkorcumaku.pl\/en\/wp-json\/wp\/v2\/media?parent=996396"}],"wp:term":[{"taxonomy":"product_brand","embeddable":true,"href":"https:\/\/wkorcumaku.pl\/en\/wp-json\/wp\/v2\/product_brand?post=996396"},{"taxonomy":"product_cat","embeddable":true,"href":"https:\/\/wkorcumaku.pl\/en\/wp-json\/wp\/v2\/product_cat?post=996396"},{"taxonomy":"product_tag","embeddable":true,"href":"https:\/\/wkorcumaku.pl\/en\/wp-json\/wp\/v2\/product_tag?post=996396"},{"taxonomy":"giftcard-category","embeddable":true,"href":"https:\/\/wkorcumaku.pl\/en\/wp-json\/wp\/v2\/giftcard-category?post=996396"}],"curies":[{"name":"wp","href":"https:\/\/api.w.org\/{rel}","templated":true}]}}