{"id":992143,"date":"2023-07-20T19:57:26","date_gmt":"2023-07-20T19:57:26","guid":{"rendered":"https:\/\/wkorcumaku.pl\/\/?post_type=product&#038;p=992143"},"modified":"2025-11-20T18:46:11","modified_gmt":"2025-11-20T18:46:11","slug":"%d0%bf%d1%83%d1%87%d0%be%d0%ba-%d0%b0%d0%bd%d1%82%d1%83%d1%80%d1%96%d1%83%d0%bc%d1%83","status":"publish","type":"product","link":"https:\/\/wkorcumaku.pl\/uk\/%d0%bf%d1%80%d0%be%d0%b4%d1%83%d0%ba%d1%82\/%d0%bf%d1%83%d1%87%d0%be%d0%ba-%d0%b0%d0%bd%d1%82%d1%83%d1%80%d1%96%d1%83%d0%bc%d1%83\/","title":{"rendered":"\u0411\u0443\u043a\u0435\u0442 \u0430\u043d\u0442\u0443\u0440\u0438\u0443\u043c\u0430"},"content":{"rendered":"","protected":false},"excerpt":{"rendered":"<p>\n\u0411\u0443\u043a\u0435\u0442 \u0430\u043d\u0442\u0443\u0440\u0438\u0443\u043c\u0430 - \u0446\u0435 \u0435\u043b\u0435\u0433\u0430\u043d\u0442\u043d\u0430, \u043f\u0440\u0438\u0433\u043b\u0443\u0448\u0435\u043d\u0430 \u043a\u0432\u0456\u0442\u043a\u043e\u0432\u0430 \u043a\u043e\u043c\u043f\u043e\u0437\u0438\u0446\u0456\u044f \u0443 \u0432\u0438\u0433\u043b\u044f\u0434\u0456 \u0431\u0443\u043a\u0435\u0442\u0430, \u0449\u043e \u043f\u043e\u0454\u0434\u043d\u0443\u0454 \u0432 \u0441\u043e\u0431\u0456 \u0441\u0443\u0447\u0430\u0441\u043d\u0443 \u0444\u043e\u0440\u043c\u0443 \u0437 \u043a\u043b\u0430\u0441\u0438\u0447\u043d\u0438\u043c \u0441\u0438\u043c\u0432\u043e\u043b\u0456\u0437\u043c\u043e\u043c.<br \/>\n\u0414\u043e\u043c\u0456\u043d\u0443\u044e\u0447\u0438\u043c \u0435\u043b\u0435\u043c\u0435\u043d\u0442\u043e\u043c \u0454 \u0434\u0435\u043a\u043e\u0440\u0430\u0442\u0438\u0432\u043d\u0456 \u043a\u0432\u0456\u0442\u0438 \u0430\u043d\u0442\u0443\u0440\u0438\u0443\u043c\u0430, \u044f\u043a\u0456 \u043d\u0430\u0434\u0430\u044e\u0442\u044c \u0437\u0430\u0433\u0430\u043b\u044c\u043d\u043e\u043c\u0443 \u0434\u0438\u0437\u0430\u0439\u043d\u0443 \u0432\u0438\u0440\u0430\u0437\u043d\u043e\u0441\u0442\u0456 \u0442\u0430 \u0445\u0430\u0440\u0430\u043a\u0442\u0435\u0440\u0443.<br \/>\n\u041a\u043e\u043c\u043f\u043e\u0437\u0438\u0446\u0456\u044f \u0434\u043e\u043f\u043e\u0432\u043d\u0435\u043d\u0430 \u0441\u0435\u0437\u043e\u043d\u043d\u0438\u043c\u0438 \u043a\u0432\u0456\u0442\u0430\u043c\u0438, \u043b\u0435\u0433\u043a\u0438\u043c\u0438 \u0430\u043a\u0441\u0435\u0441\u0443\u0430\u0440\u0430\u043c\u0438 \u0442\u0430 \u0441\u0432\u0456\u0436\u043e\u044e \u0437\u0435\u043b\u0435\u043d\u043d\u044e, \u044f\u043a\u0456 \u0440\u0430\u0437\u043e\u043c \u0441\u0442\u0432\u043e\u0440\u044e\u044e\u0442\u044c \u0433\u0430\u0440\u043c\u043e\u043d\u0456\u0439\u043d\u0435, \u0435\u0441\u0442\u0435\u0442\u0438\u0447\u043d\u0435 \u0446\u0456\u043b\u0435.<br \/>\n\u0426\u0435 \u0434\u043b\u044f \u0442\u0438\u0445, \u0445\u0442\u043e \u0446\u0456\u043d\u0443\u0454 \u0435\u043b\u0435\u0433\u0430\u043d\u0442\u043d\u0456\u0441\u0442\u044c \u0456 \u0437\u0431\u0430\u043b\u0430\u043d\u0441\u043e\u0432\u0430\u043d\u0456 \u043a\u0432\u0456\u0442\u043a\u043e\u0432\u0456 \u043a\u043e\u043c\u043f\u043e\u0437\u0438\u0446\u0456\u0457 \u0437\u0456 \u0441\u043f\u043e\u043a\u0456\u0439\u043d\u043e\u044e \u0442\u043e\u043d\u0430\u043b\u044c\u043d\u0456\u0441\u0442\u044e.\n<\/p>\n<p><em>\u041d\u0430 \u0444\u043e\u0442\u043e - \u0441\u0435\u0440\u0435\u0434\u043d\u0456\u0439 \u0432\u0430\u0440\u0456\u0430\u043d\u0442.<\/em><\/p>","protected":false},"featured_media":992148,"template":"","meta":[],"product_brand":[],"product_cat":[255,311],"product_tag":[],"giftcard-category":[],"class_list":{"0":"post-992143","1":"product","2":"type-product","3":"status-publish","4":"has-post-thumbnail","6":"product_cat-funeralne","7":"product_cat-wiazanka","8":"pa_select-size-duzy","9":"pa_select-size-maly","10":"pa_select-size-sredni","11":"wcpa_has_options","13":"first","14":"instock","15":"shipping-taxable","16":"purchasable","17":"product-type-variable","18":"has-default-attributes"},"yoast_head":"<!-- This site is optimized with the Yoast SEO plugin v27.1.1 - https:\/\/yoast.com\/product\/yoast-seo-wordpress\/ -->\n<title>Wi\u0105zanka z anturium - Kwiaciarnia W Korcu Maku Katowice<\/title>\n<meta name=\"description\" content=\"Wi\u0105zanka z anturium i sezonowych kwiat\u00f3w z dodatkiem zieleni. Elegancka i stonowana kompozycja w formie bukietu o wyrazistym, estetycznym charakterze.\" \/>\n<meta name=\"robots\" content=\"index, follow, max-snippet:-1, max-image-preview:large, max-video-preview:-1\" \/>\n<link rel=\"canonical\" href=\"https:\/\/wkorcumaku.pl\/uk\/\u043f\u0440\u043e\u0434\u0443\u043a\u0442\/\u043f\u0443\u0447\u043e\u043a-\u0430\u043d\u0442\u0443\u0440\u0456\u0443\u043c\u0443\/\" \/>\n<meta property=\"og:locale\" content=\"uk_UA\" \/>\n<meta property=\"og:type\" content=\"article\" \/>\n<meta property=\"og:title\" content=\"Wi\u0105zanka z anturium - Kwiaciarnia W Korcu Maku Katowice\" \/>\n<meta property=\"og:description\" content=\"Wi\u0105zanka z anturium i sezonowych kwiat\u00f3w z dodatkiem zieleni. Elegancka i stonowana kompozycja w formie bukietu o wyrazistym, estetycznym charakterze.\" \/>\n<meta property=\"og:url\" content=\"https:\/\/wkorcumaku.pl\/uk\/\u043f\u0440\u043e\u0434\u0443\u043a\u0442\/\u043f\u0443\u0447\u043e\u043a-\u0430\u043d\u0442\u0443\u0440\u0456\u0443\u043c\u0443\/\" \/>\n<meta property=\"og:site_name\" content=\"Kwiaciarnia W Korcu Maku Katowice\" \/>\n<meta property=\"article:publisher\" content=\"https:\/\/www.facebook.com\/people\/W-KORCU-MAKU-kwiaciarnia\/100064764343595\/\" \/>\n<meta property=\"article:modified_time\" content=\"2025-11-20T18:46:11+00:00\" \/>\n<meta property=\"og:image\" content=\"https:\/\/wkorcumaku.pl\/wp-content\/uploads\/2023\/07\/pogrzebowawiazanka-anturium_.webp\" \/>\n\t<meta property=\"og:image:width\" content=\"1231\" \/>\n\t<meta property=\"og:image:height\" content=\"1642\" \/>\n\t<meta property=\"og:image:type\" content=\"image\/webp\" \/>\n<meta name=\"twitter:card\" content=\"summary_large_image\" \/>\n<meta name=\"twitter:label1\" content=\"\u041f\u0440\u0438\u0431\u043b. \u0447\u0430\u0441 \u0447\u0438\u0442\u0430\u043d\u043d\u044f\" \/>\n\t<meta name=\"twitter:data1\" content=\"1 \u0445\u0432\u0438\u043b\u0438\u043d\u0430\" \/>\n<script type=\"application\/ld+json\" class=\"yoast-schema-graph\">{\"@context\":\"https:\/\/schema.org\",\"@graph\":[{\"@type\":[\"WebPage\",\"ItemPage\"],\"@id\":\"https:\/\/wkorcumaku.pl\/produkt\/wiazanka-z-anturium\/\",\"url\":\"https:\/\/wkorcumaku.pl\/produkt\/wiazanka-z-anturium\/\",\"name\":\"Wi\u0105zanka z anturium - Kwiaciarnia W Korcu Maku Katowice\",\"isPartOf\":{\"@id\":\"https:\/\/wkorcumaku.pl\/#website\"},\"primaryImageOfPage\":{\"@id\":\"https:\/\/wkorcumaku.pl\/produkt\/wiazanka-z-anturium\/#primaryimage\"},\"image\":{\"@id\":\"https:\/\/wkorcumaku.pl\/produkt\/wiazanka-z-anturium\/#primaryimage\"},\"thumbnailUrl\":\"https:\/\/wkorcumaku.pl\/wp-content\/uploads\/2023\/07\/pogrzebowawiazanka-anturium_.webp\",\"datePublished\":\"2023-07-20T19:57:26+00:00\",\"dateModified\":\"2025-11-20T18:46:11+00:00\",\"description\":\"Wi\u0105zanka z anturium i sezonowych kwiat\u00f3w z dodatkiem zieleni. Elegancka i stonowana kompozycja w formie bukietu o wyrazistym, estetycznym charakterze.\",\"breadcrumb\":{\"@id\":\"https:\/\/wkorcumaku.pl\/produkt\/wiazanka-z-anturium\/#breadcrumb\"},\"inLanguage\":\"uk\",\"potentialAction\":[{\"@type\":\"ReadAction\",\"target\":[\"https:\/\/wkorcumaku.pl\/produkt\/wiazanka-z-anturium\/\"]}]},{\"@type\":\"ImageObject\",\"inLanguage\":\"uk\",\"@id\":\"https:\/\/wkorcumaku.pl\/produkt\/wiazanka-z-anturium\/#primaryimage\",\"url\":\"https:\/\/wkorcumaku.pl\/wp-content\/uploads\/2023\/07\/pogrzebowawiazanka-anturium_.webp\",\"contentUrl\":\"https:\/\/wkorcumaku.pl\/wp-content\/uploads\/2023\/07\/pogrzebowawiazanka-anturium_.webp\",\"width\":1231,\"height\":1642,\"caption\":\"Pogrzebowa wi\u0105zanka z anturium\"},{\"@type\":\"BreadcrumbList\",\"@id\":\"https:\/\/wkorcumaku.pl\/produkt\/wiazanka-z-anturium\/#breadcrumb\",\"itemListElement\":[{\"@type\":\"ListItem\",\"position\":1,\"name\":\"Home\",\"item\":\"https:\/\/wkorcumaku.pl\/\"},{\"@type\":\"ListItem\",\"position\":2,\"name\":\"Sklep\",\"item\":\"https:\/\/wkorcumaku.pl\/sklep\/\"},{\"@type\":\"ListItem\",\"position\":3,\"name\":\"Wi\u0105zanka z anturium\"}]},{\"@type\":\"WebSite\",\"@id\":\"https:\/\/wkorcumaku.pl\/#website\",\"url\":\"https:\/\/wkorcumaku.pl\/\",\"name\":\"Kwiaciarnia W Korcu Maku Katowice\",\"description\":\"Tu sieje si\u0119 magia!\",\"publisher\":{\"@id\":\"https:\/\/wkorcumaku.pl\/#organization\"},\"potentialAction\":[{\"@type\":\"SearchAction\",\"target\":{\"@type\":\"EntryPoint\",\"urlTemplate\":\"https:\/\/wkorcumaku.pl\/?s={search_term_string}\"},\"query-input\":{\"@type\":\"PropertyValueSpecification\",\"valueRequired\":true,\"valueName\":\"search_term_string\"}}],\"inLanguage\":\"uk\"},{\"@type\":\"Organization\",\"@id\":\"https:\/\/wkorcumaku.pl\/#organization\",\"name\":\"Kwiaciarnia W Korcu Maku Katowice\",\"alternateName\":\"Kwiaciarnia Katowice\",\"url\":\"https:\/\/wkorcumaku.pl\/\",\"logo\":{\"@type\":\"ImageObject\",\"inLanguage\":\"uk\",\"@id\":\"https:\/\/wkorcumaku.pl\/#\/schema\/logo\/image\/\",\"url\":\"https:\/\/wkorcumaku.pl\/wp-content\/uploads\/2021\/12\/Przezroczyste-tlo_Logo_glowne-zielone.png\",\"contentUrl\":\"https:\/\/wkorcumaku.pl\/wp-content\/uploads\/2021\/12\/Przezroczyste-tlo_Logo_glowne-zielone.png\",\"width\":1016,\"height\":1123,\"caption\":\"Kwiaciarnia W Korcu Maku Katowice\"},\"image\":{\"@id\":\"https:\/\/wkorcumaku.pl\/#\/schema\/logo\/image\/\"},\"sameAs\":[\"https:\/\/www.facebook.com\/people\/W-KORCU-MAKU-kwiaciarnia\/100064764343595\/\",\"https:\/\/www.instagram.com\/wkorcumaku\/\"]}]}<\/script>\n<!-- \/ Yoast SEO plugin. -->","yoast_head_json":{"title":"\u0411\u0443\u043a\u0435\u0442 \u0430\u043d\u0442\u0443\u0440\u0438\u0443\u043c\u0430 - \u0424\u043b\u043e\u0440\u0438\u0441\u0442 W Korcu Maku \u041a\u0430\u0442\u043e\u0432\u0456\u0446\u0435","description":"\u0411\u0443\u043a\u0435\u0442 \u0437 \u0430\u043d\u0442\u0443\u0440\u0456\u0443\u043c\u0430 \u0442\u0430 \u0441\u0435\u0437\u043e\u043d\u043d\u0438\u0445 \u043a\u0432\u0456\u0442\u0456\u0432 \u0437 \u0434\u043e\u0434\u0430\u0432\u0430\u043d\u043d\u044f\u043c \u0437\u0435\u043b\u0435\u043d\u0456. \u0415\u043b\u0435\u0433\u0430\u043d\u0442\u043d\u0430 \u0456 \u0441\u0442\u0440\u0438\u043c\u0430\u043d\u0430 \u043a\u043e\u043c\u043f\u043e\u0437\u0438\u0446\u0456\u044f \u0443 \u0432\u0438\u0433\u043b\u044f\u0434\u0456 \u0431\u0443\u043a\u0435\u0442\u0430 \u0437 \u0432\u0438\u0440\u0430\u0437\u043d\u0438\u043c \u0435\u0441\u0442\u0435\u0442\u0438\u0447\u043d\u0438\u043c \u0445\u0430\u0440\u0430\u043a\u0442\u0435\u0440\u043e\u043c.","robots":{"index":"index","follow":"follow","max-snippet":"max-snippet:-1","max-image-preview":"max-image-preview:large","max-video-preview":"max-video-preview:-1"},"canonical":"https:\/\/wkorcumaku.pl\/uk\/\u043f\u0440\u043e\u0434\u0443\u043a\u0442\/\u043f\u0443\u0447\u043e\u043a-\u0430\u043d\u0442\u0443\u0440\u0456\u0443\u043c\u0443\/","og_locale":"uk_UA","og_type":"article","og_title":"Wi\u0105zanka z anturium - Kwiaciarnia W Korcu Maku Katowice","og_description":"Wi\u0105zanka z anturium i sezonowych kwiat\u00f3w z dodatkiem zieleni. Elegancka i stonowana kompozycja w formie bukietu o wyrazistym, estetycznym charakterze.","og_url":"https:\/\/wkorcumaku.pl\/uk\/\u043f\u0440\u043e\u0434\u0443\u043a\u0442\/\u043f\u0443\u0447\u043e\u043a-\u0430\u043d\u0442\u0443\u0440\u0456\u0443\u043c\u0443\/","og_site_name":"Kwiaciarnia W Korcu Maku Katowice","article_publisher":"https:\/\/www.facebook.com\/people\/W-KORCU-MAKU-kwiaciarnia\/100064764343595\/","article_modified_time":"2025-11-20T18:46:11+00:00","og_image":[{"width":1231,"height":1642,"url":"https:\/\/wkorcumaku.pl\/wp-content\/uploads\/2023\/07\/pogrzebowawiazanka-anturium_.webp","type":"image\/webp"}],"twitter_card":"summary_large_image","twitter_misc":{"\u041f\u0440\u0438\u0431\u043b. \u0447\u0430\u0441 \u0447\u0438\u0442\u0430\u043d\u043d\u044f":"1 \u0445\u0432\u0438\u043b\u0438\u043d\u0430"},"schema":{"@context":"https:\/\/schema.org","@graph":[{"@type":["WebPage","ItemPage"],"@id":"https:\/\/wkorcumaku.pl\/produkt\/wiazanka-z-anturium\/","url":"https:\/\/wkorcumaku.pl\/produkt\/wiazanka-z-anturium\/","name":"\u0411\u0443\u043a\u0435\u0442 \u0430\u043d\u0442\u0443\u0440\u0438\u0443\u043c\u0430 - \u0424\u043b\u043e\u0440\u0438\u0441\u0442 W Korcu Maku \u041a\u0430\u0442\u043e\u0432\u0456\u0446\u0435","isPartOf":{"@id":"https:\/\/wkorcumaku.pl\/#website"},"primaryImageOfPage":{"@id":"https:\/\/wkorcumaku.pl\/produkt\/wiazanka-z-anturium\/#primaryimage"},"image":{"@id":"https:\/\/wkorcumaku.pl\/produkt\/wiazanka-z-anturium\/#primaryimage"},"thumbnailUrl":"https:\/\/wkorcumaku.pl\/wp-content\/uploads\/2023\/07\/pogrzebowawiazanka-anturium_.webp","datePublished":"2023-07-20T19:57:26+00:00","dateModified":"2025-11-20T18:46:11+00:00","description":"\u0411\u0443\u043a\u0435\u0442 \u0437 \u0430\u043d\u0442\u0443\u0440\u0456\u0443\u043c\u0430 \u0442\u0430 \u0441\u0435\u0437\u043e\u043d\u043d\u0438\u0445 \u043a\u0432\u0456\u0442\u0456\u0432 \u0437 \u0434\u043e\u0434\u0430\u0432\u0430\u043d\u043d\u044f\u043c \u0437\u0435\u043b\u0435\u043d\u0456. \u0415\u043b\u0435\u0433\u0430\u043d\u0442\u043d\u0430 \u0456 \u0441\u0442\u0440\u0438\u043c\u0430\u043d\u0430 \u043a\u043e\u043c\u043f\u043e\u0437\u0438\u0446\u0456\u044f \u0443 \u0432\u0438\u0433\u043b\u044f\u0434\u0456 \u0431\u0443\u043a\u0435\u0442\u0430 \u0437 \u0432\u0438\u0440\u0430\u0437\u043d\u0438\u043c \u0435\u0441\u0442\u0435\u0442\u0438\u0447\u043d\u0438\u043c \u0445\u0430\u0440\u0430\u043a\u0442\u0435\u0440\u043e\u043c.","breadcrumb":{"@id":"https:\/\/wkorcumaku.pl\/produkt\/wiazanka-z-anturium\/#breadcrumb"},"inLanguage":"uk","potentialAction":[{"@type":"ReadAction","target":["https:\/\/wkorcumaku.pl\/produkt\/wiazanka-z-anturium\/"]}]},{"@type":"ImageObject","inLanguage":"uk","@id":"https:\/\/wkorcumaku.pl\/produkt\/wiazanka-z-anturium\/#primaryimage","url":"https:\/\/wkorcumaku.pl\/wp-content\/uploads\/2023\/07\/pogrzebowawiazanka-anturium_.webp","contentUrl":"https:\/\/wkorcumaku.pl\/wp-content\/uploads\/2023\/07\/pogrzebowawiazanka-anturium_.webp","width":1231,"height":1642,"caption":"Pogrzebowa wi\u0105zanka z anturium"},{"@type":"BreadcrumbList","@id":"https:\/\/wkorcumaku.pl\/produkt\/wiazanka-z-anturium\/#breadcrumb","itemListElement":[{"@type":"ListItem","position":1,"name":"Home","item":"https:\/\/wkorcumaku.pl\/"},{"@type":"ListItem","position":2,"name":"Sklep","item":"https:\/\/wkorcumaku.pl\/sklep\/"},{"@type":"ListItem","position":3,"name":"Wi\u0105zanka z anturium"}]},{"@type":"WebSite","@id":"https:\/\/wkorcumaku.pl\/#website","url":"https:\/\/wkorcumaku.pl\/","name":"\u0424\u043b\u043e\u0440\u0438\u0441\u0442 W Korcu Maku \u041a\u0430\u0442\u043e\u0432\u0456\u0446\u0435","description":"\u0426\u0435 \u043c\u0456\u0441\u0446\u0435, \u0434\u0435 \u0441\u0456\u0454\u0442\u044c\u0441\u044f \u043c\u0430\u0433\u0456\u044f!","publisher":{"@id":"https:\/\/wkorcumaku.pl\/#organization"},"potentialAction":[{"@type":"SearchAction","target":{"@type":"EntryPoint","urlTemplate":"https:\/\/wkorcumaku.pl\/?s={search_term_string}"},"query-input":{"@type":"PropertyValueSpecification","valueRequired":true,"valueName":"search_term_string"}}],"inLanguage":"uk"},{"@type":"Organization","@id":"https:\/\/wkorcumaku.pl\/#organization","name":"\u0424\u043b\u043e\u0440\u0438\u0441\u0442 W Korcu Maku \u041a\u0430\u0442\u043e\u0432\u0456\u0446\u0435","alternateName":"Kwiaciarnia Katowice","url":"https:\/\/wkorcumaku.pl\/","logo":{"@type":"ImageObject","inLanguage":"uk","@id":"https:\/\/wkorcumaku.pl\/#\/schema\/logo\/image\/","url":"https:\/\/wkorcumaku.pl\/wp-content\/uploads\/2021\/12\/Przezroczyste-tlo_Logo_glowne-zielone.png","contentUrl":"https:\/\/wkorcumaku.pl\/wp-content\/uploads\/2021\/12\/Przezroczyste-tlo_Logo_glowne-zielone.png","width":1016,"height":1123,"caption":"Kwiaciarnia W Korcu Maku Katowice"},"image":{"@id":"https:\/\/wkorcumaku.pl\/#\/schema\/logo\/image\/"},"sameAs":["https:\/\/www.facebook.com\/people\/W-KORCU-MAKU-kwiaciarnia\/100064764343595\/","https:\/\/www.instagram.com\/wkorcumaku\/"]}]}},"wcpa_form_fields":{"wcpaData":{"product":{"product_price":149,"price_html":"od &nbsp; <span class=\"woocommerce-Price-amount amount\"><bdi>149,00&nbsp;<span class=\"woocommerce-Price-currencySymbol\">&#122;&#322;<\/span><\/bdi><\/span>","original_product_price":149,"price_including_tax":149,"price_excluding_tax":149,"product_id":{"parent":992143,"variation":false},"is_variable":true,"stock_status":"instock","stock_quantity":null,"parent_sku":"wiazanka-z-anturium","product_attributes":{"pa_select-size":{"is_variation":true,"values":[]}},"custom_fields":{"wcpa_pcf_advance_payment":"false"},"is_taxable":false},"fields":{"sec_46467fb8a05d3b":{"extra":{"key":"sec_46467fb8a05d3b","section_id":"sec_46467fb8a05d3b","name":"Default","status":1,"cl_rule":"show","enableCl":false,"relations":[],"toggle":true,"title_tag":"h3","show_title":false,"showPrice":"default","form_id":989459,"form_rules":{"exclude_from_discount":false,"fee_label":"Fee","disp_hide_options_price":false,"disp_show_section_price":false,"disp_show_field_price":true,"layout_option":"standard","pric_use_as_fee":false,"process_fee_as":"woo_fee"},"layout_option":"standard"},"fields":[[{"active":true,"col":6,"relations":[{"operator":false,"rules":[{"operator":"AND","rules":{"cl_field":"attribute","cl_relation":"","cl_val":""}}]}],"cl_rule":"show","enableCl":false,"price":"","enablePrice":true,"className":"","label_position":"default","desc_position":"default","type":"checkbox-group","required":false,"elementId":"checkgroup_7700449109","label":"Opcje dodatkowe","name":"checkgroup_7700449109","values":[{"label":"Szarfa","value":"Szarfa","selected":false,"tempId":"aco_140","price":"9","gt_translate_keys":["label"]},{"label":"Stojak","value":"Stojak","selected":false,"tempId":"aco_141","price":"29","gt_translate_keys":["label"]}],"layOut":"","error":false,"checkUi":"","priceOptions":"different_for_all","pricingType":"fixed","enableDesign":false,"LabelSize":"20","DescSize":"10","scrollBar":false,"LabelColor":"","DescColor":"","gt_translate_keys":["label"],"price_dependency":false,"cl_dependency":false,"value":""}],[{"type":"text","elementId":"wcpa-text-1683132860520","label":"Tekst na szarfie","pricingType":"fixed","name":"text-1683132860519","subtype":"text","enableCl":true,"cl_rule":"show","cl_val":"szarfa","col":6,"relations":[{"operator":false,"rules":[{"operator":false,"rules":{"cl_field":"wcpa-select-1684453548517","cl_relation":"is","cl_val":"szarfa"}}]}],"active":true,"tooltip":"","gt_translate_keys":["label","tooltip"],"price_dependency":false,"cl_dependency":false,"value":""}],[{"type":"select","required":true,"elementId":"wcpa-select-1684453872951","label":"Odbi\u00f3r lub dostawa","priceOptions":"different_for_all","pricingType":"fixed","name":"select-1684453872951","cl_rule":"show","col":6,"values":[{"label":"Odbi\u00f3r osobisty","value":"Odbi\u00f3r osobisty","price":"","pimage":"","pimage_id":"","pthumb":"","gt_translate_keys":["label"]},{"label":"Dostawa","value":"Dostawa","price":"","pimage":"","pimage_id":"","pthumb":"","gt_translate_keys":["label"]}],"relations":false,"active":true,"tooltip":"","dropdown_type":"basic","error":false,"gt_translate_keys":["label","tooltip"],"price_dependency":false,"cl_dependency":false,"value":""}],[{"active":true,"col":6,"relations":false,"cl_rule":"show","enableCl":false,"price":"","enablePrice":false,"className":"info_funeral","label_position":"default","desc_position":"default","type":"content","required":false,"elementId":"content_5105884432","label":"","name":"content_5105884432","contentType":"plain","value":"W przypadku dostawy w kroku kolejnym nale\u017cy zaznaczy\u0107 'DOSTAWA KO\u015aCI\u00d3\u0141\/CMENTARZ' gdzie zostanie podany adres oraz inne niezb\u0119dne informacje.","error":false,"inline":false,"subtype":"div","hideFieldIn_order":true,"hideFieldIn_cart":true,"gt_translate_keys":["label","value"],"price_dependency":false,"cl_dependency":false}],[{"active":true,"col":6,"relations":false,"cl_rule":"show","enableCl":false,"price":"","enablePrice":false,"className":"","label_position":"default","desc_position":"default","type":"date","required":true,"elementId":"date_4596003470","name":"date_4596003470","label":"Data dostawy\/odbioru","picker_type":"custom","picker_mode":"single","error":false,"min_date":{"type":"days","val":"0"},"date_pic_conf":{"disabledWeeks":[0],"dateFormat":"d-m-Y","disabledDates":["2026-04-04 to 2026-04-08"]},"placeholder":"wybierz dat\u0119","gt_translate_keys":["label","placeholder"],"price_dependency":false,"cl_dependency":false,"value":""}],[{"active":true,"col":6,"relations":false,"cl_rule":"show","enableCl":false,"price":"","enablePrice":false,"className":"","label_position":"default","desc_position":"default","type":"select","required":true,"elementId":"select_2419421273","label":"Godzina dostawy\/odbioru","name":"select_2419421273","values":[{"label":"8:00","value":"8:00","selected":false,"tempId":"aco_1306","gt_translate_keys":["label"]},{"label":"8:30","value":"8:30","selected":true,"tempId":"aco_1307","gt_translate_keys":["label"]},{"label":"9:00","value":"9:00","selected":false,"tempId":"aco_1308","gt_translate_keys":["label"]},{"label":"9:30","value":"9:30","selected":false,"tempId":"aco_1498","gt_translate_keys":["label"]},{"label":"10:00","value":"10:00","selected":false,"tempId":"aco_1508","gt_translate_keys":["label"]},{"label":"10:30","value":"10:30","selected":false,"tempId":"aco_1518","gt_translate_keys":["label"]},{"label":"11:00","value":"11:00","selected":false,"tempId":"aco_1528","gt_translate_keys":["label"]},{"label":"11:30","value":"11:30","selected":false,"tempId":"aco_1538","gt_translate_keys":["label"]},{"label":"12:00","value":"12:00","selected":false,"tempId":"aco_1548","gt_translate_keys":["label"]},{"label":"12:30","value":"12:30","selected":false,"tempId":"aco_1558","gt_translate_keys":["label"]},{"label":"13:00","value":"13:00","selected":false,"tempId":"aco_1568","gt_translate_keys":["label"]},{"label":"13:30","value":"13:30","selected":false,"tempId":"aco_2316","gt_translate_keys":["label"]},{"label":"14:00","value":"14:00","selected":false,"tempId":"aco_2326","gt_translate_keys":["label"]},{"label":"14:30","value":"14:30","selected":false,"tempId":"aco_2336","gt_translate_keys":["label"]},{"label":"15:00","value":"15:00","selected":false,"tempId":"aco_2346","gt_translate_keys":["label"]},{"label":"15:30","value":"15:30","selected":false,"tempId":"aco_2716","gt_translate_keys":["label"]},{"label":"16:00","value":"16:00","selected":false,"tempId":"aco_2726","gt_translate_keys":["label"]},{"label":"16:30","value":"16:30","selected":false,"tempId":"aco_2736","gt_translate_keys":["label"]},{"label":"17:00","value":"17:00","selected":false,"tempId":"aco_3016","gt_translate_keys":["label"]},{"label":"17:30","value":"17:30","selected":false,"tempId":"aco_3026","gt_translate_keys":["label"]}],"dropdown_type":"basic","error":false,"gt_translate_keys":["label"],"price_dependency":false,"cl_dependency":false,"value":""}],[{"type":"textarea","elementId":"wcpa-textarea-1683133165956","label":"Uwagi","pricingType":"fixed","name":"textarea-1683133165956","cl_rule":"show","col":6,"relations":false,"active":true,"tooltip":"","error":false,"placeholder":"Uwagi odno\u015bnie zam\u00f3wienia, tekst na szarfie w przypadku wybrania opcji.\nAdres dor\u0119czenia w kolejnym kroku.","gt_translate_keys":["label","placeholder","tooltip"],"price_dependency":false,"cl_dependency":false,"value":""}],[{"active":true,"col":6,"relations":false,"cl_rule":"show","enableCl":false,"price":"","enablePrice":false,"className":"photo_send","label_position":"default","desc_position":"default","type":"checkbox","required":false,"elementId":"checkbox_8231097664","label":"Zdj\u0119cie kompozycji dla zamawiaj\u0105cego. ","name":"checkbox_8231097664","value":"","check_value":"Tak","checkUi":"","error":false,"gt_translate_keys":["label","value","check_value"],"price_dependency":false,"cl_dependency":false}]]}},"config":{"price_override":"","enable_recaptcha":false,"bind_quantity":false,"quantity_bind_formula":"","disp_summ_show_option_price":true,"disp_summ_show_product_price":true,"disp_summ_show_total_price":true,"disp_summ_show_fee":false,"disp_summ_show_discount":false,"summary_title":"","options_total_label":"Dodatkowa opcja","total_label":"Podsumowanie","options_product_label":"Cena produktu","fee_label":"Fee","discount_label":"Discount","has_price":true,"has_quantity_formula":false},"mc_unit":1,"tax_rate":1,"tax_rate_real":1,"discount":{"percentage":0,"fixed":0},"design":{"conf":{"LabelPosition":"above","DescPosition":"above","UploadField":"custom_1","QuantityFieldStyle":"default"},"css":{"LeftLabelWidth":"120px"}},"formulas":[],"clones":false,"cartKey":false}},"_links":{"self":[{"href":"https:\/\/wkorcumaku.pl\/uk\/wp-json\/wp\/v2\/product\/992143","targetHints":{"allow":["GET"]}}],"collection":[{"href":"https:\/\/wkorcumaku.pl\/uk\/wp-json\/wp\/v2\/product"}],"about":[{"href":"https:\/\/wkorcumaku.pl\/uk\/wp-json\/wp\/v2\/types\/product"}],"version-history":[{"count":2,"href":"https:\/\/wkorcumaku.pl\/uk\/wp-json\/wp\/v2\/product\/992143\/revisions"}],"predecessor-version":[{"id":997844,"href":"https:\/\/wkorcumaku.pl\/uk\/wp-json\/wp\/v2\/product\/992143\/revisions\/997844"}],"wp:featuredmedia":[{"embeddable":true,"href":"https:\/\/wkorcumaku.pl\/uk\/wp-json\/wp\/v2\/media\/992148"}],"wp:attachment":[{"href":"https:\/\/wkorcumaku.pl\/uk\/wp-json\/wp\/v2\/media?parent=992143"}],"wp:term":[{"taxonomy":"product_brand","embeddable":true,"href":"https:\/\/wkorcumaku.pl\/uk\/wp-json\/wp\/v2\/product_brand?post=992143"},{"taxonomy":"product_cat","embeddable":true,"href":"https:\/\/wkorcumaku.pl\/uk\/wp-json\/wp\/v2\/product_cat?post=992143"},{"taxonomy":"product_tag","embeddable":true,"href":"https:\/\/wkorcumaku.pl\/uk\/wp-json\/wp\/v2\/product_tag?post=992143"},{"taxonomy":"giftcard-category","embeddable":true,"href":"https:\/\/wkorcumaku.pl\/uk\/wp-json\/wp\/v2\/giftcard-category?post=992143"}],"curies":[{"name":"wp","href":"https:\/\/api.w.org\/{rel}","templated":true}]}}