{"id":992274,"date":"2023-10-27T21:17:16","date_gmt":"2023-10-27T21:17:16","guid":{"rendered":"https:\/\/wkorcumaku.pl\/\/?post_type=product&#038;p=992274"},"modified":"2024-12-13T23:29:56","modified_gmt":"2024-12-13T23:29:56","slug":"%d0%b1%d1%83%d0%ba%d0%b5%d1%82-%d0%b2%d0%b5%d1%81%d1%96%d0%bb%d0%bb%d1%8f-%d0%be%d0%b1%d0%b5%d1%80%d0%b5%d0%b3","status":"publish","type":"product","link":"https:\/\/wkorcumaku.pl\/uk\/%d0%bf%d1%80%d0%be%d0%b4%d1%83%d0%ba%d1%82\/%d0%b1%d1%83%d0%ba%d0%b5%d1%82-%d0%b2%d0%b5%d1%81%d1%96%d0%bb%d0%bb%d1%8f-%d0%be%d0%b1%d0%b5%d1%80%d0%b5%d0%b3\/","title":{"rendered":"\u0412\u0435\u0441\u0456\u043b\u044c\u043d\u0438\u0439 \u0431\u0443\u043a\u0435\u0442 \u0442\u0440\u043e\u044f\u043d\u0434 \u041c\u0443\u043d\u0434\u0456\u0430\u043b\u044c"},"content":{"rendered":"","protected":false},"excerpt":{"rendered":"<p>\u0423 \u043a\u043b\u0430\u0441\u0438\u0447\u043d\u043e\u043c\u0443, \u0435\u043b\u0435\u0433\u0430\u043d\u0442\u043d\u043e\u043c\u0443 \u0456 \u043c\u0456\u043d\u0456\u043c\u0430\u043b\u0456\u0441\u0442\u0438\u0447\u043d\u043e\u043c\u0443 \u0432\u0438\u0433\u043b\u044f\u0434\u0456 - \u0442\u0440\u043e\u044f\u043d\u0434\u0430 Mundial, \u0432\u0438\u0433\u043b\u044f\u0434\u0430\u0454 \u0434\u0443\u0436\u0435 \u043f\u0440\u0438\u0432\u0430\u0431\u043b\u0438\u0432\u043e.<\/p>\n<p><p>\u041d\u0435\u043f\u043e\u0432\u043d\u0430 \u043a\u0443\u043f\u043e\u043b\u043e\u043f\u043e\u0434\u0456\u0431\u043d\u0430 \u0444\u043e\u0440\u043c\u0430, \u0430 \u043b\u0438\u0448\u0435 \u043b\u0435\u0434\u044c \u043f\u043e\u043c\u0456\u0442\u043d\u0438\u0439 \u043a\u043e\u043d\u0442\u0443\u0440 \u0434\u043e\u0434\u0430\u0454 \u0431\u0456\u043b\u044c\u0448\u0435 \u0441\u0432\u043e\u0431\u043e\u0434\u0438, \u043c\u0435\u043d\u0448 \u043e\u0447\u0435\u0432\u0438\u0434\u043d\u0430. \u0421\u0442\u0440\u0456\u0447\u043a\u0430 \u0441\u0445\u043e\u0436\u043e\u0433\u043e \u0432\u0456\u0434\u0442\u0456\u043d\u043a\u0443 \u0437 \u0442\u0440\u043e\u044f\u043d\u0434\u0430\u043c\u0438, \u0442\u0456\u043b\u044c\u043a\u0438 \u043d\u0435\u0449\u0456\u043b\u044c\u043d\u043e \u0437\u0430\u0432'\u044f\u0437\u0430\u043d\u0430 \u0456 \u0440\u043e\u0437\u043f\u0443\u0449\u0435\u043d\u0430 - \u0446\u0435 \u0442\u0430\u043a \u0437\u0432\u0430\u043d\u0430 \u043a\u0440\u0430\u043f\u043a\u0430 \u043d\u0430\u0434 \"\u0456\", \u0449\u043e \u0434\u043e\u0434\u0430\u0454 \u0445\u0430\u0440\u0430\u043a\u0442\u0435\u0440\u0443, \u0448\u0430\u0440\u043c\u0443 \u0456 \u0432\u0438\u0442\u043e\u043d\u0447\u0435\u043d\u043e\u0441\u0442\u0456.<\/p>","protected":false},"featured_media":992276,"template":"","meta":[],"product_brand":[],"product_cat":[351,364],"product_tag":[],"giftcard-category":[],"class_list":{"0":"post-992274","1":"product","2":"type-product","3":"status-publish","4":"has-post-thumbnail","6":"product_cat-bukiet-slubny","7":"product_cat-slubne","9":"first","10":"onbackorder","11":"shipping-taxable","12":"purchasable","13":"product-type-simple"},"yoast_head":"<!-- This site is optimized with the Yoast SEO plugin v27.1.1 - https:\/\/yoast.com\/product\/yoast-seo-wordpress\/ -->\n<title>Bukiet \u015blubny z r\u00f3\u017c Mundial - Kwiaciarnia W Korcu Maku Katowice<\/title>\n<meta name=\"description\" content=\"W klasycznej, eleganckiej i minimalistycznej formie - r\u00f3\u017ca Mundial, prezentuj\u0119 si\u0119 bardzo atrakcyjnie. Subtelny zarys dodaje wi\u0119cej swobody.\" \/>\n<meta name=\"robots\" content=\"index, follow, max-snippet:-1, max-image-preview:large, max-video-preview:-1\" \/>\n<link rel=\"canonical\" href=\"https:\/\/wkorcumaku.pl\/uk\/\u043f\u0440\u043e\u0434\u0443\u043a\u0442\/\u0431\u0443\u043a\u0435\u0442-\u0432\u0435\u0441\u0456\u043b\u043b\u044f-\u043e\u0431\u0435\u0440\u0435\u0433\/\" \/>\n<meta property=\"og:locale\" content=\"uk_UA\" \/>\n<meta property=\"og:type\" content=\"article\" \/>\n<meta property=\"og:title\" content=\"Bukiet \u015blubny z r\u00f3\u017c Mundial - Kwiaciarnia W Korcu Maku Katowice\" \/>\n<meta property=\"og:description\" content=\"W klasycznej, eleganckiej i minimalistycznej formie - r\u00f3\u017ca Mundial, prezentuj\u0119 si\u0119 bardzo atrakcyjnie. Subtelny zarys dodaje wi\u0119cej swobody.\" \/>\n<meta property=\"og:url\" content=\"https:\/\/wkorcumaku.pl\/uk\/\u043f\u0440\u043e\u0434\u0443\u043a\u0442\/\u0431\u0443\u043a\u0435\u0442-\u0432\u0435\u0441\u0456\u043b\u043b\u044f-\u043e\u0431\u0435\u0440\u0435\u0433\/\" \/>\n<meta property=\"og:site_name\" content=\"Kwiaciarnia W Korcu Maku Katowice\" \/>\n<meta property=\"article:publisher\" content=\"https:\/\/www.facebook.com\/people\/W-KORCU-MAKU-kwiaciarnia\/100064764343595\/\" \/>\n<meta property=\"article:modified_time\" content=\"2024-12-13T23:29:56+00:00\" \/>\n<meta property=\"og:image\" content=\"https:\/\/wkorcumaku.pl\/wp-content\/uploads\/2023\/07\/bukiet-slubny-z-roz-mundial-2.webp\" \/>\n\t<meta property=\"og:image:width\" content=\"1231\" \/>\n\t<meta property=\"og:image:height\" content=\"1642\" \/>\n\t<meta property=\"og:image:type\" content=\"image\/webp\" \/>\n<meta name=\"twitter:card\" content=\"summary_large_image\" \/>\n<meta name=\"twitter:label1\" content=\"\u041f\u0440\u0438\u0431\u043b. \u0447\u0430\u0441 \u0447\u0438\u0442\u0430\u043d\u043d\u044f\" \/>\n\t<meta name=\"twitter:data1\" content=\"1 \u0445\u0432\u0438\u043b\u0438\u043d\u0430\" \/>\n<script type=\"application\/ld+json\" class=\"yoast-schema-graph\">{\"@context\":\"https:\/\/schema.org\",\"@graph\":[{\"@type\":[\"WebPage\",\"ItemPage\"],\"@id\":\"https:\/\/wkorcumaku.pl\/produkt\/bukiet-slubny-mundial\/\",\"url\":\"https:\/\/wkorcumaku.pl\/produkt\/bukiet-slubny-mundial\/\",\"name\":\"Bukiet \u015blubny z r\u00f3\u017c Mundial - Kwiaciarnia W Korcu Maku Katowice\",\"isPartOf\":{\"@id\":\"https:\/\/wkorcumaku.pl\/#website\"},\"primaryImageOfPage\":{\"@id\":\"https:\/\/wkorcumaku.pl\/produkt\/bukiet-slubny-mundial\/#primaryimage\"},\"image\":{\"@id\":\"https:\/\/wkorcumaku.pl\/produkt\/bukiet-slubny-mundial\/#primaryimage\"},\"thumbnailUrl\":\"https:\/\/wkorcumaku.pl\/wp-content\/uploads\/2023\/07\/bukiet-slubny-z-roz-mundial-2.webp\",\"datePublished\":\"2023-10-27T21:17:16+00:00\",\"dateModified\":\"2024-12-13T23:29:56+00:00\",\"description\":\"W klasycznej, eleganckiej i minimalistycznej formie - r\u00f3\u017ca Mundial, prezentuj\u0119 si\u0119 bardzo atrakcyjnie. Subtelny zarys dodaje wi\u0119cej swobody.\",\"breadcrumb\":{\"@id\":\"https:\/\/wkorcumaku.pl\/produkt\/bukiet-slubny-mundial\/#breadcrumb\"},\"inLanguage\":\"uk\",\"potentialAction\":[{\"@type\":\"ReadAction\",\"target\":[\"https:\/\/wkorcumaku.pl\/produkt\/bukiet-slubny-mundial\/\"]}]},{\"@type\":\"ImageObject\",\"inLanguage\":\"uk\",\"@id\":\"https:\/\/wkorcumaku.pl\/produkt\/bukiet-slubny-mundial\/#primaryimage\",\"url\":\"https:\/\/wkorcumaku.pl\/wp-content\/uploads\/2023\/07\/bukiet-slubny-z-roz-mundial-2.webp\",\"contentUrl\":\"https:\/\/wkorcumaku.pl\/wp-content\/uploads\/2023\/07\/bukiet-slubny-z-roz-mundial-2.webp\",\"width\":1231,\"height\":1642,\"caption\":\"W klasycznej, eleganckiej i minimalistycznej formie - r\u00f3\u017ca Mundial, prezentuj\u0119 si\u0119 bardzo atrakcyjnie.\"},{\"@type\":\"BreadcrumbList\",\"@id\":\"https:\/\/wkorcumaku.pl\/produkt\/bukiet-slubny-mundial\/#breadcrumb\",\"itemListElement\":[{\"@type\":\"ListItem\",\"position\":1,\"name\":\"Home\",\"item\":\"https:\/\/wkorcumaku.pl\/\"},{\"@type\":\"ListItem\",\"position\":2,\"name\":\"Sklep\",\"item\":\"https:\/\/wkorcumaku.pl\/sklep\/\"},{\"@type\":\"ListItem\",\"position\":3,\"name\":\"Bukiet \u015blubny z r\u00f3\u017c Mundial\"}]},{\"@type\":\"WebSite\",\"@id\":\"https:\/\/wkorcumaku.pl\/#website\",\"url\":\"https:\/\/wkorcumaku.pl\/\",\"name\":\"Kwiaciarnia W Korcu Maku Katowice\",\"description\":\"Tu sieje si\u0119 magia!\",\"publisher\":{\"@id\":\"https:\/\/wkorcumaku.pl\/#organization\"},\"potentialAction\":[{\"@type\":\"SearchAction\",\"target\":{\"@type\":\"EntryPoint\",\"urlTemplate\":\"https:\/\/wkorcumaku.pl\/?s={search_term_string}\"},\"query-input\":{\"@type\":\"PropertyValueSpecification\",\"valueRequired\":true,\"valueName\":\"search_term_string\"}}],\"inLanguage\":\"uk\"},{\"@type\":\"Organization\",\"@id\":\"https:\/\/wkorcumaku.pl\/#organization\",\"name\":\"Kwiaciarnia W Korcu Maku Katowice\",\"alternateName\":\"Kwiaciarnia Katowice\",\"url\":\"https:\/\/wkorcumaku.pl\/\",\"logo\":{\"@type\":\"ImageObject\",\"inLanguage\":\"uk\",\"@id\":\"https:\/\/wkorcumaku.pl\/#\/schema\/logo\/image\/\",\"url\":\"https:\/\/wkorcumaku.pl\/wp-content\/uploads\/2021\/12\/Przezroczyste-tlo_Logo_glowne-zielone.png\",\"contentUrl\":\"https:\/\/wkorcumaku.pl\/wp-content\/uploads\/2021\/12\/Przezroczyste-tlo_Logo_glowne-zielone.png\",\"width\":1016,\"height\":1123,\"caption\":\"Kwiaciarnia W Korcu Maku Katowice\"},\"image\":{\"@id\":\"https:\/\/wkorcumaku.pl\/#\/schema\/logo\/image\/\"},\"sameAs\":[\"https:\/\/www.facebook.com\/people\/W-KORCU-MAKU-kwiaciarnia\/100064764343595\/\",\"https:\/\/www.instagram.com\/wkorcumaku\/\"]}]}<\/script>\n<!-- \/ Yoast SEO plugin. -->","yoast_head_json":{"title":"\u0412\u0435\u0441\u0456\u043b\u044c\u043d\u0438\u0439 \u0431\u0443\u043a\u0435\u0442 \u0442\u0440\u043e\u044f\u043d\u0434 Mundial - \u0444\u043b\u043e\u0440\u0438\u0441\u0442 W Korcu Maku \u041a\u0430\u0442\u043e\u0432\u0456\u0446\u0435","description":"\u0423 \u043a\u043b\u0430\u0441\u0438\u0447\u043d\u0456\u0439, \u0435\u043b\u0435\u0433\u0430\u043d\u0442\u043d\u0456\u0439 \u0456 \u043c\u0456\u043d\u0456\u043c\u0430\u043b\u0456\u0441\u0442\u0438\u0447\u043d\u0456\u0439 \u0444\u043e\u0440\u043c\u0456 - \u0442\u0440\u043e\u044f\u043d\u0434\u0430 Mundial, \u0432\u0438\u0433\u043b\u044f\u0434\u0430\u0454 \u0434\u0443\u0436\u0435 \u043f\u0440\u0438\u0432\u0430\u0431\u043b\u0438\u0432\u043e. \u0422\u043e\u043d\u043a\u0438\u0439 \u043a\u043e\u043d\u0442\u0443\u0440 \u0434\u043e\u0434\u0430\u0454 \u0431\u0456\u043b\u044c\u0448\u0435 \u0441\u0432\u043e\u0431\u043e\u0434\u0438.","robots":{"index":"index","follow":"follow","max-snippet":"max-snippet:-1","max-image-preview":"max-image-preview:large","max-video-preview":"max-video-preview:-1"},"canonical":"https:\/\/wkorcumaku.pl\/uk\/\u043f\u0440\u043e\u0434\u0443\u043a\u0442\/\u0431\u0443\u043a\u0435\u0442-\u0432\u0435\u0441\u0456\u043b\u043b\u044f-\u043e\u0431\u0435\u0440\u0435\u0433\/","og_locale":"uk_UA","og_type":"article","og_title":"Bukiet \u015blubny z r\u00f3\u017c Mundial - Kwiaciarnia W Korcu Maku Katowice","og_description":"W klasycznej, eleganckiej i minimalistycznej formie - r\u00f3\u017ca Mundial, prezentuj\u0119 si\u0119 bardzo atrakcyjnie. Subtelny zarys dodaje wi\u0119cej swobody.","og_url":"https:\/\/wkorcumaku.pl\/uk\/\u043f\u0440\u043e\u0434\u0443\u043a\u0442\/\u0431\u0443\u043a\u0435\u0442-\u0432\u0435\u0441\u0456\u043b\u043b\u044f-\u043e\u0431\u0435\u0440\u0435\u0433\/","og_site_name":"Kwiaciarnia W Korcu Maku Katowice","article_publisher":"https:\/\/www.facebook.com\/people\/W-KORCU-MAKU-kwiaciarnia\/100064764343595\/","article_modified_time":"2024-12-13T23:29:56+00:00","og_image":[{"width":1231,"height":1642,"url":"https:\/\/wkorcumaku.pl\/wp-content\/uploads\/2023\/07\/bukiet-slubny-z-roz-mundial-2.webp","type":"image\/webp"}],"twitter_card":"summary_large_image","twitter_misc":{"\u041f\u0440\u0438\u0431\u043b. \u0447\u0430\u0441 \u0447\u0438\u0442\u0430\u043d\u043d\u044f":"1 \u0445\u0432\u0438\u043b\u0438\u043d\u0430"},"schema":{"@context":"https:\/\/schema.org","@graph":[{"@type":["WebPage","ItemPage"],"@id":"https:\/\/wkorcumaku.pl\/produkt\/bukiet-slubny-mundial\/","url":"https:\/\/wkorcumaku.pl\/produkt\/bukiet-slubny-mundial\/","name":"\u0412\u0435\u0441\u0456\u043b\u044c\u043d\u0438\u0439 \u0431\u0443\u043a\u0435\u0442 \u0442\u0440\u043e\u044f\u043d\u0434 Mundial - \u0444\u043b\u043e\u0440\u0438\u0441\u0442 W Korcu Maku \u041a\u0430\u0442\u043e\u0432\u0456\u0446\u0435","isPartOf":{"@id":"https:\/\/wkorcumaku.pl\/#website"},"primaryImageOfPage":{"@id":"https:\/\/wkorcumaku.pl\/produkt\/bukiet-slubny-mundial\/#primaryimage"},"image":{"@id":"https:\/\/wkorcumaku.pl\/produkt\/bukiet-slubny-mundial\/#primaryimage"},"thumbnailUrl":"https:\/\/wkorcumaku.pl\/wp-content\/uploads\/2023\/07\/bukiet-slubny-z-roz-mundial-2.webp","datePublished":"2023-10-27T21:17:16+00:00","dateModified":"2024-12-13T23:29:56+00:00","description":"\u0423 \u043a\u043b\u0430\u0441\u0438\u0447\u043d\u0456\u0439, \u0435\u043b\u0435\u0433\u0430\u043d\u0442\u043d\u0456\u0439 \u0456 \u043c\u0456\u043d\u0456\u043c\u0430\u043b\u0456\u0441\u0442\u0438\u0447\u043d\u0456\u0439 \u0444\u043e\u0440\u043c\u0456 - \u0442\u0440\u043e\u044f\u043d\u0434\u0430 Mundial, \u0432\u0438\u0433\u043b\u044f\u0434\u0430\u0454 \u0434\u0443\u0436\u0435 \u043f\u0440\u0438\u0432\u0430\u0431\u043b\u0438\u0432\u043e. \u0422\u043e\u043d\u043a\u0438\u0439 \u043a\u043e\u043d\u0442\u0443\u0440 \u0434\u043e\u0434\u0430\u0454 \u0431\u0456\u043b\u044c\u0448\u0435 \u0441\u0432\u043e\u0431\u043e\u0434\u0438.","breadcrumb":{"@id":"https:\/\/wkorcumaku.pl\/produkt\/bukiet-slubny-mundial\/#breadcrumb"},"inLanguage":"uk","potentialAction":[{"@type":"ReadAction","target":["https:\/\/wkorcumaku.pl\/produkt\/bukiet-slubny-mundial\/"]}]},{"@type":"ImageObject","inLanguage":"uk","@id":"https:\/\/wkorcumaku.pl\/produkt\/bukiet-slubny-mundial\/#primaryimage","url":"https:\/\/wkorcumaku.pl\/wp-content\/uploads\/2023\/07\/bukiet-slubny-z-roz-mundial-2.webp","contentUrl":"https:\/\/wkorcumaku.pl\/wp-content\/uploads\/2023\/07\/bukiet-slubny-z-roz-mundial-2.webp","width":1231,"height":1642,"caption":"W klasycznej, eleganckiej i minimalistycznej formie - r\u00f3\u017ca Mundial, prezentuj\u0119 si\u0119 bardzo atrakcyjnie."},{"@type":"BreadcrumbList","@id":"https:\/\/wkorcumaku.pl\/produkt\/bukiet-slubny-mundial\/#breadcrumb","itemListElement":[{"@type":"ListItem","position":1,"name":"Home","item":"https:\/\/wkorcumaku.pl\/"},{"@type":"ListItem","position":2,"name":"Sklep","item":"https:\/\/wkorcumaku.pl\/sklep\/"},{"@type":"ListItem","position":3,"name":"Bukiet \u015blubny z r\u00f3\u017c Mundial"}]},{"@type":"WebSite","@id":"https:\/\/wkorcumaku.pl\/#website","url":"https:\/\/wkorcumaku.pl\/","name":"\u0424\u043b\u043e\u0440\u0438\u0441\u0442 W Korcu Maku \u041a\u0430\u0442\u043e\u0432\u0456\u0446\u0435","description":"\u0426\u0435 \u043c\u0456\u0441\u0446\u0435, \u0434\u0435 \u0441\u0456\u0454\u0442\u044c\u0441\u044f \u043c\u0430\u0433\u0456\u044f!","publisher":{"@id":"https:\/\/wkorcumaku.pl\/#organization"},"potentialAction":[{"@type":"SearchAction","target":{"@type":"EntryPoint","urlTemplate":"https:\/\/wkorcumaku.pl\/?s={search_term_string}"},"query-input":{"@type":"PropertyValueSpecification","valueRequired":true,"valueName":"search_term_string"}}],"inLanguage":"uk"},{"@type":"Organization","@id":"https:\/\/wkorcumaku.pl\/#organization","name":"\u0424\u043b\u043e\u0440\u0438\u0441\u0442 W Korcu Maku \u041a\u0430\u0442\u043e\u0432\u0456\u0446\u0435","alternateName":"Kwiaciarnia Katowice","url":"https:\/\/wkorcumaku.pl\/","logo":{"@type":"ImageObject","inLanguage":"uk","@id":"https:\/\/wkorcumaku.pl\/#\/schema\/logo\/image\/","url":"https:\/\/wkorcumaku.pl\/wp-content\/uploads\/2021\/12\/Przezroczyste-tlo_Logo_glowne-zielone.png","contentUrl":"https:\/\/wkorcumaku.pl\/wp-content\/uploads\/2021\/12\/Przezroczyste-tlo_Logo_glowne-zielone.png","width":1016,"height":1123,"caption":"Kwiaciarnia W Korcu Maku Katowice"},"image":{"@id":"https:\/\/wkorcumaku.pl\/#\/schema\/logo\/image\/"},"sameAs":["https:\/\/www.facebook.com\/people\/W-KORCU-MAKU-kwiaciarnia\/100064764343595\/","https:\/\/www.instagram.com\/wkorcumaku\/"]}]}},"wcpa_form_fields":null,"_links":{"self":[{"href":"https:\/\/wkorcumaku.pl\/uk\/wp-json\/wp\/v2\/product\/992274","targetHints":{"allow":["GET"]}}],"collection":[{"href":"https:\/\/wkorcumaku.pl\/uk\/wp-json\/wp\/v2\/product"}],"about":[{"href":"https:\/\/wkorcumaku.pl\/uk\/wp-json\/wp\/v2\/types\/product"}],"version-history":[{"count":1,"href":"https:\/\/wkorcumaku.pl\/uk\/wp-json\/wp\/v2\/product\/992274\/revisions"}],"predecessor-version":[{"id":995278,"href":"https:\/\/wkorcumaku.pl\/uk\/wp-json\/wp\/v2\/product\/992274\/revisions\/995278"}],"wp:featuredmedia":[{"embeddable":true,"href":"https:\/\/wkorcumaku.pl\/uk\/wp-json\/wp\/v2\/media\/992276"}],"wp:attachment":[{"href":"https:\/\/wkorcumaku.pl\/uk\/wp-json\/wp\/v2\/media?parent=992274"}],"wp:term":[{"taxonomy":"product_brand","embeddable":true,"href":"https:\/\/wkorcumaku.pl\/uk\/wp-json\/wp\/v2\/product_brand?post=992274"},{"taxonomy":"product_cat","embeddable":true,"href":"https:\/\/wkorcumaku.pl\/uk\/wp-json\/wp\/v2\/product_cat?post=992274"},{"taxonomy":"product_tag","embeddable":true,"href":"https:\/\/wkorcumaku.pl\/uk\/wp-json\/wp\/v2\/product_tag?post=992274"},{"taxonomy":"giftcard-category","embeddable":true,"href":"https:\/\/wkorcumaku.pl\/uk\/wp-json\/wp\/v2\/giftcard-category?post=992274"}],"curies":[{"name":"wp","href":"https:\/\/api.w.org\/{rel}","templated":true}]}}