{"id":992612,"date":"2023-09-16T12:14:06","date_gmt":"2023-09-16T12:14:06","guid":{"rendered":"https:\/\/wkorcumaku.pl\/?post_type=product&#038;p=992612"},"modified":"2025-05-12T19:54:28","modified_gmt":"2025-05-12T19:54:28","slug":"%d0%b3%d1%96%d1%80%d0%bb%d1%8f%d0%bd%d0%b4%d0%b0-%d1%8f%d0%ba-%d0%bf%d0%b5%d1%80%d0%bb%d0%b8%d0%bd%d0%b0","status":"publish","type":"product","link":"https:\/\/wkorcumaku.pl\/uk\/%d0%bf%d1%80%d0%be%d0%b4%d1%83%d0%ba%d1%82\/%d0%b3%d1%96%d1%80%d0%bb%d1%8f%d0%bd%d0%b4%d0%b0-%d1%8f%d0%ba-%d0%bf%d0%b5%d1%80%d0%bb%d0%b8%d0%bd%d0%b0\/","title":{"rendered":"\u0412\u0435\u0441\u0456\u043b\u044c\u043d\u0430 \u0433\u0456\u0440\u043b\u044f\u043d\u0434\u0430 \u043d\u0456\u0436\u043d\u0430, \u044f\u043a \u043f\u0456\u0440'\u0457\u043d\u043a\u0430"},"content":{"rendered":"","protected":false},"excerpt":{"rendered":"<p>\n\u0413\u0456\u0440\u043b\u044f\u043d\u0434\u0430 \"\u041f\u0456\u0440'\u0457\u043d\u043a\u0430\" - \u0446\u0435 \u0432\u0438\u0442\u043e\u043d\u0447\u0435\u043d\u0430 \u0432\u0435\u0441\u0456\u043b\u044c\u043d\u0430 \u043f\u0440\u043e\u043f\u043e\u0437\u0438\u0446\u0456\u044f \u0437 \u043f\u0440\u0438\u0440\u043e\u0434\u043d\u0438\u043c, \u0437\u043b\u0435\u0433\u043a\u0430 \u043b\u0443\u0433\u043e\u0432\u0438\u043c \u0445\u0430\u0440\u0430\u043a\u0442\u0435\u0440\u043e\u043c.<br \/>\n\u0414\u043e \u0457\u0457 \u0441\u043a\u043b\u0430\u0434\u0443 \u0443\u0432\u0456\u0439\u0448\u043b\u0438 \u0444\u0456\u043e\u043b\u0435\u0442\u043e\u0432\u0456 \u0433\u043e\u043c\u0444\u0440\u0435\u043d\u0438, \u043d\u0456\u0436\u043d\u0438\u0439 \u043b\u0456\u043c\u043e\u043d\u0456\u0443\u043c, \u0433\u0456\u043f\u0441\u043e\u0444\u0456\u043b\u0430 \u0442\u0430 \u0434\u0440\u0456\u0431\u043d\u0456 \u0433\u0432\u043e\u0437\u0434\u0438\u043a\u0438 - \u043a\u043e\u043c\u043f\u043e\u0437\u0438\u0446\u0456\u044f \u0432\u0440\u0430\u0436\u0430\u0454 \u0441\u0432\u043e\u0454\u044e \u043b\u0435\u0433\u043a\u0456\u0441\u0442\u044e \u0442\u0430 \u0446\u0456\u043b\u0456\u0441\u043d\u0456\u0441\u0442\u044e \u0444\u043e\u0440\u043c\u0438.<br \/>\n\u041a\u043e\u043b\u044c\u043e\u0440\u043e\u0432\u0430 \u0433\u0430\u043c\u0430 \u0432\u0438\u0442\u0440\u0438\u043c\u0430\u043d\u0430 \u0443 \u0441\u0432\u0456\u0442\u043b\u0438\u0445 \u0442\u043e\u043d\u0430\u0445 \u0437 \u0432\u0438\u0440\u0430\u0437\u043d\u0438\u043c \u0430\u043a\u0446\u0435\u043d\u0442\u043e\u043c \u0444\u0456\u043e\u043b\u0435\u0442\u043e\u0432\u043e\u0433\u043e, \u0449\u043e \u043d\u0430\u0434\u0430\u0454 \u0437\u0430\u0433\u0430\u043b\u044c\u043d\u043e\u043c\u0443 \u0432\u0438\u0433\u043b\u044f\u0434\u0443 \u0441\u0432\u0456\u0436\u043e\u0441\u0442\u0456 \u0442\u0430 \u0440\u043e\u043c\u0430\u043d\u0442\u0438\u0447\u043d\u043e\u0441\u0442\u0456.<br \/>\n\u0413\u0456\u0440\u043b\u044f\u043d\u0434\u0430 \u0447\u0443\u0434\u043e\u0432\u043e \u043f\u0456\u0434\u0456\u0439\u0434\u0435 \u044f\u043a \u043a\u0432\u0456\u0442\u043a\u043e\u0432\u0430 \u043f\u0440\u0438\u043a\u0440\u0430\u0441\u0430 \u043d\u0430 \u0433\u043e\u043b\u043e\u0432\u0443 \u043d\u0430\u0440\u0435\u0447\u0435\u043d\u0456\u0439 \u0430\u0431\u043e \u043f\u043e\u0434\u0440\u0443\u0436\u043a\u0430\u043c \u043d\u0430\u0440\u0435\u0447\u0435\u043d\u043e\u0457, \u043e\u0441\u043e\u0431\u043b\u0438\u0432\u043e \u0432 \u0441\u0442\u0438\u043b\u0456 \u0431\u043e\u0445\u043e \u0430\u0431\u043e \u0440\u0443\u0441\u0442\u0438\u043a.\n<\/p>\n<p>\u0412\u0456\u043d \u0447\u0443\u0434\u043e\u0432\u043e \u043f\u043e\u0454\u0434\u043d\u0443\u0454\u0442\u044c\u0441\u044f \u0437 <a style=\"color: blue;\" href=\"\/uk\/%d0%bf%d1%80%d0%be%d0%b4%d1%83%d0%ba%d1%82\/%d0%b1%d1%83%d0%ba%d0%b5%d1%82-%d0%b2%d0%b5%d1%81%d1%96%d0%bb%d1%8c%d0%bd%d0%b8%d0%b9-%d1%81%d0%b2%d1%96%d1%82%d0%bb%d0%b8%d0%b9-%d0%bf%d0%b5%d1%80%d0%bb%d0%b0%d0%bc%d1%83%d1%82%d1%80%d0%be%d0%b2\/\">\u0431\u0443\u043a\u0435\u0442, \u043b\u0435\u0433\u043a\u0438\u0439, \u044f\u043a \u043f\u0456\u0440'\u0457\u043d\u043a\u0430<\/a> \u0456 <a style=\"color: blue;\" href=\"\/uk\/%d0%bf%d1%80%d0%be%d0%b4%d1%83%d0%ba%d1%82\/%d0%b1%d1%83%d1%82%d0%be%d0%bd%d1%8c%d1%94%d1%80%d0%ba%d0%b0-%d0%b2-%d0%b1%d1%83%d1%82%d0%be%d0%bd%d1%8c%d1%94%d1%80%d1%86%d1%96\/\">\u043f\u0435\u0442\u043b\u044f \u0437 \u0433\u0432\u043e\u0437\u0434\u0438\u043a\u043e\u044e<\/a>.<\/p>\n<p>\u0414\u043e\u0434\u0430\u0442\u043a\u043e\u0432\u0438\u043c\u0438 \u0434\u043e\u043f\u043e\u0432\u043d\u0435\u043d\u043d\u044f\u043c\u0438 \u0434\u043e \u0431\u0443\u043a\u0435\u0442\u0430 \u043c\u043e\u0436\u0443\u0442\u044c \u0431\u0443\u0442\u0438:<br \/>\n<br \/>- \u043a\u0432\u0456\u0442\u043a\u043e\u0432\u0438\u0439 \u0433\u0440\u0435\u0431\u0456\u043d\u0435\u0446\u044c<br \/>\n<br \/>- \u043a\u043e\u0440\u0441\u0430\u0440 \u043f\u0456\u0434 \u0440\u0443\u043a\u043e\u044e<br \/>\n<br \/>- \u043a\u0432\u0456\u0442\u043a\u043e\u0432\u0430 \u043d\u0430\u0432\u043e\u043b\u043e\u0447\u043a\u0430<br \/>\n<br \/>\u0410 \u0442\u0430\u043a\u043e\u0436 \u043a\u043e\u043c\u043f\u043e\u0437\u0438\u0446\u0456\u0457, \u0449\u043e \u0441\u043a\u043b\u0430\u0434\u0430\u044e\u0442\u044c \u0434\u0435\u043a\u043e\u0440 \u0434\u043b\u044f \u0432\u0435\u0441\u0456\u043b\u044c\u043d\u043e\u0433\u043e \u0431\u0430\u043d\u043a\u0435\u0442\u0443.<\/p>","protected":false},"featured_media":992614,"template":"","meta":[],"product_brand":[],"product_cat":[351,364],"product_tag":[],"giftcard-category":[],"class_list":{"0":"post-992612","1":"product","2":"type-product","3":"status-publish","4":"has-post-thumbnail","6":"product_cat-bukiet-slubny","7":"product_cat-slubne","9":"first","10":"onbackorder","11":"shipping-taxable","12":"purchasable","13":"product-type-simple"},"yoast_head":"<!-- This site is optimized with the Yoast SEO plugin v27.1.1 - https:\/\/yoast.com\/product\/yoast-seo-wordpress\/ -->\n<title>Wianek \u015blubny delikatny jak pi\u00f3rko - Kwiaciarnia W Korcu Maku Katowice<\/title>\n<meta name=\"description\" content=\"Wianek \u015blubny o lekkim, \u0142\u0105kowym stylu z gomfren\u0105, limonium i gips\u00f3wk\u0105. Jasna tonacja z akcentem purpury \u2013 idealny dla panny m\u0142odej lub druhen.\" \/>\n<meta name=\"robots\" content=\"index, follow, max-snippet:-1, max-image-preview:large, max-video-preview:-1\" \/>\n<link rel=\"canonical\" href=\"https:\/\/wkorcumaku.pl\/uk\/\u043f\u0440\u043e\u0434\u0443\u043a\u0442\/\u0433\u0456\u0440\u043b\u044f\u043d\u0434\u0430-\u044f\u043a-\u043f\u0435\u0440\u043b\u0438\u043d\u0430\/\" \/>\n<meta property=\"og:locale\" content=\"uk_UA\" \/>\n<meta property=\"og:type\" content=\"article\" \/>\n<meta property=\"og:title\" content=\"Wianek \u015blubny delikatny jak pi\u00f3rko - Kwiaciarnia W Korcu Maku Katowice\" \/>\n<meta property=\"og:description\" content=\"Wianek \u015blubny o lekkim, \u0142\u0105kowym stylu z gomfren\u0105, limonium i gips\u00f3wk\u0105. Jasna tonacja z akcentem purpury \u2013 idealny dla panny m\u0142odej lub druhen.\" \/>\n<meta property=\"og:url\" content=\"https:\/\/wkorcumaku.pl\/uk\/\u043f\u0440\u043e\u0434\u0443\u043a\u0442\/\u0433\u0456\u0440\u043b\u044f\u043d\u0434\u0430-\u044f\u043a-\u043f\u0435\u0440\u043b\u0438\u043d\u0430\/\" \/>\n<meta property=\"og:site_name\" content=\"Kwiaciarnia W Korcu Maku Katowice\" \/>\n<meta property=\"article:publisher\" content=\"https:\/\/www.facebook.com\/people\/W-KORCU-MAKU-kwiaciarnia\/100064764343595\/\" \/>\n<meta property=\"article:modified_time\" content=\"2025-05-12T19:54:28+00:00\" \/>\n<meta property=\"og:image\" content=\"https:\/\/wkorcumaku.pl\/wp-content\/uploads\/2023\/09\/wianek-jak-piorko-2.webp\" \/>\n\t<meta property=\"og:image:width\" content=\"1094\" \/>\n\t<meta property=\"og:image:height\" content=\"1459\" \/>\n\t<meta property=\"og:image:type\" content=\"image\/webp\" \/>\n<meta name=\"twitter:card\" content=\"summary_large_image\" \/>\n<meta name=\"twitter:label1\" content=\"\u041f\u0440\u0438\u0431\u043b. \u0447\u0430\u0441 \u0447\u0438\u0442\u0430\u043d\u043d\u044f\" \/>\n\t<meta name=\"twitter:data1\" content=\"1 \u0445\u0432\u0438\u043b\u0438\u043d\u0430\" \/>\n<script type=\"application\/ld+json\" class=\"yoast-schema-graph\">{\"@context\":\"https:\/\/schema.org\",\"@graph\":[{\"@type\":[\"WebPage\",\"ItemPage\"],\"@id\":\"https:\/\/wkorcumaku.pl\/produkt\/wianek-jak-piorko\/\",\"url\":\"https:\/\/wkorcumaku.pl\/produkt\/wianek-jak-piorko\/\",\"name\":\"Wianek \u015blubny delikatny jak pi\u00f3rko - Kwiaciarnia W Korcu Maku Katowice\",\"isPartOf\":{\"@id\":\"https:\/\/wkorcumaku.pl\/#website\"},\"primaryImageOfPage\":{\"@id\":\"https:\/\/wkorcumaku.pl\/produkt\/wianek-jak-piorko\/#primaryimage\"},\"image\":{\"@id\":\"https:\/\/wkorcumaku.pl\/produkt\/wianek-jak-piorko\/#primaryimage\"},\"thumbnailUrl\":\"https:\/\/wkorcumaku.pl\/wp-content\/uploads\/2023\/09\/wianek-jak-piorko-2.webp\",\"datePublished\":\"2023-09-16T12:14:06+00:00\",\"dateModified\":\"2025-05-12T19:54:28+00:00\",\"description\":\"Wianek \u015blubny o lekkim, \u0142\u0105kowym stylu z gomfren\u0105, limonium i gips\u00f3wk\u0105. Jasna tonacja z akcentem purpury \u2013 idealny dla panny m\u0142odej lub druhen.\",\"breadcrumb\":{\"@id\":\"https:\/\/wkorcumaku.pl\/produkt\/wianek-jak-piorko\/#breadcrumb\"},\"inLanguage\":\"uk\",\"potentialAction\":[{\"@type\":\"ReadAction\",\"target\":[\"https:\/\/wkorcumaku.pl\/produkt\/wianek-jak-piorko\/\"]}]},{\"@type\":\"ImageObject\",\"inLanguage\":\"uk\",\"@id\":\"https:\/\/wkorcumaku.pl\/produkt\/wianek-jak-piorko\/#primaryimage\",\"url\":\"https:\/\/wkorcumaku.pl\/wp-content\/uploads\/2023\/09\/wianek-jak-piorko-2.webp\",\"contentUrl\":\"https:\/\/wkorcumaku.pl\/wp-content\/uploads\/2023\/09\/wianek-jak-piorko-2.webp\",\"width\":1094,\"height\":1459,\"caption\":\"Subtelna propozycja wianka w nieco \u0142\u0105kowym klimacie. W zestawieniu fioletowe gomfreny, limonium, gips\u00f3wki oraz go\u017adziki.\"},{\"@type\":\"BreadcrumbList\",\"@id\":\"https:\/\/wkorcumaku.pl\/produkt\/wianek-jak-piorko\/#breadcrumb\",\"itemListElement\":[{\"@type\":\"ListItem\",\"position\":1,\"name\":\"Home\",\"item\":\"https:\/\/wkorcumaku.pl\/\"},{\"@type\":\"ListItem\",\"position\":2,\"name\":\"Sklep\",\"item\":\"https:\/\/wkorcumaku.pl\/sklep\/\"},{\"@type\":\"ListItem\",\"position\":3,\"name\":\"Wianek \u015blubny delikatny jak pi\u00f3rko\"}]},{\"@type\":\"WebSite\",\"@id\":\"https:\/\/wkorcumaku.pl\/#website\",\"url\":\"https:\/\/wkorcumaku.pl\/\",\"name\":\"Kwiaciarnia W Korcu Maku Katowice\",\"description\":\"Tu sieje si\u0119 magia!\",\"publisher\":{\"@id\":\"https:\/\/wkorcumaku.pl\/#organization\"},\"potentialAction\":[{\"@type\":\"SearchAction\",\"target\":{\"@type\":\"EntryPoint\",\"urlTemplate\":\"https:\/\/wkorcumaku.pl\/?s={search_term_string}\"},\"query-input\":{\"@type\":\"PropertyValueSpecification\",\"valueRequired\":true,\"valueName\":\"search_term_string\"}}],\"inLanguage\":\"uk\"},{\"@type\":\"Organization\",\"@id\":\"https:\/\/wkorcumaku.pl\/#organization\",\"name\":\"Kwiaciarnia W Korcu Maku Katowice\",\"alternateName\":\"Kwiaciarnia Katowice\",\"url\":\"https:\/\/wkorcumaku.pl\/\",\"logo\":{\"@type\":\"ImageObject\",\"inLanguage\":\"uk\",\"@id\":\"https:\/\/wkorcumaku.pl\/#\/schema\/logo\/image\/\",\"url\":\"https:\/\/wkorcumaku.pl\/wp-content\/uploads\/2021\/12\/Przezroczyste-tlo_Logo_glowne-zielone.png\",\"contentUrl\":\"https:\/\/wkorcumaku.pl\/wp-content\/uploads\/2021\/12\/Przezroczyste-tlo_Logo_glowne-zielone.png\",\"width\":1016,\"height\":1123,\"caption\":\"Kwiaciarnia W Korcu Maku Katowice\"},\"image\":{\"@id\":\"https:\/\/wkorcumaku.pl\/#\/schema\/logo\/image\/\"},\"sameAs\":[\"https:\/\/www.facebook.com\/people\/W-KORCU-MAKU-kwiaciarnia\/100064764343595\/\",\"https:\/\/www.instagram.com\/wkorcumaku\/\"]}]}<\/script>\n<!-- \/ Yoast SEO plugin. -->","yoast_head_json":{"title":"\u041d\u0430\u0440\u0435\u0447\u0435\u043d\u0430 \u0433\u0456\u0440\u043b\u044f\u043d\u0434\u0430 \u043d\u0456\u0436\u043d\u0430, \u044f\u043a \u043f\u0456\u0440'\u0457\u043d\u043a\u0430 - \u0424\u043b\u043e\u0440\u0438\u0441\u0442 W Korcu Maku \u041a\u0430\u0442\u043e\u0432\u0456\u0446\u0435","description":"\u041b\u0435\u0433\u043a\u0430 \u0432\u0435\u0441\u0456\u043b\u044c\u043d\u0430 \u0433\u0456\u0440\u043b\u044f\u043d\u0434\u0430 \u0432 \u043b\u0443\u0433\u043e\u0432\u043e\u043c\u0443 \u0441\u0442\u0438\u043b\u0456 \u0437 \u0433\u043e\u043c\u0444\u0440\u0435\u043d\u043e\u044e, \u043b\u0456\u043c\u043e\u043d\u0456\u0443\u043c\u043e\u043c \u0442\u0430 \u0433\u0456\u043f\u0441\u043e\u0444\u0456\u043b\u043e\u044e. \u0421\u0432\u0456\u0442\u043b\u0456 \u0442\u043e\u043d\u0438 \u0437 \u0430\u043a\u0446\u0435\u043d\u0442\u043e\u043c \u0444\u0456\u043e\u043b\u0435\u0442\u043e\u0432\u043e\u0433\u043e - \u0456\u0434\u0435\u0430\u043b\u044c\u043d\u0438\u0439 \u0432\u0430\u0440\u0456\u0430\u043d\u0442 \u0434\u043b\u044f \u043d\u0430\u0440\u0435\u0447\u0435\u043d\u043e\u0457 \u0430\u0431\u043e \u043f\u043e\u0434\u0440\u0443\u0436\u043e\u043a \u043d\u0430\u0440\u0435\u0447\u0435\u043d\u043e\u0457.","robots":{"index":"index","follow":"follow","max-snippet":"max-snippet:-1","max-image-preview":"max-image-preview:large","max-video-preview":"max-video-preview:-1"},"canonical":"https:\/\/wkorcumaku.pl\/uk\/\u043f\u0440\u043e\u0434\u0443\u043a\u0442\/\u0433\u0456\u0440\u043b\u044f\u043d\u0434\u0430-\u044f\u043a-\u043f\u0435\u0440\u043b\u0438\u043d\u0430\/","og_locale":"uk_UA","og_type":"article","og_title":"Wianek \u015blubny delikatny jak pi\u00f3rko - Kwiaciarnia W Korcu Maku Katowice","og_description":"Wianek \u015blubny o lekkim, \u0142\u0105kowym stylu z gomfren\u0105, limonium i gips\u00f3wk\u0105. Jasna tonacja z akcentem purpury \u2013 idealny dla panny m\u0142odej lub druhen.","og_url":"https:\/\/wkorcumaku.pl\/uk\/\u043f\u0440\u043e\u0434\u0443\u043a\u0442\/\u0433\u0456\u0440\u043b\u044f\u043d\u0434\u0430-\u044f\u043a-\u043f\u0435\u0440\u043b\u0438\u043d\u0430\/","og_site_name":"Kwiaciarnia W Korcu Maku Katowice","article_publisher":"https:\/\/www.facebook.com\/people\/W-KORCU-MAKU-kwiaciarnia\/100064764343595\/","article_modified_time":"2025-05-12T19:54:28+00:00","og_image":[{"width":1094,"height":1459,"url":"https:\/\/wkorcumaku.pl\/wp-content\/uploads\/2023\/09\/wianek-jak-piorko-2.webp","type":"image\/webp"}],"twitter_card":"summary_large_image","twitter_misc":{"\u041f\u0440\u0438\u0431\u043b. \u0447\u0430\u0441 \u0447\u0438\u0442\u0430\u043d\u043d\u044f":"1 \u0445\u0432\u0438\u043b\u0438\u043d\u0430"},"schema":{"@context":"https:\/\/schema.org","@graph":[{"@type":["WebPage","ItemPage"],"@id":"https:\/\/wkorcumaku.pl\/produkt\/wianek-jak-piorko\/","url":"https:\/\/wkorcumaku.pl\/produkt\/wianek-jak-piorko\/","name":"\u041d\u0430\u0440\u0435\u0447\u0435\u043d\u0430 \u0433\u0456\u0440\u043b\u044f\u043d\u0434\u0430 \u043d\u0456\u0436\u043d\u0430, \u044f\u043a \u043f\u0456\u0440'\u0457\u043d\u043a\u0430 - \u0424\u043b\u043e\u0440\u0438\u0441\u0442 W Korcu Maku \u041a\u0430\u0442\u043e\u0432\u0456\u0446\u0435","isPartOf":{"@id":"https:\/\/wkorcumaku.pl\/#website"},"primaryImageOfPage":{"@id":"https:\/\/wkorcumaku.pl\/produkt\/wianek-jak-piorko\/#primaryimage"},"image":{"@id":"https:\/\/wkorcumaku.pl\/produkt\/wianek-jak-piorko\/#primaryimage"},"thumbnailUrl":"https:\/\/wkorcumaku.pl\/wp-content\/uploads\/2023\/09\/wianek-jak-piorko-2.webp","datePublished":"2023-09-16T12:14:06+00:00","dateModified":"2025-05-12T19:54:28+00:00","description":"\u041b\u0435\u0433\u043a\u0430 \u0432\u0435\u0441\u0456\u043b\u044c\u043d\u0430 \u0433\u0456\u0440\u043b\u044f\u043d\u0434\u0430 \u0432 \u043b\u0443\u0433\u043e\u0432\u043e\u043c\u0443 \u0441\u0442\u0438\u043b\u0456 \u0437 \u0433\u043e\u043c\u0444\u0440\u0435\u043d\u043e\u044e, \u043b\u0456\u043c\u043e\u043d\u0456\u0443\u043c\u043e\u043c \u0442\u0430 \u0433\u0456\u043f\u0441\u043e\u0444\u0456\u043b\u043e\u044e. \u0421\u0432\u0456\u0442\u043b\u0456 \u0442\u043e\u043d\u0438 \u0437 \u0430\u043a\u0446\u0435\u043d\u0442\u043e\u043c \u0444\u0456\u043e\u043b\u0435\u0442\u043e\u0432\u043e\u0433\u043e - \u0456\u0434\u0435\u0430\u043b\u044c\u043d\u0438\u0439 \u0432\u0430\u0440\u0456\u0430\u043d\u0442 \u0434\u043b\u044f \u043d\u0430\u0440\u0435\u0447\u0435\u043d\u043e\u0457 \u0430\u0431\u043e \u043f\u043e\u0434\u0440\u0443\u0436\u043e\u043a \u043d\u0430\u0440\u0435\u0447\u0435\u043d\u043e\u0457.","breadcrumb":{"@id":"https:\/\/wkorcumaku.pl\/produkt\/wianek-jak-piorko\/#breadcrumb"},"inLanguage":"uk","potentialAction":[{"@type":"ReadAction","target":["https:\/\/wkorcumaku.pl\/produkt\/wianek-jak-piorko\/"]}]},{"@type":"ImageObject","inLanguage":"uk","@id":"https:\/\/wkorcumaku.pl\/produkt\/wianek-jak-piorko\/#primaryimage","url":"https:\/\/wkorcumaku.pl\/wp-content\/uploads\/2023\/09\/wianek-jak-piorko-2.webp","contentUrl":"https:\/\/wkorcumaku.pl\/wp-content\/uploads\/2023\/09\/wianek-jak-piorko-2.webp","width":1094,"height":1459,"caption":"Subtelna propozycja wianka w nieco \u0142\u0105kowym klimacie. W zestawieniu fioletowe gomfreny, limonium, gips\u00f3wki oraz go\u017adziki."},{"@type":"BreadcrumbList","@id":"https:\/\/wkorcumaku.pl\/produkt\/wianek-jak-piorko\/#breadcrumb","itemListElement":[{"@type":"ListItem","position":1,"name":"Home","item":"https:\/\/wkorcumaku.pl\/"},{"@type":"ListItem","position":2,"name":"Sklep","item":"https:\/\/wkorcumaku.pl\/sklep\/"},{"@type":"ListItem","position":3,"name":"Wianek \u015blubny delikatny jak pi\u00f3rko"}]},{"@type":"WebSite","@id":"https:\/\/wkorcumaku.pl\/#website","url":"https:\/\/wkorcumaku.pl\/","name":"\u0424\u043b\u043e\u0440\u0438\u0441\u0442 W Korcu Maku \u041a\u0430\u0442\u043e\u0432\u0456\u0446\u0435","description":"\u0426\u0435 \u043c\u0456\u0441\u0446\u0435, \u0434\u0435 \u0441\u0456\u0454\u0442\u044c\u0441\u044f \u043c\u0430\u0433\u0456\u044f!","publisher":{"@id":"https:\/\/wkorcumaku.pl\/#organization"},"potentialAction":[{"@type":"SearchAction","target":{"@type":"EntryPoint","urlTemplate":"https:\/\/wkorcumaku.pl\/?s={search_term_string}"},"query-input":{"@type":"PropertyValueSpecification","valueRequired":true,"valueName":"search_term_string"}}],"inLanguage":"uk"},{"@type":"Organization","@id":"https:\/\/wkorcumaku.pl\/#organization","name":"\u0424\u043b\u043e\u0440\u0438\u0441\u0442 W Korcu Maku \u041a\u0430\u0442\u043e\u0432\u0456\u0446\u0435","alternateName":"Kwiaciarnia Katowice","url":"https:\/\/wkorcumaku.pl\/","logo":{"@type":"ImageObject","inLanguage":"uk","@id":"https:\/\/wkorcumaku.pl\/#\/schema\/logo\/image\/","url":"https:\/\/wkorcumaku.pl\/wp-content\/uploads\/2021\/12\/Przezroczyste-tlo_Logo_glowne-zielone.png","contentUrl":"https:\/\/wkorcumaku.pl\/wp-content\/uploads\/2021\/12\/Przezroczyste-tlo_Logo_glowne-zielone.png","width":1016,"height":1123,"caption":"Kwiaciarnia W Korcu Maku Katowice"},"image":{"@id":"https:\/\/wkorcumaku.pl\/#\/schema\/logo\/image\/"},"sameAs":["https:\/\/www.facebook.com\/people\/W-KORCU-MAKU-kwiaciarnia\/100064764343595\/","https:\/\/www.instagram.com\/wkorcumaku\/"]}]}},"wcpa_form_fields":null,"_links":{"self":[{"href":"https:\/\/wkorcumaku.pl\/uk\/wp-json\/wp\/v2\/product\/992612","targetHints":{"allow":["GET"]}}],"collection":[{"href":"https:\/\/wkorcumaku.pl\/uk\/wp-json\/wp\/v2\/product"}],"about":[{"href":"https:\/\/wkorcumaku.pl\/uk\/wp-json\/wp\/v2\/types\/product"}],"version-history":[{"count":3,"href":"https:\/\/wkorcumaku.pl\/uk\/wp-json\/wp\/v2\/product\/992612\/revisions"}],"predecessor-version":[{"id":996359,"href":"https:\/\/wkorcumaku.pl\/uk\/wp-json\/wp\/v2\/product\/992612\/revisions\/996359"}],"wp:featuredmedia":[{"embeddable":true,"href":"https:\/\/wkorcumaku.pl\/uk\/wp-json\/wp\/v2\/media\/992614"}],"wp:attachment":[{"href":"https:\/\/wkorcumaku.pl\/uk\/wp-json\/wp\/v2\/media?parent=992612"}],"wp:term":[{"taxonomy":"product_brand","embeddable":true,"href":"https:\/\/wkorcumaku.pl\/uk\/wp-json\/wp\/v2\/product_brand?post=992612"},{"taxonomy":"product_cat","embeddable":true,"href":"https:\/\/wkorcumaku.pl\/uk\/wp-json\/wp\/v2\/product_cat?post=992612"},{"taxonomy":"product_tag","embeddable":true,"href":"https:\/\/wkorcumaku.pl\/uk\/wp-json\/wp\/v2\/product_tag?post=992612"},{"taxonomy":"giftcard-category","embeddable":true,"href":"https:\/\/wkorcumaku.pl\/uk\/wp-json\/wp\/v2\/giftcard-category?post=992612"}],"curies":[{"name":"wp","href":"https:\/\/api.w.org\/{rel}","templated":true}]}}