{"id":992921,"date":"2023-09-28T19:41:37","date_gmt":"2023-09-28T19:41:37","guid":{"rendered":"https:\/\/wkorcumaku.pl\/?post_type=product&#038;p=992921"},"modified":"2024-09-30T17:42:33","modified_gmt":"2024-09-30T17:42:33","slug":"%d1%80%d0%b5%d0%bb%d0%b0%d0%ba%d1%81%d0%b0%d1%86%d1%96%d0%b9%d0%bd%d0%be-%d1%84%d0%bb%d0%be%d1%80%d0%b8%d1%81%d1%82%d0%b8%d1%87%d0%bd%d0%b8%d0%b9-%d0%b2%d0%be%d1%80%d0%ba%d1%88%d0%be%d0%bf","status":"publish","type":"product","link":"https:\/\/wkorcumaku.pl\/uk\/%d0%bf%d1%80%d0%be%d0%b4%d1%83%d0%ba%d1%82\/%d1%80%d0%b5%d0%bb%d0%b0%d0%ba%d1%81%d0%b0%d1%86%d1%96%d0%b9%d0%bd%d0%be-%d1%84%d0%bb%d0%be%d1%80%d0%b8%d1%81%d1%82%d0%b8%d1%87%d0%bd%d0%b8%d0%b9-%d0%b2%d0%be%d1%80%d0%ba%d1%88%d0%be%d0%bf\/","title":{"rendered":"\u041c\u0430\u0439\u0441\u0442\u0435\u0440-\u043a\u043b\u0430\u0441 \u0437 \u0440\u0435\u043b\u0430\u043a\u0441\u0430\u0446\u0456\u0457 \u0442\u0430 \u0444\u043b\u043e\u0440\u0438\u0441\u0442\u0438\u043a\u0438"},"content":{"rendered":"","protected":false},"excerpt":{"rendered":"<p>\u041f\u0456\u0434 \u0447\u0430\u0441 \u0446\u0456\u0454\u0457 \u0437\u0443\u0441\u0442\u0440\u0456\u0447\u0456 \u043c\u0438 \u0432\u0456\u0437\u044c\u043c\u0435\u043c\u043e \u043f\u0456\u0434 \u0441\u0432\u043e\u0454 \u043a\u0440\u0438\u043b\u043e \u0442\u0435\u043c\u0443 \u0440\u0435\u043b\u0430\u043a\u0441\u0430\u0446\u0456\u0457 \u0437\u0430 \u0434\u043e\u043f\u043e\u043c\u043e\u0433\u043e\u044e \u043f\u043b\u0435\u0442\u0456\u043d\u043d\u044f \u0433\u0456\u0440\u043b\u044f\u043d\u0434 \u043d\u0430 \u0433\u043e\u043b\u043e\u0432\u0443.<br \/>\n<br \/><em>\u0422\u0440\u0438\u0432\u0430\u043b\u0456\u0441\u0442\u044c \u0431\u043b\u0438\u0437\u044c\u043a\u043e 3 \u0433\u043e\u0434\u0438\u043d.<\/em><\/p>\n<p>\u042f\u043a \u0432\u0438\u043d\u044f\u0442\u043e\u043a, \u044f \u043f\u0440\u043e\u0432\u0435\u0434\u0443 \u0446\u0435\u0439 \u0432\u043e\u0440\u043a\u0448\u043e\u043f \u0440\u0430\u0437\u043e\u043c \u0437\u0456 \u0441\u043f\u0435\u0446\u0456\u0430\u043b\u044c\u043d\u043e\u044e \u0433\u043e\u0441\u0442\u0435\u044e \u0406\u0437\u0430\u0431\u0435\u043b\u043b\u043e\u044e \u0412. \u041e\u0443\u0448\u0435\u043d, \u043c\u0430\u0433\u0456\u0441\u0442\u0440\u043e\u043c \u0444\u0456\u043b\u043e\u0441\u043e\u0444\u0456\u0457.<\/p>\n<p>\u0414\u0440\u0443\u0436\u043d\u044f \u0430\u0442\u043c\u043e\u0441\u0444\u0435\u0440\u0430 \u0442\u0430 \u0442\u0432\u043e\u0440\u0447\u0438\u0439 \u0443\u0441\u043f\u0456\u0445 \u0433\u0430\u0440\u0430\u043d\u0442\u043e\u0432\u0430\u043d\u0456!<\/p>\n<p><strong><em>\u041c\u043e\u0436\u043b\u0438\u0432\u0456\u0441\u0442\u044c \u0432\u0438\u0433\u043e\u0442\u043e\u0432\u043b\u0435\u043d\u043d\u044f \u043f\u043e\u0434\u0430\u0440\u0443\u043d\u043a\u043e\u0432\u043e\u0433\u043e \u0441\u0435\u0440\u0442\u0438\u0444\u0456\u043a\u0430\u0442\u0443 \u043d\u0430 \u0432\u043e\u0440\u043a\u0448\u043e\u043f<\/em> \ud83d\ude42<\/strong><\/p>\n<p><strong>\u0423 \u043f\u0440\u043e\u0433\u0440\u0430\u043c\u0456:<\/strong><\/p>\n<p><em><\/p>\n<p>\u0447\u0430\u0441\u0442\u0438\u043d\u0430 1 - \u0441\u0430\u043c\u043e\u043c\u0430\u0441\u0430\u0436<br \/>\n<br \/>\u0417\u043d\u0456\u043c\u0456\u0442\u044c \u043d\u0430\u043f\u0440\u0443\u0433\u0443 \u0437 \u0433\u043e\u043b\u043e\u0432\u0438 \u0442\u0430 \u043e\u0431\u043b\u0438\u0447\u0447\u044f \u0437\u0430 \u0434\u043e\u043f\u043e\u043c\u043e\u0433\u043e\u044e \u043f\u043e\u0441\u043b\u0456\u0434\u043e\u0432\u043d\u043e\u0441\u0442\u0456 \u0441\u0430\u043c\u043e\u043c\u0430\u0441\u0430\u0436\u0443 \u0433\u043e\u043b\u043e\u0432\u0438 \u0442\u0430 \u0432\u043f\u0440\u0430\u0432 \u0434\u043b\u044f \u0441\u043a\u0440\u043e\u043d\u0435\u0432\u043e-\u043d\u0438\u0436\u043d\u044c\u043e\u0449\u0435\u043b\u0435\u043f\u043d\u043e\u0433\u043e \u0441\u0443\u0433\u043b\u043e\u0431\u0430, \u044f\u043a\u0456 \u0441\u043b\u0456\u0434 \u0432\u0438\u043a\u043e\u043d\u0443\u0432\u0430\u0442\u0438 \u0449\u043e\u0434\u043d\u044f, \u0449\u043e\u0431 \u0437\u043d\u044f\u0442\u0438 \u043d\u0430\u043f\u0440\u0443\u0433\u0443 \u0442\u0430 \u0441\u0442\u0440\u0435\u0441.<br \/>\n<br \/>\u0422\u0430\u043a\u0430 \u0440\u043e\u0431\u043e\u0442\u0430 \u0434\u0430\u0441\u0442\u044c \u043f\u043e\u043b\u0435\u0433\u0448\u0435\u043d\u043d\u044f \u0432\u0456\u0434 \u0433\u043e\u043b\u043e\u0432\u043d\u043e\u0433\u043e \u0431\u043e\u043b\u044e \u0442\u0430 \u0431\u043e\u043b\u044e \u0432 \u0448\u0438\u0457, \u0430 \u043f\u043e\u043a\u0440\u0430\u0449\u0435\u043d\u0438\u0439 \u043a\u0440\u043e\u0432\u043e\u043e\u0431\u0456\u0433 \u0432\u0456\u0434 \u0446\u0456\u0454\u0457 \u0440\u043e\u0431\u043e\u0442\u0438 \u043f\u043e\u043a\u0440\u0430\u0449\u0438\u0442\u044c \u0432\u0430\u0448 \u043a\u043e\u043b\u0456\u0440 \u043e\u0431\u043b\u0438\u0447\u0447\u044f \u0442\u0430 \u043a\u0440\u0430\u0441\u0443 \ud83d\ude42 .\n<\/p>\n<p><\/em><\/p>\n<p><em><\/p>\n<p>\u0447\u0430\u0441\u0442\u0438\u043d\u0430 2 - \u0444\u043b\u043e\u0440\u0438\u0441\u0442\u0438\u043a\u0430<br \/>\n<br \/>\u0413\u0456\u0440\u043b\u044f\u043d\u0434\u0438 \u043d\u0430 \u0433\u043e\u043b\u043e\u0432\u0443 - \u0456\u0434\u0438\u043b\u0456\u0447\u043d\u0438\u0439 \u0437\u0432'\u044f\u0437\u043e\u043a \u0437 \u043f\u0440\u0438\u0440\u043e\u0434\u043e\u044e. \u041f\u043b\u0435\u0442\u0456\u043d\u043d\u044f \u0433\u0456\u0440\u043b\u044f\u043d\u0434 - \u0437\u0430\u043d\u044f\u0442\u0442\u044f, \u044f\u043a\u0435 \u0441\u043f\u0440\u0438\u044f\u0454 \u0440\u0435\u043b\u0430\u043a\u0441\u0430\u0446\u0456\u0457.<br \/>\n<br \/>\u0412\u043e\u043d\u0430 \u0437\u0430\u0431\u0435\u0437\u043f\u0435\u0447\u0443\u0454 \u0440\u043e\u0437\u0441\u043b\u0430\u0431\u043b\u0435\u043d\u043d\u044f \u0434\u043b\u044f \u0440\u0443\u043a \u0456 \u0432\u0456\u0434\u043f\u043e\u0447\u0438\u043d\u043e\u043a \u0434\u043b\u044f \u0440\u043e\u0437\u0443\u043c\u0443.<br \/>\n<br \/>\u0422\u043e\u0436 \u043d\u0430 \u0446\u044c\u043e\u043c\u0443 \u0432\u043e\u0440\u043a\u0448\u043e\u043f\u0456 \u043c\u0438 \u0441\u043f\u0440\u043e\u0431\u0443\u0454\u043c\u043e \u0440\u043e\u0437\u0441\u043b\u0430\u0431\u0438\u0442\u0438\u0441\u044f \u0456 \u0432\u0456\u0434\u043f\u043e\u0447\u0438\u0442\u0438 \u0440\u0430\u0437\u043e\u043c \u0442\u0440\u043e\u0445\u0438 \u043f\u043e-\u0456\u043d\u0448\u043e\u043c\u0443.\n<\/p>\n<p><\/em><\/p>\n<p style=\"color:#F54B3E; font-size:20px\">\u0414\u0430\u0442\u0430 \u043f\u0440\u043e\u0432\u0435\u0434\u0435\u043d\u043d\u044f \u0441\u0435\u043c\u0456\u043d\u0430\u0440\u0443: \u0440\u0435\u0430\u043b\u0456\u0437\u043e\u0432\u0430\u043d\u043e<\/p>","protected":false},"featured_media":992620,"template":"","meta":[],"product_brand":[],"product_cat":[368],"product_tag":[],"giftcard-category":[],"class_list":{"0":"post-992921","1":"product","2":"type-product","3":"status-publish","4":"has-post-thumbnail","6":"product_cat-warsztaty","7":"wcpa_has_options","9":"first","10":"outofstock","11":"shipping-taxable","12":"purchasable","13":"product-type-variable","14":"has-default-attributes"},"yoast_head":"<!-- This site is optimized with the Yoast SEO plugin v27.1.1 - https:\/\/yoast.com\/product\/yoast-seo-wordpress\/ -->\n<title>Warsztaty relaksacyjno - florystyczne - Kwiaciarnia W Korcu Maku Katowice<\/title>\n<meta name=\"description\" content=\"Pod lup\u0119 we\u017amiemy temat relaksacji z w\u0142asnor\u0119cznym wyplataniem wiank\u00f3w na g\u0142ow\u0119. Warsztaty te wyj\u0105tkowo poprowadz\u0119 z go\u015bciem specjalnym\" \/>\n<meta name=\"robots\" content=\"index, follow, max-snippet:-1, max-image-preview:large, max-video-preview:-1\" \/>\n<link rel=\"canonical\" href=\"https:\/\/wkorcumaku.pl\/uk\/\u043f\u0440\u043e\u0434\u0443\u043a\u0442\/\u0440\u0435\u043b\u0430\u043a\u0441\u0430\u0446\u0456\u0439\u043d\u043e-\u0444\u043b\u043e\u0440\u0438\u0441\u0442\u0438\u0447\u043d\u0438\u0439-\u0432\u043e\u0440\u043a\u0448\u043e\u043f\/\" \/>\n<meta property=\"og:locale\" content=\"uk_UA\" \/>\n<meta property=\"og:type\" content=\"article\" \/>\n<meta property=\"og:title\" content=\"Warsztaty relaksacyjno - florystyczne - Kwiaciarnia W Korcu Maku Katowice\" \/>\n<meta property=\"og:description\" content=\"Pod lup\u0119 we\u017amiemy temat relaksacji z w\u0142asnor\u0119cznym wyplataniem wiank\u00f3w na g\u0142ow\u0119. Warsztaty te wyj\u0105tkowo poprowadz\u0119 z go\u015bciem specjalnym\" \/>\n<meta property=\"og:url\" content=\"https:\/\/wkorcumaku.pl\/uk\/\u043f\u0440\u043e\u0434\u0443\u043a\u0442\/\u0440\u0435\u043b\u0430\u043a\u0441\u0430\u0446\u0456\u0439\u043d\u043e-\u0444\u043b\u043e\u0440\u0438\u0441\u0442\u0438\u0447\u043d\u0438\u0439-\u0432\u043e\u0440\u043a\u0448\u043e\u043f\/\" \/>\n<meta property=\"og:site_name\" content=\"Kwiaciarnia W Korcu Maku Katowice\" \/>\n<meta property=\"article:publisher\" content=\"https:\/\/www.facebook.com\/people\/W-KORCU-MAKU-kwiaciarnia\/100064764343595\/\" \/>\n<meta property=\"article:modified_time\" content=\"2024-09-30T17:42:33+00:00\" \/>\n<meta property=\"og:image\" content=\"https:\/\/wkorcumaku.pl\/wp-content\/uploads\/2023\/09\/wianek-na-glowe-2.webp\" \/>\n\t<meta property=\"og:image:width\" content=\"1139\" \/>\n\t<meta property=\"og:image:height\" content=\"1708\" \/>\n\t<meta property=\"og:image:type\" content=\"image\/webp\" \/>\n<meta name=\"twitter:card\" content=\"summary_large_image\" \/>\n<meta name=\"twitter:label1\" content=\"\u041f\u0440\u0438\u0431\u043b. \u0447\u0430\u0441 \u0447\u0438\u0442\u0430\u043d\u043d\u044f\" \/>\n\t<meta name=\"twitter:data1\" content=\"1 \u0445\u0432\u0438\u043b\u0438\u043d\u0430\" \/>\n<script type=\"application\/ld+json\" class=\"yoast-schema-graph\">{\"@context\":\"https:\/\/schema.org\",\"@graph\":[{\"@type\":[\"WebPage\",\"ItemPage\"],\"@id\":\"https:\/\/wkorcumaku.pl\/produkt\/warsztaty-relaksacyjno-florystyczne\/\",\"url\":\"https:\/\/wkorcumaku.pl\/produkt\/warsztaty-relaksacyjno-florystyczne\/\",\"name\":\"Warsztaty relaksacyjno - florystyczne - Kwiaciarnia W Korcu Maku Katowice\",\"isPartOf\":{\"@id\":\"https:\/\/wkorcumaku.pl\/#website\"},\"primaryImageOfPage\":{\"@id\":\"https:\/\/wkorcumaku.pl\/produkt\/warsztaty-relaksacyjno-florystyczne\/#primaryimage\"},\"image\":{\"@id\":\"https:\/\/wkorcumaku.pl\/produkt\/warsztaty-relaksacyjno-florystyczne\/#primaryimage\"},\"thumbnailUrl\":\"https:\/\/wkorcumaku.pl\/wp-content\/uploads\/2023\/09\/wianek-na-glowe-2.webp\",\"datePublished\":\"2023-09-28T19:41:37+00:00\",\"dateModified\":\"2024-09-30T17:42:33+00:00\",\"description\":\"Pod lup\u0119 we\u017amiemy temat relaksacji z w\u0142asnor\u0119cznym wyplataniem wiank\u00f3w na g\u0142ow\u0119. Warsztaty te wyj\u0105tkowo poprowadz\u0119 z go\u015bciem specjalnym\",\"breadcrumb\":{\"@id\":\"https:\/\/wkorcumaku.pl\/produkt\/warsztaty-relaksacyjno-florystyczne\/#breadcrumb\"},\"inLanguage\":\"uk\",\"potentialAction\":[{\"@type\":\"ReadAction\",\"target\":[\"https:\/\/wkorcumaku.pl\/produkt\/warsztaty-relaksacyjno-florystyczne\/\"]}]},{\"@type\":\"ImageObject\",\"inLanguage\":\"uk\",\"@id\":\"https:\/\/wkorcumaku.pl\/produkt\/warsztaty-relaksacyjno-florystyczne\/#primaryimage\",\"url\":\"https:\/\/wkorcumaku.pl\/wp-content\/uploads\/2023\/09\/wianek-na-glowe-2.webp\",\"contentUrl\":\"https:\/\/wkorcumaku.pl\/wp-content\/uploads\/2023\/09\/wianek-na-glowe-2.webp\",\"width\":1139,\"height\":1708,\"caption\":\"Romantyczna i przeci\u0105gaj\u0105ca uwag\u0119 kwiatowa dekoracja Twojej uroczysto\u015bci. Obw\u00f3d wianka mo\u017cna delikatnie regulowa\u0107 za pomoc\u0105 wst\u0105\u017cki.\"},{\"@type\":\"BreadcrumbList\",\"@id\":\"https:\/\/wkorcumaku.pl\/produkt\/warsztaty-relaksacyjno-florystyczne\/#breadcrumb\",\"itemListElement\":[{\"@type\":\"ListItem\",\"position\":1,\"name\":\"Home\",\"item\":\"https:\/\/wkorcumaku.pl\/\"},{\"@type\":\"ListItem\",\"position\":2,\"name\":\"Sklep\",\"item\":\"https:\/\/wkorcumaku.pl\/sklep\/\"},{\"@type\":\"ListItem\",\"position\":3,\"name\":\"Warsztaty relaksacyjno &#8211; florystyczne\"}]},{\"@type\":\"WebSite\",\"@id\":\"https:\/\/wkorcumaku.pl\/#website\",\"url\":\"https:\/\/wkorcumaku.pl\/\",\"name\":\"Kwiaciarnia W Korcu Maku Katowice\",\"description\":\"Tu sieje si\u0119 magia!\",\"publisher\":{\"@id\":\"https:\/\/wkorcumaku.pl\/#organization\"},\"potentialAction\":[{\"@type\":\"SearchAction\",\"target\":{\"@type\":\"EntryPoint\",\"urlTemplate\":\"https:\/\/wkorcumaku.pl\/?s={search_term_string}\"},\"query-input\":{\"@type\":\"PropertyValueSpecification\",\"valueRequired\":true,\"valueName\":\"search_term_string\"}}],\"inLanguage\":\"uk\"},{\"@type\":\"Organization\",\"@id\":\"https:\/\/wkorcumaku.pl\/#organization\",\"name\":\"Kwiaciarnia W Korcu Maku Katowice\",\"alternateName\":\"Kwiaciarnia Katowice\",\"url\":\"https:\/\/wkorcumaku.pl\/\",\"logo\":{\"@type\":\"ImageObject\",\"inLanguage\":\"uk\",\"@id\":\"https:\/\/wkorcumaku.pl\/#\/schema\/logo\/image\/\",\"url\":\"https:\/\/wkorcumaku.pl\/wp-content\/uploads\/2021\/12\/Przezroczyste-tlo_Logo_glowne-zielone.png\",\"contentUrl\":\"https:\/\/wkorcumaku.pl\/wp-content\/uploads\/2021\/12\/Przezroczyste-tlo_Logo_glowne-zielone.png\",\"width\":1016,\"height\":1123,\"caption\":\"Kwiaciarnia W Korcu Maku Katowice\"},\"image\":{\"@id\":\"https:\/\/wkorcumaku.pl\/#\/schema\/logo\/image\/\"},\"sameAs\":[\"https:\/\/www.facebook.com\/people\/W-KORCU-MAKU-kwiaciarnia\/100064764343595\/\",\"https:\/\/www.instagram.com\/wkorcumaku\/\"]}]}<\/script>\n<!-- \/ Yoast SEO plugin. -->","yoast_head_json":{"title":"\u041c\u0430\u0439\u0441\u0442\u0435\u0440-\u043a\u043b\u0430\u0441 \u0437 \u0440\u0435\u043b\u0430\u043a\u0441\u0430\u0446\u0456\u0457 \u0442\u0430 \u0444\u043b\u043e\u0440\u0438\u0441\u0442\u0438\u043a\u0438 - \u0424\u043b\u043e\u0440\u0438\u0441\u0442 W Korcu Maku \u041a\u0430\u0442\u043e\u0432\u0456\u0446\u0435","description":"\u041c\u0438 \u0440\u043e\u0437\u0433\u043b\u044f\u043d\u0435\u043c\u043e \u0442\u0435\u043c\u0443 \u0440\u0435\u043b\u0430\u043a\u0441\u0430\u0446\u0456\u0457 \u043f\u0456\u0434 \u043c\u0456\u043a\u0440\u043e\u0441\u043a\u043e\u043f\u043e\u043c \u0437\u0430 \u0434\u043e\u043f\u043e\u043c\u043e\u0433\u043e\u044e \u043f\u043b\u0435\u0442\u0456\u043d\u043d\u044f \u0432\u043b\u0430\u0441\u043d\u043e\u0457 \u0433\u0456\u0440\u043b\u044f\u043d\u0434\u0438 \u043d\u0430 \u0433\u043e\u043b\u043e\u0432\u0443. \u042f\u043a \u0432\u0438\u043d\u044f\u0442\u043e\u043a, \u044f \u043f\u0440\u043e\u0432\u0435\u0434\u0443 \u0446\u0435\u0439 \u0432\u043e\u0440\u043a\u0448\u043e\u043f \u0437\u0456 \u0441\u043f\u0435\u0446\u0456\u0430\u043b\u044c\u043d\u0438\u043c \u0433\u043e\u0441\u0442\u0435\u043c","robots":{"index":"index","follow":"follow","max-snippet":"max-snippet:-1","max-image-preview":"max-image-preview:large","max-video-preview":"max-video-preview:-1"},"canonical":"https:\/\/wkorcumaku.pl\/uk\/\u043f\u0440\u043e\u0434\u0443\u043a\u0442\/\u0440\u0435\u043b\u0430\u043a\u0441\u0430\u0446\u0456\u0439\u043d\u043e-\u0444\u043b\u043e\u0440\u0438\u0441\u0442\u0438\u0447\u043d\u0438\u0439-\u0432\u043e\u0440\u043a\u0448\u043e\u043f\/","og_locale":"uk_UA","og_type":"article","og_title":"Warsztaty relaksacyjno - florystyczne - Kwiaciarnia W Korcu Maku Katowice","og_description":"Pod lup\u0119 we\u017amiemy temat relaksacji z w\u0142asnor\u0119cznym wyplataniem wiank\u00f3w na g\u0142ow\u0119. Warsztaty te wyj\u0105tkowo poprowadz\u0119 z go\u015bciem specjalnym","og_url":"https:\/\/wkorcumaku.pl\/uk\/\u043f\u0440\u043e\u0434\u0443\u043a\u0442\/\u0440\u0435\u043b\u0430\u043a\u0441\u0430\u0446\u0456\u0439\u043d\u043e-\u0444\u043b\u043e\u0440\u0438\u0441\u0442\u0438\u0447\u043d\u0438\u0439-\u0432\u043e\u0440\u043a\u0448\u043e\u043f\/","og_site_name":"Kwiaciarnia W Korcu Maku Katowice","article_publisher":"https:\/\/www.facebook.com\/people\/W-KORCU-MAKU-kwiaciarnia\/100064764343595\/","article_modified_time":"2024-09-30T17:42:33+00:00","og_image":[{"width":1139,"height":1708,"url":"https:\/\/wkorcumaku.pl\/wp-content\/uploads\/2023\/09\/wianek-na-glowe-2.webp","type":"image\/webp"}],"twitter_card":"summary_large_image","twitter_misc":{"\u041f\u0440\u0438\u0431\u043b. \u0447\u0430\u0441 \u0447\u0438\u0442\u0430\u043d\u043d\u044f":"1 \u0445\u0432\u0438\u043b\u0438\u043d\u0430"},"schema":{"@context":"https:\/\/schema.org","@graph":[{"@type":["WebPage","ItemPage"],"@id":"https:\/\/wkorcumaku.pl\/produkt\/warsztaty-relaksacyjno-florystyczne\/","url":"https:\/\/wkorcumaku.pl\/produkt\/warsztaty-relaksacyjno-florystyczne\/","name":"\u041c\u0430\u0439\u0441\u0442\u0435\u0440-\u043a\u043b\u0430\u0441 \u0437 \u0440\u0435\u043b\u0430\u043a\u0441\u0430\u0446\u0456\u0457 \u0442\u0430 \u0444\u043b\u043e\u0440\u0438\u0441\u0442\u0438\u043a\u0438 - \u0424\u043b\u043e\u0440\u0438\u0441\u0442 W Korcu Maku \u041a\u0430\u0442\u043e\u0432\u0456\u0446\u0435","isPartOf":{"@id":"https:\/\/wkorcumaku.pl\/#website"},"primaryImageOfPage":{"@id":"https:\/\/wkorcumaku.pl\/produkt\/warsztaty-relaksacyjno-florystyczne\/#primaryimage"},"image":{"@id":"https:\/\/wkorcumaku.pl\/produkt\/warsztaty-relaksacyjno-florystyczne\/#primaryimage"},"thumbnailUrl":"https:\/\/wkorcumaku.pl\/wp-content\/uploads\/2023\/09\/wianek-na-glowe-2.webp","datePublished":"2023-09-28T19:41:37+00:00","dateModified":"2024-09-30T17:42:33+00:00","description":"\u041c\u0438 \u0440\u043e\u0437\u0433\u043b\u044f\u043d\u0435\u043c\u043e \u0442\u0435\u043c\u0443 \u0440\u0435\u043b\u0430\u043a\u0441\u0430\u0446\u0456\u0457 \u043f\u0456\u0434 \u043c\u0456\u043a\u0440\u043e\u0441\u043a\u043e\u043f\u043e\u043c \u0437\u0430 \u0434\u043e\u043f\u043e\u043c\u043e\u0433\u043e\u044e \u043f\u043b\u0435\u0442\u0456\u043d\u043d\u044f \u0432\u043b\u0430\u0441\u043d\u043e\u0457 \u0433\u0456\u0440\u043b\u044f\u043d\u0434\u0438 \u043d\u0430 \u0433\u043e\u043b\u043e\u0432\u0443. \u042f\u043a \u0432\u0438\u043d\u044f\u0442\u043e\u043a, \u044f \u043f\u0440\u043e\u0432\u0435\u0434\u0443 \u0446\u0435\u0439 \u0432\u043e\u0440\u043a\u0448\u043e\u043f \u0437\u0456 \u0441\u043f\u0435\u0446\u0456\u0430\u043b\u044c\u043d\u0438\u043c \u0433\u043e\u0441\u0442\u0435\u043c","breadcrumb":{"@id":"https:\/\/wkorcumaku.pl\/produkt\/warsztaty-relaksacyjno-florystyczne\/#breadcrumb"},"inLanguage":"uk","potentialAction":[{"@type":"ReadAction","target":["https:\/\/wkorcumaku.pl\/produkt\/warsztaty-relaksacyjno-florystyczne\/"]}]},{"@type":"ImageObject","inLanguage":"uk","@id":"https:\/\/wkorcumaku.pl\/produkt\/warsztaty-relaksacyjno-florystyczne\/#primaryimage","url":"https:\/\/wkorcumaku.pl\/wp-content\/uploads\/2023\/09\/wianek-na-glowe-2.webp","contentUrl":"https:\/\/wkorcumaku.pl\/wp-content\/uploads\/2023\/09\/wianek-na-glowe-2.webp","width":1139,"height":1708,"caption":"Romantyczna i przeci\u0105gaj\u0105ca uwag\u0119 kwiatowa dekoracja Twojej uroczysto\u015bci. Obw\u00f3d wianka mo\u017cna delikatnie regulowa\u0107 za pomoc\u0105 wst\u0105\u017cki."},{"@type":"BreadcrumbList","@id":"https:\/\/wkorcumaku.pl\/produkt\/warsztaty-relaksacyjno-florystyczne\/#breadcrumb","itemListElement":[{"@type":"ListItem","position":1,"name":"Home","item":"https:\/\/wkorcumaku.pl\/"},{"@type":"ListItem","position":2,"name":"Sklep","item":"https:\/\/wkorcumaku.pl\/sklep\/"},{"@type":"ListItem","position":3,"name":"Warsztaty relaksacyjno &#8211; florystyczne"}]},{"@type":"WebSite","@id":"https:\/\/wkorcumaku.pl\/#website","url":"https:\/\/wkorcumaku.pl\/","name":"\u0424\u043b\u043e\u0440\u0438\u0441\u0442 W Korcu Maku \u041a\u0430\u0442\u043e\u0432\u0456\u0446\u0435","description":"\u0426\u0435 \u043c\u0456\u0441\u0446\u0435, \u0434\u0435 \u0441\u0456\u0454\u0442\u044c\u0441\u044f \u043c\u0430\u0433\u0456\u044f!","publisher":{"@id":"https:\/\/wkorcumaku.pl\/#organization"},"potentialAction":[{"@type":"SearchAction","target":{"@type":"EntryPoint","urlTemplate":"https:\/\/wkorcumaku.pl\/?s={search_term_string}"},"query-input":{"@type":"PropertyValueSpecification","valueRequired":true,"valueName":"search_term_string"}}],"inLanguage":"uk"},{"@type":"Organization","@id":"https:\/\/wkorcumaku.pl\/#organization","name":"\u0424\u043b\u043e\u0440\u0438\u0441\u0442 W Korcu Maku \u041a\u0430\u0442\u043e\u0432\u0456\u0446\u0435","alternateName":"Kwiaciarnia Katowice","url":"https:\/\/wkorcumaku.pl\/","logo":{"@type":"ImageObject","inLanguage":"uk","@id":"https:\/\/wkorcumaku.pl\/#\/schema\/logo\/image\/","url":"https:\/\/wkorcumaku.pl\/wp-content\/uploads\/2021\/12\/Przezroczyste-tlo_Logo_glowne-zielone.png","contentUrl":"https:\/\/wkorcumaku.pl\/wp-content\/uploads\/2021\/12\/Przezroczyste-tlo_Logo_glowne-zielone.png","width":1016,"height":1123,"caption":"Kwiaciarnia W Korcu Maku Katowice"},"image":{"@id":"https:\/\/wkorcumaku.pl\/#\/schema\/logo\/image\/"},"sameAs":["https:\/\/www.facebook.com\/people\/W-KORCU-MAKU-kwiaciarnia\/100064764343595\/","https:\/\/www.instagram.com\/wkorcumaku\/"]}]}},"wcpa_form_fields":{"wcpaData":{"product":{"product_price":249,"price_html":"<span class=\"woocommerce-Price-amount amount\"><bdi>249,00&nbsp;<span class=\"woocommerce-Price-currencySymbol\">&#122;&#322;<\/span><\/bdi><\/span>","original_product_price":249,"price_including_tax":249,"price_excluding_tax":249,"product_id":{"parent":992921,"variation":false},"is_variable":true,"stock_status":"outofstock","stock_quantity":0,"parent_sku":"warsztaty-relaksacyjno-florystyczne","product_attributes":{"pa_typ-warsztatow":{"is_variation":true,"values":[]}},"custom_fields":{"wcpa_pcf_advance_payment":"false"},"is_taxable":false},"fields":{"sec_36515d0e50e0ac":{"extra":{"key":"sec_36515d0e50e0ac","section_id":"sec_36515d0e50e0ac","name":"Default","status":1,"cl_rule":"show","enableCl":false,"relations":[],"toggle":true,"title_tag":"h3","show_title":false,"showPrice":"default","form_id":992913,"form_rules":{"exclude_from_discount":false,"fee_label":"Fee","disp_hide_options_price":false,"disp_show_section_price":false,"disp_show_field_price":true,"layout_option":"standard","pric_use_as_fee":false,"process_fee_as":"woo_fee"},"layout_option":"standard"},"fields":[[{"type":"text","elementId":"text_06515d0e50e117","label":"W przypadku ch\u0119ci zakupu jako prezentu Vouchera, prosz\u0119 o informacj\u0119 w poni\u017cszym polu. Wpisz adres email osoby obdarowanej - w formie elektronicznej lub adres dostawy drog\u0105 pocztow\u0105.","placeholder":"","pricingType":"fixed","name":"text-1676935356336","subtype":"text","cl_rule":"show","col":6,"relations":false,"active":true,"tooltip":"","error":false,"gt_translate_keys":["label","placeholder","tooltip"],"price_dependency":false,"cl_dependency":false,"value":""}]]}},"config":{"price_override":"","enable_recaptcha":false,"bind_quantity":false,"quantity_bind_formula":"","disp_summ_show_option_price":true,"disp_summ_show_product_price":true,"disp_summ_show_total_price":true,"disp_summ_show_fee":false,"disp_summ_show_discount":false,"summary_title":"","options_total_label":"Dodatkowi uczestnicy","total_label":"Podsumowanie","options_product_label":"Cena","fee_label":"Fee","discount_label":"Discount","has_price":true,"has_quantity_formula":false},"mc_unit":1,"tax_rate":1,"tax_rate_real":1,"discount":{"percentage":0,"fixed":0},"design":{"conf":{"LabelPosition":"above","DescPosition":"above","UploadField":"custom_1","QuantityFieldStyle":"default"},"css":{"LeftLabelWidth":"120px"}},"formulas":[],"clones":false,"cartKey":false}},"_links":{"self":[{"href":"https:\/\/wkorcumaku.pl\/uk\/wp-json\/wp\/v2\/product\/992921","targetHints":{"allow":["GET"]}}],"collection":[{"href":"https:\/\/wkorcumaku.pl\/uk\/wp-json\/wp\/v2\/product"}],"about":[{"href":"https:\/\/wkorcumaku.pl\/uk\/wp-json\/wp\/v2\/types\/product"}],"version-history":[{"count":2,"href":"https:\/\/wkorcumaku.pl\/uk\/wp-json\/wp\/v2\/product\/992921\/revisions"}],"predecessor-version":[{"id":994887,"href":"https:\/\/wkorcumaku.pl\/uk\/wp-json\/wp\/v2\/product\/992921\/revisions\/994887"}],"wp:featuredmedia":[{"embeddable":true,"href":"https:\/\/wkorcumaku.pl\/uk\/wp-json\/wp\/v2\/media\/992620"}],"wp:attachment":[{"href":"https:\/\/wkorcumaku.pl\/uk\/wp-json\/wp\/v2\/media?parent=992921"}],"wp:term":[{"taxonomy":"product_brand","embeddable":true,"href":"https:\/\/wkorcumaku.pl\/uk\/wp-json\/wp\/v2\/product_brand?post=992921"},{"taxonomy":"product_cat","embeddable":true,"href":"https:\/\/wkorcumaku.pl\/uk\/wp-json\/wp\/v2\/product_cat?post=992921"},{"taxonomy":"product_tag","embeddable":true,"href":"https:\/\/wkorcumaku.pl\/uk\/wp-json\/wp\/v2\/product_tag?post=992921"},{"taxonomy":"giftcard-category","embeddable":true,"href":"https:\/\/wkorcumaku.pl\/uk\/wp-json\/wp\/v2\/giftcard-category?post=992921"}],"curies":[{"name":"wp","href":"https:\/\/api.w.org\/{rel}","templated":true}]}}