{"id":992941,"date":"2024-05-17T23:00:40","date_gmt":"2024-05-17T23:00:40","guid":{"rendered":"https:\/\/wkorcumaku.pl\/?post_type=product&#038;p=992941"},"modified":"2025-10-13T21:35:09","modified_gmt":"2025-10-13T21:35:09","slug":"%d0%bc%d0%b0%d0%b9%d1%81%d1%82%d0%b5%d1%80-%d0%ba%d0%bb%d0%b0%d1%81-%d1%80%d1%96%d0%b7%d0%b4%d0%b2%d1%8f%d0%bd%d1%96-%d0%bf%d1%80%d0%b8%d0%ba%d1%80%d0%b0%d1%81%d0%b8","status":"publish","type":"product","link":"https:\/\/wkorcumaku.pl\/uk\/%d0%bf%d1%80%d0%be%d0%b4%d1%83%d0%ba%d1%82\/%d0%bc%d0%b0%d0%b9%d1%81%d1%82%d0%b5%d1%80-%d0%ba%d0%bb%d0%b0%d1%81-%d1%80%d1%96%d0%b7%d0%b4%d0%b2%d1%8f%d0%bd%d1%96-%d0%bf%d1%80%d0%b8%d0%ba%d1%80%d0%b0%d1%81%d0%b8\/","title":{"rendered":"\u0421\u0432\u044f\u0442\u043a\u043e\u0432\u0438\u0439 \u0446\u0435\u043d\u0442\u0440\u0430\u043b\u044c\u043d\u0438\u0439 \u0435\u043b\u0435\u043c\u0435\u043d\u0442"},"content":{"rendered":"","protected":false},"excerpt":{"rendered":"<p>\u041f\u0456\u0434 \u0447\u0430\u0441 \u0432\u043e\u0440\u043a\u0448\u043e\u043f\u0443 <strong>\u0421\u0432\u044f\u0442\u043a\u043e\u0432\u0438\u0439 \u0446\u0435\u043d\u0442\u0440\u0430\u043b\u044c\u043d\u0438\u0439 \u0435\u043b\u0435\u043c\u0435\u043d\u0442<\/strong> \u0432\u0438 \u0441\u0442\u0432\u043e\u0440\u0438\u0442\u0435 \u0432\u043b\u0430\u0441\u043d\u0443 \u043f\u0440\u0438\u0440\u043e\u0434\u043d\u0443 \u043f\u0440\u0438\u043a\u0440\u0430\u0441\u0443, \u044f\u043a\u0430 \u043d\u0430\u043f\u043e\u0432\u043d\u0438\u0442\u044c \u0432\u0430\u0448\u0443 \u043e\u0441\u0435\u043b\u044e \u0430\u0440\u043e\u043c\u0430\u0442\u043e\u043c \u043b\u0456\u0441\u0443 \u0442\u0430 \u0440\u0456\u0437\u0434\u0432\u044f\u043d\u0438\u043c \u0442\u0435\u043f\u043b\u043e\u043c.<br \/>\n<br \/>\u0426\u0435 \u043e\u0441\u043e\u0431\u043b\u0438\u0432\u0438\u0439 \u0447\u0430\u0441, \u043a\u043e\u043b\u0438 \u043c\u043e\u0436\u043d\u0430 \u0432\u0456\u0434\u0432\u043e\u043b\u0456\u043a\u0442\u0438\u0441\u044f \u0432\u0456\u0434 \u043f\u043e\u0432\u0441\u044f\u043a\u0434\u0435\u043d\u043d\u043e\u0441\u0442\u0456, \u0440\u043e\u0437\u0441\u043b\u0430\u0431\u0438\u0442\u0438\u0441\u044f \u0456 \u0432\u0456\u0434\u0447\u0443\u0442\u0438 \u0440\u0430\u0434\u0456\u0441\u0442\u044c \u0442\u0432\u043e\u0440\u0435\u043d\u043d\u044f \u0432 \u0434\u0440\u0443\u0436\u043d\u0456\u0439 \u0437\u0438\u043c\u043e\u0432\u0456\u0439 \u0430\u0442\u043c\u043e\u0441\u0444\u0435\u0440\u0456.<\/p>\n<p>\u0412\u0438 \u043d\u0430\u0432\u0447\u0438\u0442\u0435\u0441\u044f \u0441\u043a\u043b\u0430\u0434\u0430\u0442\u0438 \u043e\u0447\u0435\u0440\u0435\u0442 \u0437 \u0433\u0456\u043b\u043e\u043a \u044f\u043b\u0438\u043d\u0438, \u044f\u043b\u0438\u0446\u0456 \u0442\u0430 \u0435\u0432\u043a\u0430\u043b\u0456\u043f\u0442\u0430, \u0434\u043e\u043f\u043e\u0432\u043d\u044e\u044e\u0447\u0438 \u0439\u043e\u0433\u043e \u0441\u0435\u0437\u043e\u043d\u043d\u0438\u043c\u0438 \u043f\u0440\u0438\u043a\u0440\u0430\u0441\u0430\u043c\u0438: \u0448\u0438\u0448\u043a\u0430\u043c\u0438, \u0441\u0443\u0445\u043e\u0444\u0440\u0443\u043a\u0442\u0430\u043c\u0438, \u0441\u0442\u0440\u0456\u0447\u043a\u0430\u043c\u0438 \u0442\u0430 \u043a\u043e\u0440\u0438\u0446\u0435\u044e.<br \/>\n<br \/>\u0412\u0430\u043c \u043d\u0435 \u043f\u043e\u0442\u0440\u0456\u0431\u0435\u043d \u043d\u0456\u044f\u043a\u0438\u0439 \u0434\u043e\u0441\u0432\u0456\u0434 - \u044f \u043f\u043e\u044f\u0441\u043d\u044e \u0432\u0441\u0435 \u043a\u0440\u043e\u043a \u0437\u0430 \u043a\u0440\u043e\u043a\u043e\u043c, \u0430 \u043f\u0440\u043e \u043c\u0430\u0442\u0435\u0440\u0456\u0430\u043b\u0438, \u043d\u0430\u0442\u0445\u043d\u0435\u043d\u043d\u044f \u0442\u0430 \u0441\u0432\u044f\u0442\u043a\u043e\u0432\u0443 \u0430\u0442\u043c\u043e\u0441\u0444\u0435\u0440\u0443 \u0437\u0430 \u0447\u0430\u0448\u043a\u043e\u044e \u0430\u0440\u043e\u043c\u0430\u0442\u043d\u043e\u0433\u043e \u0447\u0430\u044e \u043f\u043e\u0434\u0431\u0430\u044e \u044f.<\/p>\n<p>\u0421\u0435\u043c\u0456\u043d\u0430\u0440\u0438 \u043f\u0440\u043e\u0445\u043e\u0434\u044f\u0442\u044c \u0432 \u0456\u043d\u0442\u0438\u043c\u043d\u0456\u0439 \u0433\u0440\u0443\u043f\u043e\u0432\u0456\u0439 \u043e\u0431\u0441\u0442\u0430\u043d\u043e\u0432\u0446\u0456, \u0449\u043e \u0434\u043e\u0437\u0432\u043e\u043b\u044f\u0454 \u043f\u0440\u0438\u0434\u0456\u043b\u044f\u0442\u0438 \u0456\u043d\u0434\u0438\u0432\u0456\u0434\u0443\u0430\u043b\u044c\u043d\u0443 \u0443\u0432\u0430\u0433\u0443 \u0456 \u043f\u0440\u0430\u0446\u044e\u0432\u0430\u0442\u0438 \u0432 \u043d\u0435\u0432\u0438\u043c\u0443\u0448\u0435\u043d\u0456\u0439 \u043e\u0431\u0441\u0442\u0430\u043d\u043e\u0432\u0446\u0456.<br \/>\n<br \/>\u0426\u0435 \u0456\u0434\u0435\u0430\u043b\u044c\u043d\u0430 \u043c\u043e\u0436\u043b\u0438\u0432\u0456\u0441\u0442\u044c \u0441\u0442\u0432\u043e\u0440\u0438\u0442\u0438 \u043f\u0440\u0438\u043a\u0440\u0430\u0441\u0443 \u0434\u043b\u044f \u0441\u0442\u043e\u043b\u0443, \u043a\u043e\u043c\u043e\u0434\u0430 \u0430\u0431\u043e \u043f\u043e\u0434\u0430\u0440\u0443\u043d\u043e\u043a \u0434\u043b\u044f \u0431\u043b\u0438\u0437\u044c\u043a\u043e\u0457 \u043b\u044e\u0434\u0438\u043d\u0438. \u0412\u0438 \u0442\u0430\u043a\u043e\u0436 \u043c\u043e\u0436\u0435\u0442\u0435 \u043f\u043e\u0434\u0430\u0440\u0443\u0432\u0430\u0442\u0438 \u0430\u043a\u0446\u0456\u044e \u044f\u043a \u043f\u043e\u0434\u0430\u0440\u0443\u043d\u043a\u043e\u0432\u0438\u0439 \u0441\u0435\u0440\u0442\u0438\u0444\u0456\u043a\u0430\u0442.<\/p>\n<p><em>\u0422\u0440\u0438\u0432\u0430\u043b\u0456\u0441\u0442\u044c \u0432\u043e\u0440\u043a\u0448\u043e\u043f\u0443 - \u043f\u0440\u0438\u0431\u043b\u0438\u0437\u043d\u043e 2-3 \u0433\u043e\u0434\u0438\u043d\u0438.<br \/>\n<br \/>\u0423 \u0432\u043e\u0440\u043a\u0448\u043e\u043f\u0456 \u0432\u0456\u0437\u044c\u043c\u0443\u0442\u044c \u0443\u0447\u0430\u0441\u0442\u044c \u043c\u0430\u043a\u0441\u0438\u043c\u0443\u043c \u0441\u0456\u043c \u043e\u0441\u0456\u0431.<\/em><\/p>\n<p style=\"color:#F54B3E; font-size:20px\">\u0414\u0430\u0442\u0430 \u0432\u043e\u0440\u043a\u0448\u043e\u043f\u0443:<\/p>\n<p><strong>\u0427\u043e\u043c\u0443 \u0432\u043e\u043d\u043e \u0442\u043e\u0433\u043e \u0432\u0430\u0440\u0442\u0435?<\/strong><\/p>\n<p><em><\/p>\n<ul>\n<li>\u041c\u0438 \u043f\u0440\u0430\u0446\u044e\u0454\u043c\u043e \u0437 \u043d\u0430\u0442\u0443\u0440\u0430\u043b\u044c\u043d\u0438\u043c\u0438 \u043c\u0430\u0442\u0435\u0440\u0456\u0430\u043b\u0430\u043c\u0438 - \u044f\u043b\u0438\u043d\u043e\u044e, \u044f\u043b\u0438\u0446\u0435\u044e, \u0448\u0438\u0448\u043a\u0430\u043c\u0438 \u0442\u0430 \u0441\u043f\u0435\u0446\u0456\u044f\u043c\u0438. \u0426\u0435 \u0440\u0435\u043b\u0430\u043a\u0441\u0430\u0446\u0456\u044f \u0456 \u043a\u043e\u043d\u0442\u0430\u043a\u0442 \u0437 \u043f\u0440\u0438\u0440\u043e\u0434\u043e\u044e \u0432 \u0457\u0457 \u043d\u0430\u0439\u043a\u0440\u0430\u0449\u043e\u043c\u0443 \u043f\u0440\u043e\u044f\u0432\u0456.<\/li>\n<li>\u041a\u043e\u0436\u0435\u043d \u043e\u0447\u0435\u0440\u0435\u0442 \u043c\u0430\u0454 \u0441\u0432\u0456\u0439 \u0445\u0430\u0440\u0430\u043a\u0442\u0435\u0440 - \u0432\u0456\u0434 \u043c\u0456\u043d\u0456\u043c\u0430\u043b\u0456\u0441\u0442\u0438\u0447\u043d\u043e\u0433\u043e \u0434\u043e \u0431\u0430\u0433\u0430\u0442\u043e \u0434\u0435\u043a\u043e\u0440\u043e\u0432\u0430\u043d\u043e\u0433\u043e. \u0412\u0438 \u0441\u0442\u0432\u043e\u0440\u0438\u0442\u0435 \u043a\u043e\u043c\u043f\u043e\u0437\u0438\u0446\u0456\u044e, \u044f\u043a\u0430 \u0432\u0456\u0434\u043e\u0431\u0440\u0430\u0436\u0430\u0442\u0438\u043c\u0435 \u0432\u0430\u0448 \u0441\u0442\u0438\u043b\u044c.<\/li>\n<li>\u0406\u043d\u0442\u0438\u043c\u043d\u0430 \u0437\u0443\u0441\u0442\u0440\u0456\u0447 \u0432 \u0430\u0442\u043c\u043e\u0441\u0444\u0435\u0440\u0456 \u0430\u0440\u043e\u043c\u0430\u0442\u0443 \u0445\u0432\u043e\u0439\u043d\u0438\u0445 \u0434\u0435\u0440\u0435\u0432 \u0442\u0430 \u0440\u0456\u0437\u0434\u0432\u044f\u043d\u0438\u0445 \u043c\u0435\u043b\u043e\u0434\u0456\u0439. \u041d\u0435 \u0431\u0440\u0430\u043a\u0443\u0432\u0430\u0442\u0438\u043c\u0435 \u0440\u043e\u0437\u043c\u043e\u0432, \u0441\u043c\u0456\u0445\u0443 \u0442\u0430 \u043d\u0430\u0442\u0445\u043d\u0435\u043d\u043d\u044f.<\/li>\n<li>\u0412\u0438 \u043f\u0456\u0434\u0435\u0442\u0435 \u0437\u0432\u0456\u0434\u0441\u0438 \u0437 \u0442\u0440\u043e\u0441\u0442\u0438\u043d\u043a\u043e\u044e \u0440\u0443\u0447\u043d\u043e\u0457 \u0440\u043e\u0431\u043e\u0442\u0438, \u044f\u043a\u0430 \u043f\u0440\u0438\u043a\u0440\u0430\u0441\u0438\u0442\u044c \u0432\u0430\u0448\u0443 \u043e\u0441\u0435\u043b\u044e, \u0456 \u043d\u0430\u0433\u0430\u0434\u0443\u0432\u0430\u043d\u043d\u044f\u043c \u043f\u0440\u043e \u043c\u0430\u0433\u0456\u044e \u0441\u043f\u0456\u043b\u044c\u043d\u043e\u0433\u043e \u0442\u0432\u043e\u0440\u0435\u043d\u043d\u044f.<\/li>\n<\/ul>\n<p><\/em><\/p>\n<p><strong><em>\u041a\u0443\u043f\u0443\u044e\u0447\u0438 \u043a\u0432\u0438\u0442\u043e\u043a, \u0432\u0438 \u043f\u0440\u0438\u0439\u043c\u0430\u0454\u0442\u0435 \u0443\u043c\u043e\u0432\u0438 \u0442\u0430 \u043f\u043e\u043b\u043e\u0436\u0435\u043d\u043d\u044f \u0432\u043e\u0440\u043a\u0448\u043e\u043f\u0443: <a style=\"color:#26619C\" href=\"https:\/\/wkorcumaku.pl\/uk\/%d0%bf%d1%80%d0%b0%d0%b2%d0%b8%d0%bb%d0%b0-%d0%bf%d1%80%d0%be%d0%b2%d0%b5%d0%b4%d0%b5%d0%bd%d0%bd%d1%8f-%d0%bc%d0%b0%d0%b9%d1%81%d1%82%d0%b5%d1%80-%d0%ba%d0%bb%d0%b0%d1%81%d1%83-%d1%84%d0%bb%d0%be\/\">\u0420\u0435\u0433\u043b\u0430\u043c\u0435\u043d\u0442 \u0440\u043e\u0431\u043e\u0442\u0438 \u0444\u043b\u043e\u0440\u0438\u0441\u0442\u0438\u0447\u043d\u043e\u0457 \u043c\u0430\u0439\u0441\u0442\u0435\u0440\u043d\u0456<\/a><\/em><\/strong><\/p>","protected":false},"featured_media":993178,"template":"","meta":[],"product_brand":[],"product_cat":[368],"product_tag":[],"giftcard-category":[],"class_list":{"0":"post-992941","1":"product","2":"type-product","3":"status-publish","4":"has-post-thumbnail","6":"product_cat-warsztaty","7":"wcpa_has_options","9":"first","10":"outofstock","11":"shipping-taxable","12":"purchasable","13":"product-type-variable"},"yoast_head":"<!-- This site is optimized with the Yoast SEO plugin v27.1.1 - https:\/\/yoast.com\/product\/yoast-seo-wordpress\/ -->\n<title>Stroik \u015bwi\u0105teczny \u2013 kreatywne warsztaty florystyczne<\/title>\n<meta name=\"description\" content=\"Stw\u00f3rz naturalny stroik \u015bwi\u0105teczny z igliwia i suszonych ozd\u00f3b. Kameralne warsztaty w ciep\u0142ej atmosferze pe\u0142nej zapachu \u015awi\u0105t.\" \/>\n<meta name=\"robots\" content=\"index, follow, max-snippet:-1, max-image-preview:large, max-video-preview:-1\" \/>\n<link rel=\"canonical\" href=\"https:\/\/wkorcumaku.pl\/uk\/\u043f\u0440\u043e\u0434\u0443\u043a\u0442\/\u043c\u0430\u0439\u0441\u0442\u0435\u0440-\u043a\u043b\u0430\u0441-\u0440\u0456\u0437\u0434\u0432\u044f\u043d\u0456-\u043f\u0440\u0438\u043a\u0440\u0430\u0441\u0438\/\" \/>\n<meta property=\"og:locale\" content=\"uk_UA\" \/>\n<meta property=\"og:type\" content=\"article\" \/>\n<meta property=\"og:title\" content=\"Stroik \u015bwi\u0105teczny \u2013 kreatywne warsztaty florystyczne\" \/>\n<meta property=\"og:description\" content=\"Stw\u00f3rz naturalny stroik \u015bwi\u0105teczny z igliwia i suszonych ozd\u00f3b. Kameralne warsztaty w ciep\u0142ej atmosferze pe\u0142nej zapachu \u015awi\u0105t.\" \/>\n<meta property=\"og:url\" content=\"https:\/\/wkorcumaku.pl\/uk\/\u043f\u0440\u043e\u0434\u0443\u043a\u0442\/\u043c\u0430\u0439\u0441\u0442\u0435\u0440-\u043a\u043b\u0430\u0441-\u0440\u0456\u0437\u0434\u0432\u044f\u043d\u0456-\u043f\u0440\u0438\u043a\u0440\u0430\u0441\u0438\/\" \/>\n<meta property=\"og:site_name\" content=\"Kwiaciarnia W Korcu Maku Katowice\" \/>\n<meta property=\"article:publisher\" content=\"https:\/\/www.facebook.com\/people\/W-KORCU-MAKU-kwiaciarnia\/100064764343595\/\" \/>\n<meta property=\"article:modified_time\" content=\"2025-10-13T21:35:09+00:00\" \/>\n<meta property=\"og:image\" content=\"https:\/\/wkorcumaku.pl\/wp-content\/uploads\/2023\/09\/stroik-swiateczny.webp\" \/>\n\t<meta property=\"og:image:width\" content=\"1050\" \/>\n\t<meta property=\"og:image:height\" content=\"1400\" \/>\n\t<meta property=\"og:image:type\" content=\"image\/webp\" \/>\n<meta name=\"twitter:card\" content=\"summary_large_image\" \/>\n<meta name=\"twitter:label1\" content=\"\u041f\u0440\u0438\u0431\u043b. \u0447\u0430\u0441 \u0447\u0438\u0442\u0430\u043d\u043d\u044f\" \/>\n\t<meta name=\"twitter:data1\" content=\"1 \u0445\u0432\u0438\u043b\u0438\u043d\u0430\" \/>\n<script type=\"application\/ld+json\" class=\"yoast-schema-graph\">{\"@context\":\"https:\/\/schema.org\",\"@graph\":[{\"@type\":[\"WebPage\",\"ItemPage\"],\"@id\":\"https:\/\/wkorcumaku.pl\/produkt\/warsztaty-stroik-swiateczny\/\",\"url\":\"https:\/\/wkorcumaku.pl\/produkt\/warsztaty-stroik-swiateczny\/\",\"name\":\"Stroik \u015bwi\u0105teczny \u2013 kreatywne warsztaty florystyczne\",\"isPartOf\":{\"@id\":\"https:\/\/wkorcumaku.pl\/#website\"},\"primaryImageOfPage\":{\"@id\":\"https:\/\/wkorcumaku.pl\/produkt\/warsztaty-stroik-swiateczny\/#primaryimage\"},\"image\":{\"@id\":\"https:\/\/wkorcumaku.pl\/produkt\/warsztaty-stroik-swiateczny\/#primaryimage\"},\"thumbnailUrl\":\"https:\/\/wkorcumaku.pl\/wp-content\/uploads\/2023\/09\/stroik-swiateczny.webp\",\"datePublished\":\"2024-05-17T23:00:40+00:00\",\"dateModified\":\"2025-10-13T21:35:09+00:00\",\"description\":\"Stw\u00f3rz naturalny stroik \u015bwi\u0105teczny z igliwia i suszonych ozd\u00f3b. Kameralne warsztaty w ciep\u0142ej atmosferze pe\u0142nej zapachu \u015awi\u0105t.\",\"breadcrumb\":{\"@id\":\"https:\/\/wkorcumaku.pl\/produkt\/warsztaty-stroik-swiateczny\/#breadcrumb\"},\"inLanguage\":\"uk\",\"potentialAction\":[{\"@type\":\"ReadAction\",\"target\":[\"https:\/\/wkorcumaku.pl\/produkt\/warsztaty-stroik-swiateczny\/\"]}]},{\"@type\":\"ImageObject\",\"inLanguage\":\"uk\",\"@id\":\"https:\/\/wkorcumaku.pl\/produkt\/warsztaty-stroik-swiateczny\/#primaryimage\",\"url\":\"https:\/\/wkorcumaku.pl\/wp-content\/uploads\/2023\/09\/stroik-swiateczny.webp\",\"contentUrl\":\"https:\/\/wkorcumaku.pl\/wp-content\/uploads\/2023\/09\/stroik-swiateczny.webp\",\"width\":1050,\"height\":1400,\"caption\":\"Tworzenie stroika \u015bwi\u0105tecznego z naturalnych materia\u0142\u00f3w \u2013 \u015bwierku, szyszek i wst\u0105\u017cek.\"},{\"@type\":\"BreadcrumbList\",\"@id\":\"https:\/\/wkorcumaku.pl\/produkt\/warsztaty-stroik-swiateczny\/#breadcrumb\",\"itemListElement\":[{\"@type\":\"ListItem\",\"position\":1,\"name\":\"Home\",\"item\":\"https:\/\/wkorcumaku.pl\/\"},{\"@type\":\"ListItem\",\"position\":2,\"name\":\"Sklep\",\"item\":\"https:\/\/wkorcumaku.pl\/sklep\/\"},{\"@type\":\"ListItem\",\"position\":3,\"name\":\"Stroik \u015bwi\u0105teczny\"}]},{\"@type\":\"WebSite\",\"@id\":\"https:\/\/wkorcumaku.pl\/#website\",\"url\":\"https:\/\/wkorcumaku.pl\/\",\"name\":\"Kwiaciarnia W Korcu Maku Katowice\",\"description\":\"Tu sieje si\u0119 magia!\",\"publisher\":{\"@id\":\"https:\/\/wkorcumaku.pl\/#organization\"},\"potentialAction\":[{\"@type\":\"SearchAction\",\"target\":{\"@type\":\"EntryPoint\",\"urlTemplate\":\"https:\/\/wkorcumaku.pl\/?s={search_term_string}\"},\"query-input\":{\"@type\":\"PropertyValueSpecification\",\"valueRequired\":true,\"valueName\":\"search_term_string\"}}],\"inLanguage\":\"uk\"},{\"@type\":\"Organization\",\"@id\":\"https:\/\/wkorcumaku.pl\/#organization\",\"name\":\"Kwiaciarnia W Korcu Maku Katowice\",\"alternateName\":\"Kwiaciarnia Katowice\",\"url\":\"https:\/\/wkorcumaku.pl\/\",\"logo\":{\"@type\":\"ImageObject\",\"inLanguage\":\"uk\",\"@id\":\"https:\/\/wkorcumaku.pl\/#\/schema\/logo\/image\/\",\"url\":\"https:\/\/wkorcumaku.pl\/wp-content\/uploads\/2021\/12\/Przezroczyste-tlo_Logo_glowne-zielone.png\",\"contentUrl\":\"https:\/\/wkorcumaku.pl\/wp-content\/uploads\/2021\/12\/Przezroczyste-tlo_Logo_glowne-zielone.png\",\"width\":1016,\"height\":1123,\"caption\":\"Kwiaciarnia W Korcu Maku Katowice\"},\"image\":{\"@id\":\"https:\/\/wkorcumaku.pl\/#\/schema\/logo\/image\/\"},\"sameAs\":[\"https:\/\/www.facebook.com\/people\/W-KORCU-MAKU-kwiaciarnia\/100064764343595\/\",\"https:\/\/www.instagram.com\/wkorcumaku\/\"]}]}<\/script>\n<!-- \/ Yoast SEO plugin. -->","yoast_head_json":{"title":"\u041d\u043e\u0432\u043e\u0440\u0456\u0447\u043d\u0456 \u043f\u0440\u0438\u043a\u0440\u0430\u0441\u0438 - \u0442\u0432\u043e\u0440\u0447\u0430 \u043c\u0430\u0439\u0441\u0442\u0435\u0440\u043d\u044f \u0444\u043b\u043e\u0440\u0438\u0441\u0442\u0456\u0432","description":"\u0421\u0442\u0432\u043e\u0440\u0456\u0442\u044c \u043d\u0430\u0442\u0443\u0440\u0430\u043b\u044c\u043d\u0438\u0439 \u0440\u0456\u0437\u0434\u0432\u044f\u043d\u0438\u0439 \u043e\u0447\u0435\u0440\u0435\u0442 \u0437 \u0445\u0432\u043e\u0439\u043d\u0438\u0445 \u0434\u0435\u0440\u0435\u0432 \u0442\u0430 \u0437\u0430\u0441\u0443\u0448\u0435\u043d\u0438\u0445 \u043f\u0440\u0438\u043a\u0440\u0430\u0441. \u0406\u043d\u0442\u0438\u043c\u043d\u0438\u0439 \u043c\u0430\u0439\u0441\u0442\u0435\u0440-\u043a\u043b\u0430\u0441 \u0443 \u0442\u0435\u043f\u043b\u0456\u0439 \u0430\u0442\u043c\u043e\u0441\u0444\u0435\u0440\u0456, \u0441\u043f\u043e\u0432\u043d\u0435\u043d\u0456\u0439 \u0430\u0440\u043e\u043c\u0430\u0442\u043e\u043c \u0420\u0456\u0437\u0434\u0432\u0430.","robots":{"index":"index","follow":"follow","max-snippet":"max-snippet:-1","max-image-preview":"max-image-preview:large","max-video-preview":"max-video-preview:-1"},"canonical":"https:\/\/wkorcumaku.pl\/uk\/\u043f\u0440\u043e\u0434\u0443\u043a\u0442\/\u043c\u0430\u0439\u0441\u0442\u0435\u0440-\u043a\u043b\u0430\u0441-\u0440\u0456\u0437\u0434\u0432\u044f\u043d\u0456-\u043f\u0440\u0438\u043a\u0440\u0430\u0441\u0438\/","og_locale":"uk_UA","og_type":"article","og_title":"Stroik \u015bwi\u0105teczny \u2013 kreatywne warsztaty florystyczne","og_description":"Stw\u00f3rz naturalny stroik \u015bwi\u0105teczny z igliwia i suszonych ozd\u00f3b. Kameralne warsztaty w ciep\u0142ej atmosferze pe\u0142nej zapachu \u015awi\u0105t.","og_url":"https:\/\/wkorcumaku.pl\/uk\/\u043f\u0440\u043e\u0434\u0443\u043a\u0442\/\u043c\u0430\u0439\u0441\u0442\u0435\u0440-\u043a\u043b\u0430\u0441-\u0440\u0456\u0437\u0434\u0432\u044f\u043d\u0456-\u043f\u0440\u0438\u043a\u0440\u0430\u0441\u0438\/","og_site_name":"Kwiaciarnia W Korcu Maku Katowice","article_publisher":"https:\/\/www.facebook.com\/people\/W-KORCU-MAKU-kwiaciarnia\/100064764343595\/","article_modified_time":"2025-10-13T21:35:09+00:00","og_image":[{"width":1050,"height":1400,"url":"https:\/\/wkorcumaku.pl\/wp-content\/uploads\/2023\/09\/stroik-swiateczny.webp","type":"image\/webp"}],"twitter_card":"summary_large_image","twitter_misc":{"\u041f\u0440\u0438\u0431\u043b. \u0447\u0430\u0441 \u0447\u0438\u0442\u0430\u043d\u043d\u044f":"1 \u0445\u0432\u0438\u043b\u0438\u043d\u0430"},"schema":{"@context":"https:\/\/schema.org","@graph":[{"@type":["WebPage","ItemPage"],"@id":"https:\/\/wkorcumaku.pl\/produkt\/warsztaty-stroik-swiateczny\/","url":"https:\/\/wkorcumaku.pl\/produkt\/warsztaty-stroik-swiateczny\/","name":"\u041d\u043e\u0432\u043e\u0440\u0456\u0447\u043d\u0456 \u043f\u0440\u0438\u043a\u0440\u0430\u0441\u0438 - \u0442\u0432\u043e\u0440\u0447\u0430 \u043c\u0430\u0439\u0441\u0442\u0435\u0440\u043d\u044f \u0444\u043b\u043e\u0440\u0438\u0441\u0442\u0456\u0432","isPartOf":{"@id":"https:\/\/wkorcumaku.pl\/#website"},"primaryImageOfPage":{"@id":"https:\/\/wkorcumaku.pl\/produkt\/warsztaty-stroik-swiateczny\/#primaryimage"},"image":{"@id":"https:\/\/wkorcumaku.pl\/produkt\/warsztaty-stroik-swiateczny\/#primaryimage"},"thumbnailUrl":"https:\/\/wkorcumaku.pl\/wp-content\/uploads\/2023\/09\/stroik-swiateczny.webp","datePublished":"2024-05-17T23:00:40+00:00","dateModified":"2025-10-13T21:35:09+00:00","description":"\u0421\u0442\u0432\u043e\u0440\u0456\u0442\u044c \u043d\u0430\u0442\u0443\u0440\u0430\u043b\u044c\u043d\u0438\u0439 \u0440\u0456\u0437\u0434\u0432\u044f\u043d\u0438\u0439 \u043e\u0447\u0435\u0440\u0435\u0442 \u0437 \u0445\u0432\u043e\u0439\u043d\u0438\u0445 \u0434\u0435\u0440\u0435\u0432 \u0442\u0430 \u0437\u0430\u0441\u0443\u0448\u0435\u043d\u0438\u0445 \u043f\u0440\u0438\u043a\u0440\u0430\u0441. \u0406\u043d\u0442\u0438\u043c\u043d\u0438\u0439 \u043c\u0430\u0439\u0441\u0442\u0435\u0440-\u043a\u043b\u0430\u0441 \u0443 \u0442\u0435\u043f\u043b\u0456\u0439 \u0430\u0442\u043c\u043e\u0441\u0444\u0435\u0440\u0456, \u0441\u043f\u043e\u0432\u043d\u0435\u043d\u0456\u0439 \u0430\u0440\u043e\u043c\u0430\u0442\u043e\u043c \u0420\u0456\u0437\u0434\u0432\u0430.","breadcrumb":{"@id":"https:\/\/wkorcumaku.pl\/produkt\/warsztaty-stroik-swiateczny\/#breadcrumb"},"inLanguage":"uk","potentialAction":[{"@type":"ReadAction","target":["https:\/\/wkorcumaku.pl\/produkt\/warsztaty-stroik-swiateczny\/"]}]},{"@type":"ImageObject","inLanguage":"uk","@id":"https:\/\/wkorcumaku.pl\/produkt\/warsztaty-stroik-swiateczny\/#primaryimage","url":"https:\/\/wkorcumaku.pl\/wp-content\/uploads\/2023\/09\/stroik-swiateczny.webp","contentUrl":"https:\/\/wkorcumaku.pl\/wp-content\/uploads\/2023\/09\/stroik-swiateczny.webp","width":1050,"height":1400,"caption":"Tworzenie stroika \u015bwi\u0105tecznego z naturalnych materia\u0142\u00f3w \u2013 \u015bwierku, szyszek i wst\u0105\u017cek."},{"@type":"BreadcrumbList","@id":"https:\/\/wkorcumaku.pl\/produkt\/warsztaty-stroik-swiateczny\/#breadcrumb","itemListElement":[{"@type":"ListItem","position":1,"name":"Home","item":"https:\/\/wkorcumaku.pl\/"},{"@type":"ListItem","position":2,"name":"Sklep","item":"https:\/\/wkorcumaku.pl\/sklep\/"},{"@type":"ListItem","position":3,"name":"Stroik \u015bwi\u0105teczny"}]},{"@type":"WebSite","@id":"https:\/\/wkorcumaku.pl\/#website","url":"https:\/\/wkorcumaku.pl\/","name":"\u0424\u043b\u043e\u0440\u0438\u0441\u0442 W Korcu Maku \u041a\u0430\u0442\u043e\u0432\u0456\u0446\u0435","description":"\u0426\u0435 \u043c\u0456\u0441\u0446\u0435, \u0434\u0435 \u0441\u0456\u0454\u0442\u044c\u0441\u044f \u043c\u0430\u0433\u0456\u044f!","publisher":{"@id":"https:\/\/wkorcumaku.pl\/#organization"},"potentialAction":[{"@type":"SearchAction","target":{"@type":"EntryPoint","urlTemplate":"https:\/\/wkorcumaku.pl\/?s={search_term_string}"},"query-input":{"@type":"PropertyValueSpecification","valueRequired":true,"valueName":"search_term_string"}}],"inLanguage":"uk"},{"@type":"Organization","@id":"https:\/\/wkorcumaku.pl\/#organization","name":"\u0424\u043b\u043e\u0440\u0438\u0441\u0442 W Korcu Maku \u041a\u0430\u0442\u043e\u0432\u0456\u0446\u0435","alternateName":"Kwiaciarnia Katowice","url":"https:\/\/wkorcumaku.pl\/","logo":{"@type":"ImageObject","inLanguage":"uk","@id":"https:\/\/wkorcumaku.pl\/#\/schema\/logo\/image\/","url":"https:\/\/wkorcumaku.pl\/wp-content\/uploads\/2021\/12\/Przezroczyste-tlo_Logo_glowne-zielone.png","contentUrl":"https:\/\/wkorcumaku.pl\/wp-content\/uploads\/2021\/12\/Przezroczyste-tlo_Logo_glowne-zielone.png","width":1016,"height":1123,"caption":"Kwiaciarnia W Korcu Maku Katowice"},"image":{"@id":"https:\/\/wkorcumaku.pl\/#\/schema\/logo\/image\/"},"sameAs":["https:\/\/www.facebook.com\/people\/W-KORCU-MAKU-kwiaciarnia\/100064764343595\/","https:\/\/www.instagram.com\/wkorcumaku\/"]}]}},"wcpa_form_fields":{"wcpaData":{"product":{"product_price":249,"price_html":"od &nbsp; <span class=\"woocommerce-Price-amount amount\"><bdi>249,00&nbsp;<span class=\"woocommerce-Price-currencySymbol\">&#122;&#322;<\/span><\/bdi><\/span>","original_product_price":249,"price_including_tax":249,"price_excluding_tax":249,"product_id":{"parent":992941,"variation":false},"is_variable":true,"stock_status":"outofstock","stock_quantity":0,"parent_sku":"warsztaty-stroik-swiateczny","product_attributes":{"pa_typ-warsztatow":{"is_variation":true,"values":[]}},"custom_fields":{"wcpa_pcf_advance_payment":"false"},"is_taxable":false},"fields":{"sec_36515d0e50e0ac":{"extra":{"key":"sec_36515d0e50e0ac","section_id":"sec_36515d0e50e0ac","name":"Default","status":1,"cl_rule":"show","enableCl":false,"relations":[],"toggle":true,"title_tag":"h3","show_title":false,"showPrice":"default","form_id":992913,"form_rules":{"exclude_from_discount":false,"fee_label":"Fee","disp_hide_options_price":false,"disp_show_section_price":false,"disp_show_field_price":true,"layout_option":"standard","pric_use_as_fee":false,"process_fee_as":"woo_fee"},"layout_option":"standard"},"fields":[[{"type":"text","elementId":"text_06515d0e50e117","label":"W przypadku ch\u0119ci zakupu jako prezentu Vouchera, prosz\u0119 o informacj\u0119 w poni\u017cszym polu. Wpisz adres email osoby obdarowanej - w formie elektronicznej lub adres dostawy drog\u0105 pocztow\u0105.","placeholder":"","pricingType":"fixed","name":"text-1676935356336","subtype":"text","cl_rule":"show","col":6,"relations":false,"active":true,"tooltip":"","error":false,"gt_translate_keys":["label","placeholder","tooltip"],"price_dependency":false,"cl_dependency":false,"value":""}]]}},"config":{"price_override":"","enable_recaptcha":false,"bind_quantity":false,"quantity_bind_formula":"","disp_summ_show_option_price":true,"disp_summ_show_product_price":true,"disp_summ_show_total_price":true,"disp_summ_show_fee":false,"disp_summ_show_discount":false,"summary_title":"","options_total_label":"Dodatkowi uczestnicy","total_label":"Podsumowanie","options_product_label":"Cena","fee_label":"Fee","discount_label":"Discount","has_price":true,"has_quantity_formula":false},"mc_unit":1,"tax_rate":1,"tax_rate_real":1,"discount":{"percentage":0,"fixed":0},"design":{"conf":{"LabelPosition":"above","DescPosition":"above","UploadField":"custom_1","QuantityFieldStyle":"default"},"css":{"LeftLabelWidth":"120px"}},"formulas":[],"clones":false,"cartKey":false}},"_links":{"self":[{"href":"https:\/\/wkorcumaku.pl\/uk\/wp-json\/wp\/v2\/product\/992941","targetHints":{"allow":["GET"]}}],"collection":[{"href":"https:\/\/wkorcumaku.pl\/uk\/wp-json\/wp\/v2\/product"}],"about":[{"href":"https:\/\/wkorcumaku.pl\/uk\/wp-json\/wp\/v2\/types\/product"}],"version-history":[{"count":11,"href":"https:\/\/wkorcumaku.pl\/uk\/wp-json\/wp\/v2\/product\/992941\/revisions"}],"predecessor-version":[{"id":997575,"href":"https:\/\/wkorcumaku.pl\/uk\/wp-json\/wp\/v2\/product\/992941\/revisions\/997575"}],"wp:featuredmedia":[{"embeddable":true,"href":"https:\/\/wkorcumaku.pl\/uk\/wp-json\/wp\/v2\/media\/993178"}],"wp:attachment":[{"href":"https:\/\/wkorcumaku.pl\/uk\/wp-json\/wp\/v2\/media?parent=992941"}],"wp:term":[{"taxonomy":"product_brand","embeddable":true,"href":"https:\/\/wkorcumaku.pl\/uk\/wp-json\/wp\/v2\/product_brand?post=992941"},{"taxonomy":"product_cat","embeddable":true,"href":"https:\/\/wkorcumaku.pl\/uk\/wp-json\/wp\/v2\/product_cat?post=992941"},{"taxonomy":"product_tag","embeddable":true,"href":"https:\/\/wkorcumaku.pl\/uk\/wp-json\/wp\/v2\/product_tag?post=992941"},{"taxonomy":"giftcard-category","embeddable":true,"href":"https:\/\/wkorcumaku.pl\/uk\/wp-json\/wp\/v2\/giftcard-category?post=992941"}],"curies":[{"name":"wp","href":"https:\/\/api.w.org\/{rel}","templated":true}]}}