{"id":994111,"date":"2024-04-16T21:57:52","date_gmt":"2024-04-16T21:57:52","guid":{"rendered":"https:\/\/wkorcumaku.pl\/?post_type=product&#038;p=994111"},"modified":"2025-05-14T16:17:39","modified_gmt":"2025-05-14T16:17:39","slug":"%d0%b1%d1%83%d0%ba%d0%b5%d1%82-%d0%bc%d1%96%d0%bd%d1%96-%d0%b1%d0%be%d1%85%d0%be","status":"publish","type":"product","link":"https:\/\/wkorcumaku.pl\/uk\/%d0%bf%d1%80%d0%be%d0%b4%d1%83%d0%ba%d1%82\/%d0%b1%d1%83%d0%ba%d0%b5%d1%82-%d0%bc%d1%96%d0%bd%d1%96-%d0%b1%d0%be%d1%85%d0%be\/","title":{"rendered":"\u041c\u0456\u043d\u0456-\u0431\u0443\u043a\u0435\u0442 BOHO"},"content":{"rendered":"","protected":false},"excerpt":{"rendered":"<p>\u0425\u0430\u0440\u0430\u043a\u0442\u0435\u0440\u0438\u0437\u0443\u0454\u0442\u044c\u0441\u044f \u043d\u0435\u0432\u0438\u043c\u0443\u0448\u0435\u043d\u0456\u0441\u0442\u044e \u0456 \u043b\u0435\u0433\u043a\u0456\u0441\u0442\u044e, \u0446\u0435 \u043c\u0456\u043d\u0456-\u0432\u0430\u0440\u0456\u0430\u0446\u0456\u044f \u043d\u0430 \u0442\u0435\u043c\u0443 \u043c\u0430\u043b\u0435\u043d\u044c\u043a\u043e\u0433\u043e \u0431\u0443\u043a\u0435\u0442\u0430 \u0437 \u0434\u0438\u043a\u0438\u043c \u0432\u0456\u0434\u0442\u0456\u043d\u043a\u043e\u043c.<br \/>\n<br \/>\u041e\u0431\u043e\u0432'\u044f\u0437\u043a\u043e\u0432\u0438\u0439 \u043d\u0430\u0432\u0435\u0441\u043d\u0456 \u0437 \u0432\u0456\u0434\u0442\u0456\u043d\u043a\u043e\u043c \u0440\u043e\u0436\u0435\u0432\u043e\u0457 \u043f\u0456\u0432\u043e\u043d\u0456\u0457.<\/p>","protected":false},"featured_media":994112,"template":"","meta":[],"product_brand":[],"product_cat":[351,364],"product_tag":[],"giftcard-category":[],"class_list":{"0":"post-994111","1":"product","2":"type-product","3":"status-publish","4":"has-post-thumbnail","6":"product_cat-bukiet-slubny","7":"product_cat-slubne","9":"first","10":"onbackorder","11":"shipping-taxable","12":"purchasable","13":"product-type-simple"},"yoast_head":"<!-- This site is optimized with the Yoast SEO plugin v27.1.1 - https:\/\/yoast.com\/product\/yoast-seo-wordpress\/ -->\n<title>Bukiet mini BOHO - Kwiaciarnia W Korcu Maku Katowice<\/title>\n<meta name=\"description\" content=\"To charakteryzuj\u0105ca si\u0119 swobod\u0105 i lekko\u015bci\u0105 mini wariacja na temat ma\u0142ego bukietu o dzikim akcentem. Obowi\u0105zkowo z akcentem r\u00f3\u017cowej peonii.\" \/>\n<meta name=\"robots\" content=\"index, follow, max-snippet:-1, max-image-preview:large, max-video-preview:-1\" \/>\n<link rel=\"canonical\" href=\"https:\/\/wkorcumaku.pl\/uk\/\u043f\u0440\u043e\u0434\u0443\u043a\u0442\/\u0431\u0443\u043a\u0435\u0442-\u043c\u0456\u043d\u0456-\u0431\u043e\u0445\u043e\/\" \/>\n<meta property=\"og:locale\" content=\"uk_UA\" \/>\n<meta property=\"og:type\" content=\"article\" \/>\n<meta property=\"og:title\" content=\"Bukiet mini BOHO - Kwiaciarnia W Korcu Maku Katowice\" \/>\n<meta property=\"og:description\" content=\"To charakteryzuj\u0105ca si\u0119 swobod\u0105 i lekko\u015bci\u0105 mini wariacja na temat ma\u0142ego bukietu o dzikim akcentem. Obowi\u0105zkowo z akcentem r\u00f3\u017cowej peonii.\" \/>\n<meta property=\"og:url\" content=\"https:\/\/wkorcumaku.pl\/uk\/\u043f\u0440\u043e\u0434\u0443\u043a\u0442\/\u0431\u0443\u043a\u0435\u0442-\u043c\u0456\u043d\u0456-\u0431\u043e\u0445\u043e\/\" \/>\n<meta property=\"og:site_name\" content=\"Kwiaciarnia W Korcu Maku Katowice\" \/>\n<meta property=\"article:publisher\" content=\"https:\/\/www.facebook.com\/people\/W-KORCU-MAKU-kwiaciarnia\/100064764343595\/\" \/>\n<meta property=\"article:modified_time\" content=\"2025-05-14T16:17:39+00:00\" \/>\n<meta property=\"og:image\" content=\"https:\/\/wkorcumaku.pl\/wp-content\/uploads\/2024\/04\/bukiet-mini-boho-1.webp\" \/>\n\t<meta property=\"og:image:width\" content=\"1058\" \/>\n\t<meta property=\"og:image:height\" content=\"1411\" \/>\n\t<meta property=\"og:image:type\" content=\"image\/webp\" \/>\n<meta name=\"twitter:card\" content=\"summary_large_image\" \/>\n<meta name=\"twitter:label1\" content=\"\u041f\u0440\u0438\u0431\u043b. \u0447\u0430\u0441 \u0447\u0438\u0442\u0430\u043d\u043d\u044f\" \/>\n\t<meta name=\"twitter:data1\" content=\"1 \u0445\u0432\u0438\u043b\u0438\u043d\u0430\" \/>\n<script type=\"application\/ld+json\" class=\"yoast-schema-graph\">{\"@context\":\"https:\/\/schema.org\",\"@graph\":[{\"@type\":[\"WebPage\",\"ItemPage\"],\"@id\":\"https:\/\/wkorcumaku.pl\/produkt\/bukiet-mini-boho\/\",\"url\":\"https:\/\/wkorcumaku.pl\/produkt\/bukiet-mini-boho\/\",\"name\":\"Bukiet mini BOHO - Kwiaciarnia W Korcu Maku Katowice\",\"isPartOf\":{\"@id\":\"https:\/\/wkorcumaku.pl\/#website\"},\"primaryImageOfPage\":{\"@id\":\"https:\/\/wkorcumaku.pl\/produkt\/bukiet-mini-boho\/#primaryimage\"},\"image\":{\"@id\":\"https:\/\/wkorcumaku.pl\/produkt\/bukiet-mini-boho\/#primaryimage\"},\"thumbnailUrl\":\"https:\/\/wkorcumaku.pl\/wp-content\/uploads\/2024\/04\/bukiet-mini-boho-1.webp\",\"datePublished\":\"2024-04-16T21:57:52+00:00\",\"dateModified\":\"2025-05-14T16:17:39+00:00\",\"description\":\"To charakteryzuj\u0105ca si\u0119 swobod\u0105 i lekko\u015bci\u0105 mini wariacja na temat ma\u0142ego bukietu o dzikim akcentem. Obowi\u0105zkowo z akcentem r\u00f3\u017cowej peonii.\",\"breadcrumb\":{\"@id\":\"https:\/\/wkorcumaku.pl\/produkt\/bukiet-mini-boho\/#breadcrumb\"},\"inLanguage\":\"uk\",\"potentialAction\":[{\"@type\":\"ReadAction\",\"target\":[\"https:\/\/wkorcumaku.pl\/produkt\/bukiet-mini-boho\/\"]}]},{\"@type\":\"ImageObject\",\"inLanguage\":\"uk\",\"@id\":\"https:\/\/wkorcumaku.pl\/produkt\/bukiet-mini-boho\/#primaryimage\",\"url\":\"https:\/\/wkorcumaku.pl\/wp-content\/uploads\/2024\/04\/bukiet-mini-boho-1.webp\",\"contentUrl\":\"https:\/\/wkorcumaku.pl\/wp-content\/uploads\/2024\/04\/bukiet-mini-boho-1.webp\",\"width\":1058,\"height\":1411,\"caption\":\"Bukiet mini BOHO\"},{\"@type\":\"BreadcrumbList\",\"@id\":\"https:\/\/wkorcumaku.pl\/produkt\/bukiet-mini-boho\/#breadcrumb\",\"itemListElement\":[{\"@type\":\"ListItem\",\"position\":1,\"name\":\"Home\",\"item\":\"https:\/\/wkorcumaku.pl\/\"},{\"@type\":\"ListItem\",\"position\":2,\"name\":\"Sklep\",\"item\":\"https:\/\/wkorcumaku.pl\/sklep\/\"},{\"@type\":\"ListItem\",\"position\":3,\"name\":\"Bukiet mini BOHO\"}]},{\"@type\":\"WebSite\",\"@id\":\"https:\/\/wkorcumaku.pl\/#website\",\"url\":\"https:\/\/wkorcumaku.pl\/\",\"name\":\"Kwiaciarnia W Korcu Maku Katowice\",\"description\":\"Tu sieje si\u0119 magia!\",\"publisher\":{\"@id\":\"https:\/\/wkorcumaku.pl\/#organization\"},\"potentialAction\":[{\"@type\":\"SearchAction\",\"target\":{\"@type\":\"EntryPoint\",\"urlTemplate\":\"https:\/\/wkorcumaku.pl\/?s={search_term_string}\"},\"query-input\":{\"@type\":\"PropertyValueSpecification\",\"valueRequired\":true,\"valueName\":\"search_term_string\"}}],\"inLanguage\":\"uk\"},{\"@type\":\"Organization\",\"@id\":\"https:\/\/wkorcumaku.pl\/#organization\",\"name\":\"Kwiaciarnia W Korcu Maku Katowice\",\"alternateName\":\"Kwiaciarnia Katowice\",\"url\":\"https:\/\/wkorcumaku.pl\/\",\"logo\":{\"@type\":\"ImageObject\",\"inLanguage\":\"uk\",\"@id\":\"https:\/\/wkorcumaku.pl\/#\/schema\/logo\/image\/\",\"url\":\"https:\/\/wkorcumaku.pl\/wp-content\/uploads\/2021\/12\/Przezroczyste-tlo_Logo_glowne-zielone.png\",\"contentUrl\":\"https:\/\/wkorcumaku.pl\/wp-content\/uploads\/2021\/12\/Przezroczyste-tlo_Logo_glowne-zielone.png\",\"width\":1016,\"height\":1123,\"caption\":\"Kwiaciarnia W Korcu Maku Katowice\"},\"image\":{\"@id\":\"https:\/\/wkorcumaku.pl\/#\/schema\/logo\/image\/\"},\"sameAs\":[\"https:\/\/www.facebook.com\/people\/W-KORCU-MAKU-kwiaciarnia\/100064764343595\/\",\"https:\/\/www.instagram.com\/wkorcumaku\/\"]}]}<\/script>\n<!-- \/ Yoast SEO plugin. -->","yoast_head_json":{"title":"\u041c\u0456\u043d\u0456-\u0431\u0443\u043a\u0435\u0442 BOHO - \u0424\u043b\u043e\u0440\u0438\u0441\u0442 W Korcu Maku \u041a\u0430\u0442\u043e\u0432\u0456\u0446\u0435","description":"\u0425\u0430\u0440\u0430\u043a\u0442\u0435\u0440\u0438\u0437\u0443\u0454\u0442\u044c\u0441\u044f \u043d\u0435\u0432\u0438\u043c\u0443\u0448\u0435\u043d\u0456\u0441\u0442\u044e \u0456 \u043b\u0435\u0433\u043a\u0456\u0441\u0442\u044e, \u0446\u0435 \u043c\u0456\u043d\u0456-\u0432\u0430\u0440\u0456\u0430\u0446\u0456\u044f \u043d\u0430 \u0442\u0435\u043c\u0443 \u043c\u0430\u043b\u0435\u043d\u044c\u043a\u043e\u0433\u043e \u0431\u0443\u043a\u0435\u0442\u0430 \u0437 \u0434\u0438\u043a\u0438\u043c \u0432\u0456\u0434\u0442\u0456\u043d\u043a\u043e\u043c. \u041e\u0431\u043e\u0432'\u044f\u0437\u043a\u043e\u0432\u043e \u0437 \u0430\u043a\u0446\u0435\u043d\u0442\u043e\u043c \u0440\u043e\u0436\u0435\u0432\u043e\u0457 \u043f\u0456\u0432\u043e\u043d\u0456\u0457.","robots":{"index":"index","follow":"follow","max-snippet":"max-snippet:-1","max-image-preview":"max-image-preview:large","max-video-preview":"max-video-preview:-1"},"canonical":"https:\/\/wkorcumaku.pl\/uk\/\u043f\u0440\u043e\u0434\u0443\u043a\u0442\/\u0431\u0443\u043a\u0435\u0442-\u043c\u0456\u043d\u0456-\u0431\u043e\u0445\u043e\/","og_locale":"uk_UA","og_type":"article","og_title":"Bukiet mini BOHO - Kwiaciarnia W Korcu Maku Katowice","og_description":"To charakteryzuj\u0105ca si\u0119 swobod\u0105 i lekko\u015bci\u0105 mini wariacja na temat ma\u0142ego bukietu o dzikim akcentem. Obowi\u0105zkowo z akcentem r\u00f3\u017cowej peonii.","og_url":"https:\/\/wkorcumaku.pl\/uk\/\u043f\u0440\u043e\u0434\u0443\u043a\u0442\/\u0431\u0443\u043a\u0435\u0442-\u043c\u0456\u043d\u0456-\u0431\u043e\u0445\u043e\/","og_site_name":"Kwiaciarnia W Korcu Maku Katowice","article_publisher":"https:\/\/www.facebook.com\/people\/W-KORCU-MAKU-kwiaciarnia\/100064764343595\/","article_modified_time":"2025-05-14T16:17:39+00:00","og_image":[{"width":1058,"height":1411,"url":"https:\/\/wkorcumaku.pl\/wp-content\/uploads\/2024\/04\/bukiet-mini-boho-1.webp","type":"image\/webp"}],"twitter_card":"summary_large_image","twitter_misc":{"\u041f\u0440\u0438\u0431\u043b. \u0447\u0430\u0441 \u0447\u0438\u0442\u0430\u043d\u043d\u044f":"1 \u0445\u0432\u0438\u043b\u0438\u043d\u0430"},"schema":{"@context":"https:\/\/schema.org","@graph":[{"@type":["WebPage","ItemPage"],"@id":"https:\/\/wkorcumaku.pl\/produkt\/bukiet-mini-boho\/","url":"https:\/\/wkorcumaku.pl\/produkt\/bukiet-mini-boho\/","name":"\u041c\u0456\u043d\u0456-\u0431\u0443\u043a\u0435\u0442 BOHO - \u0424\u043b\u043e\u0440\u0438\u0441\u0442 W Korcu Maku \u041a\u0430\u0442\u043e\u0432\u0456\u0446\u0435","isPartOf":{"@id":"https:\/\/wkorcumaku.pl\/#website"},"primaryImageOfPage":{"@id":"https:\/\/wkorcumaku.pl\/produkt\/bukiet-mini-boho\/#primaryimage"},"image":{"@id":"https:\/\/wkorcumaku.pl\/produkt\/bukiet-mini-boho\/#primaryimage"},"thumbnailUrl":"https:\/\/wkorcumaku.pl\/wp-content\/uploads\/2024\/04\/bukiet-mini-boho-1.webp","datePublished":"2024-04-16T21:57:52+00:00","dateModified":"2025-05-14T16:17:39+00:00","description":"\u0425\u0430\u0440\u0430\u043a\u0442\u0435\u0440\u0438\u0437\u0443\u0454\u0442\u044c\u0441\u044f \u043d\u0435\u0432\u0438\u043c\u0443\u0448\u0435\u043d\u0456\u0441\u0442\u044e \u0456 \u043b\u0435\u0433\u043a\u0456\u0441\u0442\u044e, \u0446\u0435 \u043c\u0456\u043d\u0456-\u0432\u0430\u0440\u0456\u0430\u0446\u0456\u044f \u043d\u0430 \u0442\u0435\u043c\u0443 \u043c\u0430\u043b\u0435\u043d\u044c\u043a\u043e\u0433\u043e \u0431\u0443\u043a\u0435\u0442\u0430 \u0437 \u0434\u0438\u043a\u0438\u043c \u0432\u0456\u0434\u0442\u0456\u043d\u043a\u043e\u043c. \u041e\u0431\u043e\u0432'\u044f\u0437\u043a\u043e\u0432\u043e \u0437 \u0430\u043a\u0446\u0435\u043d\u0442\u043e\u043c \u0440\u043e\u0436\u0435\u0432\u043e\u0457 \u043f\u0456\u0432\u043e\u043d\u0456\u0457.","breadcrumb":{"@id":"https:\/\/wkorcumaku.pl\/produkt\/bukiet-mini-boho\/#breadcrumb"},"inLanguage":"uk","potentialAction":[{"@type":"ReadAction","target":["https:\/\/wkorcumaku.pl\/produkt\/bukiet-mini-boho\/"]}]},{"@type":"ImageObject","inLanguage":"uk","@id":"https:\/\/wkorcumaku.pl\/produkt\/bukiet-mini-boho\/#primaryimage","url":"https:\/\/wkorcumaku.pl\/wp-content\/uploads\/2024\/04\/bukiet-mini-boho-1.webp","contentUrl":"https:\/\/wkorcumaku.pl\/wp-content\/uploads\/2024\/04\/bukiet-mini-boho-1.webp","width":1058,"height":1411,"caption":"Bukiet mini BOHO"},{"@type":"BreadcrumbList","@id":"https:\/\/wkorcumaku.pl\/produkt\/bukiet-mini-boho\/#breadcrumb","itemListElement":[{"@type":"ListItem","position":1,"name":"Home","item":"https:\/\/wkorcumaku.pl\/"},{"@type":"ListItem","position":2,"name":"Sklep","item":"https:\/\/wkorcumaku.pl\/sklep\/"},{"@type":"ListItem","position":3,"name":"Bukiet mini BOHO"}]},{"@type":"WebSite","@id":"https:\/\/wkorcumaku.pl\/#website","url":"https:\/\/wkorcumaku.pl\/","name":"\u0424\u043b\u043e\u0440\u0438\u0441\u0442 W Korcu Maku \u041a\u0430\u0442\u043e\u0432\u0456\u0446\u0435","description":"\u0426\u0435 \u043c\u0456\u0441\u0446\u0435, \u0434\u0435 \u0441\u0456\u0454\u0442\u044c\u0441\u044f \u043c\u0430\u0433\u0456\u044f!","publisher":{"@id":"https:\/\/wkorcumaku.pl\/#organization"},"potentialAction":[{"@type":"SearchAction","target":{"@type":"EntryPoint","urlTemplate":"https:\/\/wkorcumaku.pl\/?s={search_term_string}"},"query-input":{"@type":"PropertyValueSpecification","valueRequired":true,"valueName":"search_term_string"}}],"inLanguage":"uk"},{"@type":"Organization","@id":"https:\/\/wkorcumaku.pl\/#organization","name":"\u0424\u043b\u043e\u0440\u0438\u0441\u0442 W Korcu Maku \u041a\u0430\u0442\u043e\u0432\u0456\u0446\u0435","alternateName":"Kwiaciarnia Katowice","url":"https:\/\/wkorcumaku.pl\/","logo":{"@type":"ImageObject","inLanguage":"uk","@id":"https:\/\/wkorcumaku.pl\/#\/schema\/logo\/image\/","url":"https:\/\/wkorcumaku.pl\/wp-content\/uploads\/2021\/12\/Przezroczyste-tlo_Logo_glowne-zielone.png","contentUrl":"https:\/\/wkorcumaku.pl\/wp-content\/uploads\/2021\/12\/Przezroczyste-tlo_Logo_glowne-zielone.png","width":1016,"height":1123,"caption":"Kwiaciarnia W Korcu Maku Katowice"},"image":{"@id":"https:\/\/wkorcumaku.pl\/#\/schema\/logo\/image\/"},"sameAs":["https:\/\/www.facebook.com\/people\/W-KORCU-MAKU-kwiaciarnia\/100064764343595\/","https:\/\/www.instagram.com\/wkorcumaku\/"]}]}},"wcpa_form_fields":null,"_links":{"self":[{"href":"https:\/\/wkorcumaku.pl\/uk\/wp-json\/wp\/v2\/product\/994111","targetHints":{"allow":["GET"]}}],"collection":[{"href":"https:\/\/wkorcumaku.pl\/uk\/wp-json\/wp\/v2\/product"}],"about":[{"href":"https:\/\/wkorcumaku.pl\/uk\/wp-json\/wp\/v2\/types\/product"}],"version-history":[{"count":1,"href":"https:\/\/wkorcumaku.pl\/uk\/wp-json\/wp\/v2\/product\/994111\/revisions"}],"predecessor-version":[{"id":995274,"href":"https:\/\/wkorcumaku.pl\/uk\/wp-json\/wp\/v2\/product\/994111\/revisions\/995274"}],"wp:featuredmedia":[{"embeddable":true,"href":"https:\/\/wkorcumaku.pl\/uk\/wp-json\/wp\/v2\/media\/994112"}],"wp:attachment":[{"href":"https:\/\/wkorcumaku.pl\/uk\/wp-json\/wp\/v2\/media?parent=994111"}],"wp:term":[{"taxonomy":"product_brand","embeddable":true,"href":"https:\/\/wkorcumaku.pl\/uk\/wp-json\/wp\/v2\/product_brand?post=994111"},{"taxonomy":"product_cat","embeddable":true,"href":"https:\/\/wkorcumaku.pl\/uk\/wp-json\/wp\/v2\/product_cat?post=994111"},{"taxonomy":"product_tag","embeddable":true,"href":"https:\/\/wkorcumaku.pl\/uk\/wp-json\/wp\/v2\/product_tag?post=994111"},{"taxonomy":"giftcard-category","embeddable":true,"href":"https:\/\/wkorcumaku.pl\/uk\/wp-json\/wp\/v2\/giftcard-category?post=994111"}],"curies":[{"name":"wp","href":"https:\/\/api.w.org\/{rel}","templated":true}]}}