{"id":994793,"date":"2024-07-31T17:03:20","date_gmt":"2024-07-31T17:03:20","guid":{"rendered":"https:\/\/wkorcumaku.pl\/?post_type=product&#038;p=994793"},"modified":"2024-08-01T07:33:16","modified_gmt":"2024-08-01T07:33:16","slug":"%d0%b2%d0%b5%d1%81%d1%96%d0%bb%d1%8c%d0%bd%d0%b8%d0%b9-%d0%b1%d1%83%d0%ba%d0%b5%d1%82-%d0%b2-%d1%81%d0%ba%d0%bb%d1%96-%d0%b0%d1%80%d0%b0%d0%bd%d0%b6%d1%83%d0%b2%d0%b0%d0%bd%d0%bd%d1%8f","status":"publish","type":"product","link":"https:\/\/wkorcumaku.pl\/uk\/%d0%bf%d1%80%d0%be%d0%b4%d1%83%d0%ba%d1%82\/%d0%b2%d0%b5%d1%81%d1%96%d0%bb%d1%8c%d0%bd%d0%b8%d0%b9-%d0%b1%d1%83%d0%ba%d0%b5%d1%82-%d0%b2-%d1%81%d0%ba%d0%bb%d1%96-%d0%b0%d1%80%d0%b0%d0%bd%d0%b6%d1%83%d0%b2%d0%b0%d0%bd%d0%bd%d1%8f\/","title":{"rendered":"\u0412\u0435\u0441\u0456\u043b\u044c\u043d\u0438\u0439 \u0431\u0443\u043a\u0435\u0442 \u0443 \u0441\u043a\u043b\u044f\u043d\u0456\u0439 \u043a\u043e\u043c\u043f\u043e\u0437\u0438\u0446\u0456\u0457"},"content":{"rendered":"","protected":false},"excerpt":{"rendered":"<p>\u0406\u0441\u043d\u0443\u0454 \u0441\u043f\u043e\u0441\u0456\u0431 \u0437\u0431\u0435\u0440\u0435\u0433\u0442\u0438 \u0439\u043e\u0433\u043e \u043d\u0430 \u0434\u043e\u0432\u0448\u0435 \u0456 \u0437\u0440\u043e\u0431\u0438\u0442\u0438 \u043d\u0430 \u043f\u0430\u043c'\u044f\u0442\u044c \u043d\u0430\u0434\u043e\u0432\u0433\u043e.<br \/>\n<br \/>\u041f\u0440\u043e\u043f\u043e\u043d\u0443\u044e \u0443\u043d\u0456\u043a\u0430\u043b\u044c\u043d\u0443 \u043a\u0432\u0456\u0442\u043a\u043e\u0432\u0443 \u043a\u043e\u043c\u043f\u043e\u0437\u0438\u0446\u0456\u044e \u0432\u0430\u0448\u043e\u0433\u043e \u0432\u0435\u0441\u0456\u043b\u044c\u043d\u043e\u0433\u043e \u0431\u0443\u043a\u0435\u0442\u0430.<br \/>\n<br \/>\u0425\u043e\u0447\u0435\u0442\u0435, \u0449\u043e\u0431 \u0432\u0430\u0448 \u0432\u0435\u0441\u0456\u043b\u044c\u043d\u0438\u0439 \u0431\u0443\u043a\u0435\u0442 \u0437\u0430\u043b\u0438\u0448\u0438\u0432\u0441\u044f \u0437 \u0432\u0430\u043c\u0438 \u043d\u0430\u0434\u043e\u0432\u0433\u043e?\n<\/p>\n<p><strong><\/p>\n<p>\u0414\u043b\u044f \u043e\u0442\u0440\u0438\u043c\u0430\u043d\u043d\u044f \u0434\u043e\u0434\u0430\u0442\u043a\u043e\u0432\u043e\u0457 \u0456\u043d\u0444\u043e\u0440\u043c\u0430\u0446\u0456\u0457, \u0434\u0438\u0432. \u0441\u0442\u0430\u0442\u0442\u044e: <em><a style=\"color:#26619C\" href=\"https:\/\/wkorcumaku.pl\/uk\/%d0%b4%d1%80%d1%83%d0%b3%d0%b5-%d0%b6%d0%b8%d1%82%d1%82%d1%8f-%d0%ba%d0%be%d0%bc%d0%bf%d0%be%d0%b7%d0%b8%d1%86%d1%96%d1%97-%d0%b2%d0%b5%d1%81%d1%96%d0%bb%d1%8c%d0%bd%d0%be%d0%b3%d0%be-%d0%b1%d1%83\/\">\u0414\u0440\u0443\u0433\u0435 \u0436\u0438\u0442\u0442\u044f \u0432\u0435\u0441\u0456\u043b\u044c\u043d\u043e\u0433\u043e \u0431\u0443\u043a\u0435\u0442\u0430 - \u0430\u0440\u0430\u043d\u0436\u0443\u0432\u0430\u043d\u043d\u044f \u0432 \u0441\u043a\u043b\u044f\u043d\u043e\u043c\u0443 \u043a\u0443\u043f\u043e\u043b\u0456<\/a><\/em><\/p>\n<p><\/strong>.<\/p>","protected":false},"featured_media":994770,"template":"","meta":[],"product_brand":[],"product_cat":[365,389,364],"product_tag":[],"giftcard-category":[],"class_list":{"0":"post-994793","1":"product","2":"type-product","3":"status-publish","4":"has-post-thumbnail","6":"product_cat-bukiet-slubny-z-suszu","7":"product_cat-slubne-kopulka","8":"product_cat-slubne","10":"first","11":"onbackorder","12":"shipping-taxable","13":"purchasable","14":"product-type-simple"},"yoast_head":"<!-- This site is optimized with the Yoast SEO plugin v27.1.1 - https:\/\/yoast.com\/product\/yoast-seo-wordpress\/ -->\n<title>Bukiet \u015blubny w szklanej aran\u017cacji - Kwiaciarnia W Korcu Maku Katowice<\/title>\n<meta name=\"description\" content=\"Bukiet \u015blubny z pewno\u015bci\u0105 zas\u0142uguj\u0119 na wyr\u00f3\u017cnienie. Istnieje spos\u00f3b, aby zachowa\u0107 go na d\u0142u\u017cej i uczyni\u0107 trwa\u0142\u0105 pami\u0105tk\u0105.\" \/>\n<meta name=\"robots\" content=\"index, follow, max-snippet:-1, max-image-preview:large, max-video-preview:-1\" \/>\n<link rel=\"canonical\" href=\"https:\/\/wkorcumaku.pl\/uk\/\u043f\u0440\u043e\u0434\u0443\u043a\u0442\/\u0432\u0435\u0441\u0456\u043b\u044c\u043d\u0438\u0439-\u0431\u0443\u043a\u0435\u0442-\u0432-\u0441\u043a\u043b\u0456-\u0430\u0440\u0430\u043d\u0436\u0443\u0432\u0430\u043d\u043d\u044f\/\" \/>\n<meta property=\"og:locale\" content=\"uk_UA\" \/>\n<meta property=\"og:type\" content=\"article\" \/>\n<meta property=\"og:title\" content=\"Bukiet \u015blubny w szklanej aran\u017cacji - Kwiaciarnia W Korcu Maku Katowice\" \/>\n<meta property=\"og:description\" content=\"Bukiet \u015blubny z pewno\u015bci\u0105 zas\u0142uguj\u0119 na wyr\u00f3\u017cnienie. Istnieje spos\u00f3b, aby zachowa\u0107 go na d\u0142u\u017cej i uczyni\u0107 trwa\u0142\u0105 pami\u0105tk\u0105.\" \/>\n<meta property=\"og:url\" content=\"https:\/\/wkorcumaku.pl\/uk\/\u043f\u0440\u043e\u0434\u0443\u043a\u0442\/\u0432\u0435\u0441\u0456\u043b\u044c\u043d\u0438\u0439-\u0431\u0443\u043a\u0435\u0442-\u0432-\u0441\u043a\u043b\u0456-\u0430\u0440\u0430\u043d\u0436\u0443\u0432\u0430\u043d\u043d\u044f\/\" \/>\n<meta property=\"og:site_name\" content=\"Kwiaciarnia W Korcu Maku Katowice\" \/>\n<meta property=\"article:publisher\" content=\"https:\/\/www.facebook.com\/people\/W-KORCU-MAKU-kwiaciarnia\/100064764343595\/\" \/>\n<meta property=\"article:modified_time\" content=\"2024-08-01T07:33:16+00:00\" \/>\n<meta property=\"og:image\" content=\"https:\/\/wkorcumaku.pl\/wp-content\/uploads\/2024\/07\/kopulka-bukiet-slubny_3.webp\" \/>\n\t<meta property=\"og:image:width\" content=\"1361\" \/>\n\t<meta property=\"og:image:height\" content=\"1814\" \/>\n\t<meta property=\"og:image:type\" content=\"image\/webp\" \/>\n<meta name=\"twitter:card\" content=\"summary_large_image\" \/>\n<meta name=\"twitter:label1\" content=\"\u041f\u0440\u0438\u0431\u043b. \u0447\u0430\u0441 \u0447\u0438\u0442\u0430\u043d\u043d\u044f\" \/>\n\t<meta name=\"twitter:data1\" content=\"1 \u0445\u0432\u0438\u043b\u0438\u043d\u0430\" \/>\n<script type=\"application\/ld+json\" class=\"yoast-schema-graph\">{\"@context\":\"https:\/\/schema.org\",\"@graph\":[{\"@type\":[\"WebPage\",\"ItemPage\"],\"@id\":\"https:\/\/wkorcumaku.pl\/produkt\/bukiet-slubny-w-szklanej-aranzacji\/\",\"url\":\"https:\/\/wkorcumaku.pl\/produkt\/bukiet-slubny-w-szklanej-aranzacji\/\",\"name\":\"Bukiet \u015blubny w szklanej aran\u017cacji - Kwiaciarnia W Korcu Maku Katowice\",\"isPartOf\":{\"@id\":\"https:\/\/wkorcumaku.pl\/#website\"},\"primaryImageOfPage\":{\"@id\":\"https:\/\/wkorcumaku.pl\/produkt\/bukiet-slubny-w-szklanej-aranzacji\/#primaryimage\"},\"image\":{\"@id\":\"https:\/\/wkorcumaku.pl\/produkt\/bukiet-slubny-w-szklanej-aranzacji\/#primaryimage\"},\"thumbnailUrl\":\"https:\/\/wkorcumaku.pl\/wp-content\/uploads\/2024\/07\/kopulka-bukiet-slubny_3.webp\",\"datePublished\":\"2024-07-31T17:03:20+00:00\",\"dateModified\":\"2024-08-01T07:33:16+00:00\",\"description\":\"Bukiet \u015blubny z pewno\u015bci\u0105 zas\u0142uguj\u0119 na wyr\u00f3\u017cnienie. Istnieje spos\u00f3b, aby zachowa\u0107 go na d\u0142u\u017cej i uczyni\u0107 trwa\u0142\u0105 pami\u0105tk\u0105.\",\"breadcrumb\":{\"@id\":\"https:\/\/wkorcumaku.pl\/produkt\/bukiet-slubny-w-szklanej-aranzacji\/#breadcrumb\"},\"inLanguage\":\"uk\",\"potentialAction\":[{\"@type\":\"ReadAction\",\"target\":[\"https:\/\/wkorcumaku.pl\/produkt\/bukiet-slubny-w-szklanej-aranzacji\/\"]}]},{\"@type\":\"ImageObject\",\"inLanguage\":\"uk\",\"@id\":\"https:\/\/wkorcumaku.pl\/produkt\/bukiet-slubny-w-szklanej-aranzacji\/#primaryimage\",\"url\":\"https:\/\/wkorcumaku.pl\/wp-content\/uploads\/2024\/07\/kopulka-bukiet-slubny_3.webp\",\"contentUrl\":\"https:\/\/wkorcumaku.pl\/wp-content\/uploads\/2024\/07\/kopulka-bukiet-slubny_3.webp\",\"width\":1361,\"height\":1814,\"caption\":\"Drugie \u017cycie bukietu \u015blubnego - aran\u017cacja w szklanej kopu\u0142ce\"},{\"@type\":\"BreadcrumbList\",\"@id\":\"https:\/\/wkorcumaku.pl\/produkt\/bukiet-slubny-w-szklanej-aranzacji\/#breadcrumb\",\"itemListElement\":[{\"@type\":\"ListItem\",\"position\":1,\"name\":\"Home\",\"item\":\"https:\/\/wkorcumaku.pl\/\"},{\"@type\":\"ListItem\",\"position\":2,\"name\":\"Sklep\",\"item\":\"https:\/\/wkorcumaku.pl\/sklep\/\"},{\"@type\":\"ListItem\",\"position\":3,\"name\":\"Bukiet \u015blubny w szklanej aran\u017cacji\"}]},{\"@type\":\"WebSite\",\"@id\":\"https:\/\/wkorcumaku.pl\/#website\",\"url\":\"https:\/\/wkorcumaku.pl\/\",\"name\":\"Kwiaciarnia W Korcu Maku Katowice\",\"description\":\"Tu sieje si\u0119 magia!\",\"publisher\":{\"@id\":\"https:\/\/wkorcumaku.pl\/#organization\"},\"potentialAction\":[{\"@type\":\"SearchAction\",\"target\":{\"@type\":\"EntryPoint\",\"urlTemplate\":\"https:\/\/wkorcumaku.pl\/?s={search_term_string}\"},\"query-input\":{\"@type\":\"PropertyValueSpecification\",\"valueRequired\":true,\"valueName\":\"search_term_string\"}}],\"inLanguage\":\"uk\"},{\"@type\":\"Organization\",\"@id\":\"https:\/\/wkorcumaku.pl\/#organization\",\"name\":\"Kwiaciarnia W Korcu Maku Katowice\",\"alternateName\":\"Kwiaciarnia Katowice\",\"url\":\"https:\/\/wkorcumaku.pl\/\",\"logo\":{\"@type\":\"ImageObject\",\"inLanguage\":\"uk\",\"@id\":\"https:\/\/wkorcumaku.pl\/#\/schema\/logo\/image\/\",\"url\":\"https:\/\/wkorcumaku.pl\/wp-content\/uploads\/2021\/12\/Przezroczyste-tlo_Logo_glowne-zielone.png\",\"contentUrl\":\"https:\/\/wkorcumaku.pl\/wp-content\/uploads\/2021\/12\/Przezroczyste-tlo_Logo_glowne-zielone.png\",\"width\":1016,\"height\":1123,\"caption\":\"Kwiaciarnia W Korcu Maku Katowice\"},\"image\":{\"@id\":\"https:\/\/wkorcumaku.pl\/#\/schema\/logo\/image\/\"},\"sameAs\":[\"https:\/\/www.facebook.com\/people\/W-KORCU-MAKU-kwiaciarnia\/100064764343595\/\",\"https:\/\/www.instagram.com\/wkorcumaku\/\"]}]}<\/script>\n<!-- \/ Yoast SEO plugin. -->","yoast_head_json":{"title":"\u0412\u0435\u0441\u0456\u043b\u044c\u043d\u0438\u0439 \u0431\u0443\u043a\u0435\u0442 \u0443 \u0441\u043a\u043b\u044f\u043d\u0456\u0439 \u043a\u043e\u043c\u043f\u043e\u0437\u0438\u0446\u0456\u0457 - \u0424\u043b\u043e\u0440\u0438\u0441\u0442 W Korcu Maku \u041a\u0430\u0442\u043e\u0432\u0456\u0446\u0435","description":"\u0411\u0443\u043a\u0435\u0442 \u043d\u0430\u0440\u0435\u0447\u0435\u043d\u043e\u0457, \u0431\u0435\u0437\u0443\u043c\u043e\u0432\u043d\u043e, \u0437\u0430\u0441\u043b\u0443\u0433\u043e\u0432\u0443\u0454 \u043d\u0430 \u0443\u0432\u0430\u0433\u0443. \u0406\u0441\u043d\u0443\u0454 \u0441\u043f\u043e\u0441\u0456\u0431 \u0437\u0431\u0435\u0440\u0435\u0433\u0442\u0438 \u0439\u043e\u0433\u043e \u0434\u043e\u0432\u0448\u0435 \u0456 \u0437\u0440\u043e\u0431\u0438\u0442\u0438 \u043d\u0430 \u043f\u0430\u043c'\u044f\u0442\u044c \u043d\u0430\u0434\u043e\u0432\u0433\u043e.","robots":{"index":"index","follow":"follow","max-snippet":"max-snippet:-1","max-image-preview":"max-image-preview:large","max-video-preview":"max-video-preview:-1"},"canonical":"https:\/\/wkorcumaku.pl\/uk\/\u043f\u0440\u043e\u0434\u0443\u043a\u0442\/\u0432\u0435\u0441\u0456\u043b\u044c\u043d\u0438\u0439-\u0431\u0443\u043a\u0435\u0442-\u0432-\u0441\u043a\u043b\u0456-\u0430\u0440\u0430\u043d\u0436\u0443\u0432\u0430\u043d\u043d\u044f\/","og_locale":"uk_UA","og_type":"article","og_title":"Bukiet \u015blubny w szklanej aran\u017cacji - Kwiaciarnia W Korcu Maku Katowice","og_description":"Bukiet \u015blubny z pewno\u015bci\u0105 zas\u0142uguj\u0119 na wyr\u00f3\u017cnienie. Istnieje spos\u00f3b, aby zachowa\u0107 go na d\u0142u\u017cej i uczyni\u0107 trwa\u0142\u0105 pami\u0105tk\u0105.","og_url":"https:\/\/wkorcumaku.pl\/uk\/\u043f\u0440\u043e\u0434\u0443\u043a\u0442\/\u0432\u0435\u0441\u0456\u043b\u044c\u043d\u0438\u0439-\u0431\u0443\u043a\u0435\u0442-\u0432-\u0441\u043a\u043b\u0456-\u0430\u0440\u0430\u043d\u0436\u0443\u0432\u0430\u043d\u043d\u044f\/","og_site_name":"Kwiaciarnia W Korcu Maku Katowice","article_publisher":"https:\/\/www.facebook.com\/people\/W-KORCU-MAKU-kwiaciarnia\/100064764343595\/","article_modified_time":"2024-08-01T07:33:16+00:00","og_image":[{"width":1361,"height":1814,"url":"https:\/\/wkorcumaku.pl\/wp-content\/uploads\/2024\/07\/kopulka-bukiet-slubny_3.webp","type":"image\/webp"}],"twitter_card":"summary_large_image","twitter_misc":{"\u041f\u0440\u0438\u0431\u043b. \u0447\u0430\u0441 \u0447\u0438\u0442\u0430\u043d\u043d\u044f":"1 \u0445\u0432\u0438\u043b\u0438\u043d\u0430"},"schema":{"@context":"https:\/\/schema.org","@graph":[{"@type":["WebPage","ItemPage"],"@id":"https:\/\/wkorcumaku.pl\/produkt\/bukiet-slubny-w-szklanej-aranzacji\/","url":"https:\/\/wkorcumaku.pl\/produkt\/bukiet-slubny-w-szklanej-aranzacji\/","name":"\u0412\u0435\u0441\u0456\u043b\u044c\u043d\u0438\u0439 \u0431\u0443\u043a\u0435\u0442 \u0443 \u0441\u043a\u043b\u044f\u043d\u0456\u0439 \u043a\u043e\u043c\u043f\u043e\u0437\u0438\u0446\u0456\u0457 - \u0424\u043b\u043e\u0440\u0438\u0441\u0442 W Korcu Maku \u041a\u0430\u0442\u043e\u0432\u0456\u0446\u0435","isPartOf":{"@id":"https:\/\/wkorcumaku.pl\/#website"},"primaryImageOfPage":{"@id":"https:\/\/wkorcumaku.pl\/produkt\/bukiet-slubny-w-szklanej-aranzacji\/#primaryimage"},"image":{"@id":"https:\/\/wkorcumaku.pl\/produkt\/bukiet-slubny-w-szklanej-aranzacji\/#primaryimage"},"thumbnailUrl":"https:\/\/wkorcumaku.pl\/wp-content\/uploads\/2024\/07\/kopulka-bukiet-slubny_3.webp","datePublished":"2024-07-31T17:03:20+00:00","dateModified":"2024-08-01T07:33:16+00:00","description":"\u0411\u0443\u043a\u0435\u0442 \u043d\u0430\u0440\u0435\u0447\u0435\u043d\u043e\u0457, \u0431\u0435\u0437\u0443\u043c\u043e\u0432\u043d\u043e, \u0437\u0430\u0441\u043b\u0443\u0433\u043e\u0432\u0443\u0454 \u043d\u0430 \u0443\u0432\u0430\u0433\u0443. \u0406\u0441\u043d\u0443\u0454 \u0441\u043f\u043e\u0441\u0456\u0431 \u0437\u0431\u0435\u0440\u0435\u0433\u0442\u0438 \u0439\u043e\u0433\u043e \u0434\u043e\u0432\u0448\u0435 \u0456 \u0437\u0440\u043e\u0431\u0438\u0442\u0438 \u043d\u0430 \u043f\u0430\u043c'\u044f\u0442\u044c \u043d\u0430\u0434\u043e\u0432\u0433\u043e.","breadcrumb":{"@id":"https:\/\/wkorcumaku.pl\/produkt\/bukiet-slubny-w-szklanej-aranzacji\/#breadcrumb"},"inLanguage":"uk","potentialAction":[{"@type":"ReadAction","target":["https:\/\/wkorcumaku.pl\/produkt\/bukiet-slubny-w-szklanej-aranzacji\/"]}]},{"@type":"ImageObject","inLanguage":"uk","@id":"https:\/\/wkorcumaku.pl\/produkt\/bukiet-slubny-w-szklanej-aranzacji\/#primaryimage","url":"https:\/\/wkorcumaku.pl\/wp-content\/uploads\/2024\/07\/kopulka-bukiet-slubny_3.webp","contentUrl":"https:\/\/wkorcumaku.pl\/wp-content\/uploads\/2024\/07\/kopulka-bukiet-slubny_3.webp","width":1361,"height":1814,"caption":"Drugie \u017cycie bukietu \u015blubnego - aran\u017cacja w szklanej kopu\u0142ce"},{"@type":"BreadcrumbList","@id":"https:\/\/wkorcumaku.pl\/produkt\/bukiet-slubny-w-szklanej-aranzacji\/#breadcrumb","itemListElement":[{"@type":"ListItem","position":1,"name":"Home","item":"https:\/\/wkorcumaku.pl\/"},{"@type":"ListItem","position":2,"name":"Sklep","item":"https:\/\/wkorcumaku.pl\/sklep\/"},{"@type":"ListItem","position":3,"name":"Bukiet \u015blubny w szklanej aran\u017cacji"}]},{"@type":"WebSite","@id":"https:\/\/wkorcumaku.pl\/#website","url":"https:\/\/wkorcumaku.pl\/","name":"\u0424\u043b\u043e\u0440\u0438\u0441\u0442 W Korcu Maku \u041a\u0430\u0442\u043e\u0432\u0456\u0446\u0435","description":"\u0426\u0435 \u043c\u0456\u0441\u0446\u0435, \u0434\u0435 \u0441\u0456\u0454\u0442\u044c\u0441\u044f \u043c\u0430\u0433\u0456\u044f!","publisher":{"@id":"https:\/\/wkorcumaku.pl\/#organization"},"potentialAction":[{"@type":"SearchAction","target":{"@type":"EntryPoint","urlTemplate":"https:\/\/wkorcumaku.pl\/?s={search_term_string}"},"query-input":{"@type":"PropertyValueSpecification","valueRequired":true,"valueName":"search_term_string"}}],"inLanguage":"uk"},{"@type":"Organization","@id":"https:\/\/wkorcumaku.pl\/#organization","name":"\u0424\u043b\u043e\u0440\u0438\u0441\u0442 W Korcu Maku \u041a\u0430\u0442\u043e\u0432\u0456\u0446\u0435","alternateName":"Kwiaciarnia Katowice","url":"https:\/\/wkorcumaku.pl\/","logo":{"@type":"ImageObject","inLanguage":"uk","@id":"https:\/\/wkorcumaku.pl\/#\/schema\/logo\/image\/","url":"https:\/\/wkorcumaku.pl\/wp-content\/uploads\/2021\/12\/Przezroczyste-tlo_Logo_glowne-zielone.png","contentUrl":"https:\/\/wkorcumaku.pl\/wp-content\/uploads\/2021\/12\/Przezroczyste-tlo_Logo_glowne-zielone.png","width":1016,"height":1123,"caption":"Kwiaciarnia W Korcu Maku Katowice"},"image":{"@id":"https:\/\/wkorcumaku.pl\/#\/schema\/logo\/image\/"},"sameAs":["https:\/\/www.facebook.com\/people\/W-KORCU-MAKU-kwiaciarnia\/100064764343595\/","https:\/\/www.instagram.com\/wkorcumaku\/"]}]}},"wcpa_form_fields":null,"_links":{"self":[{"href":"https:\/\/wkorcumaku.pl\/uk\/wp-json\/wp\/v2\/product\/994793","targetHints":{"allow":["GET"]}}],"collection":[{"href":"https:\/\/wkorcumaku.pl\/uk\/wp-json\/wp\/v2\/product"}],"about":[{"href":"https:\/\/wkorcumaku.pl\/uk\/wp-json\/wp\/v2\/types\/product"}],"version-history":[{"count":5,"href":"https:\/\/wkorcumaku.pl\/uk\/wp-json\/wp\/v2\/product\/994793\/revisions"}],"predecessor-version":[{"id":994804,"href":"https:\/\/wkorcumaku.pl\/uk\/wp-json\/wp\/v2\/product\/994793\/revisions\/994804"}],"wp:featuredmedia":[{"embeddable":true,"href":"https:\/\/wkorcumaku.pl\/uk\/wp-json\/wp\/v2\/media\/994770"}],"wp:attachment":[{"href":"https:\/\/wkorcumaku.pl\/uk\/wp-json\/wp\/v2\/media?parent=994793"}],"wp:term":[{"taxonomy":"product_brand","embeddable":true,"href":"https:\/\/wkorcumaku.pl\/uk\/wp-json\/wp\/v2\/product_brand?post=994793"},{"taxonomy":"product_cat","embeddable":true,"href":"https:\/\/wkorcumaku.pl\/uk\/wp-json\/wp\/v2\/product_cat?post=994793"},{"taxonomy":"product_tag","embeddable":true,"href":"https:\/\/wkorcumaku.pl\/uk\/wp-json\/wp\/v2\/product_tag?post=994793"},{"taxonomy":"giftcard-category","embeddable":true,"href":"https:\/\/wkorcumaku.pl\/uk\/wp-json\/wp\/v2\/giftcard-category?post=994793"}],"curies":[{"name":"wp","href":"https:\/\/api.w.org\/{rel}","templated":true}]}}