{"id":994926,"date":"2023-04-15T20:56:40","date_gmt":"2023-04-15T20:56:40","guid":{"rendered":"https:\/\/wkorcumaku.pl\/?post_type=product&#038;p=994926"},"modified":"2024-10-01T21:16:36","modified_gmt":"2024-10-01T21:16:36","slug":"%d0%be%d1%81%d1%96%d0%bd%d0%bd%d1%8f-%d0%b3%d1%96%d1%80%d0%bb%d1%8f%d0%bd%d0%b4%d0%b0-%d0%b2-%d0%bf%d0%b0%d1%81%d1%82%d0%b5%d0%bb%d1%8c%d0%bd%d0%b8%d1%85-%d1%82%d0%be%d0%bd%d0%b0%d1%85","status":"publish","type":"product","link":"https:\/\/wkorcumaku.pl\/uk\/%d0%bf%d1%80%d0%be%d0%b4%d1%83%d0%ba%d1%82\/%d0%be%d1%81%d1%96%d0%bd%d0%bd%d1%8f-%d0%b3%d1%96%d1%80%d0%bb%d1%8f%d0%bd%d0%b4%d0%b0-%d0%b2-%d0%bf%d0%b0%d1%81%d1%82%d0%b5%d0%bb%d1%8c%d0%bd%d0%b8%d1%85-%d1%82%d0%be%d0%bd%d0%b0%d1%85\/","title":{"rendered":"\u041e\u0441\u0456\u043d\u043d\u044f \u0433\u0456\u0440\u043b\u044f\u043d\u0434\u0430 \u0432 \u043f\u0430\u0441\u0442\u0435\u043b\u044c\u043d\u0438\u0445 \u0442\u043e\u043d\u0430\u0445"},"content":{"rendered":"","protected":false},"excerpt":{"rendered":"<p>\u0426\u0435 \u0449\u0435\u0434\u0440\u0438\u0439 \u0434\u0435\u043a\u043e\u0440 \u0434\u043b\u044f \u0434\u0432\u0435\u0440\u0435\u0439 \u0430\u0431\u043e \u0441\u0442\u0456\u043d, \u0449\u043e \u043f\u043e\u0454\u0434\u043d\u0443\u0454 \u043d\u0430\u0442\u0443\u0440\u0430\u043b\u044c\u043d\u0456 \u043c\u0430\u0442\u0435\u0440\u0456\u0430\u043b\u0438 \u0437 \u043c'\u044f\u043a\u0438\u043c\u0438 \u0442\u043e\u043d\u0430\u043c\u0438 \u0442\u0430 \u0430\u043a\u0446\u0435\u043d\u0442\u043e\u043c \u0445\u0430\u0440\u0430\u043a\u0442\u0435\u0440\u043d\u043e\u0457 \u0444\u0443\u043a\u0441\u0456\u0457.<br \/>\n<br \/>\u041f\u0440\u0438\u043a\u0440\u0430\u0448\u0435\u043d\u0430 \u0441\u0443\u0445\u0438\u043c\u0438 \u043a\u0432\u0456\u0442\u0430\u043c\u0438, \u043f\u0430\u043c\u043f\u0430\u0441\u043d\u0438\u043c\u0438 \u0442\u0440\u0430\u0432\u0430\u043c\u0438 \u0442\u0430 \u043b\u0435\u0433\u043a\u0438\u043c\u0438 \u0433\u0456\u043b\u043e\u0447\u043a\u0430\u043c\u0438, \u0433\u0456\u0440\u043b\u044f\u043d\u0434\u0430 \u0434\u043e\u0434\u0430\u0454 \u0456\u043d\u0442\u0435\u0440'\u0454\u0440\u0443 \u0434\u0435\u043a\u043e\u0440\u0430\u0442\u0438\u0432\u043d\u043e\u0433\u043e \u0448\u0442\u0440\u0438\u0445\u0443.<br \/>\n<br \/>\u041e\u0441\u0456\u043d\u044c \u0441\u0442\u0430\u043d\u0435 \u043d\u0430\u0431\u0430\u0433\u0430\u0442\u043e \u043f\u0440\u0438\u0454\u043c\u043d\u0456\u0448\u043e\u044e.\n<\/p>\n<p><em> \u0414\u0456\u0430\u043c\u0435\u0442\u0440 - \u043f\u0440\u0438\u0431\u043b\u0438\u0437\u043d\u043e 50 \u0441\u043c.<\/em><\/p>","protected":false},"featured_media":994928,"template":"","meta":[],"product_brand":[],"product_cat":[361,367],"product_tag":[],"giftcard-category":[],"class_list":{"0":"post-994926","1":"product","2":"type-product","3":"status-publish","4":"has-post-thumbnail","6":"product_cat-dekoracje","7":"product_cat-wianek","8":"wcpa_has_options","10":"first","11":"instock","12":"shipping-taxable","13":"purchasable","14":"product-type-variable","15":"has-default-attributes"},"yoast_head":"<!-- This site is optimized with the Yoast SEO plugin v27.1.1 - https:\/\/yoast.com\/product\/yoast-seo-wordpress\/ -->\n<title>Wianek jesienny w pastelowych barwach - Kwiaciarnia W Korcu Maku Katowice<\/title>\n<meta name=\"description\" content=\"Urozmaicony suszonymi kwiatami, trawami pampasowymi i lekkimi ga\u0142\u0105zkami wianek wprowadza ozdobny akcent do wn\u0119trza.\" \/>\n<meta name=\"robots\" content=\"index, follow, max-snippet:-1, max-image-preview:large, max-video-preview:-1\" \/>\n<link rel=\"canonical\" href=\"https:\/\/wkorcumaku.pl\/uk\/\u043f\u0440\u043e\u0434\u0443\u043a\u0442\/\u043e\u0441\u0456\u043d\u043d\u044f-\u0433\u0456\u0440\u043b\u044f\u043d\u0434\u0430-\u0432-\u043f\u0430\u0441\u0442\u0435\u043b\u044c\u043d\u0438\u0445-\u0442\u043e\u043d\u0430\u0445\/\" \/>\n<meta property=\"og:locale\" content=\"uk_UA\" \/>\n<meta property=\"og:type\" content=\"article\" \/>\n<meta property=\"og:title\" content=\"Wianek jesienny w pastelowych barwach - Kwiaciarnia W Korcu Maku Katowice\" \/>\n<meta property=\"og:description\" content=\"Urozmaicony suszonymi kwiatami, trawami pampasowymi i lekkimi ga\u0142\u0105zkami wianek wprowadza ozdobny akcent do wn\u0119trza.\" \/>\n<meta property=\"og:url\" content=\"https:\/\/wkorcumaku.pl\/uk\/\u043f\u0440\u043e\u0434\u0443\u043a\u0442\/\u043e\u0441\u0456\u043d\u043d\u044f-\u0433\u0456\u0440\u043b\u044f\u043d\u0434\u0430-\u0432-\u043f\u0430\u0441\u0442\u0435\u043b\u044c\u043d\u0438\u0445-\u0442\u043e\u043d\u0430\u0445\/\" \/>\n<meta property=\"og:site_name\" content=\"Kwiaciarnia W Korcu Maku Katowice\" \/>\n<meta property=\"article:publisher\" content=\"https:\/\/www.facebook.com\/people\/W-KORCU-MAKU-kwiaciarnia\/100064764343595\/\" \/>\n<meta property=\"article:modified_time\" content=\"2024-10-01T21:16:36+00:00\" \/>\n<meta property=\"og:image\" content=\"https:\/\/wkorcumaku.pl\/wp-content\/uploads\/2024\/10\/wianek-jesienny-w-pastelowych-barwach.webp\" \/>\n\t<meta property=\"og:image:width\" content=\"1210\" \/>\n\t<meta property=\"og:image:height\" content=\"1613\" \/>\n\t<meta property=\"og:image:type\" content=\"image\/webp\" \/>\n<meta name=\"twitter:card\" content=\"summary_large_image\" \/>\n<meta name=\"twitter:label1\" content=\"\u041f\u0440\u0438\u0431\u043b. \u0447\u0430\u0441 \u0447\u0438\u0442\u0430\u043d\u043d\u044f\" \/>\n\t<meta name=\"twitter:data1\" content=\"1 \u0445\u0432\u0438\u043b\u0438\u043d\u0430\" \/>\n<script type=\"application\/ld+json\" class=\"yoast-schema-graph\">{\"@context\":\"https:\/\/schema.org\",\"@graph\":[{\"@type\":[\"WebPage\",\"ItemPage\"],\"@id\":\"https:\/\/wkorcumaku.pl\/produkt\/wianek-jesienny-w-pastelowych-barwach\/\",\"url\":\"https:\/\/wkorcumaku.pl\/produkt\/wianek-jesienny-w-pastelowych-barwach\/\",\"name\":\"Wianek jesienny w pastelowych barwach - Kwiaciarnia W Korcu Maku Katowice\",\"isPartOf\":{\"@id\":\"https:\/\/wkorcumaku.pl\/#website\"},\"primaryImageOfPage\":{\"@id\":\"https:\/\/wkorcumaku.pl\/produkt\/wianek-jesienny-w-pastelowych-barwach\/#primaryimage\"},\"image\":{\"@id\":\"https:\/\/wkorcumaku.pl\/produkt\/wianek-jesienny-w-pastelowych-barwach\/#primaryimage\"},\"thumbnailUrl\":\"https:\/\/wkorcumaku.pl\/wp-content\/uploads\/2024\/10\/wianek-jesienny-w-pastelowych-barwach.webp\",\"datePublished\":\"2023-04-15T20:56:40+00:00\",\"dateModified\":\"2024-10-01T21:16:36+00:00\",\"description\":\"Urozmaicony suszonymi kwiatami, trawami pampasowymi i lekkimi ga\u0142\u0105zkami wianek wprowadza ozdobny akcent do wn\u0119trza.\",\"breadcrumb\":{\"@id\":\"https:\/\/wkorcumaku.pl\/produkt\/wianek-jesienny-w-pastelowych-barwach\/#breadcrumb\"},\"inLanguage\":\"uk\",\"potentialAction\":[{\"@type\":\"ReadAction\",\"target\":[\"https:\/\/wkorcumaku.pl\/produkt\/wianek-jesienny-w-pastelowych-barwach\/\"]}]},{\"@type\":\"ImageObject\",\"inLanguage\":\"uk\",\"@id\":\"https:\/\/wkorcumaku.pl\/produkt\/wianek-jesienny-w-pastelowych-barwach\/#primaryimage\",\"url\":\"https:\/\/wkorcumaku.pl\/wp-content\/uploads\/2024\/10\/wianek-jesienny-w-pastelowych-barwach.webp\",\"contentUrl\":\"https:\/\/wkorcumaku.pl\/wp-content\/uploads\/2024\/10\/wianek-jesienny-w-pastelowych-barwach.webp\",\"width\":1210,\"height\":1613,\"caption\":\"Wianek jesienny w pastelowych barwach\"},{\"@type\":\"BreadcrumbList\",\"@id\":\"https:\/\/wkorcumaku.pl\/produkt\/wianek-jesienny-w-pastelowych-barwach\/#breadcrumb\",\"itemListElement\":[{\"@type\":\"ListItem\",\"position\":1,\"name\":\"Home\",\"item\":\"https:\/\/wkorcumaku.pl\/\"},{\"@type\":\"ListItem\",\"position\":2,\"name\":\"Sklep\",\"item\":\"https:\/\/wkorcumaku.pl\/sklep\/\"},{\"@type\":\"ListItem\",\"position\":3,\"name\":\"Wianek jesienny w pastelowych barwach\"}]},{\"@type\":\"WebSite\",\"@id\":\"https:\/\/wkorcumaku.pl\/#website\",\"url\":\"https:\/\/wkorcumaku.pl\/\",\"name\":\"Kwiaciarnia W Korcu Maku Katowice\",\"description\":\"Tu sieje si\u0119 magia!\",\"publisher\":{\"@id\":\"https:\/\/wkorcumaku.pl\/#organization\"},\"potentialAction\":[{\"@type\":\"SearchAction\",\"target\":{\"@type\":\"EntryPoint\",\"urlTemplate\":\"https:\/\/wkorcumaku.pl\/?s={search_term_string}\"},\"query-input\":{\"@type\":\"PropertyValueSpecification\",\"valueRequired\":true,\"valueName\":\"search_term_string\"}}],\"inLanguage\":\"uk\"},{\"@type\":\"Organization\",\"@id\":\"https:\/\/wkorcumaku.pl\/#organization\",\"name\":\"Kwiaciarnia W Korcu Maku Katowice\",\"alternateName\":\"Kwiaciarnia Katowice\",\"url\":\"https:\/\/wkorcumaku.pl\/\",\"logo\":{\"@type\":\"ImageObject\",\"inLanguage\":\"uk\",\"@id\":\"https:\/\/wkorcumaku.pl\/#\/schema\/logo\/image\/\",\"url\":\"https:\/\/wkorcumaku.pl\/wp-content\/uploads\/2021\/12\/Przezroczyste-tlo_Logo_glowne-zielone.png\",\"contentUrl\":\"https:\/\/wkorcumaku.pl\/wp-content\/uploads\/2021\/12\/Przezroczyste-tlo_Logo_glowne-zielone.png\",\"width\":1016,\"height\":1123,\"caption\":\"Kwiaciarnia W Korcu Maku Katowice\"},\"image\":{\"@id\":\"https:\/\/wkorcumaku.pl\/#\/schema\/logo\/image\/\"},\"sameAs\":[\"https:\/\/www.facebook.com\/people\/W-KORCU-MAKU-kwiaciarnia\/100064764343595\/\",\"https:\/\/www.instagram.com\/wkorcumaku\/\"]}]}<\/script>\n<!-- \/ Yoast SEO plugin. -->","yoast_head_json":{"title":"\u041e\u0441\u0456\u043d\u043d\u044f \u0433\u0456\u0440\u043b\u044f\u043d\u0434\u0430 \u0432 \u043f\u0430\u0441\u0442\u0435\u043b\u044c\u043d\u0438\u0445 \u0442\u043e\u043d\u0430\u0445 - \u0424\u043b\u043e\u0440\u0438\u0441\u0442 W Korcu Maku \u041a\u0430\u0442\u043e\u0432\u0456\u0446\u0435","description":"\u041f\u0440\u0438\u043a\u0440\u0430\u0448\u0435\u043d\u0430 \u0441\u0443\u0445\u0438\u043c\u0438 \u043a\u0432\u0456\u0442\u0430\u043c\u0438, \u043f\u0430\u043c\u043f\u0430\u0441\u043d\u0438\u043c\u0438 \u0442\u0440\u0430\u0432\u0430\u043c\u0438 \u0442\u0430 \u043b\u0435\u0433\u043a\u0438\u043c\u0438 \u0433\u0456\u043b\u043e\u0447\u043a\u0430\u043c\u0438, \u0433\u0456\u0440\u043b\u044f\u043d\u0434\u0430 \u0434\u043e\u0434\u0430\u0454 \u0456\u043d\u0442\u0435\u0440'\u0454\u0440\u0443 \u0434\u0435\u043a\u043e\u0440\u0430\u0442\u0438\u0432\u043d\u043e\u0433\u043e \u0448\u0442\u0440\u0438\u0445\u0443.","robots":{"index":"index","follow":"follow","max-snippet":"max-snippet:-1","max-image-preview":"max-image-preview:large","max-video-preview":"max-video-preview:-1"},"canonical":"https:\/\/wkorcumaku.pl\/uk\/\u043f\u0440\u043e\u0434\u0443\u043a\u0442\/\u043e\u0441\u0456\u043d\u043d\u044f-\u0433\u0456\u0440\u043b\u044f\u043d\u0434\u0430-\u0432-\u043f\u0430\u0441\u0442\u0435\u043b\u044c\u043d\u0438\u0445-\u0442\u043e\u043d\u0430\u0445\/","og_locale":"uk_UA","og_type":"article","og_title":"Wianek jesienny w pastelowych barwach - Kwiaciarnia W Korcu Maku Katowice","og_description":"Urozmaicony suszonymi kwiatami, trawami pampasowymi i lekkimi ga\u0142\u0105zkami wianek wprowadza ozdobny akcent do wn\u0119trza.","og_url":"https:\/\/wkorcumaku.pl\/uk\/\u043f\u0440\u043e\u0434\u0443\u043a\u0442\/\u043e\u0441\u0456\u043d\u043d\u044f-\u0433\u0456\u0440\u043b\u044f\u043d\u0434\u0430-\u0432-\u043f\u0430\u0441\u0442\u0435\u043b\u044c\u043d\u0438\u0445-\u0442\u043e\u043d\u0430\u0445\/","og_site_name":"Kwiaciarnia W Korcu Maku Katowice","article_publisher":"https:\/\/www.facebook.com\/people\/W-KORCU-MAKU-kwiaciarnia\/100064764343595\/","article_modified_time":"2024-10-01T21:16:36+00:00","og_image":[{"width":1210,"height":1613,"url":"https:\/\/wkorcumaku.pl\/wp-content\/uploads\/2024\/10\/wianek-jesienny-w-pastelowych-barwach.webp","type":"image\/webp"}],"twitter_card":"summary_large_image","twitter_misc":{"\u041f\u0440\u0438\u0431\u043b. \u0447\u0430\u0441 \u0447\u0438\u0442\u0430\u043d\u043d\u044f":"1 \u0445\u0432\u0438\u043b\u0438\u043d\u0430"},"schema":{"@context":"https:\/\/schema.org","@graph":[{"@type":["WebPage","ItemPage"],"@id":"https:\/\/wkorcumaku.pl\/produkt\/wianek-jesienny-w-pastelowych-barwach\/","url":"https:\/\/wkorcumaku.pl\/produkt\/wianek-jesienny-w-pastelowych-barwach\/","name":"\u041e\u0441\u0456\u043d\u043d\u044f \u0433\u0456\u0440\u043b\u044f\u043d\u0434\u0430 \u0432 \u043f\u0430\u0441\u0442\u0435\u043b\u044c\u043d\u0438\u0445 \u0442\u043e\u043d\u0430\u0445 - \u0424\u043b\u043e\u0440\u0438\u0441\u0442 W Korcu Maku \u041a\u0430\u0442\u043e\u0432\u0456\u0446\u0435","isPartOf":{"@id":"https:\/\/wkorcumaku.pl\/#website"},"primaryImageOfPage":{"@id":"https:\/\/wkorcumaku.pl\/produkt\/wianek-jesienny-w-pastelowych-barwach\/#primaryimage"},"image":{"@id":"https:\/\/wkorcumaku.pl\/produkt\/wianek-jesienny-w-pastelowych-barwach\/#primaryimage"},"thumbnailUrl":"https:\/\/wkorcumaku.pl\/wp-content\/uploads\/2024\/10\/wianek-jesienny-w-pastelowych-barwach.webp","datePublished":"2023-04-15T20:56:40+00:00","dateModified":"2024-10-01T21:16:36+00:00","description":"\u041f\u0440\u0438\u043a\u0440\u0430\u0448\u0435\u043d\u0430 \u0441\u0443\u0445\u0438\u043c\u0438 \u043a\u0432\u0456\u0442\u0430\u043c\u0438, \u043f\u0430\u043c\u043f\u0430\u0441\u043d\u0438\u043c\u0438 \u0442\u0440\u0430\u0432\u0430\u043c\u0438 \u0442\u0430 \u043b\u0435\u0433\u043a\u0438\u043c\u0438 \u0433\u0456\u043b\u043e\u0447\u043a\u0430\u043c\u0438, \u0433\u0456\u0440\u043b\u044f\u043d\u0434\u0430 \u0434\u043e\u0434\u0430\u0454 \u0456\u043d\u0442\u0435\u0440'\u0454\u0440\u0443 \u0434\u0435\u043a\u043e\u0440\u0430\u0442\u0438\u0432\u043d\u043e\u0433\u043e \u0448\u0442\u0440\u0438\u0445\u0443.","breadcrumb":{"@id":"https:\/\/wkorcumaku.pl\/produkt\/wianek-jesienny-w-pastelowych-barwach\/#breadcrumb"},"inLanguage":"uk","potentialAction":[{"@type":"ReadAction","target":["https:\/\/wkorcumaku.pl\/produkt\/wianek-jesienny-w-pastelowych-barwach\/"]}]},{"@type":"ImageObject","inLanguage":"uk","@id":"https:\/\/wkorcumaku.pl\/produkt\/wianek-jesienny-w-pastelowych-barwach\/#primaryimage","url":"https:\/\/wkorcumaku.pl\/wp-content\/uploads\/2024\/10\/wianek-jesienny-w-pastelowych-barwach.webp","contentUrl":"https:\/\/wkorcumaku.pl\/wp-content\/uploads\/2024\/10\/wianek-jesienny-w-pastelowych-barwach.webp","width":1210,"height":1613,"caption":"Wianek jesienny w pastelowych barwach"},{"@type":"BreadcrumbList","@id":"https:\/\/wkorcumaku.pl\/produkt\/wianek-jesienny-w-pastelowych-barwach\/#breadcrumb","itemListElement":[{"@type":"ListItem","position":1,"name":"Home","item":"https:\/\/wkorcumaku.pl\/"},{"@type":"ListItem","position":2,"name":"Sklep","item":"https:\/\/wkorcumaku.pl\/sklep\/"},{"@type":"ListItem","position":3,"name":"Wianek jesienny w pastelowych barwach"}]},{"@type":"WebSite","@id":"https:\/\/wkorcumaku.pl\/#website","url":"https:\/\/wkorcumaku.pl\/","name":"\u0424\u043b\u043e\u0440\u0438\u0441\u0442 W Korcu Maku \u041a\u0430\u0442\u043e\u0432\u0456\u0446\u0435","description":"\u0426\u0435 \u043c\u0456\u0441\u0446\u0435, \u0434\u0435 \u0441\u0456\u0454\u0442\u044c\u0441\u044f \u043c\u0430\u0433\u0456\u044f!","publisher":{"@id":"https:\/\/wkorcumaku.pl\/#organization"},"potentialAction":[{"@type":"SearchAction","target":{"@type":"EntryPoint","urlTemplate":"https:\/\/wkorcumaku.pl\/?s={search_term_string}"},"query-input":{"@type":"PropertyValueSpecification","valueRequired":true,"valueName":"search_term_string"}}],"inLanguage":"uk"},{"@type":"Organization","@id":"https:\/\/wkorcumaku.pl\/#organization","name":"\u0424\u043b\u043e\u0440\u0438\u0441\u0442 W Korcu Maku \u041a\u0430\u0442\u043e\u0432\u0456\u0446\u0435","alternateName":"Kwiaciarnia Katowice","url":"https:\/\/wkorcumaku.pl\/","logo":{"@type":"ImageObject","inLanguage":"uk","@id":"https:\/\/wkorcumaku.pl\/#\/schema\/logo\/image\/","url":"https:\/\/wkorcumaku.pl\/wp-content\/uploads\/2021\/12\/Przezroczyste-tlo_Logo_glowne-zielone.png","contentUrl":"https:\/\/wkorcumaku.pl\/wp-content\/uploads\/2021\/12\/Przezroczyste-tlo_Logo_glowne-zielone.png","width":1016,"height":1123,"caption":"Kwiaciarnia W Korcu Maku Katowice"},"image":{"@id":"https:\/\/wkorcumaku.pl\/#\/schema\/logo\/image\/"},"sameAs":["https:\/\/www.facebook.com\/people\/W-KORCU-MAKU-kwiaciarnia\/100064764343595\/","https:\/\/www.instagram.com\/wkorcumaku\/"]}]}},"wcpa_form_fields":{"wcpaData":{"product":{"product_price":269,"price_html":"<span class=\"woocommerce-Price-amount amount\"><bdi>269,00&nbsp;<span class=\"woocommerce-Price-currencySymbol\">&#122;&#322;<\/span><\/bdi><\/span>","original_product_price":269,"price_including_tax":269,"price_excluding_tax":269,"product_id":{"parent":994926,"variation":false},"is_variable":true,"stock_status":"instock","stock_quantity":null,"parent_sku":"wianek-jesienny-w-pastelowych-barwach","product_attributes":{"pa_rozmiar":{"is_variation":true,"values":[]}},"custom_fields":{"wcpa_pcf_advance_payment":"false"},"is_taxable":false},"fields":{"sec_76509ed8265223":{"extra":{"key":"sec_76509ed8265223","section_id":"sec_76509ed8265223","name":"Default","status":1,"cl_rule":"show","enableCl":false,"relations":[],"toggle":true,"title_tag":"h3","show_title":false,"showPrice":"default","form_id":992756,"form_rules":{"exclude_from_discount":false,"fee_label":"\u0413\u043e\u043d\u043e\u0440\u0430\u0440","disp_hide_options_price":false,"disp_show_section_price":false,"disp_show_field_price":true,"layout_option":"standard","pric_use_as_fee":false,"process_fee_as":"woo_fee"},"layout_option":"standard"},"fields":[[{"type":"select","required":true,"elementId":"select_96509ed8265250","label":"Odbi\u00f3r lub dostawa","priceOptions":"different_for_all","pricingType":"fixed","name":"select-1683667003669","cl_rule":"show","requiredError":"Prosz\u0119 wybra\u0107 odbi\u00f3r lub dostaw\u0119","col":6,"values":[{"label":"Odbi\u00f3r osobisty","value":"Odbi\u00f3r osobisty","price":"","pimage":"","pimage_id":"","pthumb":"","gt_translate_keys":["label"]},{"label":"Dostawa","value":"Dostawa","price":"","pimage":"","pimage_id":"","pthumb":"","gt_translate_keys":["label"]}],"relations":false,"active":true,"tooltip":"","dropdown_type":"basic","error":false,"gt_translate_keys":["label","tooltip","requiredError"],"price_dependency":false,"cl_dependency":["content_106509ed826526e","select_26509ed8265277","content_16509ed826527f","select_6759934344"],"value":""}],[{"type":"text","elementId":"text_36509ed826525c","label":"Bilecik (opcjonalnie)","description":"","placeholder":"wpisz tekst bilecika","pricingType":"fixed","className":"variable","name":"text-1676935329454","fee_label":"test_2","subtype":"text","cl_rule":"show","col":6,"relations":false,"active":true,"tooltip":"","error":false,"gt_translate_keys":["label","placeholder","description","tooltip"],"price_dependency":false,"cl_dependency":false,"value":""}],[{"type":"date","required":true,"elementId":"date_106509ed8265265","label":"Data dor\u0119czenia\/odbioru","placeholder":"wybierz dat\u0119","pricingType":"fixed","name":"date-1676935336053","min_date":{"type":"days","val":"3"},"max_date":"None","enableCl":false,"cl_rule":"show","cl_val":"Dostawa","col":6,"relations":[{"operator":false,"rules":[{"operator":false,"rules":{"cl_field":"select_96509ed8265250","cl_relation":"is","cl_val":"Dostawa"}}]}],"active":true,"tooltip":"","picker_mode":"single","error":false,"picker_type":"custom","date_pic_conf":{"disabledWeeks":[0],"dateFormat":"d-m-Y","disabledDates":["2025-11-25 to 2025-11-30"]},"gt_translate_keys":["label","placeholder","tooltip"],"price_dependency":false,"cl_dependency":false,"value":""}],[{"type":"content","subtype":"div","label":"","elementId":"content_106509ed826526e","pricingType":"fixed","enableCl":true,"cl_rule":"show","cl_val":"Dostawa","col":6,"relations":[{"operator":false,"rules":[{"operator":false,"rules":{"cl_field":"select_96509ed8265250","cl_relation":"is","cl_val":"Dostawa"}}]}],"active":true,"tooltip":"","value":"Dostawy zam\u00f3wie\u0144 realizujemy tylko na terenie Katowic i okolic do 30km. W przypadku ch\u0119ci z\u0142o\u017cenia zam\u00f3wienia tego samego dnia po godzinie 12:00, prosimy o kontakt telefoniczny.","name":"content_106509ed826526e","contentType":"plain","error":false,"gt_translate_keys":["label","value","tooltip"],"price_dependency":false,"cl_dependency":false}],[{"type":"select","required":true,"elementId":"select_26509ed8265277","label":"Przedzia\u0142 czasowy dostawy","priceOptions":"different_for_all","pricingType":"fixed","name":"select-1676935352086","enableCl":true,"cl_rule":"show","cl_val":"Dostawa","col":6,"values":[{"label":"8 - 13","value":"option-1","price":"","pimage":"","pimage_id":"","pthumb":"","tempId":"aco_49","gt_translate_keys":["label"]},{"label":"13 - 18","value":"option-2","price":"","pimage":"","pimage_id":"","pthumb":"","tempId":"aco_50","gt_translate_keys":["label"]}],"relations":[{"operator":false,"rules":[{"operator":false,"rules":{"cl_field":"select_96509ed8265250","cl_relation":"is","cl_val":"Dostawa"}}]}],"active":true,"tooltip":"","dropdown_type":"basic","error":false,"gt_translate_keys":["label","tooltip"],"price_dependency":false,"cl_dependency":false,"value":""}],[{"type":"content","subtype":"div","label":"","elementId":"content_16509ed826527f","pricingType":"fixed","enableCl":true,"cl_rule":"show","cl_val":"Odbi\u00f3r osobisty","col":6,"relations":[{"operator":false,"rules":[{"operator":false,"rules":{"cl_field":"select_96509ed8265250","cl_relation":"is","cl_val":"Odbi\u00f3r osobisty"}}]}],"active":true,"tooltip":"","value":"Odbi\u00f3r osobisty w godzinach pracy kwiaciarni. W przypadku ch\u0119ci odbioru w innych godzinach, prosz\u0119 o kontakt.","name":"content_16509ed826527f","contentType":"plain","gt_translate_keys":["label","value","tooltip"],"price_dependency":false,"cl_dependency":false}],[{"active":true,"col":6,"relations":[{"operator":false,"rules":[{"operator":"AND","rules":{"cl_field":"select_96509ed8265250","cl_relation":"is","cl_val":"Odbi\u00f3r osobisty"}}]}],"cl_rule":"show","enableCl":true,"price":"","enablePrice":false,"className":"","label_position":"default","desc_position":"default","type":"select","required":true,"elementId":"select_6759934344","label":"Godzina odbioru","name":"select_6759934344","values":[{"label":"8:00","value":"8:00","selected":false,"tempId":"aco_576","gt_translate_keys":["label"]},{"label":"8:30","value":"8:30","selected":false,"tempId":"aco_577","gt_translate_keys":["label"]},{"label":"9:00","value":"9:00","selected":false,"tempId":"aco_578","gt_translate_keys":["label"]},{"label":"9:30","value":"9:30","selected":false,"tempId":"aco_626","gt_translate_keys":["label"]},{"label":"10:00","value":"10:00","selected":false,"tempId":"aco_636","gt_translate_keys":["label"]},{"label":"10:30","value":"10:30","selected":false,"tempId":"aco_1024","gt_translate_keys":["label"]},{"label":"11:00","value":"11:00","selected":false,"tempId":"aco_1034","gt_translate_keys":["label"]},{"label":"11:30","value":"11:30","selected":false,"tempId":"aco_1044","gt_translate_keys":["label"]},{"label":"12:00","value":"12:00","selected":false,"tempId":"aco_1054","gt_translate_keys":["label"]},{"label":"12:30","value":"12:30","selected":false,"tempId":"aco_1064","gt_translate_keys":["label"]},{"label":"13:00","value":"13:00","selected":false,"tempId":"aco_1074","gt_translate_keys":["label"]},{"label":"13:30","value":"13:30","selected":false,"tempId":"aco_1084","gt_translate_keys":["label"]},{"label":"14:00","value":"14:00","selected":false,"tempId":"aco_1454","gt_translate_keys":["label"]},{"label":"14:30","value":"14:30","selected":false,"tempId":"aco_1464","gt_translate_keys":["label"]},{"label":"15:00","value":"15:00","selected":false,"tempId":"aco_1474","gt_translate_keys":["label"]},{"label":"15:30","value":"15:30","selected":false,"tempId":"aco_2024","gt_translate_keys":["label"]},{"label":"16:00","value":"16:00","selected":false,"tempId":"aco_2034","gt_translate_keys":["label"]},{"label":"16:30","value":"16:30","selected":false,"tempId":"aco_2044","gt_translate_keys":["label"]},{"label":"17:00","value":"17:00","selected":false,"tempId":"aco_2054","gt_translate_keys":["label"]},{"label":"17:30","value":"17:30","selected":false,"tempId":"aco_2424","gt_translate_keys":["label"]}],"dropdown_type":"basic","error":false,"gt_translate_keys":["label"],"price_dependency":false,"cl_dependency":false,"value":""}],[{"type":"text","elementId":"text_36509ed8265292","label":"Uwagi","placeholder":"wpisz uwagi","pricingType":"fixed","name":"text-1676935356336","subtype":"text","cl_rule":"show","col":6,"relations":false,"active":true,"tooltip":"","error":false,"gt_translate_keys":["label","placeholder","tooltip"],"price_dependency":false,"cl_dependency":false,"value":""}],[{"active":true,"col":6,"relations":false,"cl_rule":"show","enableCl":false,"price":"","enablePrice":false,"className":"photo_send","label_position":"default","desc_position":"default","type":"checkbox","required":false,"elementId":"checkbox_96509ed826529a","label":"Zdj\u0119cie kompozycji dla zamawiaj\u0105cego.  ","name":"checkbox_96509ed826529a","value":false,"check_value":"Tak","checkUi":"","error":false,"tooltip":"","description":"","enableDesign":true,"DescColor":"","LabelColor":"#000000","LabelSize":"14","gt_translate_keys":["label","description","value","tooltip","check_value"],"price_dependency":false,"cl_dependency":false}]]}},"config":{"price_override":"","enable_recaptcha":false,"bind_quantity":false,"quantity_bind_formula":"","disp_summ_show_option_price":true,"disp_summ_show_product_price":true,"disp_summ_show_total_price":true,"disp_summ_show_fee":false,"disp_summ_show_discount":false,"summary_title":"","options_total_label":"Dodatkowa opcja","total_label":"Podsumowanie","options_product_label":"Cena produktu","fee_label":"\u0413\u043e\u043d\u043e\u0440\u0430\u0440","discount_label":"\u0417\u043d\u0438\u0436\u043a\u0430","has_price":true,"has_quantity_formula":false},"mc_unit":1,"tax_rate":1,"tax_rate_real":1,"discount":{"percentage":0,"fixed":0},"design":{"conf":{"LabelPosition":"above","DescPosition":"above","UploadField":"custom_1","QuantityFieldStyle":"default"},"css":{"LeftLabelWidth":"120px"}},"formulas":[],"clones":false,"cartKey":false}},"_links":{"self":[{"href":"https:\/\/wkorcumaku.pl\/uk\/wp-json\/wp\/v2\/product\/994926","targetHints":{"allow":["GET"]}}],"collection":[{"href":"https:\/\/wkorcumaku.pl\/uk\/wp-json\/wp\/v2\/product"}],"about":[{"href":"https:\/\/wkorcumaku.pl\/uk\/wp-json\/wp\/v2\/types\/product"}],"version-history":[{"count":1,"href":"https:\/\/wkorcumaku.pl\/uk\/wp-json\/wp\/v2\/product\/994926\/revisions"}],"predecessor-version":[{"id":994929,"href":"https:\/\/wkorcumaku.pl\/uk\/wp-json\/wp\/v2\/product\/994926\/revisions\/994929"}],"wp:featuredmedia":[{"embeddable":true,"href":"https:\/\/wkorcumaku.pl\/uk\/wp-json\/wp\/v2\/media\/994928"}],"wp:attachment":[{"href":"https:\/\/wkorcumaku.pl\/uk\/wp-json\/wp\/v2\/media?parent=994926"}],"wp:term":[{"taxonomy":"product_brand","embeddable":true,"href":"https:\/\/wkorcumaku.pl\/uk\/wp-json\/wp\/v2\/product_brand?post=994926"},{"taxonomy":"product_cat","embeddable":true,"href":"https:\/\/wkorcumaku.pl\/uk\/wp-json\/wp\/v2\/product_cat?post=994926"},{"taxonomy":"product_tag","embeddable":true,"href":"https:\/\/wkorcumaku.pl\/uk\/wp-json\/wp\/v2\/product_tag?post=994926"},{"taxonomy":"giftcard-category","embeddable":true,"href":"https:\/\/wkorcumaku.pl\/uk\/wp-json\/wp\/v2\/giftcard-category?post=994926"}],"curies":[{"name":"wp","href":"https:\/\/api.w.org\/{rel}","templated":true}]}}