{"id":995745,"date":"2025-02-23T18:47:35","date_gmt":"2025-02-23T18:47:35","guid":{"rendered":"https:\/\/wkorcumaku.pl\/?post_type=product&#038;p=995745"},"modified":"2025-07-24T12:41:30","modified_gmt":"2025-07-24T12:41:30","slug":"%d0%bf%d0%be%d0%b4%d0%b0%d1%80%d1%83%d0%bd%d0%ba%d0%be%d0%b2%d0%b0-%d0%ba%d0%b0%d1%80%d1%82%d0%ba%d0%b0","status":"publish","type":"product","link":"https:\/\/wkorcumaku.pl\/uk\/%d0%bf%d1%80%d0%be%d0%b4%d1%83%d0%ba%d1%82\/%d0%bf%d0%be%d0%b4%d0%b0%d1%80%d1%83%d0%bd%d0%ba%d0%be%d0%b2%d0%b0-%d0%ba%d0%b0%d1%80%d1%82%d0%ba%d0%b0\/","title":{"rendered":"\u041f\u043e\u0434\u0430\u0440\u0443\u043d\u043a\u043e\u0432\u0430 \u043a\u0430\u0440\u0442\u043a\u0430"},"content":{"rendered":"","protected":false},"excerpt":{"rendered":"<p>Voucher prezentowy do kwiaciarni stacjonarnej oraz online to elegancki i uniwersalny upominek, kt\u00f3ry pozwoli osobie obdarowanej samodzielnie wybra\u0107 swoje ulubione kwiaty W KORCU MAKU \ud83d\ude09<br \/>\n<br \/><strong><em>\u042f\u043a \u0441\u043a\u043e\u0440\u0438\u0441\u0442\u0430\u0442\u0438\u0441\u044f \u0432\u0430\u0443\u0447\u0435\u0440\u043e\u043c?<\/em><\/strong><br \/>\n<br \/>\u0412\u0438 \u043c\u043e\u0436\u0435\u0442\u0435 \u0437\u0430\u043c\u043e\u0432\u0438\u0442\u0438 \u0433\u043e\u0442\u043e\u0432\u0438\u0439 \u0431\u0443\u043a\u0435\u0442 \u0430\u0431\u043e \u0441\u0442\u0432\u043e\u0440\u0438\u0442\u0438 \u0432\u043b\u0430\u0441\u043d\u0443 \u043f\u0435\u0440\u0441\u043e\u043d\u0430\u043b\u0456\u0437\u043e\u0432\u0430\u043d\u0443 \u043a\u043e\u043c\u043f\u043e\u0437\u0438\u0446\u0456\u044e.<br \/>\n<br \/>\u0412\u0430\u0443\u0447\u0435\u0440 \u0454 \u0431\u0435\u0437\u0441\u0442\u0440\u043e\u043a\u043e\u0432\u0438\u043c, \u0442\u043e\u043c\u0443 \u043e\u0434\u0435\u0440\u0436\u0443\u0432\u0430\u0447 \u0437\u043c\u043e\u0436\u0435 \u0441\u043a\u043e\u0440\u0438\u0441\u0442\u0430\u0442\u0438\u0441\u044f \u043d\u0438\u043c \u043a\u0456\u043b\u044c\u043a\u0430 \u0440\u0430\u0437\u0456\u0432 \u0443 \u0437\u0440\u0443\u0447\u043d\u0438\u0439 \u0434\u043b\u044f \u043d\u044c\u043e\u0433\u043e \u0447\u0430\u0441.<\/p>\n<p><strong><em>\u0427\u043e\u043c\u0443 \u0432\u0430\u0440\u0442\u043e \u043e\u0431\u0440\u0430\u0442\u0438 \u0432\u0430\u0443\u0447\u0435\u0440?<\/em><\/strong><br \/>\n<br \/> - \u0421\u0432\u043e\u0431\u043e\u0434\u0430 \u0432\u0438\u0431\u043e\u0440\u0443 - \u043e\u0434\u0435\u0440\u0436\u0443\u0432\u0430\u0447 \u043c\u043e\u0436\u0435 \u0432\u0438\u0431\u0440\u0430\u0442\u0438 \u0437\u0440\u0456\u0437\u0430\u043d\u0456 \u043a\u0432\u0456\u0442\u0438, \u0437\u0432\u0438\u0447\u0430\u0439\u043d\u0438\u0439 \u0431\u0443\u043a\u0435\u0442, \u0440\u043e\u0441\u043b\u0438\u043d\u0438 \u0432 \u0433\u043e\u0440\u0449\u0438\u043a\u0430\u0445 \u0430\u0431\u043e \u0431\u0443\u0434\u044c-\u044f\u043a\u0443 \u0456\u043d\u0448\u0443 \u043f\u0440\u0438\u043a\u0440\u0430\u0441\u0443.<br \/>\n<br \/> - \u0406\u0434\u0435\u0430\u043b\u044c\u043d\u043e \u043f\u0456\u0434\u0445\u043e\u0434\u0438\u0442\u044c \u0434\u043b\u044f \u0431\u0443\u0434\u044c-\u044f\u043a\u043e\u0433\u043e \u0432\u0438\u043f\u0430\u0434\u043a\u0443 - \u043d\u0430 \u0434\u0435\u043d\u044c \u043d\u0430\u0440\u043e\u0434\u0436\u0435\u043d\u043d\u044f, \u044e\u0432\u0456\u043b\u0435\u0439, \u0436\u0456\u043d\u043e\u0447\u0438\u0439 \u0434\u0435\u043d\u044c, \u0434\u0435\u043d\u044c \u043c\u0430\u0442\u0435\u0440\u0456, \u0434\u0435\u043d\u044c \u0441\u0432\u044f\u0442\u043e\u0433\u043e \u0412\u0430\u043b\u0435\u043d\u0442\u0438\u043d\u0430 \u0430\u0431\u043e \u0432\u0435\u0441\u0456\u043b\u043b\u044f.<br \/>\n<br \/> - \u0420\u0456\u0437\u043d\u0456 \u0432\u0430\u0440\u0442\u043e\u0441\u0442\u0456 \u043d\u0430 \u0432\u0438\u0431\u0456\u0440 - \u0432\u0430\u0443\u0447\u0435\u0440 \u043c\u043e\u0436\u043d\u0430 \u043f\u0456\u0434\u0456\u0431\u0440\u0430\u0442\u0438 \u0432\u0456\u0434\u043f\u043e\u0432\u0456\u0434\u043d\u043e \u0434\u043e \u0431\u044e\u0434\u0436\u0435\u0442\u0443.<br \/>\n<br \/> - \u0421\u0442\u0438\u043b\u044c\u043d\u0430 \u0444\u043e\u0440\u043c\u0430 - \u0432\u0430\u0443\u0447\u0435\u0440 \u0443\u043f\u0430\u043a\u043e\u0432\u0430\u043d\u0438\u0439 \u0432 \u0435\u043b\u0435\u0433\u0430\u043d\u0442\u043d\u0438\u0439 \u043a\u043e\u043d\u0432\u0435\u0440\u0442 \u0437 \u043c\u0456\u043d\u0456\u043c\u0430\u043b\u0456\u0441\u0442\u0438\u0447\u043d\u0438\u043c \u043f\u0440\u0438\u0440\u043e\u0434\u043d\u0438\u043c \u0434\u0435\u043a\u043e\u0440\u043e\u043c.\n<\/p>\n<p>\u041d\u0435 \u0441\u043e\u0440\u043e\u043c\u0442\u0435\u0441\u044f \u0437\u0432\u0435\u0440\u0442\u0430\u0442\u0438\u0441\u044f \u0434\u043e \u043c\u0435\u043d\u0435 :)<\/p>\n<p><em>\u0412\u0430\u0443\u0447\u0435\u0440 \u0442\u0430\u043a\u043e\u0436 \u043c\u043e\u0436\u043d\u0430 \u043e\u0442\u0440\u0438\u043c\u0430\u0442\u0438 \u0443 \u0444\u043b\u043e\u0440\u0438\u0441\u0442\u0430.<\/em><\/p>","protected":false},"featured_media":995754,"template":"","meta":[],"product_brand":[],"product_cat":[50,442],"product_tag":[],"giftcard-category":[],"class_list":{"0":"post-995745","1":"product","2":"type-product","3":"status-publish","4":"has-post-thumbnail","6":"product_cat-bukiety","7":"product_cat-karta-podarunkowa","8":"wcpa_has_options","10":"first","11":"instock","12":"shipping-taxable","13":"purchasable","14":"product-type-variable","15":"has-default-attributes"},"yoast_head":"<!-- This site is optimized with the Yoast SEO plugin v27.1.1 - https:\/\/yoast.com\/product\/yoast-seo-wordpress\/ -->\n<title>Karta podarunkowa - Kwiaciarnia W Korcu Maku Katowice<\/title>\n<meta name=\"description\" content=\"Voucher prezentowy do kwiaciarni stacjonarnej oraz online, kt\u00f3ry pozwoli osobie obdarowanej samodzielnie wybra\u0107 swoje ulubione kwiaty W KORCU MAKU ;)\" \/>\n<meta name=\"robots\" content=\"index, follow, max-snippet:-1, max-image-preview:large, max-video-preview:-1\" \/>\n<link rel=\"canonical\" href=\"https:\/\/wkorcumaku.pl\/uk\/\u043f\u0440\u043e\u0434\u0443\u043a\u0442\/\u043f\u043e\u0434\u0430\u0440\u0443\u043d\u043a\u043e\u0432\u0430-\u043a\u0430\u0440\u0442\u043a\u0430\/\" \/>\n<meta property=\"og:locale\" content=\"uk_UA\" \/>\n<meta property=\"og:type\" content=\"article\" \/>\n<meta property=\"og:title\" content=\"Karta podarunkowa - Kwiaciarnia W Korcu Maku Katowice\" \/>\n<meta property=\"og:description\" content=\"Voucher prezentowy do kwiaciarni stacjonarnej oraz online, kt\u00f3ry pozwoli osobie obdarowanej samodzielnie wybra\u0107 swoje ulubione kwiaty W KORCU MAKU ;)\" \/>\n<meta property=\"og:url\" content=\"https:\/\/wkorcumaku.pl\/uk\/\u043f\u0440\u043e\u0434\u0443\u043a\u0442\/\u043f\u043e\u0434\u0430\u0440\u0443\u043d\u043a\u043e\u0432\u0430-\u043a\u0430\u0440\u0442\u043a\u0430\/\" \/>\n<meta property=\"og:site_name\" content=\"Kwiaciarnia W Korcu Maku Katowice\" \/>\n<meta property=\"article:publisher\" content=\"https:\/\/www.facebook.com\/people\/W-KORCU-MAKU-kwiaciarnia\/100064764343595\/\" \/>\n<meta property=\"article:modified_time\" content=\"2025-07-24T12:41:30+00:00\" \/>\n<meta property=\"og:image\" content=\"https:\/\/wkorcumaku.pl\/wp-content\/uploads\/2025\/02\/karta-podarunkowa-2.webp\" \/>\n\t<meta property=\"og:image:width\" content=\"1058\" \/>\n\t<meta property=\"og:image:height\" content=\"1411\" \/>\n\t<meta property=\"og:image:type\" content=\"image\/webp\" \/>\n<meta name=\"twitter:card\" content=\"summary_large_image\" \/>\n<meta name=\"twitter:label1\" content=\"\u041f\u0440\u0438\u0431\u043b. \u0447\u0430\u0441 \u0447\u0438\u0442\u0430\u043d\u043d\u044f\" \/>\n\t<meta name=\"twitter:data1\" content=\"1 \u0445\u0432\u0438\u043b\u0438\u043d\u0430\" \/>\n<script type=\"application\/ld+json\" class=\"yoast-schema-graph\">{\"@context\":\"https:\/\/schema.org\",\"@graph\":[{\"@type\":[\"WebPage\",\"ItemPage\"],\"@id\":\"https:\/\/wkorcumaku.pl\/produkt\/karta-podarunkowa\/\",\"url\":\"https:\/\/wkorcumaku.pl\/produkt\/karta-podarunkowa\/\",\"name\":\"Karta podarunkowa - Kwiaciarnia W Korcu Maku Katowice\",\"isPartOf\":{\"@id\":\"https:\/\/wkorcumaku.pl\/#website\"},\"primaryImageOfPage\":{\"@id\":\"https:\/\/wkorcumaku.pl\/produkt\/karta-podarunkowa\/#primaryimage\"},\"image\":{\"@id\":\"https:\/\/wkorcumaku.pl\/produkt\/karta-podarunkowa\/#primaryimage\"},\"thumbnailUrl\":\"https:\/\/wkorcumaku.pl\/wp-content\/uploads\/2025\/02\/karta-podarunkowa-2.webp\",\"datePublished\":\"2025-02-23T18:47:35+00:00\",\"dateModified\":\"2025-07-24T12:41:30+00:00\",\"description\":\"Voucher prezentowy do kwiaciarni stacjonarnej oraz online, kt\u00f3ry pozwoli osobie obdarowanej samodzielnie wybra\u0107 swoje ulubione kwiaty W KORCU MAKU ;)\",\"breadcrumb\":{\"@id\":\"https:\/\/wkorcumaku.pl\/produkt\/karta-podarunkowa\/#breadcrumb\"},\"inLanguage\":\"uk\",\"potentialAction\":[{\"@type\":\"ReadAction\",\"target\":[\"https:\/\/wkorcumaku.pl\/produkt\/karta-podarunkowa\/\"]}]},{\"@type\":\"ImageObject\",\"inLanguage\":\"uk\",\"@id\":\"https:\/\/wkorcumaku.pl\/produkt\/karta-podarunkowa\/#primaryimage\",\"url\":\"https:\/\/wkorcumaku.pl\/wp-content\/uploads\/2025\/02\/karta-podarunkowa-2.webp\",\"contentUrl\":\"https:\/\/wkorcumaku.pl\/wp-content\/uploads\/2025\/02\/karta-podarunkowa-2.webp\",\"width\":1058,\"height\":1411,\"caption\":\"karta podarunkowa\"},{\"@type\":\"BreadcrumbList\",\"@id\":\"https:\/\/wkorcumaku.pl\/produkt\/karta-podarunkowa\/#breadcrumb\",\"itemListElement\":[{\"@type\":\"ListItem\",\"position\":1,\"name\":\"Home\",\"item\":\"https:\/\/wkorcumaku.pl\/\"},{\"@type\":\"ListItem\",\"position\":2,\"name\":\"Sklep\",\"item\":\"https:\/\/wkorcumaku.pl\/sklep\/\"},{\"@type\":\"ListItem\",\"position\":3,\"name\":\"Karta podarunkowa\"}]},{\"@type\":\"WebSite\",\"@id\":\"https:\/\/wkorcumaku.pl\/#website\",\"url\":\"https:\/\/wkorcumaku.pl\/\",\"name\":\"Kwiaciarnia W Korcu Maku Katowice\",\"description\":\"Tu sieje si\u0119 magia!\",\"publisher\":{\"@id\":\"https:\/\/wkorcumaku.pl\/#organization\"},\"potentialAction\":[{\"@type\":\"SearchAction\",\"target\":{\"@type\":\"EntryPoint\",\"urlTemplate\":\"https:\/\/wkorcumaku.pl\/?s={search_term_string}\"},\"query-input\":{\"@type\":\"PropertyValueSpecification\",\"valueRequired\":true,\"valueName\":\"search_term_string\"}}],\"inLanguage\":\"uk\"},{\"@type\":\"Organization\",\"@id\":\"https:\/\/wkorcumaku.pl\/#organization\",\"name\":\"Kwiaciarnia W Korcu Maku Katowice\",\"alternateName\":\"Kwiaciarnia Katowice\",\"url\":\"https:\/\/wkorcumaku.pl\/\",\"logo\":{\"@type\":\"ImageObject\",\"inLanguage\":\"uk\",\"@id\":\"https:\/\/wkorcumaku.pl\/#\/schema\/logo\/image\/\",\"url\":\"https:\/\/wkorcumaku.pl\/wp-content\/uploads\/2021\/12\/Przezroczyste-tlo_Logo_glowne-zielone.png\",\"contentUrl\":\"https:\/\/wkorcumaku.pl\/wp-content\/uploads\/2021\/12\/Przezroczyste-tlo_Logo_glowne-zielone.png\",\"width\":1016,\"height\":1123,\"caption\":\"Kwiaciarnia W Korcu Maku Katowice\"},\"image\":{\"@id\":\"https:\/\/wkorcumaku.pl\/#\/schema\/logo\/image\/\"},\"sameAs\":[\"https:\/\/www.facebook.com\/people\/W-KORCU-MAKU-kwiaciarnia\/100064764343595\/\",\"https:\/\/www.instagram.com\/wkorcumaku\/\"]}]}<\/script>\n<!-- \/ Yoast SEO plugin. -->","yoast_head_json":{"title":"\u041f\u043e\u0434\u0430\u0440\u0443\u043d\u043a\u043e\u0432\u0430 \u043a\u0430\u0440\u0442\u043a\u0430 - \u0424\u043b\u043e\u0440\u0438\u0441\u0442 W Korcu Maku \u041a\u0430\u0442\u043e\u0432\u0456\u0446\u0435","description":"\u041f\u043e\u0434\u0430\u0440\u0443\u043d\u043a\u043e\u0432\u0438\u0439 \u0441\u0435\u0440\u0442\u0438\u0444\u0456\u043a\u0430\u0442 \u043d\u0430 \u0432\u0456\u0434\u0432\u0456\u0434\u0443\u0432\u0430\u043d\u043d\u044f \u0441\u0442\u0430\u0446\u0456\u043e\u043d\u0430\u0440\u043d\u043e\u0433\u043e \u0444\u043b\u043e\u0440\u0438\u0441\u0442\u0430 \u0442\u0430 \u043e\u043d\u043b\u0430\u0439\u043d-\u0444\u043b\u043e\u0440\u0438\u0441\u0442\u0430, \u0449\u043e \u0434\u043e\u0437\u0432\u043e\u043b\u044f\u0454 \u043e\u0434\u0435\u0440\u0436\u0443\u0432\u0430\u0447\u0443 \u0441\u0430\u043c\u043e\u0441\u0442\u0456\u0439\u043d\u043e \u043e\u0431\u0438\u0440\u0430\u0442\u0438 \u0443\u043b\u044e\u0431\u043b\u0435\u043d\u0456 \u043a\u0432\u0456\u0442\u0438 W KORCU MAKU ;)","robots":{"index":"index","follow":"follow","max-snippet":"max-snippet:-1","max-image-preview":"max-image-preview:large","max-video-preview":"max-video-preview:-1"},"canonical":"https:\/\/wkorcumaku.pl\/uk\/\u043f\u0440\u043e\u0434\u0443\u043a\u0442\/\u043f\u043e\u0434\u0430\u0440\u0443\u043d\u043a\u043e\u0432\u0430-\u043a\u0430\u0440\u0442\u043a\u0430\/","og_locale":"uk_UA","og_type":"article","og_title":"Karta podarunkowa - Kwiaciarnia W Korcu Maku Katowice","og_description":"Voucher prezentowy do kwiaciarni stacjonarnej oraz online, kt\u00f3ry pozwoli osobie obdarowanej samodzielnie wybra\u0107 swoje ulubione kwiaty W KORCU MAKU ;)","og_url":"https:\/\/wkorcumaku.pl\/uk\/\u043f\u0440\u043e\u0434\u0443\u043a\u0442\/\u043f\u043e\u0434\u0430\u0440\u0443\u043d\u043a\u043e\u0432\u0430-\u043a\u0430\u0440\u0442\u043a\u0430\/","og_site_name":"Kwiaciarnia W Korcu Maku Katowice","article_publisher":"https:\/\/www.facebook.com\/people\/W-KORCU-MAKU-kwiaciarnia\/100064764343595\/","article_modified_time":"2025-07-24T12:41:30+00:00","og_image":[{"width":1058,"height":1411,"url":"https:\/\/wkorcumaku.pl\/wp-content\/uploads\/2025\/02\/karta-podarunkowa-2.webp","type":"image\/webp"}],"twitter_card":"summary_large_image","twitter_misc":{"\u041f\u0440\u0438\u0431\u043b. \u0447\u0430\u0441 \u0447\u0438\u0442\u0430\u043d\u043d\u044f":"1 \u0445\u0432\u0438\u043b\u0438\u043d\u0430"},"schema":{"@context":"https:\/\/schema.org","@graph":[{"@type":["WebPage","ItemPage"],"@id":"https:\/\/wkorcumaku.pl\/produkt\/karta-podarunkowa\/","url":"https:\/\/wkorcumaku.pl\/produkt\/karta-podarunkowa\/","name":"\u041f\u043e\u0434\u0430\u0440\u0443\u043d\u043a\u043e\u0432\u0430 \u043a\u0430\u0440\u0442\u043a\u0430 - \u0424\u043b\u043e\u0440\u0438\u0441\u0442 W Korcu Maku \u041a\u0430\u0442\u043e\u0432\u0456\u0446\u0435","isPartOf":{"@id":"https:\/\/wkorcumaku.pl\/#website"},"primaryImageOfPage":{"@id":"https:\/\/wkorcumaku.pl\/produkt\/karta-podarunkowa\/#primaryimage"},"image":{"@id":"https:\/\/wkorcumaku.pl\/produkt\/karta-podarunkowa\/#primaryimage"},"thumbnailUrl":"https:\/\/wkorcumaku.pl\/wp-content\/uploads\/2025\/02\/karta-podarunkowa-2.webp","datePublished":"2025-02-23T18:47:35+00:00","dateModified":"2025-07-24T12:41:30+00:00","description":"\u041f\u043e\u0434\u0430\u0440\u0443\u043d\u043a\u043e\u0432\u0438\u0439 \u0441\u0435\u0440\u0442\u0438\u0444\u0456\u043a\u0430\u0442 \u043d\u0430 \u0432\u0456\u0434\u0432\u0456\u0434\u0443\u0432\u0430\u043d\u043d\u044f \u0441\u0442\u0430\u0446\u0456\u043e\u043d\u0430\u0440\u043d\u043e\u0433\u043e \u0444\u043b\u043e\u0440\u0438\u0441\u0442\u0430 \u0442\u0430 \u043e\u043d\u043b\u0430\u0439\u043d-\u0444\u043b\u043e\u0440\u0438\u0441\u0442\u0430, \u0449\u043e \u0434\u043e\u0437\u0432\u043e\u043b\u044f\u0454 \u043e\u0434\u0435\u0440\u0436\u0443\u0432\u0430\u0447\u0443 \u0441\u0430\u043c\u043e\u0441\u0442\u0456\u0439\u043d\u043e \u043e\u0431\u0438\u0440\u0430\u0442\u0438 \u0443\u043b\u044e\u0431\u043b\u0435\u043d\u0456 \u043a\u0432\u0456\u0442\u0438 W KORCU MAKU ;)","breadcrumb":{"@id":"https:\/\/wkorcumaku.pl\/produkt\/karta-podarunkowa\/#breadcrumb"},"inLanguage":"uk","potentialAction":[{"@type":"ReadAction","target":["https:\/\/wkorcumaku.pl\/produkt\/karta-podarunkowa\/"]}]},{"@type":"ImageObject","inLanguage":"uk","@id":"https:\/\/wkorcumaku.pl\/produkt\/karta-podarunkowa\/#primaryimage","url":"https:\/\/wkorcumaku.pl\/wp-content\/uploads\/2025\/02\/karta-podarunkowa-2.webp","contentUrl":"https:\/\/wkorcumaku.pl\/wp-content\/uploads\/2025\/02\/karta-podarunkowa-2.webp","width":1058,"height":1411,"caption":"karta podarunkowa"},{"@type":"BreadcrumbList","@id":"https:\/\/wkorcumaku.pl\/produkt\/karta-podarunkowa\/#breadcrumb","itemListElement":[{"@type":"ListItem","position":1,"name":"Home","item":"https:\/\/wkorcumaku.pl\/"},{"@type":"ListItem","position":2,"name":"Sklep","item":"https:\/\/wkorcumaku.pl\/sklep\/"},{"@type":"ListItem","position":3,"name":"Karta podarunkowa"}]},{"@type":"WebSite","@id":"https:\/\/wkorcumaku.pl\/#website","url":"https:\/\/wkorcumaku.pl\/","name":"\u0424\u043b\u043e\u0440\u0438\u0441\u0442 W Korcu Maku \u041a\u0430\u0442\u043e\u0432\u0456\u0446\u0435","description":"\u0426\u0435 \u043c\u0456\u0441\u0446\u0435, \u0434\u0435 \u0441\u0456\u0454\u0442\u044c\u0441\u044f \u043c\u0430\u0433\u0456\u044f!","publisher":{"@id":"https:\/\/wkorcumaku.pl\/#organization"},"potentialAction":[{"@type":"SearchAction","target":{"@type":"EntryPoint","urlTemplate":"https:\/\/wkorcumaku.pl\/?s={search_term_string}"},"query-input":{"@type":"PropertyValueSpecification","valueRequired":true,"valueName":"search_term_string"}}],"inLanguage":"uk"},{"@type":"Organization","@id":"https:\/\/wkorcumaku.pl\/#organization","name":"\u0424\u043b\u043e\u0440\u0438\u0441\u0442 W Korcu Maku \u041a\u0430\u0442\u043e\u0432\u0456\u0446\u0435","alternateName":"Kwiaciarnia Katowice","url":"https:\/\/wkorcumaku.pl\/","logo":{"@type":"ImageObject","inLanguage":"uk","@id":"https:\/\/wkorcumaku.pl\/#\/schema\/logo\/image\/","url":"https:\/\/wkorcumaku.pl\/wp-content\/uploads\/2021\/12\/Przezroczyste-tlo_Logo_glowne-zielone.png","contentUrl":"https:\/\/wkorcumaku.pl\/wp-content\/uploads\/2021\/12\/Przezroczyste-tlo_Logo_glowne-zielone.png","width":1016,"height":1123,"caption":"Kwiaciarnia W Korcu Maku Katowice"},"image":{"@id":"https:\/\/wkorcumaku.pl\/#\/schema\/logo\/image\/"},"sameAs":["https:\/\/www.facebook.com\/people\/W-KORCU-MAKU-kwiaciarnia\/100064764343595\/","https:\/\/www.instagram.com\/wkorcumaku\/"]}]}},"wcpa_form_fields":{"wcpaData":{"product":{"product_price":150,"price_html":"od &nbsp; <span class=\"woocommerce-Price-amount amount\"><bdi>150,00&nbsp;<span class=\"woocommerce-Price-currencySymbol\">&#122;&#322;<\/span><\/bdi><\/span>","original_product_price":150,"price_including_tax":150,"price_excluding_tax":150,"product_id":{"parent":995745,"variation":false},"is_variable":true,"stock_status":"instock","stock_quantity":null,"parent_sku":"karta-podarunkowa","product_attributes":{"pa_voucher-podarunkowy":{"is_variation":true,"values":[]}},"custom_fields":{"wcpa_pcf_advance_payment":"false"},"is_taxable":false},"fields":{"sec_76580b4691338f":{"extra":{"key":"sec_76580b4691338f","section_id":"sec_76580b4691338f","name":"Default","status":1,"cl_rule":"show","enableCl":false,"relations":[],"toggle":true,"title_tag":"h3","show_title":false,"showPrice":"default","form_id":993529,"form_rules":{"exclude_from_discount":false,"fee_label":"Fee","disp_hide_options_price":false,"disp_show_section_price":false,"disp_show_field_price":true,"layout_option":"standard","pric_use_as_fee":false,"process_fee_as":"woo_fee"},"layout_option":"standard"},"fields":[[{"active":true,"col":6,"relations":false,"cl_rule":"show","enableCl":false,"price":"","enablePrice":false,"className":"","label_position":"default","desc_position":"default","type":"textarea","required":false,"elementId":"textarea_3397003190","label":"Wpisz imi\u0119, nazwisko oraz email osoby obdarowanej a voucher wy\u015blemy e-mailem lub podaj pe\u0142ny adres dla wysy\u0142ki poczt\u0105.","name":"textarea_3397003190","value":"","rows":2,"error":false,"gt_translate_keys":["label","value"],"price_dependency":false,"cl_dependency":false}]]}},"config":{"price_override":"","enable_recaptcha":false,"bind_quantity":false,"quantity_bind_formula":"","disp_summ_show_option_price":true,"disp_summ_show_product_price":true,"disp_summ_show_total_price":true,"disp_summ_show_fee":false,"disp_summ_show_discount":false,"summary_title":"","options_total_label":"Dodatkowi uczestnicy","total_label":"Podsumowanie","options_product_label":"Cena","fee_label":"Fee","discount_label":"Discount","has_price":true,"has_quantity_formula":false},"mc_unit":1,"tax_rate":1,"tax_rate_real":1,"discount":{"percentage":0,"fixed":0},"design":{"conf":{"LabelPosition":"above","DescPosition":"above","UploadField":"custom_1","QuantityFieldStyle":"default"},"css":{"LeftLabelWidth":"120px"}},"formulas":[],"clones":false,"cartKey":false}},"_links":{"self":[{"href":"https:\/\/wkorcumaku.pl\/uk\/wp-json\/wp\/v2\/product\/995745","targetHints":{"allow":["GET"]}}],"collection":[{"href":"https:\/\/wkorcumaku.pl\/uk\/wp-json\/wp\/v2\/product"}],"about":[{"href":"https:\/\/wkorcumaku.pl\/uk\/wp-json\/wp\/v2\/types\/product"}],"version-history":[{"count":2,"href":"https:\/\/wkorcumaku.pl\/uk\/wp-json\/wp\/v2\/product\/995745\/revisions"}],"predecessor-version":[{"id":995772,"href":"https:\/\/wkorcumaku.pl\/uk\/wp-json\/wp\/v2\/product\/995745\/revisions\/995772"}],"wp:featuredmedia":[{"embeddable":true,"href":"https:\/\/wkorcumaku.pl\/uk\/wp-json\/wp\/v2\/media\/995754"}],"wp:attachment":[{"href":"https:\/\/wkorcumaku.pl\/uk\/wp-json\/wp\/v2\/media?parent=995745"}],"wp:term":[{"taxonomy":"product_brand","embeddable":true,"href":"https:\/\/wkorcumaku.pl\/uk\/wp-json\/wp\/v2\/product_brand?post=995745"},{"taxonomy":"product_cat","embeddable":true,"href":"https:\/\/wkorcumaku.pl\/uk\/wp-json\/wp\/v2\/product_cat?post=995745"},{"taxonomy":"product_tag","embeddable":true,"href":"https:\/\/wkorcumaku.pl\/uk\/wp-json\/wp\/v2\/product_tag?post=995745"},{"taxonomy":"giftcard-category","embeddable":true,"href":"https:\/\/wkorcumaku.pl\/uk\/wp-json\/wp\/v2\/giftcard-category?post=995745"}],"curies":[{"name":"wp","href":"https:\/\/api.w.org\/{rel}","templated":true}]}}